{"id":4688,"date":"2020-05-27T13:12:41","date_gmt":"2020-05-27T11:12:41","guid":{"rendered":"https:\/\/bibliotheken-schaffhausen.ch\/home\/"},"modified":"2025-05-15T15:09:59","modified_gmt":"2025-05-15T13:09:59","slug":"home-en","status":"publish","type":"page","link":"https:\/\/bibliotheken-schaffhausen.ch\/en\/","title":{"rendered":"Home"},"content":{"rendered":"<p>[et_pb_section fb_built=&#8221;1&#8243; fullwidth=&#8221;on&#8221; module_id=&#8221;homeslider&#8221; _builder_version=&#8221;4.19.4&#8243; custom_css_main_element=&#8221;\/* height: calc(42.857vw &#8211; 96px); *\/&#8221; border_color_all=&#8221;RGBA(255,255,255,0)&#8221; global_colors_info=&#8221;{}&#8221;][et_pb_fullwidth_slider show_arrows=&#8221;off&#8221; show_pagination=&#8221;off&#8221; admin_label=&#8221;Vollbreiter Slider&#8221; module_id=&#8221;MainSlider&#8221; _builder_version=&#8221;4.19.4&#8243; _module_preset=&#8221;default&#8221; header_font=&#8221;||||||||&#8221; header_font_size=&#8221;32px&#8221; body_font=&#8221;||||||||&#8221; background_image=&#8221;https:\/\/bibliotheken-schaffhausen.ch\/wp-content\/uploads\/2019\/01\/book-lake-learning-34075-1.jpg&#8221; background_position=&#8221;bottom_center&#8221; min_height=&#8221;186.4px&#8221; height=&#8221;600px&#8221; max_height=&#8221;700px&#8221; custom_padding_tablet=&#8221;|15px||15px||true&#8221; custom_padding_phone=&#8221;0px|15px||15px||true&#8221; custom_padding_last_edited=&#8221;on|desktop&#8221; hover_transition_duration=&#8221;0ms&#8221; custom_css_main_element=&#8221;height: calc(42.857vw &#8211; 96px);||min-height: 500px;||&#8221; global_colors_info=&#8221;{}&#8221;][et_pb_slide heading=&#8221;Welcome to the Bibliotheken Schaffhausen&#8221; _builder_version=&#8221;4.19.4&#8243; background_image=&#8221;https:\/\/bibliotheken-schaffhausen.ch\/wp-content\/uploads\/2019\/01\/book-lake-learning-34075-1.jpg&#8221; background_enable_image=&#8221;on&#8221; global_colors_info=&#8221;{}&#8221; sticky_transition=&#8221;on&#8221;]<\/p>\n<p>The two branches Agnesensch\u00fctte and M\u00fcnsterplatz are open for well over 2,000 hours a year. The Agnesensch\u00fctte even on Sunday.<\/p>\n<p>&nbsp;<\/p>\n<p>[\/et_pb_slide][\/et_pb_fullwidth_slider][\/et_pb_section][et_pb_section fb_built=&#8221;1&#8243; disabled_on=&#8221;off|off|off&#8221; _builder_version=&#8221;4.19.4&#8243; background_color=&#8221;#F6F4EE&#8221; border_color_all=&#8221;RGBA(255,255,255,0)&#8221; collapsed=&#8221;off&#8221; global_colors_info=&#8221;{}&#8221;][et_pb_row _builder_version=&#8221;4.19.4&#8243; global_colors_info=&#8221;{}&#8221;][et_pb_column type=&#8221;4_4&#8243; _builder_version=&#8221;4.16&#8243; custom_padding=&#8221;|||&#8221; global_colors_info=&#8221;{}&#8221; custom_padding__hover=&#8221;|||&#8221;][et_pb_text admin_label=&#8221;Text&#8221; _builder_version=&#8221;4.19.4&#8243; global_colors_info=&#8221;{}&#8221;]<\/p>\n<h1>About us<\/h1>\n<p>[\/et_pb_text][et_pb_text admin_label=&#8221;Text&#8221; _builder_version=&#8221;4.19.4&#8243; global_colors_info=&#8221;{}&#8221;]<\/p>\n<p>The Stadtbibliothek Schaffhausen (Schaffhausen Municipal Library) is the public library of Schaffhausen. It also serves as cantonal library (Kantonsbibliothek), collecting and preserving the Scaphusiana: documents about Schaffhausen, printed in Schaffhausen or written by people from Schaffhausen. The historical collections of the municipal library go back to the library of the citizens (B\u00fcrgerbibliothek), founded in 1636, and the library of the Schaffhausen clergy, later called Ministerialbibliothek, of the 1540s. The library also holds an important collection of medieval codices and other manuscripts. Known today as Bibliotheken Schaffhausen, the library is located in two buildings:<\/p>\n<ul>\n<li>The <em>Stadtbibliothek am M\u00fcnsterplatz<\/em> holds the historical collections as well as the public library collections until the 1980ies. The Scaphusiana are also preserved there. Books with a publication date from 1900 are usually available for home loan. All materials are in closed stacks and have to be ordered in advance or at the counter. Some historical holdings are not accessible due to conservation reasons.<\/li>\n<li>The <em>Freihandbibliothek Agnesensch\u00fctte <\/em>has been the public library branch since 1986. Its open stacks hold popular books for entertainment and study as well as well as DVDs and CDs. There is a large children&#8217;s and youth section as well.<\/li>\n<\/ul>\n<p>On top of that, there is a growing Digital Library with e-books in german, english, french and spanish as well as digital newspapers and encyclopaedias and streaming music and films. The library is open for all residents of the region of Schaffhausen free of cost (there is no annual fee). A library card is required (Sign up <a href=\"https:\/\/opac.bibliotheken-schaffhausen.ch\/NetBiblio\/createaccount\" target=\"_blank\" rel=\"noopener\">here<\/a>!). <a href=\"https:\/\/opac.bibliotheken-schaffhausen.ch\/NetBiblio\/\" target=\"_blank\" rel=\"noopener\">BISCH ONLINE <\/a>is the library&#8217;s online catalogue. All the media of the Agnesensch\u00fctte branch and about 50% of the media of Stadtbibliothek am M\u00fcnsterplatz are registered there, as well as the holdings of the Gemeindebibliothek Neuhausen and the library of the Staatsarchiv Schaffhausen (cantonal archives).<\/p>\n<p>[\/et_pb_text][\/et_pb_column][\/et_pb_row][\/et_pb_section][et_pb_section fb_built=&#8221;1&#8243; admin_label=&#8221;Gepinte Nachrichten&#8221; module_id=&#8221;PinSection&#8221; module_class=&#8221;PinSection&#8221; _builder_version=&#8221;4.19.4&#8243; collapsed=&#8221;off&#8221; global_colors_info=&#8221;{}&#8221;][et_pb_row column_structure=&#8221;1_3,2_3&#8243; _builder_version=&#8221;4.16&#8243; global_colors_info=&#8221;{}&#8221;][et_pb_column type=&#8221;1_3&#8243; _builder_version=&#8221;4.16&#8243; global_colors_info=&#8221;{}&#8221;][et_pb_text admin_label=&#8221;Quick Access&#8221; module_class=&#8221;titel&#8221; _builder_version=&#8221;4.19.4&#8243; global_colors_info=&#8221;{}&#8221;]<\/p>\n<h4>Quick Access<\/h4>\n<p>[\/et_pb_text][et_pb_blurb disabled_on=&#8221;off|off|off&#8221; admin_label=&#8221;Links&#8221; module_class=&#8221;fullbgcol&#8221; _builder_version=&#8221;4.19.4&#8243; header_font=&#8221;||||||||&#8221; body_font=&#8221;|700|||||||&#8221; body_line_height=&#8221;1.9em&#8221; height=&#8221;250px&#8221; custom_padding=&#8221;20px|20px|20px|20px|true|true&#8221; global_colors_info=&#8221;{}&#8221;]<\/p>\n<p><a href=\"https:\/\/opac.bibliotheken-schaffhausen.ch\/NetBiblio\/createaccount\" target=\"_blank\" rel=\"noopener noreferrer\"><span class=\"icon\">\ue0e0<\/span> New registration<\/a><br \/><a href=\"https:\/\/opac.bibliotheken-schaffhausen.ch\/NetBiblio\/account\/circulations\" target=\"_blank\" rel=\"noopener noreferrer\"><span class=\"icon\">\ue08a<\/span> My account<\/a><br \/><a href=\"https:\/\/opac.bibliotheken-schaffhausen.ch\/NetBiblio\/account\/reservations\" target=\"_blank\" rel=\"noopener noreferrer\"><span class=\"icon\">\ue020<\/span> Reservations<\/a><br \/><a href=\"https:\/\/opac.bibliotheken-schaffhausen.ch\/NetBiblio\/account\/acquisitionwishes\" target=\"_blank\" rel=\"noopener\"><span class=\"icon\">l<\/span> Acquisition suggestion<\/a><br \/><a href=\"https:\/\/opac.bibliotheken-schaffhausen.ch\/NetBiblio\/account\/illrequests\" target=\"_blank\" rel=\"noopener\"><span class=\"icon\">d<\/span> <\/a><a href=\"https:\/\/bibliotheken-schaffhausen.ch\/de\/?page_id=2122\">Interlibrary <\/a><a href=\"https:\/\/opac.bibliotheken-schaffhausen.ch\/NetBiblio\/account\/illrequests\" target=\"_blank\" rel=\"noopener\">loan<\/a><br \/><a href=\"https:\/\/bibliotheken-schaffhausen.ch\/de\/newsletter\/\" target=\"_blank\" rel=\"noopener noreferrer\"><span class=\"icon\">\ue0e0<\/span> Newsletter<\/a><\/p>\n<p>[\/et_pb_blurb][\/et_pb_column][et_pb_column type=&#8221;2_3&#8243; _builder_version=&#8221;4.16&#8243; global_colors_info=&#8221;{}&#8221;][et_pb_text admin_label=&#8221;Overdrive&#8221; module_class=&#8221;titel&#8221; _builder_version=&#8221;4.19.4&#8243; global_colors_info=&#8221;{}&#8221;]<\/p>\n<h4>Overdrive<\/h4>\n<p>[\/et_pb_text][et_pb_blurb image=&#8221;https:\/\/bibliotheken-schaffhausen.ch\/wp-content\/uploads\/2021\/07\/OverDrive_Logo_445x65_rgb.png&#8221; alt=&#8221;Logo e-periodica&#8221; disabled_on=&#8221;off|off|off&#8221; admin_label=&#8221;Bild &#038; Text&#8221; module_class=&#8221;fullbgcol&#8221; _builder_version=&#8221;4.19.4&#8243; header_font=&#8221;||||||||&#8221; body_font=&#8221;|700|||||||&#8221; body_line_height=&#8221;1.9em&#8221; height=&#8221;250px&#8221; custom_padding=&#8221;20px|20px|20px|20px|true|true&#8221; global_colors_info=&#8221;{}&#8221;]<\/p>\n<p>The <a href=\"https:\/\/swiss.overdrive.com\/\" target=\"_blank\" rel=\"noopener\">Overdrive platform<\/a> contains over 7,000 English e-books and e-audios, as well as over 3,000 English magazines. You will also find Spanish and French e-books, e-audios and magazines.<\/p>\n<p>[\/et_pb_blurb][\/et_pb_column][\/et_pb_row][\/et_pb_section][et_pb_section fb_built=&#8221;1&#8243; admin_label=&#8221;Gepinte Nachrichten&#8221; module_id=&#8221;PinSection&#8221; module_class=&#8221;PinSection&#8221; _builder_version=&#8221;4.19.4&#8243; collapsed=&#8221;off&#8221; global_colors_info=&#8221;{}&#8221;][et_pb_row column_structure=&#8221;3_5,2_5&#8243; _builder_version=&#8221;4.16&#8243; global_colors_info=&#8221;{}&#8221;][et_pb_column type=&#8221;3_5&#8243; _builder_version=&#8221;4.16&#8243; global_colors_info=&#8221;{}&#8221;][et_pb_text admin_label=&#8221;E-Rara&#8221; module_class=&#8221;titel&#8221; _builder_version=&#8221;4.19.4&#8243; global_colors_info=&#8221;{}&#8221;]<\/p>\n<h4>E-Rara<\/h4>\n<p>[\/et_pb_text][et_pb_blurb image=&#8221;https:\/\/bibliotheken-schaffhausen.ch\/wp-content\/uploads\/2019\/05\/e-rara-logo.png&#8221; alt=&#8221;Logo e-rara&#8221; disabled_on=&#8221;off|off|off&#8221; admin_label=&#8221;Text&#8221; module_class=&#8221;fullbgcol&#8221; _builder_version=&#8221;4.19.4&#8243; header_font=&#8221;||||||||&#8221; body_font=&#8221;|700|||||||&#8221; body_line_height=&#8221;1.9em&#8221; height=&#8221;400px&#8221; custom_padding=&#8221;20px|20px|20px|20px|true|true&#8221; global_colors_info=&#8221;{}&#8221;]<\/p>\n<p>E-Rara is the platform for digitised prints from Swiss libraries from the 15th to the 20th century with a <a href=\"https:\/\/www.e-rara.ch\/nav\/index\/all?&amp;facets=domainGroup%3D%22sbs%22\" target=\"_blank\" rel=\"noopener\">collection from the Schaffhausen Municipal Library<\/a>. This includes the famous first edition of Copernicus&#8217; main work &#8220;De revolutionibus orbium coelestium&#8221; and many more.<\/p>\n<p>[\/et_pb_blurb][\/et_pb_column][et_pb_column type=&#8221;2_5&#8243; _builder_version=&#8221;4.16&#8243; global_colors_info=&#8221;{}&#8221;][et_pb_text admin_label=&#8221;E-Codices&#8221; module_class=&#8221;titel&#8221; _builder_version=&#8221;4.19.4&#8243; global_colors_info=&#8221;{}&#8221;]<\/p>\n<h4>E-Codices<\/h4>\n<p>[\/et_pb_text][et_pb_blurb image=&#8221;https:\/\/bibliotheken-schaffhausen.ch\/wp-content\/uploads\/2019\/05\/e-codices-logo.png&#8221; alt=&#8221;Logo e-codices&#8221; disabled_on=&#8221;off|off|off&#8221; admin_label=&#8221;Bild &#038; Text&#8221; module_class=&#8221;fullbgcol&#8221; _builder_version=&#8221;4.19.4&#8243; header_font=&#8221;||||||||&#8221; body_font=&#8221;|700|||||||&#8221; body_line_height=&#8221;1.9em&#8221; height=&#8221;400px&#8221; custom_padding=&#8221;20px|20px|20px|20px|true|true&#8221; global_colors_info=&#8221;{}&#8221;]<\/p>\n<p>E-Codices has been digitising manuscripts from all parts of Switzerland since 2005. There are now 2,539 manuscripts on the platform. Of these, <a href=\"https:\/\/www.e-codices.unifr.ch\/de\/search\/?iCurrentPage=1&amp;sQueryString=&amp;sSearchField=fullText&amp;sSortField=score&amp;aSelectedFacets%5bcollection_facet%5d%5b%5d=Schaffhausen%2C+Stadtbibliothek\" target=\"_blank\" rel=\"noopener\">53 titles<\/a> come from the Schaffhausen City Library.<\/p>\n<p>[\/et_pb_blurb][\/et_pb_column][\/et_pb_row][\/et_pb_section][et_pb_section fb_built=&#8221;1&#8243; admin_label=&#8221;Gepinte Nachrichten&#8221; module_id=&#8221;PinSection&#8221; module_class=&#8221;PinSection&#8221; _builder_version=&#8221;4.19.4&#8243; collapsed=&#8221;off&#8221; global_colors_info=&#8221;{}&#8221;][et_pb_row column_structure=&#8221;1_3,1_3,1_3&#8243; _builder_version=&#8221;4.16&#8243; global_colors_info=&#8221;{}&#8221;][et_pb_column type=&#8221;1_3&#8243; _builder_version=&#8221;4.16&#8243; global_colors_info=&#8221;{}&#8221;][et_pb_text admin_label=&#8221;E-periodica&#8221; module_class=&#8221;titel&#8221; _builder_version=&#8221;4.19.4&#8243; global_colors_info=&#8221;{}&#8221;]<\/p>\n<h4>E-Periodica<\/h4>\n<p>[\/et_pb_text][et_pb_blurb image=&#8221;https:\/\/bibliotheken-schaffhausen.ch\/wp-content\/uploads\/2019\/04\/e-periodica.png&#8221; alt=&#8221;Logo e-periodica&#8221; disabled_on=&#8221;off|off|off&#8221; admin_label=&#8221;Text&#8221; module_class=&#8221;fullbgcol&#8221; _builder_version=&#8221;4.19.4&#8243; header_font=&#8221;||||||||&#8221; body_font=&#8221;|700|||||||&#8221; body_line_height=&#8221;1.9em&#8221; height=&#8221;500px&#8221; custom_padding=&#8221;20px|20px|20px|20px|true|true&#8221; global_colors_info=&#8221;{}&#8221;]<\/p>\n<p>The platform e-periodica offers access to numerous newspapers and magazines from Switzerland. A full-text search allows a targeted search by title or individual words in the text.<\/p>\n<p><a href=\"https:\/\/www.e-periodica.ch\/\" target=\"_blank\" rel=\"noopener noreferrer\">https:\/\/www.e-periodica.ch<\/a><\/p>\n<p>[\/et_pb_blurb][\/et_pb_column][et_pb_column type=&#8221;1_3&#8243; _builder_version=&#8221;4.16&#8243; global_colors_info=&#8221;{}&#8221;][et_pb_text admin_label=&#8221;Dibiost &#8221; module_class=&#8221;titel&#8221; _builder_version=&#8221;4.19.4&#8243; global_colors_info=&#8221;{}&#8221;]<\/p>\n<h4>Dibiost<\/h4>\n<p>[\/et_pb_text][et_pb_blurb image=&#8221;https:\/\/bibliotheken-schaffhausen.ch\/wp-content\/uploads\/2019\/04\/20170324_dibiost_logo.jpg&#8221; alt=&#8221;Logo Digitale Bibliothek Ostschweiz&#8221; disabled_on=&#8221;off|off|off&#8221; admin_label=&#8221;Bild &#038; Text&#8221; module_class=&#8221;fullbgcol&#8221; _builder_version=&#8221;4.19.4&#8243; header_font=&#8221;||||||||&#8221; body_font=&#8221;|700|||||||&#8221; body_line_height=&#8221;1.9em&#8221; height=&#8221;500px&#8221; custom_padding=&#8221;20px|20px|20px|20px|true|true&#8221; global_colors_info=&#8221;{}&#8221;]<\/p>\n<p>The media can be borrowed for three weeks. You need a login of the Schaffhausen libraries (or another participating library) and, depending on the reader, an app and the &#8220;Adobe Digital Edition&#8221;. In dibiost, around 44,000 media are available for electronic borrowing.<\/p>\n<p><a href=\"https:\/\/dibiost.onleihe.com\/\" target=\"_blank\" rel=\"noopener noreferrer\">DIBIOST is the platform of the libraries of Eastern Switzerland for E-Media<\/a><\/p>\n<p>[\/et_pb_blurb][\/et_pb_column][et_pb_column type=&#8221;1_3&#8243; _builder_version=&#8221;4.16&#8243; global_colors_info=&#8221;{}&#8221;][et_pb_text admin_label=&#8221;Freegal&#8221; module_class=&#8221;titel&#8221; _builder_version=&#8221;4.19.4&#8243; global_colors_info=&#8221;{}&#8221;]<\/p>\n<h4>Freegal<\/h4>\n<p>[\/et_pb_text][et_pb_blurb image=&#8221;https:\/\/bibliotheken-schaffhausen.ch\/wp-content\/uploads\/2023\/01\/freegal-music-logo@3x.png&#8221; alt=&#8221;Logo Digitale Bibliothek Ostschweiz&#8221; disabled_on=&#8221;off|off|off&#8221; admin_label=&#8221;Bild &#038; Text&#8221; module_class=&#8221;fullbgcol&#8221; _builder_version=&#8221;4.19.4&#8243; header_font=&#8221;||||||||&#8221; body_font=&#8221;|700|||||||&#8221; body_line_height=&#8221;1.9em&#8221; height=&#8221;500px&#8221; custom_padding=&#8221;20px|20px|20px|20px|true|true&#8221; global_colors_info=&#8221;{}&#8221;]<\/p>\n<p>With Freegal Music+, the American provider Library Ideas offers over 18 million music titles for streaming or downloading. There is also a wide range of audio books.<\/p>\n<p><a href=\"https:\/\/schaffhausen.freegalmusic.com\/\" target=\"_blank\" rel=\"noopener noreferrer\">More information about the music streaming portal freegal<\/a><\/p>\n<p>[\/et_pb_blurb][\/et_pb_column][\/et_pb_row][\/et_pb_section][et_pb_section fb_built=&#8221;1&#8243; admin_label=&#8221;Besuchen Sie einer unserer Standorte&#8221; module_id=&#8221;LocationSection&#8221; module_class=&#8221;fullbgcol&#8221; _builder_version=&#8221;4.16&#8243; custom_padding=&#8221;20px||30px&#8221; global_colors_info=&#8221;{}&#8221;][et_pb_row _builder_version=&#8221;4.16&#8243; global_colors_info=&#8221;{}&#8221;][et_pb_column type=&#8221;4_4&#8243; _builder_version=&#8221;4.16&#8243; custom_padding=&#8221;|||&#8221; global_colors_info=&#8221;{}&#8221; custom_padding__hover=&#8221;|||&#8221;][et_pb_text admin_label=&#8221;Titel&#8221; _builder_version=&#8221;4.19.4&#8243; global_colors_info=&#8221;{}&#8221;]<\/p>\n<h1>Visit one of our locations<\/h1>\n<p>[\/et_pb_text][\/et_pb_column][\/et_pb_row][et_pb_row column_structure=&#8221;1_2,1_2&#8243; disabled_on=&#8221;on|on|on&#8221; admin_label=&#8221;Standorte&#8221; module_id=&#8221;Standorte&#8221; _builder_version=&#8221;4.19.4&#8243; disabled=&#8221;on&#8221; global_colors_info=&#8221;{}&#8221;][et_pb_column type=&#8221;1_2&#8243; module_class=&#8221;Spalte1&#8243; _builder_version=&#8221;4.16&#8243; custom_padding=&#8221;|||&#8221; global_colors_info=&#8221;{}&#8221; custom_padding__hover=&#8221;|||&#8221;][et_pb_text disabled_on=&#8221;off|off|off&#8221; admin_label=&#8221;Stadtbibliothek&#8221; _builder_version=&#8221;4.19.4&#8243; _module_preset=&#8221;1ec1d4f7-3a12-4ba0-8419-0f6a030605e9&#8243; text_font=&#8221;||||||||&#8221; background_image=&#8221;https:\/\/bibliotheken-schaffhausen.ch\/wp-content\/uploads\/2019\/01\/FassadeVespa_mod.jpg&#8221; background_layout=&#8221;dark&#8221; custom_css_main_element=&#8221; position: absolute;|| top: 0;|| left: 0;|| bottom: 0;|| right: 0;&#8221; saved_tabs=&#8221;all&#8221; global_colors_info=&#8221;{}&#8221;]<\/p>\n<h2>Stadtbibliothek<\/h2>\n<p><strong>\u00d6ffnungszeiten<\/strong><br \/>Montag 13:00 &#8211; 18:00<br \/>Dienstag bis Freitag 10:00 &#8211; 18:00<br \/>Samstag 10:00 &#8211; 16:00<\/p>\n<p><strong>Postadresse<\/strong><br \/>M\u00fcnsterplatz 1, 8200 Schaffhausen<\/p>\n<p><a href=\"https:\/\/bibliotheken-schaffhausen.ch\/en\/on-site\/stadtbibliothek\/#karte\"><span class=\"icon\">\ue01d<\/span> Karte<\/a><\/p>\n<p>[\/et_pb_text][\/et_pb_column][et_pb_column type=&#8221;1_2&#8243; module_class=&#8221;Spalte2&#8243; _builder_version=&#8221;4.16&#8243; custom_padding=&#8221;|||&#8221; global_colors_info=&#8221;{}&#8221; custom_padding__hover=&#8221;|||&#8221;][et_pb_text disabled_on=&#8221;off|off|off&#8221; admin_label=&#8221;Agnesensch\u00fctte&#8221; _builder_version=&#8221;4.4.5&#8243; text_font=&#8221;||||||||&#8221; background_image=&#8221;https:\/\/bibliotheken-schaffhausen.ch\/wp-content\/uploads\/2019\/01\/SchwesterngasseFern_mod.jpg&#8221; background_layout=&#8221;dark&#8221; custom_css_main_element=&#8221; position: absolute;|| top: 0;|| left: 0;|| bottom: 0;|| right: 0;&#8221; global_module=&#8221;596&#8243; saved_tabs=&#8221;all&#8221; global_colors_info=&#8221;{}&#8221;]<\/p>\n<h2>Agnesensch\u00fctte<\/h2>\n<p><strong>Opening hours<\/strong><br \/>\nMonday 13.00 &#8211; 18.00 hrs<br \/>\nTuesday to Friday 10.00 &#8211; 18.00 hrs<br \/>\nSaturday 10.00 &#8211; 16.00 hrs<br \/>\nSunday 10.00 &#8211; 16.00 hrs<\/p>\n<p><strong>Adress<\/strong><br \/>\nSchwesterngasse 1, 8200 Schaffhausen<br \/>\n<a href=\"https:\/\/bibliotheken-schaffhausen.ch\/en\/on-site\/library-agnesenschuette\/\"><span class=\"icon\">\ue01d<\/span> show on the map<\/a><\/p>\n<p><strong>Postal address<\/strong><br \/>\nM\u00fcnsterplatz 1, 8200 Schaffhausen<br \/>\n<a href=\"https:\/\/bibliotheken-schaffhausen.ch\/en\/on-site\/stadtbibliothek\/\"><span class=\"icon\">\ue01d<\/span> show on the map<\/a><\/p>\n<p>[\/et_pb_text][et_pb_text disabled_on=&#8221;on|on|on&#8221; admin_label=&#8221;Kammgarn&#8221; _builder_version=&#8221;4.16&#8243; text_font=&#8221;||||||||&#8221; background_image=&#8221;https:\/\/bibliotheken-schaffhausen.ch\/wp-content\/uploads\/2019\/01\/SchwesterngasseFern_mod.jpg&#8221; background_layout=&#8221;dark&#8221; custom_css_main_element=&#8221; position: absolute;|| top: 0;|| left: 0;|| bottom: 0;|| right: 0;&#8221; disabled=&#8221;on&#8221; saved_tabs=&#8221;all&#8221; global_colors_info=&#8221;{}&#8221;]<\/p>\n<h2>Kammgarn<\/h2>\n<p><strong>\u00d6ffnungszeiten<\/strong><br \/>\n<span class=\"tab tab\">Montag<\/span> 13.00 \u2013 18.00 Uhr<br \/>\n<span class=\"tab tab\">Dienstag bis Freitag<\/span> 10.00 \u2013 18.00 Uhr<br \/>\n<span class=\"tab tab\">Samstag<\/span> 10.00 \u2013 16.00 Uhr<br \/>\n<span class=\"tab tab\">Sonntag<\/span> 10.00 \u2013 16.00 Uhr<\/p>\n<p><strong>Adresse<\/strong><br \/>\nFl\u00fcgelwest, 8200 Schaffhausen<\/p>\n<p><strong>Postadresse<\/strong><br \/>\nM\u00fcnsterplatz 1, 8200 Schaffhausen<br \/>\n<a href=\"https:\/\/bibliotheken-schaffhausen.ch\/en\/on-site\/stadtbibliothek\/#karte\"><span class=\"icon\">\ue01d<\/span> auf der Karte anzeigen<\/a><br \/>\n[\/et_pb_text][\/et_pb_column][\/et_pb_row][et_pb_row column_structure=&#8221;1_2,1_2&#8243; disabled_on=&#8221;off|off|off&#8221; module_id=&#8221;Standorte&#8221; _builder_version=&#8221;4.19.4&#8243; _module_preset=&#8221;default&#8221; global_colors_info=&#8221;{}&#8221;][et_pb_column type=&#8221;1_2&#8243; _builder_version=&#8221;4.19.4&#8243; _module_preset=&#8221;default&#8221; global_colors_info=&#8221;{}&#8221;][et_pb_text admin_label=&#8221;Stadtbibliothek&#8221; _builder_version=&#8221;4.19.4&#8243; _module_preset=&#8221;1ec1d4f7-3a12-4ba0-8419-0f6a030605e9&#8243; text_text_color=&#8221;#FFFFFF&#8221; link_text_color=&#8221;#FFFFFF&#8221; ul_text_color=&#8221;#FFFFFF&#8221; ol_text_color=&#8221;#FFFFFF&#8221; quote_text_color=&#8221;#FFFFFF&#8221; header_text_color=&#8221;#FFFFFF&#8221; header_2_text_color=&#8221;#FFFFFF&#8221; header_3_text_color=&#8221;#FFFFFF&#8221; header_4_text_color=&#8221;#FFFFFF&#8221; header_5_text_color=&#8221;#FFFFFF&#8221; header_6_text_color=&#8221;#FFFFFF&#8221; background_image=&#8221;https:\/\/bibliotheken-schaffhausen.ch\/wp-content\/uploads\/2019\/04\/FassadeVespa_kl.jpg&#8221; height=&#8221;500px&#8221; saved_tabs=&#8221;all&#8221; global_colors_info=&#8221;{}&#8221;]<\/p>\n<h2>Stadtbibliothek<\/h2>\n<p><strong>Opening hours<\/strong><\/p>\n<p>Monday 13.00 &#8211; 18.00\u00a0<br \/>Tuesday to Friday 10.00 &#8211; 18.00\u00a0<br \/>Saturday 10.00 &#8211; 16.00\u00a0<\/p>\n<p><strong>Adress<\/strong><br \/>M\u00fcnsterplatz 1, 8200 Schaffhausen<\/p>\n<p><a href=\"https:\/\/bibliotheken-schaffhausen.ch\/en\/on-site\/stadtbibliothek\/#karte\" style=\"color: white !important;\"><span class=\"icon\">\ue01d<\/span>show on the map<\/a><\/p>\n<p>[\/et_pb_text][\/et_pb_column][et_pb_column type=&#8221;1_2&#8243; _builder_version=&#8221;4.19.4&#8243; _module_preset=&#8221;default&#8221; global_colors_info=&#8221;{}&#8221;][et_pb_text admin_label=&#8221;Agnesensch\u00fctte&#8221; _builder_version=&#8221;4.19.4&#8243; text_font=&#8221;||||||||&#8221; text_text_color=&#8221;#FFFFFF&#8221; link_text_color=&#8221;#FFFFFF&#8221; ul_text_color=&#8221;#FFFFFF&#8221; ol_text_color=&#8221;#FFFFFF&#8221; quote_text_color=&#8221;#FFFFFF&#8221; header_text_color=&#8221;#FFFFFF&#8221; header_2_text_color=&#8221;#FFFFFF&#8221; header_3_text_color=&#8221;#FFFFFF&#8221; header_4_text_color=&#8221;#FFFFFF&#8221; header_5_text_color=&#8221;#FFFFFF&#8221; header_6_text_color=&#8221;#FFFFFF&#8221; background_image=&#8221;https:\/\/bibliotheken-schaffhausen.ch\/wp-content\/uploads\/2019\/03\/SchwesterngasseFern_mod_kl.jpg&#8221; height=&#8221;500px&#8221; saved_tabs=&#8221;all&#8221; global_colors_info=&#8221;{}&#8221;]<\/p>\n<h2>Agnesensch\u00fctte<\/h2>\n<p><strong>Opening hours<\/strong><br \/>Monday 13.00 &#8211; 18.00\u00a0<br \/>Tuesday to Friday 10.00 &#8211; 18.00\u00a0<br \/>Saturday 10.00 &#8211; 16.00\u00a0<br \/>Sunday 10.00 &#8211; 16.00\u00a0<\/p>\n<p><strong>Adress<\/strong><br \/>Schwesterngasse 1, 8200 Schaffhausen<\/p>\n<p><a href=\"https:\/\/bibliotheken-schaffhausen.ch\/en\/on-site\/library-agnesenschuette\/\" style=\"color: white !important;\"><span class=\"icon\">\ue01d<\/span> show on the map<\/a><\/p>\n<p>[\/et_pb_text][\/et_pb_column][\/et_pb_row][\/et_pb_section]<\/p>\n","protected":false},"excerpt":{"rendered":"<p>The two branches Agnesensch\u00fctte and M\u00fcnsterplatz are open for well over 2,000 hours a year. The Agnesensch\u00fctte even on Sunday. &nbsp;About usThe Stadtbibliothek Schaffhausen (Schaffhausen Municipal Library) is the public [&hellip;]<\/p>\n","protected":false},"author":1,"featured_media":0,"parent":0,"menu_order":0,"comment_status":"closed","ping_status":"closed","template":"","meta":{"_et_pb_use_builder":"on","_et_pb_old_content":"","_et_gb_content_width":"","footnotes":""},"class_list":["post-4688","page","type-page","status-publish","hentry"],"_links":{"self":[{"href":"https:\/\/bibliotheken-schaffhausen.ch\/en\/wp-json\/wp\/v2\/pages\/4688","targetHints":{"allow":["GET"]}}],"collection":[{"href":"https:\/\/bibliotheken-schaffhausen.ch\/en\/wp-json\/wp\/v2\/pages"}],"about":[{"href":"https:\/\/bibliotheken-schaffhausen.ch\/en\/wp-json\/wp\/v2\/types\/page"}],"author":[{"embeddable":true,"href":"https:\/\/bibliotheken-schaffhausen.ch\/en\/wp-json\/wp\/v2\/users\/1"}],"replies":[{"embeddable":true,"href":"https:\/\/bibliotheken-schaffhausen.ch\/en\/wp-json\/wp\/v2\/comments?post=4688"}],"version-history":[{"count":2,"href":"https:\/\/bibliotheken-schaffhausen.ch\/en\/wp-json\/wp\/v2\/pages\/4688\/revisions"}],"predecessor-version":[{"id":13949,"href":"https:\/\/bibliotheken-schaffhausen.ch\/en\/wp-json\/wp\/v2\/pages\/4688\/revisions\/13949"}],"wp:attachment":[{"href":"https:\/\/bibliotheken-schaffhausen.ch\/en\/wp-json\/wp\/v2\/media?parent=4688"}],"curies":[{"name":"wp","href":"https:\/\/api.w.org\/{rel}","templated":true}]}}