{"id":981,"date":"2019-05-17T13:55:43","date_gmt":"2019-05-17T11:55:43","guid":{"rendered":"https:\/\/bibliotheken-schaffhausen.ch\/?page_id=981"},"modified":"2024-10-04T10:04:03","modified_gmt":"2024-10-04T08:04:03","slug":"impressum","status":"publish","type":"page","link":"https:\/\/bibliotheken-schaffhausen.ch\/de\/impressum\/","title":{"rendered":"Impressum"},"content":{"rendered":"<p>[et_pb_section fb_built=&#8221;1&#8243; admin_label=&#8221;Sektion&#8221; module_id=&#8221;ausleihe&#8221; _builder_version=&#8221;4.16&#8243; custom_margin=&#8221;88px||&#8221; global_colors_info=&#8221;{}&#8221;][et_pb_row _builder_version=&#8221;4.16&#8243; global_colors_info=&#8221;{}&#8221;][et_pb_column type=&#8221;4_4&#8243; _builder_version=&#8221;4.16&#8243; global_colors_info=&#8221;{}&#8221;][et_pb_text _builder_version=&#8221;4.16&#8243; global_colors_info=&#8221;{}&#8221;]<\/p>\n<h1 style=\"text-align: center;\">Impressum \/ Datenschutz<\/h1>\n<p>[\/et_pb_text][\/et_pb_column][\/et_pb_row][et_pb_row column_structure=&#8221;1_2,1_2&#8243; padding_top_bottom_link_1=&#8221;false&#8221; padding_top_bottom_link_2=&#8221;false&#8221; padding_left_right_link_1=&#8221;true&#8221; _builder_version=&#8221;4.16&#8243; global_colors_info=&#8221;{}&#8221;][et_pb_column type=&#8221;1_2&#8243; _builder_version=&#8221;4.16&#8243; background_color=&#8221;#F6F4EE&#8221; custom_padding=&#8221;20px|10px|30px|10px&#8221; global_colors_info=&#8221;{}&#8221; custom_padding__hover=&#8221;|||&#8221;][et_pb_text _builder_version=&#8221;4.16&#8243; global_colors_info=&#8221;{}&#8221;]<\/p>\n<h2>Impressum<\/h2>\n<p><strong>Kontakt<\/strong><br \/>Stadtbibliothek Schaffhausen<br \/>M\u00fcnsterplatz 1<br \/>8200 Schaffhausen<br \/>T 052 632 50 20<br \/>F 052 632 50 39<br \/>bibliothek(at)stsh.ch<\/p>\n<p><strong>Website<\/strong><br \/>Die Website wurde von der App Manufacture GmbH aus Schaffhausen konzipiert und realisiert.<br \/><a href=\"https:\/\/www.appmanufacture.ch\/\" target=\"_blank\" rel=\"noopener noreferrer\">www.appmanufacture.ch<\/a><\/p>\n<p><strong>Fotos \/ Grafiken<\/strong><br \/>Die Bilder auf dieser Webseite stammen teilweise aus eigenen Kameraaufnahmen oder wurden bei diversen Fotoanbietern eingekauft und sind somit Urheberrechtlich gesch\u00fctzt.<\/p>\n<p><strong>Haftung f\u00fcr Inhalte<\/strong><br \/>Die auf den Web-Seiten abrufbaren Beitr\u00e4ge dienen der allgemeinen Information. Wir sind bem\u00fcht, f\u00fcr die Richtigkeit und Aktualit\u00e4t aller auf der Website enthaltenen Informationen und Daten zu sorgen. F\u00fcr die Korrektheit, die Vollst\u00e4ndigkeit, die Aktualit\u00e4t oder Qualit\u00e4t der bereitgestellten Informationen und Daten wird jedoch keine Gew\u00e4hr \u00fcbernommen. F\u00fcr allf\u00e4llige Hinweise auf Fehler sind wir Ihnen dankbar.<\/p>\n<p><strong>Links zu anderen Websites<\/strong><br \/>Unsere Website enth\u00e4lt Links zu anderen Websites. Diese Datenschutzerkl\u00e4rung erstreckt sich nicht auf andere Anbieter. Wir haben keinen Einfluss darauf, dass deren Betreiber die Datenschutzbestimmungen einhalten und \u00fcbernehmen daher auch keine Verantwortung f\u00fcr Richtigkeit, Aktualit\u00e4t und Vollst\u00e4ndigkeit der dort bereitgestellten Informationen.<\/p>\n<p>[\/et_pb_text][\/et_pb_column][et_pb_column type=&#8221;1_2&#8243; _builder_version=&#8221;4.16&#8243; background_color=&#8221;#F6F4EE&#8221; custom_padding=&#8221;20px|10px|30px|10px&#8221; global_colors_info=&#8221;{}&#8221; custom_padding__hover=&#8221;|||&#8221;][et_pb_text _builder_version=&#8221;4.22.2&#8243; global_colors_info=&#8221;{}&#8221;]<\/p>\n<h2>Datenschutz<\/h2>\n<p>Stadtbibliothek Schaffhausen<br \/>M\u00fcnsterplatz 1<br \/>8200 Schaffhausen<\/p>\n<p>T 052 632 50 20<br \/>bibliothek(at)stsh.ch<\/p>\n<p><strong>Geltungsbereich<\/strong><br \/>Nutzer erhalten mit dieser Datenschutzerkl\u00e4rung Information \u00fcber die Art, den Umfang und Zweck der Erhebung und Verwendung ihrer Daten durch den verantwortlichen Anbieter erhoben und verwendet werden.<\/p>\n<p><strong>Datenschutz generell<\/strong><br \/>Es werden keinerlei pers\u00f6nlichen Daten \u00fcber Sie an Dritte weitergeben. Wir verarbeiten Ihre personenbezogenen Daten nur zu den in dieser Datenschutzerkl\u00e4rung genannten Zwecken. Wir speichern Ihre personenbezogenen Daten daher nur so lange, wie dies zur Erreichung der hier genannten Zwecke erforderlich ist. Wir behalten uns vor, diese Datenschutzerkl\u00e4rung anzupassen, damit sie stets den aktuellen rechtlichen Anforderungen entspricht oder um \u00c4nderungen unserer Leistungen in der Datenschutzerkl\u00e4rung umzusetzen, z.B. bei der Einf\u00fchrung neuer Services. F\u00fcr Ihren erneuten Besuch gilt dann die neue Datenschutzerkl\u00e4rung.<\/p>\n<p><strong>SSL-Verschl\u00fcsselung<\/strong><br \/>Um die Sicherheit Ihrer Daten bei der \u00dcbertragung zu sch\u00fctzen, verwenden wir dem aktuellen Stand der Technik entsprechende Verschl\u00fcsselungsverfahren. D.h. sollten Sie eine Anfrage \u00fcber ein Kontaktformular get\u00e4tigt haben, eine Anmeldung oder einen Kauf im Shop, so geschieht dies \u00fcber eine SSL-Verschl\u00fcsselung (https). Sie sollten sich jedoch stets bewusst sein, dass die \u00dcbermittlung von Informationen \u00fcber das Internet und andere elektronische Mittel gewisse Sicherheitsrisiken birgt und dass wir f\u00fcr die Sicherheit von Informationen, die auf diese Weise \u00fcbermittelt werden, keine Garantie \u00fcbernehmen k\u00f6nnen.<\/p>\n<p><strong>Kontaktformulare<\/strong><br \/>Bei der Kontaktaufnahme mit dem Anbieter per Kontaktformular, \u00fcber eine einfache Kontaktaufnahme per E-Mail sowie \u00fcber eine Anmeldung, erteilen Sie uns zum Zwecke der Kontaktaufnahme Ihre freiwillige Einwilligung. Die Angaben des Nutzers werden zwecks Bearbeitung der Anfrage sowie f\u00fcr den Fall, dass Anschlussfragen entstehen, gespeichert. Sie k\u00f6nnen jederzeit folgende Rechte aus\u00fcben: Auskunft \u00fcber Ihre bei uns gespeicherten Daten und deren Verarbeitung, Berichtigung unrichtiger personenbezogener Daten und L\u00f6schung Ihrer bei uns gespeicherten Daten, nehmen Sie dazu bitte mit unserem Sekretariat Kontakt auf.<\/p>\n<p><strong>Cookies<\/strong><br \/>Diese Webseite verwendet sogenannte Cookies. Das sind Textdateien, die vom Server aus auf Ihrem Rechner gespeichert werden. Sie enthalten Informationen zum Browser, zur IP-Adresse, dem Betriebssystem und zur Internetverbindung. Diese Daten werden von uns nicht an Dritte weitergegeben oder ohne ihre Zustimmung mit personenbezogenen Daten verkn\u00fcpft. Cookies erf\u00fcllen vor allem zwei Aufgaben. Sie helfen uns, Ihnen die Navigation durch unser Angebot zu erleichtern, und erm\u00f6glichen die korrekte Darstellung der Webseite. Sie werden nicht dazu genutzt, Viren einzuschleusen oder Programme zu starten. Nutzer haben die M\u00f6glichkeit, unser Angebot auch ohne Cookies aufzurufen. Dazu m\u00fcssen im Browser die entsprechenden Einstellungen ge\u00e4ndert werden. Informieren Sie sich bitte \u00fcber die Hilfsfunktion Ihres Browsers, wie Cookies deaktiviert werden. Wir weisen allerdings darauf hin, dass dadurch einige Funktionen dieser Webseite m\u00f6glicherweise beeintr\u00e4chtigt werden und der Nutzungskomfort eingeschr\u00e4nkt wird.<\/p>\n<p><strong>Google Analytics<\/strong><br \/>Unsere Server sammeln automatisch Daten \u00fcber Besucher unserer Website. Diese Information ist anonym, setzt uns aber in die Lage, mehr \u00fcber das Verhalten der Besucher unserer Website zu lernen und unser Angebot zu verbessern. F\u00fcr diesen Zweck wird Google Analytics verwendet. Wie folgt die Datenschutzerkl\u00e4rung dieses Dienstes:<\/p>\n<p>Datenschutzerkl\u00e4rung f\u00fcr die Nutzung von Google Analytics<br \/>Diese Website benutzt Google Analytics, einen Webanalysedienst der Google Inc. (&#8220;Google&#8221;). Google Analytics verwendet sog. &#8220;Cookies&#8221;, Textdateien, die auf Ihrem Computer gespeichert werden und die eine Analyse der Benutzung der Website durch Sie erm\u00f6glichen. Die durch den Cookie erzeugten Informationen \u00fcber Ihre Benutzung dieser Website werden in der Regel an einen Server von Google in den USA \u00fcbertragen und dort gespeichert. Im Falle der Aktivierung der IP-Anonymisierung auf dieser Webseite wird Ihre IP-Adresse von Google jedoch innerhalb von Mitgliedstaaten der Europ\u00e4ischen Union oder in anderen Vertragsstaaten des Abkommens \u00fcber den Europ\u00e4ischen Wirtschaftsraum zuvor gek\u00fcrzt.Nur in Ausnahmef\u00e4llen wird die volle IP-Adresse an einen Server von Google in den USA \u00fcbertragen und dort gek\u00fcrzt. Google wird diese Informationen benutzen, um Ihre Nutzung der Website auszuwerten, um Reports \u00fcber die Websiteaktivit\u00e4ten f\u00fcr die Websitebetreiber zusammenzustellen und um weitere mit der Websitenutzung und der Internetnutzung verbundene Dienstleistungen zu erbringen. Auch wird Google diese Informationen gegebenenfalls an Dritte \u00fcbertragen, sofern dies gesetzlich vorgeschrieben oder soweit Dritte diese Daten im Auftrag von Google verarbeiten. Die im Rahmen von Google Analytics von Ihrem Browser \u00fcbermittelte IP-Adresse wird nicht mit anderen Daten von Google zusammengef\u00fchrt.Sie k\u00f6nnen die Installation der Cookies durch eine entsprechende Einstellung Ihrer Browser Software verhindern; wir weisen Sie jedoch darauf hin, dass Sie in diesem Fall gegebenenfalls nicht s\u00e4mtliche Funktionen dieser Website voll umf\u00e4nglich nutzen k\u00f6nnen. Durch die Nutzung dieser Website erkl\u00e4ren Sie sich mit der Bearbeitung der \u00fcber Sie erhobenen Daten durch Google in der zuvor beschriebenen Art und Weise und zu dem zuvor benannten Zweck einverstanden.<\/p>\n<p><strong>Google Webfonts<\/strong><br \/>Um unsere Inhalte browser\u00fcbergreifend korrekt und grafisch ansprechend darzustellen, verwenden wir auf dieser Website Scriptbibliotheken und Schriftbibliotheken von Google Webfonts (<a href=\"https:\/\/fonts.google.com\/\" target=\"_blank\" rel=\"noopener noreferrer\">https:\/\/fonts.google.com<\/a>). Google Webfonts werden zur Vermeidung mehrfachen Ladens in den Cache Ihres Browsers \u00fcbertragen. Falls der Browser die Google Webfonts nicht unterst\u00fctzt oder den Zugriff unterbindet, werden Inhalte in einer Standardschrift angezeigt. Der Aufruf von Scriptbibliotheken oder Schriftbibliotheken l\u00f6st automatisch eine Verbindung zum Betreiber der Bibliothek aus. Dabei ist es theoretisch m\u00f6glich, dass Betreiber entsprechender Bibliotheken Daten erheben. Die Datenschutzrichtlinie des Bibliothekbetreibers Google finden Sie hier: <a href=\"https:\/\/policies.google.com\/privacy\" target=\"_blank\" rel=\"noopener noreferrer\">https:\/\/policies.google.com\/privacy<\/a><\/p>\n<p><strong>Public-WLAN<\/strong><br \/>Das Public-WLAN in den R\u00e4umlichkeiten der Stadt Schaffhausen ist ein Dienst von <em>Digitale Gesellschaft<\/em> mit Sitz in Basel.<br \/>Die Datenschutzerkl\u00e4rung lesen Sie hier: <a href=\"https:\/\/www.digitale-gesellschaft.ch\/uber-uns\/rechtliches\/\">https:\/\/www.digitale-gesellschaft.ch\/uber-uns\/rechtliches\/<\/a><br \/>Auf dieser Seite finden Sie auch Kontaktinformationen f\u00fcr ausf\u00fchrliche Auskunft bez\u00fcglich der Speicherung der Daten.<\/p>\n<p>&nbsp;<\/p>\n<p><strong>KI-gest\u00fctzte Suchfunktion (SHAI)\u00a0 \u00a0 \u00a0 \u00a0 \u00a0 \u00a0 \u00a0 \u00a0 \u00a0 \u00a0 \u00a0 \u00a0 \u00a0 \u00a0 \u00a0 \u00a0 \u00a0 \u00a0 \u00a0 \u00a0 \u00a0 \u00a0 \u00a0 \u00a0 \u00a0 \u00a0 \u00a0 \u00a0 \u00a0 \u00a0 \u00a0 \u00a0 \u00a0 \u00a0 \u00a0 <\/strong>Bei Verwendung der KI-gest\u00fctzten Suchfunktion (KI-Assistent &#8220;SHAI&#8221; der Bibliotheken Schaffhausen) wird der eingegebene Suchtext an ein Large Language Model (LLM) \u00fcbermittelt. Mehr Informationen finden sie unter <a href=\"https:\/\/shai.bibliotheken-schaffhausen.ch\/de\/\">https:\/\/shai.bibliotheken-schaffhausen.ch\/de\/<\/a><\/p>\n<p>[\/et_pb_text][\/et_pb_column][\/et_pb_row][\/et_pb_section]<\/p>\n","protected":false},"excerpt":{"rendered":"<p>Impressum \/ DatenschutzImpressum KontaktStadtbibliothek SchaffhausenM\u00fcnsterplatz 18200 SchaffhausenT 052 632 50 20F 052 632 50 39bibliothek(at)stsh.ch WebsiteDie Website wurde von der App Manufacture GmbH aus Schaffhausen konzipiert und realisiert.www.appmanufacture.ch Fotos \/ [&hellip;]<\/p>\n","protected":false},"author":1,"featured_media":0,"parent":0,"menu_order":0,"comment_status":"closed","ping_status":"closed","template":"","meta":{"_et_pb_use_builder":"on","_et_pb_old_content":"","_et_gb_content_width":"","footnotes":""},"class_list":["post-981","page","type-page","status-publish","hentry"],"_links":{"self":[{"href":"https:\/\/bibliotheken-schaffhausen.ch\/de\/wp-json\/wp\/v2\/pages\/981","targetHints":{"allow":["GET"]}}],"collection":[{"href":"https:\/\/bibliotheken-schaffhausen.ch\/de\/wp-json\/wp\/v2\/pages"}],"about":[{"href":"https:\/\/bibliotheken-schaffhausen.ch\/de\/wp-json\/wp\/v2\/types\/page"}],"author":[{"embeddable":true,"href":"https:\/\/bibliotheken-schaffhausen.ch\/de\/wp-json\/wp\/v2\/users\/1"}],"replies":[{"embeddable":true,"href":"https:\/\/bibliotheken-schaffhausen.ch\/de\/wp-json\/wp\/v2\/comments?post=981"}],"version-history":[{"count":1,"href":"https:\/\/bibliotheken-schaffhausen.ch\/de\/wp-json\/wp\/v2\/pages\/981\/revisions"}],"predecessor-version":[{"id":12926,"href":"https:\/\/bibliotheken-schaffhausen.ch\/de\/wp-json\/wp\/v2\/pages\/981\/revisions\/12926"}],"wp:attachment":[{"href":"https:\/\/bibliotheken-schaffhausen.ch\/de\/wp-json\/wp\/v2\/media?parent=981"}],"curies":[{"name":"wp","href":"https:\/\/api.w.org\/{rel}","templated":true}]}}