{"id":977,"date":"2019-05-17T13:35:00","date_gmt":"2019-05-17T11:35:00","guid":{"rendered":"https:\/\/bibliotheken-schaffhausen.ch\/?page_id=977"},"modified":"2026-03-17T10:52:10","modified_gmt":"2026-03-17T09:52:10","slug":"kooperationen","status":"publish","type":"page","link":"https:\/\/bibliotheken-schaffhausen.ch\/de\/ueber-uns\/kooperationen\/","title":{"rendered":"Bibliotheksverbund und Kooperationen"},"content":{"rendered":"<p>[et_pb_section fb_built=&#8221;1&#8243; fullwidth=&#8221;on&#8221; admin_label=&#8221;Titelsektion&#8221; _builder_version=&#8221;4.16&#8243; collapsed=&#8221;off&#8221; global_colors_info=&#8221;{}&#8221;][et_pb_fullwidth_image src=&#8221;https:\/\/bibliotheken-schaffhausen.ch\/wp-content\/uploads\/2021\/03\/Muensterturm_in_Schaffhausen-1-scaled.jpg&#8221; alt=&#8221;Stadtbibliothek mit M\u00fcnsterturm&#8221; title_text=&#8221;M\u00fcnsterturm_in_Schaffhausen&#8221; _builder_version=&#8221;4.16&#8243; background_image=&#8221;https:\/\/bibliotheken-schaffhausen.ch\/wp-content\/uploads\/2019\/01\/EntreeQuer.jpg&#8221; parallax=&#8221;on&#8221; min_height=&#8221;380px&#8221; global_colors_info=&#8221;{}&#8221;][\/et_pb_fullwidth_image][et_pb_fullwidth_post_title meta=&#8221;off&#8221; featured_image=&#8221;off&#8221; _builder_version=&#8221;4.16&#8243; title_level=&#8221;h2&#8243; title_font=&#8221;|300|||||||&#8221; title_text_align=&#8221;center&#8221; title_text_color=&#8221;#000000&#8243; title_font_size=&#8221;32px&#8221; background_color=&#8221;#f6f4ee&#8221; custom_margin=&#8221;-66px||||false&#8221; custom_padding=&#8221;12px||12px|&#8221; custom_css_main_element=&#8221;mix-blend-mode: hard-light;&#8221; global_colors_info=&#8221;{}&#8221;][\/et_pb_fullwidth_post_title][\/et_pb_section][et_pb_section fb_built=&#8221;1&#8243; admin_label=&#8221;Bibliotheksverbund und Kooperationen&#8221; module_id=&#8221;bibliotheksverbund&#8221; _builder_version=&#8221;4.21.0&#8243; collapsed=&#8221;off&#8221; global_colors_info=&#8221;{}&#8221;][et_pb_row _builder_version=&#8221;4.21.0&#8243; custom_margin=&#8221;|auto|-2px|auto||&#8221; custom_padding=&#8221;||0px&#8221; global_colors_info=&#8221;{}&#8221;][et_pb_column type=&#8221;4_4&#8243; _builder_version=&#8221;4.16&#8243; global_colors_info=&#8221;{}&#8221;][et_pb_text admin_label=&#8221;Bibliotheksverbund&#8221; module_id=&#8221;kulturinstitutionen&#8221; _builder_version=&#8221;4.27.5&#8243; text_font=&#8221;||||||||&#8221; header_font=&#8221;||||||||&#8221; header_2_font=&#8221;||||||||&#8221; header_2_text_align=&#8221;center&#8221; custom_margin=&#8221;0px||0px&#8221; custom_padding=&#8221;0px||0px&#8221; global_colors_info=&#8221;{}&#8221;]<\/p>\n<h1>Bibliotheksverbund<\/h1>\n<p>[\/et_pb_text][et_pb_text _builder_version=&#8221;4.27.5&#8243; global_colors_info=&#8221;{}&#8221;]<\/p>\n<p>Die Bibliotheken Schaffhausen sind die gr\u00f6sste Bibliothek des Kantons und engagieren sich f\u00fcr die kantonale Bibliotheksentwicklung. Insbesondere betreiben sie den Bibliotheksverbund <a href=\"https:\/\/opac.bibliotheken-schaffhausen.ch\/NetBiblio\/\">Bischonline<\/a> und die Digitale Bibliothek Schaffhausen <a href=\"https:\/\/digibisch.ch\/\">Digibisch<\/a>.<br \/>Diese ist mit dem Login der am Verbund teilnehmenden Bibliotheken zug\u00e4nglich (siehe Liste unterhalb). Noch kein Login? Hier geht es zur <a href=\"https:\/\/opac.bibliotheken-schaffhausen.ch\/NetBiblio\/createaccount\">Online-Anmeldung. <\/a><\/p>\n<p><a href=\"https:\/\/www.youtube.com\/watch?v=Bb_sHzkFPk4\">Hier<\/a> k\u00f6nnen die Verbundbibliotheken virtuell besucht werden. Der Film ist von aktuellen und ehemaligen Lernenden konzipiert und realisiert worden.\u00a0<\/p>\n<p>&nbsp;<\/p>\n<p>[\/et_pb_text][\/et_pb_column][\/et_pb_row][et_pb_row _builder_version=&#8221;4.24.2&#8243; _module_preset=&#8221;default&#8221; custom_padding=&#8221;0px||4px|||&#8221; global_colors_info=&#8221;{}&#8221;][et_pb_column type=&#8221;4_4&#8243; _builder_version=&#8221;4.24.2&#8243; _module_preset=&#8221;default&#8221; global_colors_info=&#8221;{}&#8221;][et_pb_text _builder_version=&#8221;4.27.5&#8243; _module_preset=&#8221;default&#8221; min_height=&#8221;12px&#8221; custom_margin=&#8221;1px|||||&#8221; custom_padding=&#8221;||0px|||&#8221; global_colors_info=&#8221;{}&#8221;]<\/p>\n<h3>\u00dcberblick \u00fcber die G\u00fcltigkeit der Bibliothekskarten in den Verbundbibliotheken:<\/h3>\n<p>[\/et_pb_text][\/et_pb_column][\/et_pb_row][et_pb_row _builder_version=&#8221;4.24.2&#8243; custom_margin=&#8221;-39px|auto||auto|false|false&#8221; custom_padding=&#8221;||||false|false&#8221; collapsed=&#8221;off&#8221; global_colors_info=&#8221;{}&#8221;][et_pb_column type=&#8221;4_4&#8243; _builder_version=&#8221;4.24.2&#8243; custom_padding=&#8221;|||&#8221; global_colors_info=&#8221;{}&#8221; custom_padding__hover=&#8221;|||&#8221;][et_pb_image src=&#8221;https:\/\/bibliotheken-schaffhausen.ch\/wp-content\/uploads\/2026\/01\/Verbund-aktuell.jpg&#8221; title_text=&#8221;Verbund aktuell&#8221; show_in_lightbox=&#8221;on&#8221; admin_label=&#8221;Bild&#8221; _builder_version=&#8221;4.27.5&#8243; _module_preset=&#8221;default&#8221; custom_margin=&#8221;||||false|false&#8221; custom_padding=&#8221;||||false|false&#8221; global_colors_info=&#8221;{}&#8221;][\/et_pb_image][\/et_pb_column][\/et_pb_row][et_pb_row column_structure=&#8221;1_2,1_2&#8243; _builder_version=&#8221;4.24.2&#8243; _module_preset=&#8221;default&#8221; width=&#8221;84.5%&#8221; custom_margin=&#8221;||||false|false&#8221; custom_padding=&#8221;||||false|false&#8221; global_colors_info=&#8221;{}&#8221;][et_pb_column type=&#8221;1_2&#8243; _builder_version=&#8221;4.24.2&#8243; _module_preset=&#8221;default&#8221; global_colors_info=&#8221;{}&#8221;][et_pb_text _builder_version=&#8221;4.27.4&#8243; _module_preset=&#8221;default&#8221; custom_margin=&#8221;||||false|false&#8221; global_colors_info=&#8221;{}&#8221;]<\/p>\n<p style=\"text-align: left;\">Acht Gemeinden des Kantons f\u00fchren eine eigene Bibliothek:<\/p>\n<ul>\n<li style=\"text-align: left;\"><a href=\"https:\/\/opac.bibliotheken-schaffhausen.ch\/NetBiblio\/katalog\/hallau\/\" target=\"_blank\" rel=\"noopener\">Hallau*<\/a><\/li>\n<li style=\"text-align: left;\"><a href=\"https:\/\/neuhausen.ch\/gemeindebibliothek\" target=\"_blank\" rel=\"noopener noreferrer\">Neuhausen*<\/a><\/li>\n<li style=\"text-align: left;\"><a href=\"https:\/\/www.bibliothekneunkirch.ch\/\" target=\"_blank\" rel=\"noopener\">Neunkirch<\/a><\/li>\n<li style=\"text-align: left;\"><a href=\"https:\/\/oberhallau.ch\/CMS\/Webseite\/Gemeinde-Oberhallau\/Freizeit---Kultur-1962733-DE.html\" target=\"_blank\" rel=\"noopener noreferrer\">Oberhallau<\/a><\/li>\n<li style=\"text-align: left;\"><a href=\"https:\/\/www.schleitheim.ch\/dienstleistungen\/71149\" target=\"_blank\" rel=\"noopener noreferrer\">Schleitheim*<\/a><\/li>\n<li style=\"text-align: left;\"><a href=\"http:\/\/www.stadtbibliotheksteinamrhein.ch\/\" target=\"_blank\" rel=\"noopener noreferrer\">Stein am Rhein*<\/a><\/li>\n<li style=\"text-align: left;\"><a href=\"https:\/\/opac.bibliotheken-schaffhausen.ch\/NetBiblio\/katalog\/thayngen\/\/\" target=\"_blank\" rel=\"noopener noreferrer\">Thayngen*<\/a><\/li>\n<li style=\"text-align: left;\">Wilchingen<br \/>*im Bibliotheksverbund bischonline<\/li>\n<\/ul>\n<p>[\/et_pb_text][\/et_pb_column][et_pb_column type=&#8221;1_2&#8243; _builder_version=&#8221;4.24.2&#8243; _module_preset=&#8221;default&#8221; global_colors_info=&#8221;{}&#8221;][et_pb_text _builder_version=&#8221;4.27.4&#8243; _module_preset=&#8221;default&#8221; custom_margin=&#8221;||||false|false&#8221; global_colors_info=&#8221;{}&#8221;]<\/p>\n<p>Vier gr\u00f6ssere Bibliotheken sind bei st\u00e4dtischen oder kantonalen Institutionen. Alle sind im Bibliotheksverbund bischonline.<\/p>\n<ul>\n<li><a href=\"https:\/\/allerheiligen.ch\/museum\/ueber-uns\/\" target=\"_blank\" rel=\"noopener\">Bibliothek des Museums zu Allerheiligen<\/a><\/li>\n<li><a href=\"https:\/\/opac.bibliotheken-schaffhausen.ch\/NetBiblio\/katalog\/kantibibliothek\/\" target=\"_blank\" rel=\"noopener\">Mediothek der Kantonsschule<\/a><\/li>\n<li><a href=\"https:\/\/www.phsh.ch\/dienstleistungen\/bibliothek\" target=\"_blank\" rel=\"noopener\">Bibliothek PHSH<\/a><\/li>\n<li><a href=\"https:\/\/opac.bibliotheken-schaffhausen.ch\/NetBiblio\/katalog\/staatsarchiv\/\" target=\"_blank\" rel=\"noopener noreferrer\">Bibliothek des Staatsarchivs Schaffhausen<\/a><\/li>\n<\/ul>\n<p>[\/et_pb_text][\/et_pb_column][\/et_pb_row][\/et_pb_section][et_pb_section fb_built=&#8221;1&#8243; fullwidth=&#8221;on&#8221; admin_label=&#8221;Bildsektion&#8221; _builder_version=&#8221;4.16&#8243; collapsed=&#8221;on&#8221; global_colors_info=&#8221;{}&#8221;][et_pb_fullwidth_image _builder_version=&#8221;4.16&#8243; background_image=&#8221;https:\/\/bibliotheken-schaffhausen.ch\/wp-content\/uploads\/2019\/01\/OG15.jpg&#8221; parallax=&#8221;on&#8221; min_height=&#8221;400px&#8221; custom_css_main_element=&#8221;background-position: bottom center;&#8221; global_colors_info=&#8221;{}&#8221;][\/et_pb_fullwidth_image][\/et_pb_section][et_pb_section fb_built=&#8221;1&#8243; admin_label=&#8221; &#8221; _builder_version=&#8221;4.21.0&#8243; collapsed=&#8221;off&#8221; global_colors_info=&#8221;{}&#8221;][et_pb_row column_structure=&#8221;1_2,1_2&#8243; _builder_version=&#8221;4.21.0&#8243; global_colors_info=&#8221;{}&#8221;][et_pb_column type=&#8221;1_2&#8243; _builder_version=&#8221;4.16&#8243; custom_padding=&#8221;|||&#8221; global_colors_info=&#8221;{}&#8221; custom_padding__hover=&#8221;|||&#8221;][et_pb_text admin_label=&#8221;Schaffhauser Kulturinstitutionen&#8221; module_id=&#8221;verbund&#8221; _builder_version=&#8221;4.21.0&#8243; text_font=&#8221;||||||||&#8221; header_font=&#8221;||||||||&#8221; header_2_font=&#8221;||||||||&#8221; header_2_text_align=&#8221;center&#8221; global_colors_info=&#8221;{}&#8221;]<\/p>\n<h1>Schaffhauser Kulturinstitutionen<\/h1>\n<p>[\/et_pb_text][et_pb_text _builder_version=&#8221;4.21.0&#8243; custom_margin=&#8221;||17px&#8221; global_colors_info=&#8221;{}&#8221;]<\/p>\n<p>Die Bibliotheken Schaffhausen sind eng verbunden mit den weiteren st\u00e4dtischen Bildungs- und Kulturinstitutionen, die dem Bildungs- und Kulturreferenten unterstellt sind: Fachlicher Austausch, Leihgaben (Museum), gemeinsame Ausbildung (Stadtarchiv), Projekte.<br \/><a href=\"https:\/\/www.allerheiligen.ch\/de\/\" target=\"_blank\" rel=\"noopener noreferrer\">Museum zu Allerheiligen<\/a>, <a href=\"http:\/\/www.stadtarchiv-schaffhausen.ch\/\" target=\"_blank\" rel=\"noopener noreferrer\">Stadtarchiv Schaffhausen<\/a>, <a href=\"https:\/\/www.stadttheater-sh.ch\/stadttheater-schaffhausen\/\" target=\"_blank\" rel=\"noopener noreferrer\">Stadttheater<\/a>.<br \/>Durch die Ministerialbibliothek besteht eine enge Verbindung mit der evangelisch-reformierten Landeskirche und ihrem <a href=\"https:\/\/www.ref-sh.ch\/ministerium\" target=\"_blank\" rel=\"noopener noreferrer\">Ministerium<\/a>. Im Bereich der Schulen bem\u00fcht sich die Bibliothek um eine m\u00f6glichst enge Koordination ihres Angebots an F\u00fchrungen und Kursen mit dem Lehrplan 21 und beteiligt sich regelm\u00e4ssig am Schaffhauser Ferienpass.<\/p>\n<p>Auch mit privaten Veranstaltern im Kultur- und Bildungsbereich arbeitet die Bibliothek zusammen, so etwa im Bereich Integration (Verein Integres, SAH) oder Kinder- und Jugendprogramme (z.B. Festival JUPS).<\/p>\n<p>[\/et_pb_text][\/et_pb_column][et_pb_column type=&#8221;1_2&#8243; _builder_version=&#8221;4.16&#8243; custom_padding=&#8221;|||&#8221; global_colors_info=&#8221;{}&#8221; custom_padding__hover=&#8221;|||&#8221;][et_pb_text admin_label=&#8221; Vereine und Organisationen&#8221; module_id=&#8221;vereine&#8221; _builder_version=&#8221;4.21.0&#8243; global_colors_info=&#8221;{}&#8221;]<\/p>\n<h1>Vereine und Organisationen<\/h1>\n<p>[\/et_pb_text][et_pb_text _builder_version=&#8221;4.21.0&#8243; custom_margin=&#8221;||34px&#8221; global_colors_info=&#8221;{}&#8221;]<\/p>\n<p>Regionale und \u00fcberregionale Vernetzung ist entscheidend f\u00fcr den Erfolg einer mittelgrossen Bibliothek im Umfeld der digitalen Revolution. Die Bibliotheken Schaffhausen engagieren sich daher z.B. im <a href=\"http:\/\/www.bodenseebibliotheken.de\/\" target=\"_blank\" rel=\"noopener noreferrer\">Verein der Bodenseebibliotheken<\/a>, in der <a href=\"https:\/\/bibliosuisse.ch\/Sektionen\/SKKB#:~:text=Die%20Schweizerische%20Konferenz%20der%20Kantonsbibliotheken%20SKKB&amp;text=Programme%20und%20Empfehlungen%20f%C3%BCr%20die,dem%20Berufsverband%20Bibliosuisse%20zu%20pflegen.\" target=\"_blank\" rel=\"noopener noreferrer\">Schweizerischen Konferenz der Kantonsbibliotheken SKKB<\/a> und im Verein Dibiost, der den Erwerb der E-Medien in den Bibliotheken der Ostschweiz koordiniert. Das grenz\u00fcberschreitende Literaturfestival Erz\u00e4hlzeit organisiert die Bibliothek gemeinsam mit den <a href=\"https:\/\/www.singen-kulturpur.de\/Stadtbuecherei.620.html\" target=\"_blank\" rel=\"noopener noreferrer\">Bibliotheken Singen<\/a>.<\/p>\n<p>[\/et_pb_text][\/et_pb_column][\/et_pb_row][\/et_pb_section]<\/p>\n","protected":false},"excerpt":{"rendered":"<p>BibliotheksverbundDie Bibliotheken Schaffhausen sind die gr\u00f6sste Bibliothek des Kantons und engagieren sich f\u00fcr die kantonale Bibliotheksentwicklung. Insbesondere betreiben sie den Bibliotheksverbund Bischonline und die Digitale Bibliothek Schaffhausen Digibisch.Diese ist mit [&hellip;]<\/p>\n","protected":false},"author":1,"featured_media":0,"parent":2116,"menu_order":0,"comment_status":"closed","ping_status":"closed","template":"","meta":{"_et_pb_use_builder":"on","_et_pb_old_content":"Inhalt ist noch offen","_et_gb_content_width":"","footnotes":""},"class_list":["post-977","page","type-page","status-publish","hentry"],"_links":{"self":[{"href":"https:\/\/bibliotheken-schaffhausen.ch\/de\/wp-json\/wp\/v2\/pages\/977","targetHints":{"allow":["GET"]}}],"collection":[{"href":"https:\/\/bibliotheken-schaffhausen.ch\/de\/wp-json\/wp\/v2\/pages"}],"about":[{"href":"https:\/\/bibliotheken-schaffhausen.ch\/de\/wp-json\/wp\/v2\/types\/page"}],"author":[{"embeddable":true,"href":"https:\/\/bibliotheken-schaffhausen.ch\/de\/wp-json\/wp\/v2\/users\/1"}],"replies":[{"embeddable":true,"href":"https:\/\/bibliotheken-schaffhausen.ch\/de\/wp-json\/wp\/v2\/comments?post=977"}],"version-history":[{"count":14,"href":"https:\/\/bibliotheken-schaffhausen.ch\/de\/wp-json\/wp\/v2\/pages\/977\/revisions"}],"predecessor-version":[{"id":14832,"href":"https:\/\/bibliotheken-schaffhausen.ch\/de\/wp-json\/wp\/v2\/pages\/977\/revisions\/14832"}],"up":[{"embeddable":true,"href":"https:\/\/bibliotheken-schaffhausen.ch\/de\/wp-json\/wp\/v2\/pages\/2116"}],"wp:attachment":[{"href":"https:\/\/bibliotheken-schaffhausen.ch\/de\/wp-json\/wp\/v2\/media?parent=977"}],"curies":[{"name":"wp","href":"https:\/\/api.w.org\/{rel}","templated":true}]}}