{"id":971,"date":"2019-05-17T13:31:08","date_gmt":"2019-05-17T11:31:08","guid":{"rendered":"https:\/\/bibliotheken-schaffhausen.ch\/?page_id=971"},"modified":"2026-02-12T11:38:27","modified_gmt":"2026-02-12T10:38:27","slug":"geschichte","status":"publish","type":"page","link":"https:\/\/bibliotheken-schaffhausen.ch\/de\/ueber-uns\/geschichte\/","title":{"rendered":"Geschichte"},"content":{"rendered":"<p>[et_pb_section fb_built=&#8221;1&#8243; fullwidth=&#8221;on&#8221; admin_label=&#8221;Titelsektion&#8221; _builder_version=&#8221;4.16&#8243; collapsed=&#8221;off&#8221; global_colors_info=&#8221;{}&#8221;][et_pb_fullwidth_image src=&#8221;https:\/\/bibliotheken-schaffhausen.ch\/wp-content\/uploads\/2021\/03\/Muensterturm_in_Schaffhausen-1-scaled.jpg&#8221; title_text=&#8221;M\u00fcnsterturm_in_Schaffhausen&#8221; _builder_version=&#8221;4.16&#8243; background_image=&#8221;https:\/\/bibliotheken-schaffhausen.ch\/wp-content\/uploads\/2019\/01\/EntreeQuer.jpg&#8221; parallax=&#8221;on&#8221; min_height=&#8221;380px&#8221; global_colors_info=&#8221;{}&#8221;][\/et_pb_fullwidth_image][et_pb_fullwidth_post_title meta=&#8221;off&#8221; featured_image=&#8221;off&#8221; _builder_version=&#8221;4.16&#8243; title_level=&#8221;h2&#8243; title_font=&#8221;|300|||||||&#8221; title_text_align=&#8221;center&#8221; title_text_color=&#8221;#000000&#8243; title_font_size=&#8221;32px&#8221; background_color=&#8221;#f6f4ee&#8221; custom_margin=&#8221;-66px||||false&#8221; custom_padding=&#8221;12px||12px|&#8221; custom_css_main_element=&#8221;mix-blend-mode: hard-light;&#8221; global_colors_info=&#8221;{}&#8221;][\/et_pb_fullwidth_post_title][\/et_pb_section][et_pb_section fb_built=&#8221;1&#8243; admin_label=&#8221;Geschichte&#8221; _builder_version=&#8221;4.16&#8243; collapsed=&#8221;off&#8221; global_colors_info=&#8221;{}&#8221;][et_pb_row column_structure=&#8221;1_2,1_2&#8243; _builder_version=&#8221;4.16&#8243; global_colors_info=&#8221;{}&#8221;][et_pb_column type=&#8221;1_2&#8243; _builder_version=&#8221;4.16&#8243; custom_padding=&#8221;|||&#8221; global_colors_info=&#8221;{}&#8221; custom_padding__hover=&#8221;|||&#8221;][et_pb_text _builder_version=&#8221;4.16&#8243; custom_margin=&#8221;||17px&#8221; global_colors_info=&#8221;{}&#8221;]<\/p>\n<p>Bereits im Mittelalter gab es in Schaffhausen Bibliotheken: im Benediktinerkloster Allerheiligen, im Barf\u00fcsserkloster und in der Pfarrkirche St. Johann. Nach der Reformation (1529) wurden die Kl\u00f6ster aufgehoben. Ihre B\u00fccher wurden in die Sakristei von St. Johann gebracht. Geschenke und Ank\u00e4ufe liessen diese seit 1540 als Bibliotheca publica oder liberey bezeichnete Sammlung langsam anwachsen. Neben dieser vor allem der Geistlichkeit dienenden B\u00fccherei gr\u00fcndeten initiative B\u00fcrger 1636 die auf Wissenschaften und K\u00fcnste ausgerichtete B\u00fcrgerbibliothek, die heutige Stadtbibliothek.<\/p>\n<p>Dem Geist der Aufkl\u00e4rung entsprechend wurden im 18. Jahrhundert auch in Schaffhausen zwei private Lesegesellschaften gegr\u00fcndet, die sp\u00e4ter in die Stadtbibliothek integriert wurden. 1780 wurde zudem die B\u00fcchersammlung im St. Johann unter der Bezeichnung Ministerialbibliothek zu neuem Leben erweckt.<\/p>\n<p>[\/et_pb_text][\/et_pb_column][et_pb_column type=&#8221;1_2&#8243; _builder_version=&#8221;4.16&#8243; custom_padding=&#8221;|||&#8221; global_colors_info=&#8221;{}&#8221; custom_padding__hover=&#8221;|||&#8221;][et_pb_text _builder_version=&#8221;4.27.5&#8243; text_font=&#8221;||||||||&#8221; custom_margin=&#8221;||17px&#8221; hover_enabled=&#8221;0&#8243; global_colors_info=&#8221;{}&#8221; sticky_enabled=&#8221;0&#8243;]<\/p>\n<p>Im 19. Jahrhundert f\u00fchrten zahlreiche Vereine eine eigene Bibliothek.<br \/>Fast alle diese Gesellschafts- und Vereinsbibliotheken wurden im 20. Jahrhundert der Stadtbibliothek \u00fcberlassen, entweder als Geschenk oder als Depositum.<br \/>Seit 1923 befindet sich die Stadtbibliothek am M\u00fcnsterplatz im ehemaligen Zeughaus. Das Geb\u00e4ude wurde zuvor vom Kloster Allerheiligen als Korn- und Kabishaus genutzt. Aus dieser Zeit stammt auch die Oswaldkapelle, welche sich innerhalb der Bibliotheksmauern befindet und wahrscheinlich 1554 in das Haus integriert wurde. Man vermutet eine Nutzung als Fruchtkasten.\u00a0<\/p>\n<p>1986 wurde am anderen Ende der Altstadt die Bibliothek Agnesensch\u00fctte als moderne Freihandbibliothek er\u00f6ffnet, die seither als zweite Bibliotheksfiliale die aktuellen und popul\u00e4ren Medien bereith\u00e4lt. 1993-95 wurde die Stadtbibliothek umgebaut und durch ein unterirdisches Magazin mit Kulturg\u00fcterschutz erweitert. die Digitalisierung von historischen Best\u00e4nden begann 2008, E-Books gibt es in den Bibliotheken Schaffhausen seit 2011.<br \/>Seit 2016 ist die Bibliothek Agnesensch\u00fctte auch am Sonntag ge\u00f6ffnet.<\/p>\n<p>[\/et_pb_text][\/et_pb_column][\/et_pb_row][\/et_pb_section]<\/p>\n","protected":false},"excerpt":{"rendered":"<p>Bereits im Mittelalter gab es in Schaffhausen Bibliotheken: im Benediktinerkloster Allerheiligen, im Barf\u00fcsserkloster und in der Pfarrkirche St. Johann. Nach der Reformation (1529) wurden die Kl\u00f6ster aufgehoben. Ihre B\u00fccher wurden [&hellip;]<\/p>\n","protected":false},"author":1,"featured_media":0,"parent":2116,"menu_order":0,"comment_status":"closed","ping_status":"closed","template":"","meta":{"_et_pb_use_builder":"on","_et_pb_old_content":"Inhalt ist noch offen","_et_gb_content_width":"","footnotes":""},"class_list":["post-971","page","type-page","status-publish","hentry"],"_links":{"self":[{"href":"https:\/\/bibliotheken-schaffhausen.ch\/de\/wp-json\/wp\/v2\/pages\/971","targetHints":{"allow":["GET"]}}],"collection":[{"href":"https:\/\/bibliotheken-schaffhausen.ch\/de\/wp-json\/wp\/v2\/pages"}],"about":[{"href":"https:\/\/bibliotheken-schaffhausen.ch\/de\/wp-json\/wp\/v2\/types\/page"}],"author":[{"embeddable":true,"href":"https:\/\/bibliotheken-schaffhausen.ch\/de\/wp-json\/wp\/v2\/users\/1"}],"replies":[{"embeddable":true,"href":"https:\/\/bibliotheken-schaffhausen.ch\/de\/wp-json\/wp\/v2\/comments?post=971"}],"version-history":[{"count":1,"href":"https:\/\/bibliotheken-schaffhausen.ch\/de\/wp-json\/wp\/v2\/pages\/971\/revisions"}],"predecessor-version":[{"id":14749,"href":"https:\/\/bibliotheken-schaffhausen.ch\/de\/wp-json\/wp\/v2\/pages\/971\/revisions\/14749"}],"up":[{"embeddable":true,"href":"https:\/\/bibliotheken-schaffhausen.ch\/de\/wp-json\/wp\/v2\/pages\/2116"}],"wp:attachment":[{"href":"https:\/\/bibliotheken-schaffhausen.ch\/de\/wp-json\/wp\/v2\/media?parent=971"}],"curies":[{"name":"wp","href":"https:\/\/api.w.org\/{rel}","templated":true}]}}