{"id":967,"date":"2019-05-17T13:29:43","date_gmt":"2019-05-17T11:29:43","guid":{"rendered":"https:\/\/bibliotheken-schaffhausen.ch\/?page_id=967"},"modified":"2026-01-13T15:49:39","modified_gmt":"2026-01-13T14:49:39","slug":"erwerbungsprofil","status":"publish","type":"page","link":"https:\/\/bibliotheken-schaffhausen.ch\/de\/ueber-uns\/erwerbungsprofil\/","title":{"rendered":"Erwerbungsprofil"},"content":{"rendered":"<p>[et_pb_section fb_built=&#8221;1&#8243; fullwidth=&#8221;on&#8221; admin_label=&#8221;Titelsektion&#8221; _builder_version=&#8221;4.16&#8243; collapsed=&#8221;off&#8221; global_colors_info=&#8221;{}&#8221;][et_pb_fullwidth_image src=&#8221;https:\/\/bibliotheken-schaffhausen.ch\/wp-content\/uploads\/2021\/03\/Muensterturm_in_Schaffhausen-1-scaled.jpg&#8221; title_text=&#8221;M\u00fcnsterturm_in_Schaffhausen&#8221; _builder_version=&#8221;4.16&#8243; background_image=&#8221;https:\/\/bibliotheken-schaffhausen.ch\/wp-content\/uploads\/2019\/01\/EntreeQuer.jpg&#8221; parallax=&#8221;on&#8221; min_height=&#8221;380px&#8221; global_colors_info=&#8221;{}&#8221;][\/et_pb_fullwidth_image][et_pb_fullwidth_post_title meta=&#8221;off&#8221; featured_image=&#8221;off&#8221; _builder_version=&#8221;4.16&#8243; title_level=&#8221;h2&#8243; title_font=&#8221;|300|||||||&#8221; title_text_align=&#8221;center&#8221; title_text_color=&#8221;#000000&#8243; title_font_size=&#8221;32px&#8221; background_color=&#8221;#f6f4ee&#8221; custom_margin=&#8221;-66px||||false&#8221; custom_padding=&#8221;12px||12px|&#8221; custom_css_main_element=&#8221;mix-blend-mode: hard-light;&#8221; global_colors_info=&#8221;{}&#8221;][\/et_pb_fullwidth_post_title][\/et_pb_section][et_pb_section fb_built=&#8221;1&#8243; admin_label=&#8221;Scaphusiana&#8221; module_id=&#8221;ministerialbibliothek&#8221; _builder_version=&#8221;4.16&#8243; collapsed=&#8221;off&#8221; global_colors_info=&#8221;{}&#8221;][et_pb_row column_structure=&#8221;1_5,3_5,1_5&#8243; _builder_version=&#8221;4.16&#8243; global_colors_info=&#8221;{}&#8221;][et_pb_column type=&#8221;1_5&#8243; _builder_version=&#8221;4.16&#8243; custom_padding=&#8221;|||&#8221; global_colors_info=&#8221;{}&#8221; custom_padding__hover=&#8221;|||&#8221;][\/et_pb_column][et_pb_column type=&#8221;3_5&#8243; _builder_version=&#8221;4.16&#8243; custom_padding=&#8221;|||&#8221; global_colors_info=&#8221;{}&#8221; custom_padding__hover=&#8221;|||&#8221;][et_pb_text _builder_version=&#8221;4.27.5&#8243; custom_margin=&#8221;||17px&#8221; hover_enabled=&#8221;0&#8243; global_colors_info=&#8221;{}&#8221; sticky_enabled=&#8221;0&#8243;]<\/p>\n<p>Zugang zu verl\u00e4sslichen Informationen geh\u00f6rt zu den Grundbedingungen demokratischer Gesellschaften. Die Bibliotheken Schaffhausen sind der gr\u00f6sste Speicher von Qualit\u00e4tsinformationen der Region. Wir bem\u00fchen uns, unserem Informationsauftrag mit analogen und digitalen Medien kundennah und kompetent nachzukommen. Welche Medien erwirbt die Bibliothek zu diesem Zweck, und nach welchen Kriterien? Diese Selektionskriterien machen wir in unserem Erwerbungs- und Sammelprofil transparent.<\/p>\n<p><span class=\"icon\">\ue092<\/span> <a href=\"https:\/\/bibliotheken-schaffhausen.ch\/wp-content\/uploads\/2026\/01\/bib_erwerbungs_sammlungsprofil_2026.pdf\" target=\"_blank\" rel=\"noopener\">Erwerbungs- und Sammelprofil<\/a><a href=\"\/wp-content\/uploads\/2019\/07\/Schaffhauser-Bibliotheken_Entwicklungen_im_Bereich_der_AV_Medien.pdf\" target=\"_blank\" rel=\"noopener noreferrer\">\u200b<\/a><\/p>\n<p>[\/et_pb_text][\/et_pb_column][et_pb_column type=&#8221;1_5&#8243; _builder_version=&#8221;4.16&#8243; custom_padding=&#8221;|||&#8221; global_colors_info=&#8221;{}&#8221; custom_padding__hover=&#8221;|||&#8221;][\/et_pb_column][\/et_pb_row][\/et_pb_section]<\/p>\n","protected":false},"excerpt":{"rendered":"<p>Zugang zu verl\u00e4sslichen Informationen geh\u00f6rt zu den Grundbedingungen demokratischer Gesellschaften. Die Bibliotheken Schaffhausen sind der gr\u00f6sste Speicher von Qualit\u00e4tsinformationen der Region. Wir bem\u00fchen uns, unserem Informationsauftrag mit analogen und digitalen [&hellip;]<\/p>\n","protected":false},"author":1,"featured_media":0,"parent":2116,"menu_order":0,"comment_status":"closed","ping_status":"closed","template":"","meta":{"_et_pb_use_builder":"on","_et_pb_old_content":"Inhalt ist noch offen","_et_gb_content_width":"","footnotes":""},"class_list":["post-967","page","type-page","status-publish","hentry"],"_links":{"self":[{"href":"https:\/\/bibliotheken-schaffhausen.ch\/de\/wp-json\/wp\/v2\/pages\/967","targetHints":{"allow":["GET"]}}],"collection":[{"href":"https:\/\/bibliotheken-schaffhausen.ch\/de\/wp-json\/wp\/v2\/pages"}],"about":[{"href":"https:\/\/bibliotheken-schaffhausen.ch\/de\/wp-json\/wp\/v2\/types\/page"}],"author":[{"embeddable":true,"href":"https:\/\/bibliotheken-schaffhausen.ch\/de\/wp-json\/wp\/v2\/users\/1"}],"replies":[{"embeddable":true,"href":"https:\/\/bibliotheken-schaffhausen.ch\/de\/wp-json\/wp\/v2\/comments?post=967"}],"version-history":[{"count":5,"href":"https:\/\/bibliotheken-schaffhausen.ch\/de\/wp-json\/wp\/v2\/pages\/967\/revisions"}],"predecessor-version":[{"id":14675,"href":"https:\/\/bibliotheken-schaffhausen.ch\/de\/wp-json\/wp\/v2\/pages\/967\/revisions\/14675"}],"up":[{"embeddable":true,"href":"https:\/\/bibliotheken-schaffhausen.ch\/de\/wp-json\/wp\/v2\/pages\/2116"}],"wp:attachment":[{"href":"https:\/\/bibliotheken-schaffhausen.ch\/de\/wp-json\/wp\/v2\/media?parent=967"}],"curies":[{"name":"wp","href":"https:\/\/api.w.org\/{rel}","templated":true}]}}