{"id":965,"date":"2019-05-17T13:28:53","date_gmt":"2019-05-17T11:28:53","guid":{"rendered":"https:\/\/bibliotheken-schaffhausen.ch\/?page_id=965"},"modified":"2025-12-16T09:48:40","modified_gmt":"2025-12-16T08:48:40","slug":"strategie","status":"publish","type":"page","link":"https:\/\/bibliotheken-schaffhausen.ch\/de\/ueber-uns\/strategie\/","title":{"rendered":"Strategie"},"content":{"rendered":"<p>[et_pb_section fb_built=&#8221;1&#8243; fullwidth=&#8221;on&#8221; admin_label=&#8221;Titelsektion&#8221; _builder_version=&#8221;4.16&#8243; collapsed=&#8221;off&#8221; global_colors_info=&#8221;{}&#8221;][et_pb_fullwidth_image src=&#8221;https:\/\/bibliotheken-schaffhausen.ch\/wp-content\/uploads\/2021\/03\/Muensterturm_in_Schaffhausen-1-scaled.jpg&#8221; title_text=&#8221;M\u00fcnsterturm_in_Schaffhausen&#8221; _builder_version=&#8221;4.16&#8243; background_image=&#8221;https:\/\/bibliotheken-schaffhausen.ch\/wp-content\/uploads\/2019\/01\/EntreeQuer.jpg&#8221; parallax=&#8221;on&#8221; min_height=&#8221;380px&#8221; global_colors_info=&#8221;{}&#8221;][\/et_pb_fullwidth_image][et_pb_fullwidth_post_title meta=&#8221;off&#8221; featured_image=&#8221;off&#8221; _builder_version=&#8221;4.16&#8243; title_level=&#8221;h2&#8243; title_font=&#8221;|300|||||||&#8221; title_text_align=&#8221;center&#8221; title_text_color=&#8221;#000000&#8243; title_font_size=&#8221;32px&#8221; background_color=&#8221;#f6f4ee&#8221; custom_margin=&#8221;-66px||||false&#8221; custom_padding=&#8221;12px||12px|&#8221; custom_css_main_element=&#8221;mix-blend-mode: hard-light;&#8221; global_colors_info=&#8221;{}&#8221;][\/et_pb_fullwidth_post_title][\/et_pb_section][et_pb_section fb_built=&#8221;1&#8243; admin_label=&#8221;Strategie&#8221; module_id=&#8221;ministerialbibliothek&#8221; _builder_version=&#8221;4.16&#8243; collapsed=&#8221;off&#8221; global_colors_info=&#8221;{}&#8221;][et_pb_row column_structure=&#8221;1_2,1_2&#8243; _builder_version=&#8221;4.16&#8243; global_colors_info=&#8221;{}&#8221;][et_pb_column type=&#8221;1_2&#8243; _builder_version=&#8221;4.16&#8243; custom_padding=&#8221;|||&#8221; global_colors_info=&#8221;{}&#8221; custom_padding__hover=&#8221;|||&#8221;][et_pb_text _builder_version=&#8221;4.27.5&#8243; global_colors_info=&#8221;{}&#8221;]<\/p>\n<p>Der Schaffhauser Stadtrat hat an seiner Sitzung vom 9.12.2025 die <a href=\"https:\/\/bibliotheken-schaffhausen.ch\/wp-content\/uploads\/2025\/12\/Bib_Strategie_2629_VOe_251210.pdf\" target=\"_blank\" rel=\"noopener\"><strong>Bibliotheksstrategie f\u00fcr die Jahre 2026-2029<\/strong><\/a> verabschiedet. Sie basiert auf den erfolgreich umgesetzten Vorg\u00e4nger-Strategien und bezieht sich eng auf die aktuellen st\u00e4dtischen Legislaturziele. Seit 2019 sind die physischen und digitalen Ausleihen um 20 Prozent gestiegen, die Zahl der Kundinnen und Kunden wuchs auf 34&#8217;800. Diese positive Dynamik soll sich auf die n\u00e4chsten Jahre \u00fcbertragen.<\/p>\n<p>Die Voraussetzungen daf\u00fcr sind gut: Mit der Er\u00f6ffnung der <strong>Bibliothek und Ludothek Kammgarn <\/strong>entsteht 2026 ein moderner und inklusiver Lern-, Kultur- und Begegnungsort f\u00fcr die gesamte Bev\u00f6lkerung. Die Bibliothek Kammgarn wird damit ein zentraler Baustein f\u00fcr eine kinder- und jugendfreundliche, kulturell lebendige und inklusionsorientierte Stadt, ganz im Sinne der Legislaturziele der Stadt. Als \u201e\u00f6ffentliches Wohnzimmer\u201c\u00a0 wird sie Begegnung f\u00f6rdern, moderne Lernr\u00e4ume bereitstellen und Zugang zu verl\u00e4sslichen, qualit\u00e4tsgepr\u00fcften Informationen erm\u00f6glichen.<\/p>\n<p>Die Bibliotheksstrategie setzt dabei f\u00fcnf Schwerpunkte:<\/p>\n<p><strong>Bibliothek und Ludothek Kammgarn etablieren<\/strong><br \/>Mit dem Umzug in das Kammgarnareal entsteht ein moderner Lese-, Lern- und Begegnungsort mit verl\u00e4ngerten \u00d6ffnungszeiten, offenen Raumkonzepten und enger Zusammenarbeit mit der P\u00e4dagogischen Hochschule.<\/p>\n<p><strong>Gesellschaftliche Teilhabe f\u00f6rdern<\/strong><br \/>Die Bibliothek st\u00e4rkt ihre Angebote zur Sprach- und Lesef\u00f6rderung und baut Informationskompetenz \u2013 auch im Umgang mit KI \u2013 f\u00fcr Schulen und die Bev\u00f6lkerung weiter aus. Ziel ist ein niederschwelliger Zugang f\u00fcr alle Bev\u00f6lkerungsgruppen.<\/p>\n<p><strong>Digitale Pr\u00e4senz st\u00e4rken<\/strong><br \/>Die Digitale Bibliothek wird als \u201edritter Standort\u201c weiterentwickelt, historische Best\u00e4nde werden gezielt digitalisiert und erschlossen, und der Einsatz von KI-Technologien wird sorgf\u00e4ltig gepr\u00fcft.<\/p>\n<p><strong>Kooperationen pflegen<\/strong><br \/>Die Bibliothek koordiniert den Verbund bisch online und die Digitale Bibliothek. Sie intensiviert die Zusammenarbeit mit Organisationen der Stadtgesellschaft und pflegt engen Kontakt mit den Schulen und Kulturinstitutionen<\/p>\n<p><strong>Organisation entwickeln<\/strong><br \/>Neue Abl\u00e4ufe, Prozessoptimierungen und Weiterbildung begleiten den \u00dcbergang zur Bibliothek Kammgarn, gemeinsam mit der seit 2025 als Team der Bibliothek gef\u00fchrten Ludothek.<\/p>\n<p>&nbsp;<\/p>\n<p>[\/et_pb_text][\/et_pb_column][et_pb_column type=&#8221;1_2&#8243; _builder_version=&#8221;4.16&#8243; custom_padding=&#8221;|||&#8221; global_colors_info=&#8221;{}&#8221; custom_padding__hover=&#8221;|||&#8221;][et_pb_text _builder_version=&#8221;4.27.5&#8243; global_colors_info=&#8221;{}&#8221;]<\/p>\n<p><strong>Weitere Dokumente<br \/><\/strong>F\u00fcr ein attraktives, breites und aktuelles Medienangebot sind Aufbau, Pflege und Weiterentwicklung der Sammlung \/ des Bestands entscheidend. Das Erwerbungsprofil wie auch die Digitalstrategie auf der Grundlage der Bibliotheksstrategie liefern dazu die Grundlage.<\/p>\n<p><span class=\"icon\">\ue092<\/span> <a href=\"https:\/\/bibliotheken-schaffhausen.ch\/wp-content\/uploads\/2025\/05\/bib_erwerbungs_sammlungsprofil_2025.pdf\" target=\"_blank\" rel=\"attachment noopener wp-att-5635\">Erwerbungs- und Sammelprofil<\/a><\/p>\n<p><span class=\"icon\">\ue092 <\/span><a href=\"https:\/\/bibliotheken-schaffhausen.ch\/wp-content\/uploads\/2023\/05\/Digitalstrategie-2021-2025.pdf\">Digitalstrategie 2021-2025 (Aktualisierung in Vorbereitung)<\/a><\/p>\n<p><span class=\"icon\">\ue092 <\/span>Ludotheksstrategie (in Vorbereitung)<\/p>\n<p>&nbsp;<\/p>\n<p><strong>Archiv der \u00e4lteren Bibliotheksstrategien<\/strong><\/p>\n<p><a href=\"\/wp-content\/uploads\/2019\/07\/Schaffhauser-Bibliotheken_Bib_Strategie_oeffentlich_150218.pdf\" target=\"_blank\" rel=\"noopener noreferrer\"><span class=\"icon\">\ue092<\/span> Bibliotheksentwicklung 2015-2020<\/a><\/p>\n<p><a href=\"\/wp-content\/uploads\/2021\/03\/Bib_Strategie_2125_V20oe.pdf\" target=\"_blank\" rel=\"noopener noreferrer\"><span class=\"icon\">\ue092 <\/span>Bibliotheksentwicklung 2021-2025<\/a><\/p>\n<p>[\/et_pb_text][\/et_pb_column][\/et_pb_row][\/et_pb_section]<\/p>\n","protected":false},"excerpt":{"rendered":"<p>Der Schaffhauser Stadtrat hat an seiner Sitzung vom 9.12.2025 die Bibliotheksstrategie f\u00fcr die Jahre 2026-2029 verabschiedet. Sie basiert auf den erfolgreich umgesetzten Vorg\u00e4nger-Strategien und bezieht sich eng auf die aktuellen [&hellip;]<\/p>\n","protected":false},"author":1,"featured_media":0,"parent":2116,"menu_order":0,"comment_status":"closed","ping_status":"closed","template":"","meta":{"_et_pb_use_builder":"on","_et_pb_old_content":"Inhalt ist noch offen","_et_gb_content_width":"","footnotes":""},"class_list":["post-965","page","type-page","status-publish","hentry"],"_links":{"self":[{"href":"https:\/\/bibliotheken-schaffhausen.ch\/de\/wp-json\/wp\/v2\/pages\/965","targetHints":{"allow":["GET"]}}],"collection":[{"href":"https:\/\/bibliotheken-schaffhausen.ch\/de\/wp-json\/wp\/v2\/pages"}],"about":[{"href":"https:\/\/bibliotheken-schaffhausen.ch\/de\/wp-json\/wp\/v2\/types\/page"}],"author":[{"embeddable":true,"href":"https:\/\/bibliotheken-schaffhausen.ch\/de\/wp-json\/wp\/v2\/users\/1"}],"replies":[{"embeddable":true,"href":"https:\/\/bibliotheken-schaffhausen.ch\/de\/wp-json\/wp\/v2\/comments?post=965"}],"version-history":[{"count":8,"href":"https:\/\/bibliotheken-schaffhausen.ch\/de\/wp-json\/wp\/v2\/pages\/965\/revisions"}],"predecessor-version":[{"id":14614,"href":"https:\/\/bibliotheken-schaffhausen.ch\/de\/wp-json\/wp\/v2\/pages\/965\/revisions\/14614"}],"up":[{"embeddable":true,"href":"https:\/\/bibliotheken-schaffhausen.ch\/de\/wp-json\/wp\/v2\/pages\/2116"}],"wp:attachment":[{"href":"https:\/\/bibliotheken-schaffhausen.ch\/de\/wp-json\/wp\/v2\/media?parent=965"}],"curies":[{"name":"wp","href":"https:\/\/api.w.org\/{rel}","templated":true}]}}