{"id":964,"date":"2019-05-17T13:33:48","date_gmt":"2019-05-17T11:33:48","guid":{"rendered":"https:\/\/bibliotheken-schaffhausen.ch\/?page_id=964"},"modified":"2026-04-09T10:46:39","modified_gmt":"2026-04-09T08:46:39","slug":"lehrstelle","status":"publish","type":"page","link":"https:\/\/bibliotheken-schaffhausen.ch\/de\/ueber-uns\/lehrstelle\/","title":{"rendered":"Lehrstelle"},"content":{"rendered":"<p>[et_pb_section fb_built=&#8221;1&#8243; fullwidth=&#8221;on&#8221; admin_label=&#8221;Titelsektion&#8221; _builder_version=&#8221;4.16&#8243; collapsed=&#8221;off&#8221; global_colors_info=&#8221;{}&#8221;][et_pb_fullwidth_image src=&#8221;https:\/\/bibliotheken-schaffhausen.ch\/wp-content\/uploads\/2021\/03\/Muensterturm_in_Schaffhausen-1-scaled.jpg&#8221; title_text=&#8221;M\u00fcnsterturm_in_Schaffhausen&#8221; _builder_version=&#8221;4.27.4&#8243; background_image=&#8221;https:\/\/bibliotheken-schaffhausen.ch\/wp-content\/uploads\/2019\/01\/EntreeQuer.jpg&#8221; parallax=&#8221;on&#8221; min_height=&#8221;380px&#8221; global_colors_info=&#8221;{}&#8221;][\/et_pb_fullwidth_image][et_pb_fullwidth_post_title meta=&#8221;off&#8221; featured_image=&#8221;off&#8221; _builder_version=&#8221;4.27.4&#8243; title_level=&#8221;h2&#8243; title_font=&#8221;|300|||||||&#8221; title_text_align=&#8221;center&#8221; title_text_color=&#8221;#000000&#8243; title_font_size=&#8221;32px&#8221; background_color=&#8221;#f6f4ee&#8221; custom_margin=&#8221;-66px||||false&#8221; custom_padding=&#8221;12px||12px|&#8221; custom_css_main_element=&#8221;mix-blend-mode: hard-light;&#8221; global_colors_info=&#8221;{}&#8221;][\/et_pb_fullwidth_post_title][\/et_pb_section][et_pb_section fb_built=&#8221;1&#8243; admin_label=&#8221;Ausbildung&#8221; module_id=&#8221;ministerialbibliothek&#8221; _builder_version=&#8221;4.16&#8243; collapsed=&#8221;off&#8221; global_colors_info=&#8221;{}&#8221;][et_pb_row column_structure=&#8221;1_2,1_2&#8243; _builder_version=&#8221;4.16&#8243; global_colors_info=&#8221;{}&#8221;][et_pb_column type=&#8221;1_2&#8243; _builder_version=&#8221;4.16&#8243; custom_padding=&#8221;|||&#8221; global_colors_info=&#8221;{}&#8221; custom_padding__hover=&#8221;|||&#8221;][et_pb_text _builder_version=&#8221;4.17.4&#8243; custom_margin=&#8221;||17px&#8221; global_colors_info=&#8221;{}&#8221;]<\/p>\n<p>Bei den Bibliotheken Schaffhausen kannst du die <a href=\"https:\/\/bibliotheken-schaffhausen.ch\/wp-content\/uploads\/2024\/07\/Biblio_ID_2025_io.pdf\">Ausbildung zur Fachfrau\/zum Fachmann Information und Dokumentation (IuD)<\/a> absolvieren. Sie dauert drei Jahre. Voraussetzung ist der Abschluss der Sek A. Alle zwei Jahre wird eine Lehrstelle angeboten. Das Inserat und den Bewerbungslink findest du jeweils ab Mitte August unter:<\/p>\n<p><a href=\"https:\/\/berufsbildung.stsh.ch\/\" target=\"_blank\" rel=\"noopener noreferrer\">https:\/\/berufsbildung.stsh.ch\/<\/a><\/p>\n<p>W\u00e4hrend der Lehre arbeitest du in der Stadtbibliothek resp. der Freihandbibliothek Agnesensch\u00fctte. Im zweiten Lehrjahr bist du zus\u00e4tzlich in Praktika im Stadtarchiv und im Didaktischen Zentrum der P\u00e4dagogischen Hochschule Schaffhausen. Daneben besuchst du die Berufs- und evtl. die Berufsmaturit\u00e4tsschule sowie \u00fcberbetriebliche Kurse in Z\u00fcrich.<br \/>Mehr Infos zur Ausbildung findest du unter:<\/p>\n<p><a href=\"https:\/\/www.ausbildung-id.ch\/de\/bildung\/grundbildung\" target=\"_blank\" rel=\"noopener noreferrer\">https:\/\/www.ausbildung-id.ch\/bildung\/grundbildung\/<\/a><\/p>\n<p>[\/et_pb_text][\/et_pb_column][et_pb_column type=&#8221;1_2&#8243; _builder_version=&#8221;4.16&#8243; custom_padding=&#8221;|||&#8221; global_colors_info=&#8221;{}&#8221; custom_padding__hover=&#8221;|||&#8221;][et_pb_text _builder_version=&#8221;4.27.6&#8243; custom_margin=&#8221;||17px&#8221; hover_enabled=&#8221;0&#8243; global_colors_info=&#8221;{}&#8221; sticky_enabled=&#8221;0&#8243;]<\/p>\n<p>Jeweils im Mai findet eine zweist\u00fcndige Info-Veranstaltung statt, wo dir die IuD-Ausbildung bei der Stadtverwaltung Schaffhausen kurz vorgestellt wird.<br \/>Mehr dazu findest du unter:<\/p>\n<p><a href=\"http:\/\/www.biz-sh.ch\/?rubrik=6&amp;lang=1\" target=\"_blank\" rel=\"noopener noreferrer\">http:\/\/www.biz-sh.ch\/<\/a><\/p>\n<p>Wir vergeben 2026 keine Lehrstelle. Damit du einen Einblick in unseren Berufsalltag erh\u00e4ltst, bieten wir allen Sch\u00fclerinnen und Sch\u00fcler, die am Beruf Fachfrau\/Fachmann Information &amp; Dokumentation interessiert sind, am Mittwoch, 6. Mai 2026 14 bis 17 Uhr einen gemeinsamen Info-Halbtag f\u00fcr die Lehrstelle 2027 an. Treffpunkt ist die Bibliothek Agnesensch\u00fctte an der Schwesterngasse 1. Eine Anmeldung ist nicht notwendig.<\/p>\n<p>Roger G\u00fcnthart, Berufsbildner Bibliotheken Schaffhausen<br \/><a title=\"E-Mail an Roger G\u00fcnthart schreiben\" href=\"mailto:roger.guenthart@stsh.ch;\"><span class=\"icon\">\ue010<\/span> roger.guenthart (at) stsh.ch<\/a><\/p>\n<p>&nbsp;<\/p>\n<p>[\/et_pb_text][\/et_pb_column][\/et_pb_row][\/et_pb_section][et_pb_section fb_built=&#8221;1&#8243; _builder_version=&#8221;4.24.2&#8243; _module_preset=&#8221;default&#8221; global_colors_info=&#8221;{}&#8221;][et_pb_row _builder_version=&#8221;4.24.2&#8243; _module_preset=&#8221;default&#8221; global_colors_info=&#8221;{}&#8221;][et_pb_column type=&#8221;4_4&#8243; _builder_version=&#8221;4.24.2&#8243; _module_preset=&#8221;default&#8221; global_colors_info=&#8221;{}&#8221;][et_pb_video src=&#8221;https:\/\/www.youtube.com\/watch?v=xDNFwzL_AFo&#8221; _builder_version=&#8221;4.27.4&#8243; _module_preset=&#8221;default&#8221; transform_scale=&#8221;99%|99%&#8221; transform_translate=&#8221;249px|-39px&#8221; width=&#8221;38%&#8221; max_width=&#8221;66%&#8221; min_height=&#8221;177px&#8221; global_colors_info=&#8221;{}&#8221;][\/et_pb_video][\/et_pb_column][\/et_pb_row][\/et_pb_section][et_pb_section fb_built=&#8221;1&#8243; fullwidth=&#8221;on&#8221; _builder_version=&#8221;4.24.2&#8243; _module_preset=&#8221;default&#8221; global_colors_info=&#8221;{}&#8221;][\/et_pb_section]<\/p>\n","protected":false},"excerpt":{"rendered":"<p>Bei den Bibliotheken Schaffhausen kannst du die Ausbildung zur Fachfrau\/zum Fachmann Information und Dokumentation (IuD) absolvieren. Sie dauert drei Jahre. Voraussetzung ist der Abschluss der Sek A. Alle zwei Jahre [&hellip;]<\/p>\n","protected":false},"author":1,"featured_media":0,"parent":2116,"menu_order":0,"comment_status":"closed","ping_status":"closed","template":"","meta":{"_et_pb_use_builder":"on","_et_pb_old_content":"Inhalt ist noch offen","_et_gb_content_width":"","footnotes":""},"class_list":["post-964","page","type-page","status-publish","hentry"],"_links":{"self":[{"href":"https:\/\/bibliotheken-schaffhausen.ch\/de\/wp-json\/wp\/v2\/pages\/964","targetHints":{"allow":["GET"]}}],"collection":[{"href":"https:\/\/bibliotheken-schaffhausen.ch\/de\/wp-json\/wp\/v2\/pages"}],"about":[{"href":"https:\/\/bibliotheken-schaffhausen.ch\/de\/wp-json\/wp\/v2\/types\/page"}],"author":[{"embeddable":true,"href":"https:\/\/bibliotheken-schaffhausen.ch\/de\/wp-json\/wp\/v2\/users\/1"}],"replies":[{"embeddable":true,"href":"https:\/\/bibliotheken-schaffhausen.ch\/de\/wp-json\/wp\/v2\/comments?post=964"}],"version-history":[{"count":8,"href":"https:\/\/bibliotheken-schaffhausen.ch\/de\/wp-json\/wp\/v2\/pages\/964\/revisions"}],"predecessor-version":[{"id":14894,"href":"https:\/\/bibliotheken-schaffhausen.ch\/de\/wp-json\/wp\/v2\/pages\/964\/revisions\/14894"}],"up":[{"embeddable":true,"href":"https:\/\/bibliotheken-schaffhausen.ch\/de\/wp-json\/wp\/v2\/pages\/2116"}],"wp:attachment":[{"href":"https:\/\/bibliotheken-schaffhausen.ch\/de\/wp-json\/wp\/v2\/media?parent=964"}],"curies":[{"name":"wp","href":"https:\/\/api.w.org\/{rel}","templated":true}]}}