{"id":956,"date":"2019-05-17T12:01:56","date_gmt":"2019-05-17T10:01:56","guid":{"rendered":"https:\/\/bibliotheken-schaffhausen.ch\/?page_id=956"},"modified":"2025-05-15T15:08:01","modified_gmt":"2025-05-15T13:08:01","slug":"ministerialbibliothek","status":"publish","type":"page","link":"https:\/\/bibliotheken-schaffhausen.ch\/de\/sammlungen\/ministerialbibliothek\/","title":{"rendered":"Ministerialbibliothek"},"content":{"rendered":"<p>[et_pb_section fb_built=&#8221;1&#8243; fullwidth=&#8221;on&#8221; admin_label=&#8221;Titelsektion&#8221; _builder_version=&#8221;4.16&#8243; collapsed=&#8221;off&#8221; global_colors_info=&#8221;{}&#8221;][et_pb_fullwidth_image _builder_version=&#8221;4.16&#8243; background_image=&#8221;https:\/\/bibliotheken-schaffhausen.ch\/wp-content\/uploads\/2019\/07\/IMG_1168_mod.jpg&#8221; parallax=&#8221;on&#8221; min_height=&#8221;380px&#8221; global_colors_info=&#8221;{}&#8221;][\/et_pb_fullwidth_image][et_pb_fullwidth_post_title meta=&#8221;off&#8221; featured_image=&#8221;off&#8221; _builder_version=&#8221;4.16&#8243; title_level=&#8221;h2&#8243; title_font=&#8221;|300|||||||&#8221; title_text_align=&#8221;center&#8221; title_text_color=&#8221;#000000&#8243; title_font_size=&#8221;32px&#8221; background_color=&#8221;rgba(246,244,238,0.88)&#8221; custom_margin=&#8221;-66px||||false&#8221; custom_padding=&#8221;12px||12px|&#8221; global_colors_info=&#8221;{}&#8221;][\/et_pb_fullwidth_post_title][\/et_pb_section][et_pb_section fb_built=&#8221;1&#8243; admin_label=&#8221;Ministerialbibliothek&#8221; module_id=&#8221;ministerialbibliothek&#8221; _builder_version=&#8221;4.16&#8243; collapsed=&#8221;off&#8221; global_colors_info=&#8221;{}&#8221;][et_pb_row column_structure=&#8221;1_2,1_2&#8243; _builder_version=&#8221;4.16&#8243; global_colors_info=&#8221;{}&#8221;][et_pb_column type=&#8221;1_2&#8243; _builder_version=&#8221;4.16&#8243; custom_padding=&#8221;|||&#8221; global_colors_info=&#8221;{}&#8221; custom_padding__hover=&#8221;|||&#8221;][et_pb_text _builder_version=&#8221;4.16&#8243; global_colors_info=&#8221;{}&#8221;]<\/p>\n<p>Die Ministerialbibliothek ist eine theologische Fachbibliothek und Eigentum der Pfarrerschaft der Evangelisch-reformierten Kirche des Kantons Schaffhausen, seit 1923 als Depositum der Stadtbibliothek \u00fcbergeben. Ihre historischen und aktuellen Best\u00e4nde \u2013 gegen 16&#8217;000 B\u00e4nde \u2013 sind zu denselben Bedingungen zu benutzen wie die Best\u00e4nde der Stadtbibliothek.<\/p>\n<p>Die Urspr\u00fcnge der Ministerialbibliothek liegen im 16. Jahrhundert. Um 1540 wurden die Reste der Bibliotheken der nach der Reformation von 1529 aufgehobenen Schaffhauser Kl\u00f6ster mit der seit 1509 bestehenden theologischen B\u00fcchersammlung in der Leutkirche zusammengelegt. Die fr\u00fcheste bekannte Erw\u00e4hnung dieser liberey findet sich im Ratsprotokoll von 22. August 1547. Durch Schenkungen und Anschaffungen wuchs die Bibliothek rasch an. Ab etwa 1570 wird ihre Entwicklung massgeblich gepr\u00e4gt durch den Schaffhauser Reformator Johann Konrad Ulmer gepr\u00e4gt. In seinem Auftrag legte 1589 der Chronist Johann Jakob R\u00fceger den ersten und bis 1781 einzigen Katalog an. Er z\u00e4hlt neben Handschriften gut 500 gedruckte B\u00e4nde auf.<\/p>\n<p>Einige historische Best\u00e4nde sind aus konservatorischen Gr\u00fcnden nicht zug\u00e4nglich.<\/p>\n<p>[\/et_pb_text][\/et_pb_column][et_pb_column type=&#8221;1_2&#8243; _builder_version=&#8221;4.16&#8243; custom_padding=&#8221;|||&#8221; global_colors_info=&#8221;{}&#8221; custom_padding__hover=&#8221;|||&#8221;][et_pb_blurb _builder_version=&#8221;4.16&#8243; global_colors_info=&#8221;{}&#8221;]<\/p>\n<p>Nach 1660 setzte im Schatten der aufstrebenden B\u00fcrgerbibliothek ein Niedergang der liberey ein. Am 18. Mai 1780 erfolgte die Gr\u00fcndung einer theologischen Lesegesellschaft unter dem Namen Ministerialbibliothek; die B\u00fccher der liberey wurden integriert. Im 19. Jahrhundert wuchs die Bibliothek planm\u00e4ssig an. 1923 wurde die zu dem Zeitpunkt aus 12&#8217;000 B\u00e4nden bestehende Ministerialbibliothek r\u00e4umlich mit der Stadtbibliothek an der heutigen Adresse zusammengef\u00fchrt.<\/p>\n<p>Die historischen Best\u00e4nde der Ministerialbibliothek k\u00f6nnen auf Voranmeldung im Lesesaal der Bibliothek eingesehen werden. Bitte ben\u00fctzen Sie daf\u00fcr das vorgesehene <a href=\"https:\/\/bibliotheken-schaffhausen.ch\/bestellung-historischer-bestaende\/\">Online-Formular<\/a>\u00a0und beachten Sie die besonderen Bedingungen und <a href=\"https:\/\/bibliotheken-schaffhausen.ch\/wp-content\/uploads\/2019\/10\/Dienstleistungen-Tarife-1.pdf\">Repro-Tarife<\/a>.<\/p>\n<p>[\/et_pb_blurb][\/et_pb_column][\/et_pb_row][et_pb_row column_structure=&#8221;1_2,1_2&#8243; _builder_version=&#8221;4.16&#8243; locked=&#8221;off&#8221; global_colors_info=&#8221;{}&#8221;][et_pb_column type=&#8221;1_2&#8243; _builder_version=&#8221;4.16&#8243; global_colors_info=&#8221;{}&#8221;][et_pb_button button_url=&#8221;https:\/\/bibliotheken-schaffhausen.ch\/bestellung-historischer-bestaende\/&#8221; url_new_window=&#8221;on&#8221; button_text=&#8221;Bestellformular historische Best\u00e4nde&#8221; _builder_version=&#8221;4.16&#8243; global_colors_info=&#8221;{}&#8221;][\/et_pb_button][\/et_pb_column][et_pb_column type=&#8221;1_2&#8243; _builder_version=&#8221;4.16&#8243; global_colors_info=&#8221;{}&#8221;][\/et_pb_column][\/et_pb_row][\/et_pb_section][et_pb_section fb_built=&#8221;1&#8243; admin_label=&#8221;Mittelalter&#8221; _builder_version=&#8221;4.16&#8243; background_color=&#8221;#F6F4EE&#8221; custom_padding=&#8221;||17px&#8221; collapsed=&#8221;off&#8221; global_colors_info=&#8221;{}&#8221;][et_pb_row column_structure=&#8221;1_2,1_2&#8243; _builder_version=&#8221;4.16&#8243; global_colors_info=&#8221;{}&#8221;][et_pb_column type=&#8221;1_2&#8243; _builder_version=&#8221;4.16&#8243; custom_padding=&#8221;|||&#8221; global_colors_info=&#8221;{}&#8221; custom_padding__hover=&#8221;|||&#8221;][et_pb_text admin_label=&#8221;Mittelalter&#8221; module_id=&#8221;mittelalter&#8221; _builder_version=&#8221;4.16&#8243; text_font=&#8221;||||||||&#8221; header_font=&#8221;||||||||&#8221; header_2_font=&#8221;||||||||&#8221; header_2_text_align=&#8221;center&#8221; global_colors_info=&#8221;{}&#8221;]<\/p>\n<h1>Mittelalter<\/h1>\n<p>[\/et_pb_text][et_pb_text _builder_version=&#8221;4.18.0&#8243; global_colors_info=&#8221;{}&#8221;]<\/p>\n<p>Zu den wertvollsten Teilen der Ministerialbibliothek geh\u00f6ren die 120 mittelalterlichen Kodizes mit der modernen Signatur Min. Sie stammen zur Hauptsache aus der Bibliothek des Benediktinerklosters Allerheiligen. Unter diesen nehmen die \u00fcber 70 zwischen 1080 und 1150 im Skriptorium des Kloster entstandenen Pergamentkodizes eine besondere Stellung ein. Die Abschriften der Bibel und der Kirchenv\u00e4ter zeugen von der geistigen Bl\u00fcte des 1049 gegr\u00fcndeten Klosters, das sich 1080 der Hirsauer Reform anschloss. Alle Kodizes sind mit kunstvollen Rankeninitialen geschm\u00fcckt, einige wenige illuminiert.<\/p>\n<p>Andere Handschriften der Ministerialbibliothek stammen aus dem Barf\u00fcsserkloster und tragen teilweise noch die Ketten der Kettenbibliothek. Vier Handschriften stammen aus dem rheinaufw\u00e4rts gelegenen Frauenkloster Paradies, darunter Min. 98 und 99, zwei prachtvoll illustrierte Stundenb\u00fccher aus den 1460er Jahren. Unbekannter Herkunft sind die Extractiones de Talmud (Min. 71), eine lateinische Talmud\u00fcbersetzung, die im Kontekt antij\u00fcdischer Polemiken um 1240 in Paris entstand und in lediglich drei Abschriften vorliegt. Hochber\u00fchmt ist zudem Min. 94, eine s\u00fcdostdeutsche Abschrift des sogenannten Mainzer Pontifikales von ca. 1050. Drei Federzeichnungen illustrieren darin die Verkn\u00fcpfung von geistlicher und weltlicher Macht im Umfeld des Investiturstreits zwischen Kaiser und Papst.<\/p>\n<p>Alle Handschriften sind beschrieben im <a href=\"https:\/\/doi.org\/10.5281\/zenodo.5705149\" target=\"_blank\" rel=\"noopener noreferrer\">Katalog der Ministerialbibliothek von Rudolf Gamper<\/a>. Glanzst\u00fccke der Sammlung wurden digitalisiert und sind auf der Plattform <a href=\"https:\/\/www.e-codices.unifr.ch\/de\/search\/?iCurrentPage=1&amp;sQueryString=&amp;sSearchField=fullText&amp;sSortField=score&amp;aSelectedFacets[collection_facet][]=Schaffhausen%2C+Stadtbibliothek\" target=\"_blank\" rel=\"noopener noreferrer\">e-codices<\/a> zu finden.<\/p>\n<p>[\/et_pb_text][\/et_pb_column][et_pb_column type=&#8221;1_2&#8243; _builder_version=&#8221;4.16&#8243; custom_padding=&#8221;|||&#8221; global_colors_info=&#8221;{}&#8221; custom_padding__hover=&#8221;|||&#8221;][et_pb_text admin_label=&#8221;Inkunabeln und Alte Drucke&#8221; module_id=&#8221;inkunabeln&#8221; _builder_version=&#8221;4.16&#8243; global_colors_info=&#8221;{}&#8221;]<\/p>\n<h1>Inkunabeln und Alte Drucke<\/h1>\n<p>[\/et_pb_text][et_pb_text _builder_version=&#8221;4.16&#8243; global_colors_info=&#8221;{}&#8221;]<\/p>\n<p>Zu den hervorragenden Best\u00e4nde der Ministerialbibliothek z\u00e4hlen die teilweise mit Ketten versehenen 120 Inkunabeln, fr\u00fche Drucke aus dem Privatbesitz des letzten Abts von Allerheiligen, Michael Eggenstorfer und Anschaffungen aus der Zeit des Reformators Ulmer. Einen zentralen Teil des Bestands bilden gegen 300 Ausgaben der Bibel in \u00fcber einem Dutzend Sprachen, darunter die ber\u00fchmte f\u00fcnfsprachige Biblia Regia aus der Offizin des Christophe Plantin (Antwerpen 158x). Umfangreich sind sodann die \u00fcber 1&#8217;800 kirchengeschichtlichen Werke und die Schriften zu Dogmatik, Ethik und Symbolik. Die Best\u00e4nde sind im Zettelkatalog der Stadtbibliothek nachgewiesen.<\/p>\n<p>[\/et_pb_text][\/et_pb_column][\/et_pb_row][\/et_pb_section][et_pb_section fb_built=&#8221;1&#8243; fullwidth=&#8221;on&#8221; admin_label=&#8221;Bildsektion&#8221; _builder_version=&#8221;4.16&#8243; collapsed=&#8221;off&#8221; global_colors_info=&#8221;{}&#8221;][et_pb_fullwidth_image _builder_version=&#8221;4.16&#8243; background_image=&#8221;https:\/\/bibliotheken-schaffhausen.ch\/wp-content\/uploads\/2019\/07\/IMG_1329_mod.jpg&#8221; parallax=&#8221;on&#8221; min_height=&#8221;400px&#8221; custom_css_main_element=&#8221;background-position: bottom center;&#8221; global_colors_info=&#8221;{}&#8221;][\/et_pb_fullwidth_image][\/et_pb_section][et_pb_section fb_built=&#8221;1&#8243; admin_label=&#8221;Nachl\u00e4sse&#8221; module_id=&#8221;nachlaesse&#8221; _builder_version=&#8221;4.16&#8243; collapsed=&#8221;off&#8221; global_colors_info=&#8221;{}&#8221;][et_pb_row _builder_version=&#8221;4.16&#8243; global_colors_info=&#8221;{}&#8221;][et_pb_column type=&#8221;4_4&#8243; _builder_version=&#8221;4.16&#8243; custom_padding=&#8221;|||&#8221; global_colors_info=&#8221;{}&#8221; custom_padding__hover=&#8221;|||&#8221;][et_pb_text admin_label=&#8221;Nachl\u00e4sse&#8221; _builder_version=&#8221;4.16&#8243; global_colors_info=&#8221;{}&#8221;]<\/p>\n<h1>Nachl\u00e4sse<\/h1>\n<p>[\/et_pb_text][\/et_pb_column][\/et_pb_row][et_pb_row column_structure=&#8221;1_2,1_2&#8243; _builder_version=&#8221;4.16&#8243; global_colors_info=&#8221;{}&#8221;][et_pb_column type=&#8221;1_2&#8243; _builder_version=&#8221;4.16&#8243; custom_padding=&#8221;|||&#8221; global_colors_info=&#8221;{}&#8221; custom_padding__hover=&#8221;|||&#8221;][et_pb_text _builder_version=&#8221;4.16&#8243; global_colors_info=&#8221;{}&#8221;]<\/p>\n<p>Neben Predigtmanuskripten von Schaffhauser Pfarrern sind zwei Nachl\u00e4sse von hervorragender Bedeutung im Besitz der Ministerialbibliothek: die Briefe und Manuskripte des Schaffhauser Reformators Johann Konrad Ulmer (1519 &#8211; 1600), die sog. Ulmeriana, und der Nachlass von Johann Georg M\u00fcller (1759 &#8211; 1819), dem Bruder des ber\u00fchmten Geschichtsschreibers Johannes von M\u00fcller.<\/p>\n<p><strong>Johann Konrad Ulmer<\/strong> war in der zweiten H\u00e4lfte des 16. Jahrhunderts eine der profiliertesten kirchlichen Leitungspers\u00f6nlichkeiten der Eidgenossenschaft. Nach Studien in Basel, Strassburg und Wittenberg wirkte er \u00fcber 20 Jahre lang als Reformator in Lohr am Main in der N\u00e4he von W\u00fcrzburg. 1566 kehrte er nach Schaffhausen zur\u00fcck und wurde 1569 Pfarrer zu St. Johann und Antistes (Vorsteher) der Schaffhauser Kirche, ein Amt, das er bis zu seinem Tod 1600 aus\u00fcbte. Ulmer pr\u00e4gte das Gesicht der Schaffhauser Reformation in vielfacher Weise und pflegte intensiven brieflichen Kontakt mit seinen Kollegen in Basel, Bern, Genf, Strassburg und vor allem Z\u00fcrich. Als Gelehrter und Reformer des gesamten Schaffhauser Kirchen- und Schulwesens schuf er die Grundlagen f\u00fcr die religi\u00f6se und intellektuelle Bildung der folgenden Generationen. Den Kernbestand von Ulmers handschriftlichem Nachlass in der Ministerialbibliothek bilden die B\u00e4nde Min. 125 &#8211; 131, eine Sammlung von Schriftst\u00fccken unterschiedlicher Art, darunter viele Briefe, Gutachten, Schulratsprotokolle und andere kirchliche und schulische Akten, eigene theologische Schriften sowie Exzerpte aus Werken verschiedener Autoren. Der anschliessende Band, Min. 132, enth\u00e4lt die Briefe von Ulmers Sohn Johannes an seinen Vater. Der Gesamtumfang betr\u00e4gt ungef\u00e4hr 5&#8217;000 Seiten.<\/p>\n<p>[\/et_pb_text][\/et_pb_column][et_pb_column type=&#8221;1_2&#8243; _builder_version=&#8221;4.16&#8243; custom_padding=&#8221;|||&#8221; global_colors_info=&#8221;{}&#8221; custom_padding__hover=&#8221;|||&#8221;][et_pb_text _builder_version=&#8221;4.18.0&#8243; global_colors_info=&#8221;{}&#8221;]<\/p>\n<p>Die Ulmeriana sind digitalisiert und im Katalog des Stadtarchivs Schaffhausen verzeichnet, aber derzeit noch nicht online. Das<strong> Verzeichnis des Briefwechsels<\/strong> ist <a href=\"\/sammlungen\/ministerialbibliothek\/chronologisches-briefverzeichnis\/\">hier<\/a> und das Verzeichnis der Korrespondenten <a href=\"\/sammlungen\/ministerialbibliothek\/korrespondentenliste\/\">hier<\/a> einsehbar (Bearbeiter: Rainer Henrich).<\/p>\n<p><strong>Johann Georg M\u00fclle<\/strong>r (1759 &#8211; 1819), der Bruder des ber\u00fchmten Historikers Johannes von M\u00fcller, verbrachte sein ganzes Leben in Schaffhausen und diente seiner Vaterstadt u. a. als Erneuerer des Erziehungswesens und als Bibliothekar. Nach dem Tod des Bruders sorgte er daf\u00fcr, dass dessen <a href=\"\/historischer-bestand\/#nachlaesse\">umfangreicher Nachlass<\/a> und Bibliothek nach Schaffhausen gebracht wurden. Er gab die Werke Johann Gottfried Herders und die seines Bruders heraus. und vermachte seine eigene Bibliothek Johann Georg M\u00fcller der Stadtbibliothek. Sein Nachlass hingegen kam 1871 in die Ministerialbibliothek. M\u00fcllers umfangreicher Briefwechsel bildet eine aufschlussreiche Quelle zur Helvetik, v.a. auch zur geistig-religi\u00f6sen Situation in Schaffhausen und der Schweiz, und enth\u00e4lt bedeutende Briefe und Aufzeichnungen Herders. Der Nachlass ist durch das <a href=\"https:\/\/doi.org\/10.5281\/zenodo.7142984\" target=\"_blank\" rel=\"noopener noreferrer\">Findmittel von Endre Zsindely<\/a> erschlossen. Die Familienbriefe der Br\u00fcder M\u00fcller liegen in einer <a href=\"http:\/\/opac.bibliotheken-schaffhausen.ch\/NetBiblio\/search\/notice?noticeNr=116088\" target=\"_blank\" rel=\"noopener noreferrer\">dreib\u00e4ndigen Edition von Andr\u00e9 Weibel<\/a> im Wallstein-Verlag vor.<\/p>\n<p>[\/et_pb_text][\/et_pb_column][\/et_pb_row][\/et_pb_section]<\/p>\n","protected":false},"excerpt":{"rendered":"<p>Die Ministerialbibliothek ist eine theologische Fachbibliothek und Eigentum der Pfarrerschaft der Evangelisch-reformierten Kirche des Kantons Schaffhausen, seit 1923 als Depositum der Stadtbibliothek \u00fcbergeben. Ihre historischen und aktuellen Best\u00e4nde \u2013 gegen [&hellip;]<\/p>\n","protected":false},"author":1,"featured_media":0,"parent":2079,"menu_order":0,"comment_status":"closed","ping_status":"closed","template":"","meta":{"_et_pb_use_builder":"on","_et_pb_old_content":"<p>Inhalt ist noch offen<\/p>","_et_gb_content_width":"","footnotes":""},"class_list":["post-956","page","type-page","status-publish","hentry"],"_links":{"self":[{"href":"https:\/\/bibliotheken-schaffhausen.ch\/de\/wp-json\/wp\/v2\/pages\/956","targetHints":{"allow":["GET"]}}],"collection":[{"href":"https:\/\/bibliotheken-schaffhausen.ch\/de\/wp-json\/wp\/v2\/pages"}],"about":[{"href":"https:\/\/bibliotheken-schaffhausen.ch\/de\/wp-json\/wp\/v2\/types\/page"}],"author":[{"embeddable":true,"href":"https:\/\/bibliotheken-schaffhausen.ch\/de\/wp-json\/wp\/v2\/users\/1"}],"replies":[{"embeddable":true,"href":"https:\/\/bibliotheken-schaffhausen.ch\/de\/wp-json\/wp\/v2\/comments?post=956"}],"version-history":[{"count":1,"href":"https:\/\/bibliotheken-schaffhausen.ch\/de\/wp-json\/wp\/v2\/pages\/956\/revisions"}],"predecessor-version":[{"id":13948,"href":"https:\/\/bibliotheken-schaffhausen.ch\/de\/wp-json\/wp\/v2\/pages\/956\/revisions\/13948"}],"up":[{"embeddable":true,"href":"https:\/\/bibliotheken-schaffhausen.ch\/de\/wp-json\/wp\/v2\/pages\/2079"}],"wp:attachment":[{"href":"https:\/\/bibliotheken-schaffhausen.ch\/de\/wp-json\/wp\/v2\/media?parent=956"}],"curies":[{"name":"wp","href":"https:\/\/api.w.org\/{rel}","templated":true}]}}