{"id":952,"date":"2019-05-17T11:57:01","date_gmt":"2019-05-17T09:57:01","guid":{"rendered":"https:\/\/bibliotheken-schaffhausen.ch\/?page_id=952"},"modified":"2026-01-26T15:00:39","modified_gmt":"2026-01-26T14:00:39","slug":"schatzkammer","status":"publish","type":"page","link":"https:\/\/bibliotheken-schaffhausen.ch\/de\/digitale-bibliothek\/schatzkammer\/","title":{"rendered":"Schatzkammer"},"content":{"rendered":"<p>[et_pb_section fb_built=&#8221;1&#8243; fullwidth=&#8221;on&#8221; admin_label=&#8221;Titelsektion&#8221; _builder_version=&#8221;4.16&#8243; collapsed=&#8221;off&#8221; global_colors_info=&#8221;{}&#8221;][et_pb_fullwidth_image _builder_version=&#8221;4.16&#8243; background_image=&#8221;https:\/\/bibliotheken-schaffhausen.ch\/wp-content\/uploads\/2019\/07\/IMG_1169_mod.jpg&#8221; parallax=&#8221;on&#8221; min_height=&#8221;380px&#8221; global_colors_info=&#8221;{}&#8221;][\/et_pb_fullwidth_image][et_pb_fullwidth_post_title meta=&#8221;off&#8221; featured_image=&#8221;off&#8221; _builder_version=&#8221;4.16&#8243; title_level=&#8221;h2&#8243; title_font=&#8221;|300|||||||&#8221; title_text_align=&#8221;center&#8221; title_text_color=&#8221;#000000&#8243; title_font_size=&#8221;32px&#8221; background_color=&#8221;rgba(246,244,238,0.87)&#8221; custom_margin=&#8221;-66px||||false&#8221; custom_padding=&#8221;12px||12px|&#8221; global_colors_info=&#8221;{}&#8221;][\/et_pb_fullwidth_post_title][\/et_pb_section][et_pb_section fb_built=&#8221;1&#8243; _builder_version=&#8221;4.16&#8243; custom_margin=&#8221;|0px||0px&#8221; global_colors_info=&#8221;{}&#8221;][et_pb_row _builder_version=&#8221;4.16&#8243; global_colors_info=&#8221;{}&#8221;][et_pb_column type=&#8221;4_4&#8243; _builder_version=&#8221;4.16&#8243; custom_padding=&#8221;|||&#8221; global_colors_info=&#8221;{}&#8221; custom_padding__hover=&#8221;|||&#8221;][et_pb_text admin_label=&#8221;Schatzkammer &#8221; _builder_version=&#8221;4.16&#8243; global_colors_info=&#8221;{}&#8221;][\/et_pb_text][\/et_pb_column][\/et_pb_row][et_pb_row column_structure=&#8221;2_5,3_5&#8243; make_equal=&#8221;on&#8221; admin_label=&#8221;e-codices&#8221; module_id=&#8221;e-codices&#8221; _builder_version=&#8221;4.16&#8243; global_colors_info=&#8221;{}&#8221;][et_pb_column type=&#8221;2_5&#8243; _builder_version=&#8221;4.16&#8243; background_color=&#8221;#2E2D2D&#8221; custom_padding=&#8221;15px|15px|15px|15px&#8221; global_colors_info=&#8221;{}&#8221; custom_padding__hover=&#8221;|||&#8221;][et_pb_image src=&#8221;https:\/\/bibliotheken-schaffhausen.ch\/wp-content\/uploads\/2019\/05\/e-codices-logo.png&#8221; url=&#8221;http:\/\/www.e-codices.unifr.ch\/de&#8221; url_new_window=&#8221;on&#8221; align_tablet=&#8221;center&#8221; align_phone=&#8221;&#8221; align_last_edited=&#8221;on|desktop&#8221; _builder_version=&#8221;4.16&#8243; max_width=&#8221;75%&#8221; max_width_tablet=&#8221;&#8221; max_width_phone=&#8221;&#8221; max_width_last_edited=&#8221;on|desktop&#8221; module_alignment=&#8221;center&#8221; custom_margin=&#8221;15px||15px&#8221; custom_padding=&#8221;15px|15px|15px|1px&#8221; global_colors_info=&#8221;{}&#8221;][\/et_pb_image][\/et_pb_column][et_pb_column type=&#8221;3_5&#8243; _builder_version=&#8221;4.16&#8243; custom_padding=&#8221;|||&#8221; global_colors_info=&#8221;{}&#8221; custom_padding__hover=&#8221;|||&#8221;][et_pb_text _builder_version=&#8221;4.27.5&#8243; hover_enabled=&#8221;0&#8243; global_colors_info=&#8221;{}&#8221; sticky_enabled=&#8221;0&#8243;]<\/p>\n<h2>e-codices<\/h2>\n<p>Die Plattform f\u00fcr digitalisierte, mittelalterliche Handschriften aus Schweizer Bibliotheken.<\/p>\n<p>Die Bibliotheken Schaffhausen sind mit rund 60 digitalisierten Handschriften vertreten, darunter auch die vor 713 im schottischen Kloster Iona abgeschriebene lateinische Vita Sancti Columbae, das reich illustrierte mittelhochdeutsche sog. Klosterneuburger Evangelienwerk von 1330, eine Auswahl von Kodizes aus der Bl\u00fctezeit des Klosters Allerheiligen und das reizvolle zweib\u00e4ndige Brevier von 1459, das einer Klarisse aus dem Kloster Paradies geh\u00f6rte.<\/p>\n<p><a href=\"http:\/\/www.e-codices.unifr.ch\/de\/search\/?iCurrentPage=1&amp;sQueryString=&amp;sSearchField=fullText&amp;sSortField=score&amp;aSelectedFacets%5bcollection_facet%5d%5b%5d=Schaffhausen%2C+Stadtbibliothek\" target=\"_blank\" rel=\"noopener noreferrer\">www.e-codices.unifr.ch<\/a><\/p>\n<p>[\/et_pb_text][\/et_pb_column][\/et_pb_row][\/et_pb_section][et_pb_section fb_built=&#8221;1&#8243; admin_label=&#8221;e-rara&#8221; module_id=&#8221;e-rara&#8221; _builder_version=&#8221;4.16&#8243; background_color=&#8221;#F6F4EE&#8221; global_colors_info=&#8221;{}&#8221;][et_pb_row column_structure=&#8221;2_5,3_5&#8243; make_equal=&#8221;on&#8221; admin_label=&#8221;Zeile&#8221; module_class=&#8221;custom_row et_pb_row_fullwidth&#8221; _builder_version=&#8221;4.16&#8243; width_tablet=&#8221;80%&#8221; width_phone=&#8221;&#8221; width_last_edited=&#8221;on|desktop&#8221; max_width_tablet=&#8221;80%&#8221; max_width_phone=&#8221;&#8221; max_width_last_edited=&#8221;on|desktop&#8221; make_fullwidth=&#8221;on&#8221; global_colors_info=&#8221;{}&#8221;][et_pb_column type=&#8221;2_5&#8243; _builder_version=&#8221;4.16&#8243; custom_padding=&#8221;|||&#8221; global_colors_info=&#8221;{}&#8221; custom_padding__hover=&#8221;|||&#8221;][et_pb_image src=&#8221;https:\/\/bibliotheken-schaffhausen.ch\/wp-content\/uploads\/2019\/05\/e-rara-logo.png&#8221; url=&#8221;https:\/\/www.e-rara.ch\/&#8221; url_new_window=&#8221;on&#8221; align=&#8221;center&#8221; align_tablet=&#8221;center&#8221; align_phone=&#8221;&#8221; align_last_edited=&#8221;on|desktop&#8221; admin_label=&#8221;Bild&#8221; _builder_version=&#8221;4.16&#8243; width=&#8221;75%&#8221; min_height=&#8221;72px&#8221; custom_margin=&#8221;15px||15px&#8221; custom_padding=&#8221;15px|15px|15px|15px&#8221; global_colors_info=&#8221;{}&#8221;][\/et_pb_image][\/et_pb_column][et_pb_column type=&#8221;3_5&#8243; _builder_version=&#8221;4.16&#8243; custom_padding=&#8221;|||&#8221; global_colors_info=&#8221;{}&#8221; custom_padding__hover=&#8221;|||&#8221;][et_pb_text _builder_version=&#8221;4.27.5&#8243; hover_enabled=&#8221;0&#8243; global_colors_info=&#8221;{}&#8221; sticky_enabled=&#8221;0&#8243;]<\/p>\n<h2>e-rara<\/h2>\n<p>Die Plattform f\u00fcr digitalisierte Drucke aus Schweizer Bibliotheken vom 15. bis 20. Jahrhundert mit einer <a href=\"https:\/\/www.e-rara.ch\/nav\/index\/all?&amp;facets=domainGroup%3D%22sbs%22\" target=\"_blank\" rel=\"noopener\">Sammlung der Stadtbibliothek Schaffhausen<\/a>.<\/p>\n<p>Dazu geh\u00f6ren u.a. die ber\u00fchmte Erstausgabe von Kopernikus&#8217; Hauptwerk &#8220;De revolutionibus orbium coelestium&#8221;, \u00fcberaus seltene T\u00fcbinger Drucke des slowenischen Reformators Primo\u017e Trubar, Jean Barbaults &#8220;Le plus beaux monuments de Rome ancienne&#8221; von 1761 oder ein Gymnastikbuch von 1793 aus dem Bestand der Kantonsschule.<\/p>\n<p><a href=\"https:\/\/www.e-rara.ch\/\" target=\"_blank\" rel=\"noopener noreferrer\">www.e-rara.ch<\/a><\/p>\n<p>[\/et_pb_text][\/et_pb_column][\/et_pb_row][\/et_pb_section][et_pb_section fb_built=&#8221;1&#8243; admin_label=&#8221;e-manuscripta &#8221; module_id=&#8221;e-manuscripta&#8221; _builder_version=&#8221;4.16&#8243; global_colors_info=&#8221;{}&#8221;][et_pb_row column_structure=&#8221;2_5,3_5&#8243; make_equal=&#8221;on&#8221; admin_label=&#8221;Zeile&#8221; _builder_version=&#8221;4.16&#8243; global_colors_info=&#8221;{}&#8221;][et_pb_column type=&#8221;2_5&#8243; _builder_version=&#8221;4.16&#8243; background_color=&#8221;#F0F0F0&#8243; custom_padding=&#8221;|||&#8221; global_colors_info=&#8221;{}&#8221; custom_padding__hover=&#8221;|||&#8221;][et_pb_image src=&#8221;https:\/\/bibliotheken-schaffhausen.ch\/wp-content\/uploads\/2019\/05\/e-manuscripta-logo.png&#8221; url=&#8221;https:\/\/www.e-manuscripta.ch\/&#8221; url_new_window=&#8221;on&#8221; align_tablet=&#8221;center&#8221; align_phone=&#8221;&#8221; align_last_edited=&#8221;on|desktop&#8221; _builder_version=&#8221;4.16&#8243; background_color=&#8221;#F0F0F0&#8243; width=&#8221;75%&#8221; max_width=&#8221;445px&#8221; module_alignment=&#8221;center&#8221; custom_margin=&#8221;15px||15px&#8221; custom_padding=&#8221;15px|15px|15px|15px&#8221; global_colors_info=&#8221;{}&#8221;][\/et_pb_image][\/et_pb_column][et_pb_column type=&#8221;3_5&#8243; _builder_version=&#8221;4.16&#8243; custom_padding=&#8221;|||&#8221; global_colors_info=&#8221;{}&#8221; custom_padding__hover=&#8221;|||&#8221;][et_pb_text _builder_version=&#8221;4.27.5&#8243; hover_enabled=&#8221;0&#8243; global_colors_info=&#8221;{}&#8221; sticky_enabled=&#8221;0&#8243;]<\/p>\n<div class=\"et_pb_module et_pb_text et_pb_text_11 et_pb_bg_layout_light et_pb_text_align_left\">\n<div class=\"et_pb_text_inner\">\n<h2>e-manuscripta<\/h2>\n<p>Die Plattform f\u00fcr digitalisierte, neuzeitliche handschriftliche Quellen aus Schweizer Bibliotheken und Archiven. Die <a href=\"https:\/\/www.e-manuscripta.ch\/nav\/index\/all?&amp;facets=domainGroup%3D%22sbs%22\">Sammlung der Bibliotheken<\/a> Schaffhausen auf e-manuscripta besteht derzeit v.a. aus ausgew\u00e4hlten Briefen der Gebr\u00fcder M\u00fcller.\u00a0<\/p>\n<p>Die Bibliotheken Schaffhausen planen, den digitalisierten Nachlass des Schaffhauser Reformators Johann Conrad Ulmer hier zu pr\u00e4sentieren.<\/p>\n<p><a href=\"https:\/\/www.e-manuscripta.ch\/\" target=\"_blank\" rel=\"noopener noreferrer\">www.e-manuscripta.ch<\/a><\/p>\n<\/div>\n<\/div>\n<p>[\/et_pb_text][\/et_pb_column][\/et_pb_row][\/et_pb_section][et_pb_section fb_built=&#8221;1&#8243; admin_label=&#8221;E-Books on demand&#8221; module_id=&#8221;ebooks-on-demand&#8221; _builder_version=&#8221;4.16&#8243; background_color=&#8221;#F6F4EE&#8221; custom_padding=&#8221;||30px&#8221; global_colors_info=&#8221;{}&#8221;][et_pb_row column_structure=&#8221;2_5,3_5&#8243; admin_label=&#8221;Zeile&#8221; module_class=&#8221;custom_row et_pb_row_fullwidth&#8221; _builder_version=&#8221;4.16&#8243; width=&#8221;94%&#8221; width_tablet=&#8221;80%&#8221; width_phone=&#8221;&#8221; width_last_edited=&#8221;on|desktop&#8221; max_width=&#8221;94%&#8221; max_width_tablet=&#8221;80%&#8221; max_width_phone=&#8221;&#8221; max_width_last_edited=&#8221;on|desktop&#8221; make_fullwidth=&#8221;on&#8221; global_colors_info=&#8221;{}&#8221;][et_pb_column type=&#8221;2_5&#8243; module_class=&#8221;second-on-mobile&#8221; _builder_version=&#8221;4.16&#8243; custom_padding=&#8221;|||&#8221; global_colors_info=&#8221;{}&#8221; custom_padding__hover=&#8221;|||&#8221;][et_pb_image src=&#8221;https:\/\/bibliotheken-schaffhausen.ch\/wp-content\/uploads\/2023\/02\/2560px-EBooks-on-Demand_-Logo.svg.png&#8221; title_text=&#8221;2560px-EBooks-on-Demand_-Logo.svg&#8221; url=&#8221;https:\/\/webopac.bibliotheken-schaffhausen.ch\/TouchPoint_touchpoint\/start.do?View=extern&#038;BaseURL=this&#8221; url_new_window=&#8221;on&#8221; align_tablet=&#8221;center&#8221; align_phone=&#8221;&#8221; align_last_edited=&#8221;on|desktop&#8221; admin_label=&#8221;Bild&#8221; _builder_version=&#8221;4.20.0&#8243; width=&#8221;75%&#8221; max_width=&#8221;445px&#8221; module_alignment=&#8221;center&#8221; custom_margin=&#8221;30px||&#8221; global_colors_info=&#8221;{}&#8221;][\/et_pb_image][\/et_pb_column][et_pb_column type=&#8221;3_5&#8243; module_class=&#8221;first-on-mobile&#8221; _builder_version=&#8221;4.16&#8243; custom_padding=&#8221;|||&#8221; global_colors_info=&#8221;{}&#8221; custom_padding__hover=&#8221;|||&#8221;][et_pb_text _builder_version=&#8221;4.19.1&#8243; global_colors_info=&#8221;{}&#8221;]<\/p>\n<h2>E-Books on demand<\/h2>\n<p>Mit dem E-Books on demand-Service (EoD) k\u00f6nnen digitale Kopien von \u00e4lteren Drucken aus dem Bestand der Bibliotheken Schaffhausen in Auftrag gegeben werden.<\/p>\n<p>Werke, welche vor 1900 erschienen sind und sich nicht f\u00fcr unsere anderen Plattformen eignen, k\u00f6nnen durch EoD digitalisiert und deren Inhalt damit als Volltext schnell online zug\u00e4nglich gemacht werden.<\/p>\n<p>Die Bestellung erfolgt direkt im <a href=\"https:\/\/opac.bibliotheken-schaffhausen.ch\/NetBiblio\/\">Bibliothekskatalog<\/a> der Bibliotheken Schaffhausen. Die Digitalisierung und Rechnungsstellung wird \u00fcber die Zentralbibliothek Z\u00fcrich f\u00fcr eine Grundgeb\u00fchr von 10 Franken und weiteren 20 Rappen pro Seite abgewickelt.<\/p>\n<p>Bereits digitalisierte Schriften sind im Bibliothekskatalog im entsprechenden Eintrag ersichtlich oder <a href=\"https:\/\/zenodo.org\/communities\/share\/search?page=1&amp;size=20&amp;keywords=EoD\">hier auf zenodo<\/a> abrufbar.<\/p>\n<p>[\/et_pb_text][\/et_pb_column][\/et_pb_row][\/et_pb_section]<\/p>\n","protected":false},"excerpt":{"rendered":"<p>e-codices Die Plattform f\u00fcr digitalisierte, mittelalterliche Handschriften aus Schweizer Bibliotheken. Die Bibliotheken Schaffhausen sind mit rund 60 digitalisierten Handschriften vertreten, darunter auch die vor 713 im schottischen Kloster Iona abgeschriebene [&hellip;]<\/p>\n","protected":false},"author":1,"featured_media":0,"parent":2057,"menu_order":0,"comment_status":"closed","ping_status":"closed","template":"","meta":{"_et_pb_use_builder":"on","_et_pb_old_content":"<p>Inhalt ist noch offen<\/p>","_et_gb_content_width":"","footnotes":""},"class_list":["post-952","page","type-page","status-publish","hentry"],"_links":{"self":[{"href":"https:\/\/bibliotheken-schaffhausen.ch\/de\/wp-json\/wp\/v2\/pages\/952","targetHints":{"allow":["GET"]}}],"collection":[{"href":"https:\/\/bibliotheken-schaffhausen.ch\/de\/wp-json\/wp\/v2\/pages"}],"about":[{"href":"https:\/\/bibliotheken-schaffhausen.ch\/de\/wp-json\/wp\/v2\/types\/page"}],"author":[{"embeddable":true,"href":"https:\/\/bibliotheken-schaffhausen.ch\/de\/wp-json\/wp\/v2\/users\/1"}],"replies":[{"embeddable":true,"href":"https:\/\/bibliotheken-schaffhausen.ch\/de\/wp-json\/wp\/v2\/comments?post=952"}],"version-history":[{"count":1,"href":"https:\/\/bibliotheken-schaffhausen.ch\/de\/wp-json\/wp\/v2\/pages\/952\/revisions"}],"predecessor-version":[{"id":14729,"href":"https:\/\/bibliotheken-schaffhausen.ch\/de\/wp-json\/wp\/v2\/pages\/952\/revisions\/14729"}],"up":[{"embeddable":true,"href":"https:\/\/bibliotheken-schaffhausen.ch\/de\/wp-json\/wp\/v2\/pages\/2057"}],"wp:attachment":[{"href":"https:\/\/bibliotheken-schaffhausen.ch\/de\/wp-json\/wp\/v2\/media?parent=952"}],"curies":[{"name":"wp","href":"https:\/\/api.w.org\/{rel}","templated":true}]}}