{"id":949,"date":"2019-05-17T11:49:25","date_gmt":"2019-05-17T09:49:25","guid":{"rendered":"https:\/\/bibliotheken-schaffhausen.ch\/?page_id=949"},"modified":"2021-04-26T12:01:28","modified_gmt":"2021-04-26T10:01:28","slug":"online-katalog","status":"publish","type":"page","link":"https:\/\/bibliotheken-schaffhausen.ch\/de\/digitale-bibliothek\/online-katalog\/","title":{"rendered":"Online-Kataloge"},"content":{"rendered":"<p>[et_pb_section fb_built=&#8221;1&#8243; fullwidth=&#8221;on&#8221; admin_label=&#8221;Titelsektion&#8221; _builder_version=&#8221;3.23.3&#8243; collapsed=&#8221;off&#8221;][et_pb_fullwidth_image _builder_version=&#8221;3.25.4&#8243; background_image=&#8221;https:\/\/bibliotheken-schaffhausen.ch\/wp-content\/uploads\/2019\/07\/panta-rhei-2_mod.jpg&#8221; parallax=&#8221;on&#8221; min_height=&#8221;380px&#8221;][\/et_pb_fullwidth_image][et_pb_fullwidth_post_title meta=&#8221;off&#8221; featured_image=&#8221;off&#8221; _builder_version=&#8221;3.25.4&#8243; title_level=&#8221;h2&#8243; title_font=&#8221;|300|||||||&#8221; title_text_align=&#8221;center&#8221; title_text_color=&#8221;#000000&#8243; title_font_size=&#8221;32px&#8221; background_color=&#8221;rgba(246,244,238,0.87)&#8221; custom_margin=&#8221;-66px||||false&#8221; custom_padding=&#8221;12px||12px|&#8221;][\/et_pb_fullwidth_post_title][\/et_pb_section][et_pb_section fb_built=&#8221;1&#8243; _builder_version=&#8221;3.22.3&#8243; custom_margin=&#8221;|0px||0px&#8221;][et_pb_row column_structure=&#8221;2_5,3_5&#8243; admin_label=&#8221;bisch online&#8221; module_id=&#8221;bisch-online&#8221; _builder_version=&#8221;4.9.4&#8243; hover_enabled=&#8221;0&#8243; sticky_enabled=&#8221;0&#8243;][et_pb_column type=&#8221;2_5&#8243; _builder_version=&#8221;3.25&#8243; background_color=&#8221;#F6F4EE&#8221; custom_padding=&#8221;|||&#8221; custom_padding__hover=&#8221;|||&#8221;][et_pb_image src=&#8221;https:\/\/bibliotheken-schaffhausen.ch\/wp-content\/uploads\/2019\/09\/bibliotheken-schaffhausen-logo-gelb_cleaned.svg&#8221; url=&#8221;https:\/\/opac.bibliotheken-schaffhausen.ch\/NetBiblio\/&#8221; url_new_window=&#8221;on&#8221; align_tablet=&#8221;center&#8221; align_phone=&#8221;&#8221; align_last_edited=&#8221;on|desktop&#8221; _builder_version=&#8221;4.9.2&#8243; max_width=&#8221;75%&#8221; max_width_tablet=&#8221;&#8221; max_width_phone=&#8221;&#8221; max_width_last_edited=&#8221;on|desktop&#8221; module_alignment=&#8221;center&#8221; custom_margin=&#8221;15px||15px&#8221; custom_padding=&#8221;15px|15px|15px|15px&#8221;][\/et_pb_image][\/et_pb_column][et_pb_column type=&#8221;3_5&#8243; _builder_version=&#8221;3.25&#8243; custom_padding=&#8221;|||&#8221; custom_padding__hover=&#8221;|||&#8221;][et_pb_text _builder_version=&#8221;4.9.4&#8243; hover_enabled=&#8221;0&#8243; sticky_enabled=&#8221;0&#8243;]<\/p>\n<h2>bisch online<\/h2>\n<p>Der Online-Katalog der Bibliotheken Schaffhausen, der Gemeindebibliothek Neuhausen sowie der Bibliothek des Staatsarchivs des Kantons Schaffhausen. Neben der Recherche nach verf\u00fcgbaren Bibliotheksmedien sind auch Verl\u00e4ngerungen, Reservationen und Bestellungen in unserem Katalog m\u00f6glich.<\/p>\n<p><a href=\"https:\/\/opac.bibliotheken-schaffhausen.ch\/NetBiblio\/\" target=\"_blank\" rel=\"noopener noreferrer\">www.bischonline.ch<\/a><\/p>\n<p>[\/et_pb_text][\/et_pb_column][\/et_pb_row][\/et_pb_section][et_pb_section fb_built=&#8221;1&#8243; disabled_on=&#8221;on|on|on&#8221; admin_label=&#8221;swissbib&#8221; module_id=&#8221;swissbib&#8221; _builder_version=&#8221;3.22.7&#8243; background_color=&#8221;#F6F4EE&#8221; disabled=&#8221;on&#8221;][et_pb_row column_structure=&#8221;2_5,3_5&#8243; admin_label=&#8221;swissbib&#8221; module_id=&#8221;bisch-online&#8221; _builder_version=&#8221;3.25.4&#8243;][et_pb_column type=&#8221;2_5&#8243; _builder_version=&#8221;3.25.4&#8243; background_color=&#8221;#39AE85&#8243; custom_padding=&#8221;|||&#8221; custom_padding__hover=&#8221;|||&#8221;][et_pb_image src=&#8221;https:\/\/bibliotheken-schaffhausen.ch\/wp-content\/uploads\/2019\/05\/swissbib-logo.png&#8221; url=&#8221;https:\/\/www.swissbib.ch\/&#8221; url_new_window=&#8221;on&#8221; align=&#8221;right&#8221; align_tablet=&#8221;center&#8221; align_phone=&#8221;&#8221; align_last_edited=&#8221;on|phone&#8221; admin_label=&#8221;Bild&#8221; _builder_version=&#8221;3.25.4&#8243; width=&#8221;75%&#8221; module_alignment=&#8221;left&#8221; custom_margin=&#8221;15px||15px|&#8221; custom_padding=&#8221;|15px||15px&#8221;][\/et_pb_image][\/et_pb_column][et_pb_column type=&#8221;3_5&#8243; _builder_version=&#8221;3.25&#8243; custom_padding=&#8221;|||&#8221; custom_padding__hover=&#8221;|||&#8221;][et_pb_text _builder_version=&#8221;4.8.1&#8243;]<\/p>\n<h2>Swissbib<\/h2>\n<p>Der Schweizer Katalog der Kantons- und Hochschulbibliotheken.<\/p>\n<p><a href=\"https:\/\/www.swissbib.ch\/\" target=\"_blank\" rel=\"noopener\">www.swissbib.ch<\/a><\/p>\n<p>[\/et_pb_text][\/et_pb_column][\/et_pb_row][\/et_pb_section][et_pb_section fb_built=&#8221;1&#8243; admin_label=&#8221;Swisscovery&#8221; module_id=&#8221;swisscovery&#8221; _builder_version=&#8221;4.9.0&#8243; background_color=&#8221;#f6f4ee&#8221; custom_padding=&#8221;||30px&#8221;][et_pb_row column_structure=&#8221;2_5,3_5&#8243; admin_label=&#8221;Zeile&#8221; _builder_version=&#8221;4.9.0&#8243;][et_pb_column type=&#8221;2_5&#8243; _builder_version=&#8221;3.25&#8243; background_color=&#8221;#F6F4EE&#8221; custom_padding=&#8221;|||&#8221; custom_padding__hover=&#8221;|||&#8221;][et_pb_image src=&#8221;https:\/\/bibliotheken-schaffhausen.ch\/wp-content\/uploads\/2021\/03\/siwsscovery-logo-300&#215;218.png&#8221; title_text=&#8221;siwsscovery-logo&#8221; url=&#8221;https:\/\/swisscovery.slsp.ch\/&#8221; url_new_window=&#8221;on&#8221; align_tablet=&#8221;center&#8221; align_phone=&#8221;&#8221; align_last_edited=&#8221;on|desktop&#8221; _builder_version=&#8221;4.9.0&#8243; width=&#8221;75%&#8221; max_width=&#8221;445px&#8221; module_alignment=&#8221;center&#8221; custom_margin=&#8221;15px||15px&#8221;][\/et_pb_image][\/et_pb_column][et_pb_column type=&#8221;3_5&#8243; _builder_version=&#8221;3.25&#8243; custom_padding=&#8221;|||&#8221; custom_padding__hover=&#8221;|||&#8221;][et_pb_text admin_label=&#8221;swisscovery&#8221; _builder_version=&#8221;4.9.0&#8243;]<\/p>\n<h2>Swisscovery<\/h2>\n<p>Der Schweizer Katalog der wissenschaftlichen Bibliotheken.<\/p>\n<p><a href=\"https:\/\/swisscovery.slsp.ch\/\" target=\"_blank\" rel=\"noopener\">www.swisscovery.ch<\/a><\/p>\n<p>[\/et_pb_text][\/et_pb_column][\/et_pb_row][\/et_pb_section][et_pb_section fb_built=&#8221;1&#8243; admin_label=&#8221;WorldCat&#8221; module_id=&#8221;worldcat&#8221; _builder_version=&#8221;4.9.0&#8243; custom_padding=&#8221;||30px&#8221;][et_pb_row column_structure=&#8221;2_5,3_5&#8243; admin_label=&#8221;Zeile&#8221; _builder_version=&#8221;3.25.4&#8243;][et_pb_column type=&#8221;2_5&#8243; _builder_version=&#8221;3.25&#8243; background_color=&#8221;#F6F4EE&#8221; custom_padding=&#8221;|||&#8221; custom_padding__hover=&#8221;|||&#8221;][et_pb_image src=&#8221;https:\/\/bibliotheken-schaffhausen.ch\/wp-content\/uploads\/2019\/07\/wclogo_block-trans.png&#8221; url=&#8221;https:\/\/www.worldcat.org\/&#8221; url_new_window=&#8221;on&#8221; align_tablet=&#8221;center&#8221; align_phone=&#8221;&#8221; align_last_edited=&#8221;on|desktop&#8221; _builder_version=&#8221;3.25.4&#8243; width=&#8221;75%&#8221; max_width=&#8221;445px&#8221; module_alignment=&#8221;center&#8221; custom_margin=&#8221;15px||15px&#8221;][\/et_pb_image][\/et_pb_column][et_pb_column type=&#8221;3_5&#8243; _builder_version=&#8221;3.25&#8243; custom_padding=&#8221;|||&#8221; custom_padding__hover=&#8221;|||&#8221;][et_pb_text _builder_version=&#8221;3.27.4&#8243;]<\/p>\n<h2>WorldCat<\/h2>\n<p>Der weltweite Metakatalog aller Bibliotheksverb\u00fcnde und -Kataloge.<\/p>\n<p><a href=\"https:\/\/www.worldcat.org\/\" target=\"_blank\" rel=\"noopener noreferrer\">www.worldcat.org<\/a><\/p>\n<p>[\/et_pb_text][\/et_pb_column][\/et_pb_row][\/et_pb_section]<\/p>\n","protected":false},"excerpt":{"rendered":"<p>bisch online Der Online-Katalog der Bibliotheken Schaffhausen, der Gemeindebibliothek Neuhausen sowie der Bibliothek des Staatsarchivs des Kantons Schaffhausen. Neben der Recherche nach verf\u00fcgbaren Bibliotheksmedien sind auch Verl\u00e4ngerungen, Reservationen und Bestellungen [&hellip;]<\/p>\n","protected":false},"author":1,"featured_media":0,"parent":2057,"menu_order":0,"comment_status":"closed","ping_status":"closed","template":"","meta":{"_et_pb_use_builder":"on","_et_pb_old_content":"<p>Inhalt ist noch offen<\/p>","_et_gb_content_width":"","footnotes":""},"class_list":["post-949","page","type-page","status-publish","hentry"],"_links":{"self":[{"href":"https:\/\/bibliotheken-schaffhausen.ch\/de\/wp-json\/wp\/v2\/pages\/949","targetHints":{"allow":["GET"]}}],"collection":[{"href":"https:\/\/bibliotheken-schaffhausen.ch\/de\/wp-json\/wp\/v2\/pages"}],"about":[{"href":"https:\/\/bibliotheken-schaffhausen.ch\/de\/wp-json\/wp\/v2\/types\/page"}],"author":[{"embeddable":true,"href":"https:\/\/bibliotheken-schaffhausen.ch\/de\/wp-json\/wp\/v2\/users\/1"}],"replies":[{"embeddable":true,"href":"https:\/\/bibliotheken-schaffhausen.ch\/de\/wp-json\/wp\/v2\/comments?post=949"}],"version-history":[{"count":0,"href":"https:\/\/bibliotheken-schaffhausen.ch\/de\/wp-json\/wp\/v2\/pages\/949\/revisions"}],"up":[{"embeddable":true,"href":"https:\/\/bibliotheken-schaffhausen.ch\/de\/wp-json\/wp\/v2\/pages\/2057"}],"wp:attachment":[{"href":"https:\/\/bibliotheken-schaffhausen.ch\/de\/wp-json\/wp\/v2\/media?parent=949"}],"curies":[{"name":"wp","href":"https:\/\/api.w.org\/{rel}","templated":true}]}}