{"id":9087,"date":"2022-04-11T10:26:28","date_gmt":"2022-04-11T08:26:28","guid":{"rendered":"https:\/\/bibliotheken-schaffhausen.ch\/?page_id=9087"},"modified":"2025-12-17T13:17:38","modified_gmt":"2025-12-17T12:17:38","slug":"genios","status":"publish","type":"page","link":"https:\/\/bibliotheken-schaffhausen.ch\/de\/digitale-bibliothek\/e-media\/genios\/","title":{"rendered":"Genios"},"content":{"rendered":"<p>[et_pb_section fb_built=&#8221;1&#8243; _builder_version=&#8221;4.16&#8243; _module_preset=&#8221;default&#8221; global_colors_info=&#8221;{}&#8221;][et_pb_row admin_label=&#8221;Abstand&#8221; _builder_version=&#8221;4.16&#8243; _module_preset=&#8221;default&#8221; collapsed=&#8221;on&#8221; global_colors_info=&#8221;{}&#8221;][et_pb_column type=&#8221;4_4&#8243; _builder_version=&#8221;4.16&#8243; _module_preset=&#8221;default&#8221; global_colors_info=&#8221;{}&#8221;][\/et_pb_column][\/et_pb_row][et_pb_row admin_label=&#8221;Text&#8221; _builder_version=&#8221;4.16&#8243; _module_preset=&#8221;default&#8221; global_colors_info=&#8221;{}&#8221;][et_pb_column type=&#8221;4_4&#8243; _builder_version=&#8221;4.16&#8243; _module_preset=&#8221;default&#8221; global_colors_info=&#8221;{}&#8221;][et_pb_text _builder_version=&#8221;4.27.4&#8243; _module_preset=&#8221;default&#8221; global_colors_info=&#8221;{}&#8221;]<\/p>\n<h2>\u00a0<\/h2>\n<h2>Genios<\/h2>\n<p><a href=\"https:\/\/bib-ostschweiz.genios.de\/\" target=\"_blank\" rel=\"noopener\">Zu Genios<\/a><\/p>\n<p>Genios ist ein Portal der Mediengruppe FAZ\/Handelsblatt und bietet den Zugriff auf \u00fcber 1400 Zeitungen und Zeitschriften aus dem deutschsprachigen Raum. Diese werden als einzelne Artikel dargestellt, da hier die gezielte Recherche und nicht das Bl\u00e4ttern durch eine Ausgabe im Vordergrund steht.<\/p>\n<h3>Voraussetzungen<\/h3>\n<p>Verf\u00fcgen Sie \u00fcber einen Bibliotheksausweis, k\u00f6nnen Sie die online Bibliothek kostenfrei nutzen. Loggen Sie sich daf\u00fcr mit Ihrer Benutzernummer (Nummer unter Strichcode) und Ihrem Passwort (Tag und Monat Ihres Geburtstags) ein.<\/p>\n<p>Die Nutzungslimite ist auf 50 Artikelaufrufe pro Benutzer und Monat abgedeckt.<\/p>\n<p>[\/et_pb_text][et_pb_image src=&#8221;https:\/\/bibliotheken-schaffhausen.ch\/wp-content\/uploads\/2019\/04\/Logo_genios_logo_cmyk.png&#8221; alt=&#8221;Logo Genios&#8221; title_text=&#8221;logo_genios_logo&#8221; align=&#8221;center&#8221; _builder_version=&#8221;4.16.0&#8243; _module_preset=&#8221;default&#8221; height=&#8221;125px&#8221; custom_padding=&#8221;45px||||false|false&#8221; border_width_bottom=&#8221;50px&#8221; border_color_bottom=&#8221;RGBA(255,255,255,0)&#8221; global_colors_info=&#8221;{}&#8221;][\/et_pb_image][et_pb_text _builder_version=&#8221;4.25.0&#8243; _module_preset=&#8221;default&#8221; global_colors_info=&#8221;{}&#8221;]<\/p>\n<h3><strong>Wie kann ich auf Genios zugreifen?<\/strong><\/h3>\n<p>Ausserhalb der Bibliothek k\u00f6nnen Sie Genios am Laptop oder PC, sowie am Handy und Tablet nutzen. Dazu loggen Sie sich via den Link auf unserer Website ein.<\/p>\n<h4>Genios in der Bibliothek<\/h4>\n<p>Befinden Sie sich in der Bibliothek mit ihrem eigenen Ger\u00e4t, k\u00f6nnen Sie Genios via Hotspot nutzen. Verbinden Sie sich daf\u00fcr mit dem WiFi der Bibliothek und \u00f6ffnen Sie Genios.<\/p>\n<h3><strong>Wo finde ich mehr Hilfe?<\/strong><\/h3>\n<p>Genios bietet <a href=\"https:\/\/www.genios.de\/popup\/hilfe_es\" target=\"_blank\" rel=\"noopener\">hier<\/a> ein kleines Tutorial sowie Hilfen zur Recherche an.<\/p>\n<p>[\/et_pb_text][\/et_pb_column][\/et_pb_row][et_pb_row admin_label=&#8221;Abstand&#8221; _builder_version=&#8221;4.16&#8243; _module_preset=&#8221;default&#8221; collapsed=&#8221;on&#8221; global_colors_info=&#8221;{}&#8221;][et_pb_column type=&#8221;4_4&#8243; _builder_version=&#8221;4.16&#8243; _module_preset=&#8221;default&#8221; global_colors_info=&#8221;{}&#8221;][\/et_pb_column][\/et_pb_row][et_pb_row admin_label=&#8221;Abstand&#8221; _builder_version=&#8221;4.16&#8243; _module_preset=&#8221;default&#8221; collapsed=&#8221;on&#8221; global_colors_info=&#8221;{}&#8221;][et_pb_column type=&#8221;4_4&#8243; _builder_version=&#8221;4.16&#8243; _module_preset=&#8221;default&#8221; global_colors_info=&#8221;{}&#8221;][\/et_pb_column][\/et_pb_row][\/et_pb_section]<\/p>\n","protected":false},"excerpt":{"rendered":"<p>\u00a0 Genios Zu Genios Genios ist ein Portal der Mediengruppe FAZ\/Handelsblatt und bietet den Zugriff auf \u00fcber 1400 Zeitungen und Zeitschriften aus dem deutschsprachigen Raum. Diese werden als einzelne Artikel [&hellip;]<\/p>\n","protected":false},"author":6,"featured_media":0,"parent":7638,"menu_order":0,"comment_status":"closed","ping_status":"closed","template":"","meta":{"_et_pb_use_builder":"on","_et_pb_old_content":"","_et_gb_content_width":"","footnotes":""},"class_list":["post-9087","page","type-page","status-publish","hentry"],"_links":{"self":[{"href":"https:\/\/bibliotheken-schaffhausen.ch\/de\/wp-json\/wp\/v2\/pages\/9087","targetHints":{"allow":["GET"]}}],"collection":[{"href":"https:\/\/bibliotheken-schaffhausen.ch\/de\/wp-json\/wp\/v2\/pages"}],"about":[{"href":"https:\/\/bibliotheken-schaffhausen.ch\/de\/wp-json\/wp\/v2\/types\/page"}],"author":[{"embeddable":true,"href":"https:\/\/bibliotheken-schaffhausen.ch\/de\/wp-json\/wp\/v2\/users\/6"}],"replies":[{"embeddable":true,"href":"https:\/\/bibliotheken-schaffhausen.ch\/de\/wp-json\/wp\/v2\/comments?post=9087"}],"version-history":[{"count":9,"href":"https:\/\/bibliotheken-schaffhausen.ch\/de\/wp-json\/wp\/v2\/pages\/9087\/revisions"}],"predecessor-version":[{"id":14630,"href":"https:\/\/bibliotheken-schaffhausen.ch\/de\/wp-json\/wp\/v2\/pages\/9087\/revisions\/14630"}],"up":[{"embeddable":true,"href":"https:\/\/bibliotheken-schaffhausen.ch\/de\/wp-json\/wp\/v2\/pages\/7638"}],"wp:attachment":[{"href":"https:\/\/bibliotheken-schaffhausen.ch\/de\/wp-json\/wp\/v2\/media?parent=9087"}],"curies":[{"name":"wp","href":"https:\/\/api.w.org\/{rel}","templated":true}]}}