{"id":9076,"date":"2022-04-11T10:27:08","date_gmt":"2022-04-11T08:27:08","guid":{"rendered":"https:\/\/bibliotheken-schaffhausen.ch\/?page_id=9076"},"modified":"2023-06-24T12:15:41","modified_gmt":"2023-06-24T10:15:41","slug":"linkedin","status":"publish","type":"page","link":"https:\/\/bibliotheken-schaffhausen.ch\/de\/digitale-bibliothek\/e-media\/linkedin\/","title":{"rendered":"Linkedin Learning"},"content":{"rendered":"<p>[et_pb_section fb_built=&#8221;1&#8243; _builder_version=&#8221;4.16&#8243; _module_preset=&#8221;default&#8221; global_colors_info=&#8221;{}&#8221;][et_pb_row admin_label=&#8221;Abstand&#8221; _builder_version=&#8221;4.16&#8243; _module_preset=&#8221;default&#8221; collapsed=&#8221;on&#8221; global_colors_info=&#8221;{}&#8221;][et_pb_column type=&#8221;4_4&#8243; _builder_version=&#8221;4.16&#8243; _module_preset=&#8221;default&#8221; global_colors_info=&#8221;{}&#8221;][\/et_pb_column][\/et_pb_row][et_pb_row admin_label=&#8221;Abstand&#8221; _builder_version=&#8221;4.16&#8243; _module_preset=&#8221;default&#8221; collapsed=&#8221;on&#8221; global_colors_info=&#8221;{}&#8221;][et_pb_column type=&#8221;4_4&#8243; _builder_version=&#8221;4.16&#8243; _module_preset=&#8221;default&#8221; global_colors_info=&#8221;{}&#8221;][\/et_pb_column][\/et_pb_row][et_pb_row column_structure=&#8221;1_2,1_2&#8243; admin_label=&#8221;Text&#8221; _builder_version=&#8221;4.16&#8243; _module_preset=&#8221;default&#8221; global_colors_info=&#8221;{}&#8221;][et_pb_column type=&#8221;1_2&#8243; _builder_version=&#8221;4.16&#8243; _module_preset=&#8221;default&#8221; global_colors_info=&#8221;{}&#8221;][et_pb_text _builder_version=&#8221;4.17.1&#8243; _module_preset=&#8221;default&#8221; global_colors_info=&#8221;{}&#8221;]<\/p>\n<h2>Linkedin Learning<\/h2>\n<p><a href=\"https:\/\/www.linkedin.com\/learning-login\/go\/bibliothekenschaffhausen\" target=\"_blank\" rel=\"noopener\">Zu Linkedin Learning<\/a><\/p>\n<p>Mit LinkedIn Learning haben Sie Zugriff auf eine Lernplattform mit \u00fcber 17&#8217;400 Kursen. Diese sind in die Bereiche Business, Technik und Kreativit\u00e4t eingeteilt.<\/p>\n<p>Das Angebot ist sehr breit aufgestellt &#8211; Sie finden Kurse f\u00fcr Freizeitaktivit\u00e4ten ebenso wie solche, die Ihnen beruflich weiterhelfen.<\/p>\n<p>Die Kurse enthalten einen Video-Teil, mit dem der prim\u00e4re Lerninhalt vermittelt wird. Erg\u00e4nzt wird der Kurs mit Arbeitsmaterialien.<\/p>\n<h3>Voraussetzungen<\/h3>\n<p>Verf\u00fcgen Sie \u00fcber einen Bibliotheksausweis, k\u00f6nnen Sie die online Bibliothek kostenfrei nutzen. Loggen Sie sich daf\u00fcr mit Ihrer Benutzernummer (Nummer unter Strichcode) und Ihrem Passwort (Tag und Monat Ihres Geburtstags) ein.<\/p>\n<p>[\/et_pb_text][\/et_pb_column][et_pb_column type=&#8221;1_2&#8243; _builder_version=&#8221;4.16&#8243; _module_preset=&#8221;default&#8221; global_colors_info=&#8221;{}&#8221;][et_pb_image src=&#8221;https:\/\/bibliotheken-schaffhausen.ch\/wp-content\/uploads\/2022\/04\/LI-In-Bug.png&#8221; alt=&#8221;Die Onleihe ist nutzbar am PC\/Laptop, Tablet\/Smartphone oder E-Reader.&#8221; title_text=&#8221;LI-In-Bug&#8221; _builder_version=&#8221;4.16.0&#8243; _module_preset=&#8221;default&#8221; height=&#8221;230px&#8221; custom_padding=&#8221;45px||||false|false&#8221; global_colors_info=&#8221;{}&#8221;][\/et_pb_image][\/et_pb_column][\/et_pb_row][et_pb_row admin_label=&#8221;Text&#8221; _builder_version=&#8221;4.16&#8243; _module_preset=&#8221;default&#8221; global_colors_info=&#8221;{}&#8221;][et_pb_column type=&#8221;4_4&#8243; _builder_version=&#8221;4.16&#8243; _module_preset=&#8221;default&#8221; global_colors_info=&#8221;{}&#8221;][et_pb_text _builder_version=&#8221;4.21.0&#8243; _module_preset=&#8221;default&#8221; hover_enabled=&#8221;0&#8243; global_colors_info=&#8221;{}&#8221; sticky_enabled=&#8221;0&#8243;]<\/p>\n<h3><strong>Wie kann ich auf Linkedin Learning zugreifen?<\/strong><\/h3>\n<h4>Zugriff \u00fcber den PC oder Laptop<\/h4>\n<p>Loggen Sie sich mit Ihrem Bibliotheksausweis und Ihrem Passwort unter diesem <a href=\"https:\/\/www.linkedin.com\/learning-login\/go\/bibliothekenschaffhausen\" target=\"_blank\" rel=\"noopener\">Link <\/a>ein.<\/p>\n<h4>Zugriff mit dem Tablet oder Smartphone<\/h4>\n<p>Laden Sie sich die App (<a href=\"https:\/\/play.google.com\/store\/apps\/details?id=com.linkedin.android.learning&amp;hl=de_CH&amp;gl=US\" target=\"_blank\" rel=\"noopener\">Android<\/a>,\u00a0<a href=\"https:\/\/apps.apple.com\/ch\/app\/linkedin-learning\/id1084807225\" target=\"_blank\" rel=\"noopener\">IOS<\/a>) auf ihr Tablet oder Smartphone. W\u00e4hlen Sie danach Login mit Ihrem Bibliotheksausweis an. Nun werden Sie aufgefordert die <strong>Library ID<\/strong> der Bibliotheken Schaffhausen einzugeben. <strong>Diese lautet <\/strong>www.linkedin.com\/learning-login\/go\/<strong>bibliothekenschaffhausen.<\/strong> Loggen Sie sich nun mit Ihrem Bibliotheksausweis und Passwort ein.<\/p>\n<h3><strong>Wo finde ich mehr Hilfe?<\/strong><\/h3>\n<p>Mehr erfahren Sie im <a href=\"https:\/\/www.linkedin.com\/help\/linkedin?lang=de&amp;upsellOrderOrigin=sem_src%2Ego-pa_c%2ELLS-C_EMEA_DACH_T1_DE_SEM_SEM_GoogleAds_NA_All_NA_NA_Core_NA_LIL-All_Brand_Exact_pkw%2Elinkedin+learning_pmt%2Ee_pcrid%2E355109879169_pdv%2Ec_plc%2E_trgid%2Ekwd-310582843911_net%2Eg_learning&amp;trk=homepage-learning_directory_helpCenterUrl\" target=\"_blank\" rel=\"noopener\">Hilfebereich<\/a>.<\/p>\n<p>[\/et_pb_text][\/et_pb_column][\/et_pb_row][et_pb_row admin_label=&#8221;Abstand&#8221; _builder_version=&#8221;4.16&#8243; _module_preset=&#8221;default&#8221; collapsed=&#8221;on&#8221; global_colors_info=&#8221;{}&#8221;][et_pb_column type=&#8221;4_4&#8243; _builder_version=&#8221;4.16&#8243; _module_preset=&#8221;default&#8221; global_colors_info=&#8221;{}&#8221;][\/et_pb_column][\/et_pb_row][et_pb_row admin_label=&#8221;Abstand&#8221; _builder_version=&#8221;4.16&#8243; _module_preset=&#8221;default&#8221; collapsed=&#8221;on&#8221; global_colors_info=&#8221;{}&#8221;][et_pb_column type=&#8221;4_4&#8243; _builder_version=&#8221;4.16&#8243; _module_preset=&#8221;default&#8221; global_colors_info=&#8221;{}&#8221;][\/et_pb_column][\/et_pb_row][\/et_pb_section]<\/p>\n","protected":false},"excerpt":{"rendered":"<p>Linkedin Learning Zu Linkedin Learning Mit LinkedIn Learning haben Sie Zugriff auf eine Lernplattform mit \u00fcber 17&#8217;400 Kursen. Diese sind in die Bereiche Business, Technik und Kreativit\u00e4t eingeteilt. Das Angebot [&hellip;]<\/p>\n","protected":false},"author":6,"featured_media":0,"parent":7638,"menu_order":0,"comment_status":"closed","ping_status":"closed","template":"","meta":{"_et_pb_use_builder":"on","_et_pb_old_content":"","_et_gb_content_width":"","footnotes":""},"class_list":["post-9076","page","type-page","status-publish","hentry"],"_links":{"self":[{"href":"https:\/\/bibliotheken-schaffhausen.ch\/de\/wp-json\/wp\/v2\/pages\/9076","targetHints":{"allow":["GET"]}}],"collection":[{"href":"https:\/\/bibliotheken-schaffhausen.ch\/de\/wp-json\/wp\/v2\/pages"}],"about":[{"href":"https:\/\/bibliotheken-schaffhausen.ch\/de\/wp-json\/wp\/v2\/types\/page"}],"author":[{"embeddable":true,"href":"https:\/\/bibliotheken-schaffhausen.ch\/de\/wp-json\/wp\/v2\/users\/6"}],"replies":[{"embeddable":true,"href":"https:\/\/bibliotheken-schaffhausen.ch\/de\/wp-json\/wp\/v2\/comments?post=9076"}],"version-history":[{"count":0,"href":"https:\/\/bibliotheken-schaffhausen.ch\/de\/wp-json\/wp\/v2\/pages\/9076\/revisions"}],"up":[{"embeddable":true,"href":"https:\/\/bibliotheken-schaffhausen.ch\/de\/wp-json\/wp\/v2\/pages\/7638"}],"wp:attachment":[{"href":"https:\/\/bibliotheken-schaffhausen.ch\/de\/wp-json\/wp\/v2\/media?parent=9076"}],"curies":[{"name":"wp","href":"https:\/\/api.w.org\/{rel}","templated":true}]}}