{"id":9057,"date":"2022-04-11T10:28:11","date_gmt":"2022-04-11T08:28:11","guid":{"rendered":"https:\/\/bibliotheken-schaffhausen.ch\/?page_id=9057"},"modified":"2023-01-19T08:28:11","modified_gmt":"2023-01-19T07:28:11","slug":"pressreader","status":"publish","type":"page","link":"https:\/\/bibliotheken-schaffhausen.ch\/de\/digitale-bibliothek\/e-media\/pressreader\/","title":{"rendered":"Pressreader"},"content":{"rendered":"<p>[et_pb_section fb_built=&#8221;1&#8243; _builder_version=&#8221;4.16&#8243; _module_preset=&#8221;default&#8221; global_colors_info=&#8221;{}&#8221;][et_pb_row admin_label=&#8221;Abstand&#8221; _builder_version=&#8221;4.16&#8243; _module_preset=&#8221;default&#8221; collapsed=&#8221;on&#8221; global_colors_info=&#8221;{}&#8221;][et_pb_column type=&#8221;4_4&#8243; _builder_version=&#8221;4.16&#8243; _module_preset=&#8221;default&#8221; global_colors_info=&#8221;{}&#8221;][\/et_pb_column][\/et_pb_row][et_pb_row admin_label=&#8221;Abstand&#8221; _builder_version=&#8221;4.16&#8243; _module_preset=&#8221;default&#8221; collapsed=&#8221;on&#8221; global_colors_info=&#8221;{}&#8221;][et_pb_column type=&#8221;4_4&#8243; _builder_version=&#8221;4.16&#8243; _module_preset=&#8221;default&#8221; global_colors_info=&#8221;{}&#8221;][\/et_pb_column][\/et_pb_row][et_pb_row column_structure=&#8221;1_2,1_2&#8243; admin_label=&#8221;Text&#8221; _builder_version=&#8221;4.16&#8243; _module_preset=&#8221;default&#8221; global_colors_info=&#8221;{}&#8221;][et_pb_column type=&#8221;1_2&#8243; _builder_version=&#8221;4.16&#8243; _module_preset=&#8221;default&#8221; global_colors_info=&#8221;{}&#8221;][et_pb_text _builder_version=&#8221;4.17.0&#8243; _module_preset=&#8221;default&#8221; global_colors_info=&#8221;{}&#8221;]<\/p>\n<h2>Pressreader<\/h2>\n<p><a href=\"https:\/\/www.pressreader.com\/catalog\" target=\"_blank\" rel=\"noopener\">Zu Pressreader<\/a><\/p>\n<p>Pressreader ist ein digitales Zeitungsportal, welches Ihnen unlimitierten Zugang zu \u00fcber 7&#8217;300 Zeitungen und Zeitschriften in 60 verschiedenen Sprachen bieten. Das Titelangebot beinhaltet die NZZ, Basler Zeitung, 20 Minuten, The Guardian, The Daily Telegraph, El Pa\u00eds, Il Corriere della Sera und viele weitere. Ausserdem sind Magazine, wie beispielsweise Vogue, Cosmopolitan, Animan, Bloomberg Businessweek, Forbes, Popular Science auf Pressreader zug\u00e4nglich.<\/p>\n<h3>Voraussetzungen<\/h3>\n<p>Verf\u00fcgen Sie \u00fcber einen Bibliotheksausweis, k\u00f6nnen Sie die online Bibliothek kostenfrei nutzen. Loggen Sie sich daf\u00fcr mit Ihrer Benutzernummer (Nummer unter Strichcode) und Ihrem Passwort (Tag und Monat Ihres Geburtstags) ein.<\/p>\n<p>[\/et_pb_text][\/et_pb_column][et_pb_column type=&#8221;1_2&#8243; _builder_version=&#8221;4.16&#8243; _module_preset=&#8221;default&#8221; global_colors_info=&#8221;{}&#8221;][et_pb_image src=&#8221;https:\/\/bibliotheken-schaffhausen.ch\/wp-content\/uploads\/2022\/04\/pressreader-1.jpg&#8221; alt=&#8221;Pressreader&#8221; title_text=&#8221;Pressreader&#8221; _builder_version=&#8221;4.16.0&#8243; _module_preset=&#8221;default&#8221; height=&#8221;350px&#8221; custom_padding=&#8221;45px||||false|false&#8221; global_colors_info=&#8221;{}&#8221;][\/et_pb_image][\/et_pb_column][\/et_pb_row][et_pb_row admin_label=&#8221;Text&#8221; _builder_version=&#8221;4.16&#8243; _module_preset=&#8221;default&#8221; global_colors_info=&#8221;{}&#8221;][et_pb_column type=&#8221;4_4&#8243; _builder_version=&#8221;4.16&#8243; _module_preset=&#8221;default&#8221; global_colors_info=&#8221;{}&#8221;][et_pb_text _builder_version=&#8221;4.19.4&#8243; _module_preset=&#8221;default&#8221; hover_enabled=&#8221;0&#8243; global_colors_info=&#8221;{}&#8221; sticky_enabled=&#8221;0&#8243;]<\/p>\n<h3><strong>Wie kann ich auf Pressreader zugreifen?<\/strong><\/h3>\n<p>Die Registrierung als Benutzer auf der Website ist optional und erm\u00f6glicht personalisierte, gespeicherte Einstellungen<\/p>\n<h4>Pressreader in der Bibliothek<\/h4>\n<p>Befinden Sie sich in der Bibliothek mit ihrem eigenen Ger\u00e4t, k\u00f6nnen Sie Pressreader via Hotspot nutzen.<br \/>Verbinden Sie sich daf\u00fcr mit dem WiFi der Bibliothek und \u00f6ffnen Sie Pressreader. Oben rechts sollten Sie nun eine gr\u00fcne Tasse sehen.<\/p>\n<p>Weitere Informationen finden Sie in diesem <a href=\"https:\/\/care.pressreader.com\/hc\/en-us\/articles\/202653389-Find-Your-Free-HotSpot-on-the-Map\" target=\"_blank\" rel=\"noopener\">Artikel<\/a>.<\/p>\n<h4>Pressreader Zuhause<\/h4>\n<p>Zuhause k\u00f6nnen Sie Pressreader am Laptop oder PC, sowie am Handy und Tablet nutzen.<br \/>Daf\u00fcr \u00f6ffnen Sie Pressreader mit der App (<a href=\"https:\/\/play.google.com\/store\/apps\/details?id=com.newspaperdirect.pressreader.android\" target=\"_blank\" rel=\"noopener\">Android<\/a>, <a href=\"https:\/\/apps.apple.com\/app\/pressreader\/id313904711?amp%253Bmt=8\" target=\"_blank\" rel=\"noopener\">IOS<\/a>) oder am Browser.<br \/>Um die Inhalte nun einsehen zu k\u00f6nnen, m\u00fcssen Sie sich anmelden. W\u00e4hlen Sie den Button Anmelden an, k\u00f6nnen Sie im Anmeldeformular, welches nun aufpoppt, &#8220;Bibliothek und Gruppe&#8221; anw\u00e4hlen. Nun werden Ihnen alle Bibliotheken angezeigt. W\u00e4hlen Sie nun Bibliotheken Schaffhausen an und loggen Sie sich mit Ihrer Benutzernummer und Ihrem Passwort (Tag und Monat Ihres Geburtstages) ein.<br \/>Haben Sie sich erfolgreich eingeloggt, k\u00f6nnen Sie nun Pressreader 30 Tage lang benutzen. Danach m\u00fcssen Sie sich erneut einloggen.<\/p>\n<p>Ben\u00f6tigen Sie mehr Hilfe, hilft Ihnen dieses <a href=\"https:\/\/www.youtube.com\/watch?v=2M1PDwdbYSk\" target=\"_blank\" rel=\"noopener\">Video<\/a> weiter.<\/p>\n<p>[\/et_pb_text][\/et_pb_column][\/et_pb_row][et_pb_row column_structure=&#8221;2_5,3_5&#8243; _builder_version=&#8221;4.16&#8243; _module_preset=&#8221;default&#8221; global_colors_info=&#8221;{}&#8221;][et_pb_column type=&#8221;2_5&#8243; _builder_version=&#8221;4.16&#8243; _module_preset=&#8221;default&#8221; global_colors_info=&#8221;{}&#8221;][et_pb_image src=&#8221;https:\/\/bibliotheken-schaffhausen.ch\/wp-content\/uploads\/2022\/04\/pressreader-2.jpg&#8221; alt=&#8221;Pressreader&#8221; title_text=&#8221;Pressreader&#8221; _builder_version=&#8221;4.16.0&#8243; _module_preset=&#8221;default&#8221; global_colors_info=&#8221;{}&#8221;][\/et_pb_image][\/et_pb_column][et_pb_column type=&#8221;3_5&#8243; _builder_version=&#8221;4.16&#8243; _module_preset=&#8221;default&#8221; global_colors_info=&#8221;{}&#8221;][et_pb_text _builder_version=&#8221;4.16.0&#8243; _module_preset=&#8221;default&#8221; global_colors_info=&#8221;{}&#8221;]<\/p>\n<h3><strong>Wo finde ich mehr Hilfe?<\/strong><\/h3>\n<p>Weitere Hilfe finden Sie unter diesem <a href=\"https:\/\/care.pressreader.com\/hc\/en-us\/articles\/202653389-Find-Your-Free-HotSpot-on-the-Map\" target=\"_blank\" rel=\"noopener\">Link<\/a>.<\/p>\n<p>[\/et_pb_text][\/et_pb_column][\/et_pb_row][et_pb_row admin_label=&#8221;Abstand&#8221; _builder_version=&#8221;4.16&#8243; _module_preset=&#8221;default&#8221; collapsed=&#8221;on&#8221; global_colors_info=&#8221;{}&#8221;][et_pb_column type=&#8221;4_4&#8243; _builder_version=&#8221;4.16&#8243; _module_preset=&#8221;default&#8221; global_colors_info=&#8221;{}&#8221;][\/et_pb_column][\/et_pb_row][et_pb_row admin_label=&#8221;Abstand&#8221; _builder_version=&#8221;4.16&#8243; _module_preset=&#8221;default&#8221; collapsed=&#8221;on&#8221; global_colors_info=&#8221;{}&#8221;][et_pb_column type=&#8221;4_4&#8243; _builder_version=&#8221;4.16&#8243; _module_preset=&#8221;default&#8221; global_colors_info=&#8221;{}&#8221;][\/et_pb_column][\/et_pb_row][\/et_pb_section]<\/p>\n","protected":false},"excerpt":{"rendered":"<p>Pressreader Zu Pressreader Pressreader ist ein digitales Zeitungsportal, welches Ihnen unlimitierten Zugang zu \u00fcber 7&#8217;300 Zeitungen und Zeitschriften in 60 verschiedenen Sprachen bieten. Das Titelangebot beinhaltet die NZZ, Basler Zeitung, [&hellip;]<\/p>\n","protected":false},"author":6,"featured_media":0,"parent":7638,"menu_order":0,"comment_status":"closed","ping_status":"closed","template":"","meta":{"_et_pb_use_builder":"on","_et_pb_old_content":"","_et_gb_content_width":"","footnotes":""},"class_list":["post-9057","page","type-page","status-publish","hentry"],"_links":{"self":[{"href":"https:\/\/bibliotheken-schaffhausen.ch\/de\/wp-json\/wp\/v2\/pages\/9057","targetHints":{"allow":["GET"]}}],"collection":[{"href":"https:\/\/bibliotheken-schaffhausen.ch\/de\/wp-json\/wp\/v2\/pages"}],"about":[{"href":"https:\/\/bibliotheken-schaffhausen.ch\/de\/wp-json\/wp\/v2\/types\/page"}],"author":[{"embeddable":true,"href":"https:\/\/bibliotheken-schaffhausen.ch\/de\/wp-json\/wp\/v2\/users\/6"}],"replies":[{"embeddable":true,"href":"https:\/\/bibliotheken-schaffhausen.ch\/de\/wp-json\/wp\/v2\/comments?post=9057"}],"version-history":[{"count":0,"href":"https:\/\/bibliotheken-schaffhausen.ch\/de\/wp-json\/wp\/v2\/pages\/9057\/revisions"}],"up":[{"embeddable":true,"href":"https:\/\/bibliotheken-schaffhausen.ch\/de\/wp-json\/wp\/v2\/pages\/7638"}],"wp:attachment":[{"href":"https:\/\/bibliotheken-schaffhausen.ch\/de\/wp-json\/wp\/v2\/media?parent=9057"}],"curies":[{"name":"wp","href":"https:\/\/api.w.org\/{rel}","templated":true}]}}