{"id":8995,"date":"2022-04-11T10:10:22","date_gmt":"2022-04-11T08:10:22","guid":{"rendered":"https:\/\/bibliotheken-schaffhausen.ch\/?page_id=8995"},"modified":"2025-07-16T17:46:24","modified_gmt":"2025-07-16T15:46:24","slug":"brockhaus","status":"publish","type":"page","link":"https:\/\/bibliotheken-schaffhausen.ch\/de\/digitale-bibliothek\/e-media\/brockhaus\/","title":{"rendered":"Brockhaus"},"content":{"rendered":"<p>[et_pb_section fb_built=&#8221;1&#8243; _builder_version=&#8221;4.16&#8243; _module_preset=&#8221;default&#8221; global_colors_info=&#8221;{}&#8221;][et_pb_row admin_label=&#8221;Abstand&#8221; _builder_version=&#8221;4.16&#8243; _module_preset=&#8221;default&#8221; collapsed=&#8221;on&#8221; global_colors_info=&#8221;{}&#8221;][et_pb_column type=&#8221;4_4&#8243; _builder_version=&#8221;4.16&#8243; _module_preset=&#8221;default&#8221; global_colors_info=&#8221;{}&#8221;][\/et_pb_column][\/et_pb_row][et_pb_row admin_label=&#8221;Abstand&#8221; _builder_version=&#8221;4.16&#8243; _module_preset=&#8221;default&#8221; collapsed=&#8221;on&#8221; global_colors_info=&#8221;{}&#8221;][et_pb_column type=&#8221;4_4&#8243; _builder_version=&#8221;4.16&#8243; _module_preset=&#8221;default&#8221; global_colors_info=&#8221;{}&#8221;][\/et_pb_column][\/et_pb_row][et_pb_row column_structure=&#8221;1_2,1_2&#8243; admin_label=&#8221;Text&#8221; _builder_version=&#8221;4.16&#8243; _module_preset=&#8221;default&#8221; global_colors_info=&#8221;{}&#8221;][et_pb_column type=&#8221;1_2&#8243; _builder_version=&#8221;4.16&#8243; _module_preset=&#8221;default&#8221; global_colors_info=&#8221;{}&#8221;][et_pb_text _builder_version=&#8221;4.27.4&#8243; _module_preset=&#8221;default&#8221; hover_enabled=&#8221;0&#8243; global_colors_info=&#8221;{}&#8221; sticky_enabled=&#8221;0&#8243;]<\/p>\n<h2>Brockhaus<\/h2>\n<p><a href=\"https:\/\/brockhaus.de\/\" target=\"_blank\" rel=\"noopener\">Zu Brockhaus<\/a><\/p>\n<p>Brockhaus bietet Zugriff auf die digitale Version der renommierten <a href=\"https:\/\/brockhaus.de\/directlink?select=1034&amp;url=\/ecs\/\" target=\"_blank\" rel=\"noopener\">Brockhaus-Enzyklop\u00e4die<\/a>. Den Brockhaus gibt es schon seit dem 18. Jahrhundert. Er bietet als redigiertes und kontrolliertes Lexikon Beschreibungen zu Themen aus dem gesamten Wissensschatz.<\/p>\n<p>Mit den <a href=\"https:\/\/brockhaus.de\/directlink?select=1034&amp;url=https:\/\/training.brockhaus.de\" target=\"_blank\" rel=\"noopener\">Online-Kursen<\/a> kann man niederschwellig seine Sprachkenntnisse aufbessern oder seine Medien- und Informationskompetenzen sch\u00e4rfen.<\/p>\n<p>Das Spezialportal <a href=\"https:\/\/brockhaus.de\/directlink?select=1034&amp;url=\/klima-der-welt\/\" target=\"_blank\" rel=\"noopener\">Klima der Welt<\/a> bietet Material Rund ums Klima und den Klimawandel, pr\u00e4zise und multimedial aufbereitet.<\/p>\n<p>Das <a href=\"https:\/\/brockhaus.de\/directlink?select=1034&amp;url=\/junior\/\" target=\"_blank\" rel=\"noopener\">Kinderlexikon<\/a> ist eines auf Kinder zugeschnittenes Lexikon-Angebot. Eine zug\u00e4ngliche Suche und eine einfache Sprache runden das Angebot ab.<\/p>\n<p>Mit der\u00a0<a href=\"https:\/\/brockhaus.de\/directlink?select=1034&amp;url=https:\/\/training.brockhaus.de\/f3\/material\/1202\" target=\"_blank\" rel=\"noopener\">Entdeckerbox<\/a> \u2013 Recherchieren in der Grundschule lernen Sch\u00fclerinnen und Sch\u00fcler Schritt f\u00fcr Schritt das Recherchieren.<\/p>\n<p>Die beiden Lexika werden durch den sog. &#8220;Plastischen Reader&#8221; auch erg\u00e4nzt. Mit diesem kann man sich den Artikel in verschiedenen Geschwindigkeiten vorlesen lassen, w\u00e4hrend man visuell durch den Vorlesefortschritt begleitet wird.<\/p>\n<h3>Voraussetzungen<\/h3>\n<p>Verf\u00fcgen Sie \u00fcber einen Bibliotheksausweis, k\u00f6nnen Sie die online Bibliothek kostenfrei nutzen. Loggen Sie sich daf\u00fcr mit Ihrer Benutzernummer (Nummer unter Strichcode) und Ihrem Passwort (Tag und Monat Ihres Geburtstags) ein.<\/p>\n<p>[\/et_pb_text][\/et_pb_column][et_pb_column type=&#8221;1_2&#8243; _builder_version=&#8221;4.16&#8243; _module_preset=&#8221;default&#8221; global_colors_info=&#8221;{}&#8221;][et_pb_image src=&#8221;https:\/\/bibliotheken-schaffhausen.ch\/wp-content\/uploads\/2022\/03\/brockhaus.jpg&#8221; alt=&#8221;brockhaus&#8221; title_text=&#8221;brockhaus&#8221; _builder_version=&#8221;4.16&#8243; _module_preset=&#8221;default&#8221; height=&#8221;230px&#8221; custom_padding=&#8221;45px||||false|false&#8221; global_colors_info=&#8221;{}&#8221;][\/et_pb_image][\/et_pb_column][\/et_pb_row][et_pb_row admin_label=&#8221;Text&#8221; _builder_version=&#8221;4.16&#8243; _module_preset=&#8221;default&#8221; global_colors_info=&#8221;{}&#8221;][et_pb_column type=&#8221;4_4&#8243; _builder_version=&#8221;4.16&#8243; _module_preset=&#8221;default&#8221; global_colors_info=&#8221;{}&#8221;][et_pb_text _builder_version=&#8221;4.19.4&#8243; _module_preset=&#8221;default&#8221; global_colors_info=&#8221;{}&#8221;]<\/p>\n<p><strong>Wie kann ich auf Brockhaus zugreifen?<\/strong><\/p>\n<p><em>Zugriff \u00fcber den PC oder Laptop<\/em><\/p>\n<p>Loggen Sie sich mit Ihrem Bibliotheksausweis und Ihrem Passwort ein.<\/p>\n<p><em>Zugriff mit dem Tablet oder Smartphone<\/em><\/p>\n<p>Laden Sie sich die App (<a href=\"https:\/\/play.google.com\/store\/apps\/details?id=de.brockhaus.wissen&amp;hl=de_CH&amp;gl=US\" target=\"_blank\" rel=\"noopener\">Android<\/a>) auf ihr Tablet oder Smartphone. Loggen Sie sich mit Ihrem Bibliotheksausweis und Ihrem Passwort unter &#8220;Login mit Bibliotheksausweis&#8221; ein.<\/p>\n<h4>Brockhaus in der Bibliothek<\/h4>\n<p>Befinden Sie sich in der Bibliothek mit ihrem eigenen Ger\u00e4t, k\u00f6nnen Sie Brockhaus via Hotspot nutzen.<br \/>Verbinden Sie sich daf\u00fcr mit dem WiFi der Bibliothek.<\/p>\n<h3><strong>Wo finde ich mehr Hilfe?<\/strong><\/h3>\n<p>Mehr Hilfe finden Sie in folgendem <a href=\"https:\/\/faq.brockhaus.de\/category\/brockhaus-fur-bibliotheken\/\" target=\"_blank\" rel=\"noopener\">FaQ<\/a>.<\/p>\n<p>[\/et_pb_text][\/et_pb_column][\/et_pb_row][et_pb_row admin_label=&#8221;Abstand&#8221; _builder_version=&#8221;4.16&#8243; _module_preset=&#8221;default&#8221; collapsed=&#8221;on&#8221; global_colors_info=&#8221;{}&#8221;][et_pb_column type=&#8221;4_4&#8243; _builder_version=&#8221;4.16&#8243; _module_preset=&#8221;default&#8221; global_colors_info=&#8221;{}&#8221;][\/et_pb_column][\/et_pb_row][et_pb_row admin_label=&#8221;Abstand&#8221; _builder_version=&#8221;4.16&#8243; _module_preset=&#8221;default&#8221; collapsed=&#8221;on&#8221; global_colors_info=&#8221;{}&#8221;][et_pb_column type=&#8221;4_4&#8243; _builder_version=&#8221;4.16&#8243; _module_preset=&#8221;default&#8221; global_colors_info=&#8221;{}&#8221;][\/et_pb_column][\/et_pb_row][\/et_pb_section]<\/p>\n","protected":false},"excerpt":{"rendered":"<p>Brockhaus Zu Brockhaus Brockhaus bietet Zugriff auf die digitale Version der renommierten Brockhaus-Enzyklop\u00e4die. Den Brockhaus gibt es schon seit dem 18. Jahrhundert. Er bietet als redigiertes und kontrolliertes Lexikon Beschreibungen [&hellip;]<\/p>\n","protected":false},"author":6,"featured_media":0,"parent":7638,"menu_order":0,"comment_status":"closed","ping_status":"closed","template":"","meta":{"_et_pb_use_builder":"on","_et_pb_old_content":"","_et_gb_content_width":"","footnotes":""},"class_list":["post-8995","page","type-page","status-publish","hentry"],"_links":{"self":[{"href":"https:\/\/bibliotheken-schaffhausen.ch\/de\/wp-json\/wp\/v2\/pages\/8995","targetHints":{"allow":["GET"]}}],"collection":[{"href":"https:\/\/bibliotheken-schaffhausen.ch\/de\/wp-json\/wp\/v2\/pages"}],"about":[{"href":"https:\/\/bibliotheken-schaffhausen.ch\/de\/wp-json\/wp\/v2\/types\/page"}],"author":[{"embeddable":true,"href":"https:\/\/bibliotheken-schaffhausen.ch\/de\/wp-json\/wp\/v2\/users\/6"}],"replies":[{"embeddable":true,"href":"https:\/\/bibliotheken-schaffhausen.ch\/de\/wp-json\/wp\/v2\/comments?post=8995"}],"version-history":[{"count":2,"href":"https:\/\/bibliotheken-schaffhausen.ch\/de\/wp-json\/wp\/v2\/pages\/8995\/revisions"}],"predecessor-version":[{"id":14177,"href":"https:\/\/bibliotheken-schaffhausen.ch\/de\/wp-json\/wp\/v2\/pages\/8995\/revisions\/14177"}],"up":[{"embeddable":true,"href":"https:\/\/bibliotheken-schaffhausen.ch\/de\/wp-json\/wp\/v2\/pages\/7638"}],"wp:attachment":[{"href":"https:\/\/bibliotheken-schaffhausen.ch\/de\/wp-json\/wp\/v2\/media?parent=8995"}],"curies":[{"name":"wp","href":"https:\/\/api.w.org\/{rel}","templated":true}]}}