{"id":8977,"date":"2022-04-11T10:26:06","date_gmt":"2022-04-11T08:26:06","guid":{"rendered":"https:\/\/bibliotheken-schaffhausen.ch\/?page_id=8977"},"modified":"2024-12-13T13:54:39","modified_gmt":"2024-12-13T12:54:39","slug":"freegal","status":"publish","type":"page","link":"https:\/\/bibliotheken-schaffhausen.ch\/de\/digitale-bibliothek\/e-media\/freegal\/","title":{"rendered":"Freegal"},"content":{"rendered":"<p>[et_pb_section fb_built=&#8221;1&#8243; _builder_version=&#8221;4.16&#8243; _module_preset=&#8221;default&#8221; global_colors_info=&#8221;{}&#8221;][et_pb_row admin_label=&#8221;Abstand&#8221; _builder_version=&#8221;4.16&#8243; _module_preset=&#8221;default&#8221; collapsed=&#8221;on&#8221; global_colors_info=&#8221;{}&#8221;][et_pb_column type=&#8221;4_4&#8243; _builder_version=&#8221;4.16&#8243; _module_preset=&#8221;default&#8221; global_colors_info=&#8221;{}&#8221;][\/et_pb_column][\/et_pb_row][et_pb_row admin_label=&#8221;Text&#8221; _builder_version=&#8221;4.16&#8243; _module_preset=&#8221;default&#8221; global_colors_info=&#8221;{}&#8221;][et_pb_column type=&#8221;4_4&#8243; _builder_version=&#8221;4.16&#8243; _module_preset=&#8221;default&#8221; global_colors_info=&#8221;{}&#8221;][et_pb_text _builder_version=&#8221;4.25.2&#8243; _module_preset=&#8221;default&#8221; global_colors_info=&#8221;{}&#8221;]<\/p>\n<h2>Freegal Music +<\/h2>\n<p><a href=\"https:\/\/schaffhausen.freegalmusic.com\/home\" target=\"_blank\" rel=\"noopener\">Zu Freegal Music+<\/a><\/p>\n<p>Auf Freegal Music+ finden Sie \u00fcber 18 Mio. Musiktitel und eine grosse Auswahl an <a href=\"https:\/\/schaffhausen.freegalmusic.com\/genre-detail\/Wort%252FH%25C3%25B6rspiele\" target=\"_blank\" rel=\"noopener\">H\u00f6rb\u00fcchern und H\u00f6rspielen f\u00fcr Kinder und Erwachsene<\/a>. Die Inhalte stammen von \u00fcber 93&#8217;000 verschiedenen Musiklabels weltweit, unter anderem von Sony Music Entertainment.<br \/>Der Katalog ist dabei in verschiedene Kategorien wie beispielsweise Genres, Trends und Neuerscheinungen unterteilt. Sie k\u00f6nnen eigene Playlists erstellen oder bereits fertige h\u00f6ren.<\/p>\n<p>Sie k\u00f6nnen unlimitiert streamen und f\u00fcnf Titel pro Woche kostenlos herunterladen.<br \/>Beim Herunterladen wird die Datei im MP3-Format dauerhaft auf Ihrem Ger\u00e4t abgespeichert.<\/p>\n<h3>Voraussetzungen<\/h3>\n<p>Verf\u00fcgen Sie \u00fcber einen Bibliotheksausweis, k\u00f6nnen Sie die online Bibliothek kostenfrei nutzen. Loggen Sie sich daf\u00fcr mit Ihrer Benutzernummer (Nummer unter Strichcode) und Ihrem Passwort ein.<\/p>\n<h3>Wie kann ich auf Freegal Music+ zugreifen?<\/h3>\n<h4>Zugriff \u00fcber den PC oder Laptop<\/h4>\n<p>Sie k\u00f6nnen Freegal Music+ direkt am <a href=\"https:\/\/schaffhausen.freegalmusic.com\/home\" target=\"_blank\" rel=\"noopener\">Browser<\/a> nutzen und Musik, wie auch H\u00f6rb\u00fccher streamen, sowie herunterladen.<\/p>\n<h4>Zugriff mit dem Tablet oder Smartphone<\/h4>\n<p>Am Tablet oder Smartphone k\u00f6nnen Sie Freegal Music+ \u00fcber deren gleichnamige App (<a href=\"https:\/\/play.google.com\/store\/apps\/details?id=com.libraryideas.freegalmusic&amp;hl=de_CH&amp;gl=US\" target=\"_blank\" rel=\"noopener\">Android<\/a>, <a href=\"https:\/\/apps.apple.com\/ch\/app\/freegal-music\/id508036345\" target=\"_blank\" rel=\"noopener\">IOS<\/a>) nutzen. Dabei stehen Ihnen alle Funktionen zur Verf\u00fcgung.<\/p>\n<p>[\/et_pb_text][\/et_pb_column][\/et_pb_row][et_pb_row _builder_version=&#8221;4.16&#8243; _module_preset=&#8221;default&#8221; global_colors_info=&#8221;{}&#8221;][et_pb_column type=&#8221;4_4&#8243; _builder_version=&#8221;4.16&#8243; _module_preset=&#8221;default&#8221; global_colors_info=&#8221;{}&#8221;][et_pb_text _builder_version=&#8221;4.19.4&#8243; _module_preset=&#8221;default&#8221; global_colors_info=&#8221;{}&#8221;]<\/p>\n<h3><strong>Wo finde ich mehr Hilfe?<\/strong><\/h3>\n<p>Weitere Informationen finden Sie in diesem <a href=\"https:\/\/www.freegalmusic.com\/faq\" target=\"_blank\" rel=\"noopener\">FaQ<\/a>.<\/p>\n<p>[\/et_pb_text][\/et_pb_column][\/et_pb_row][\/et_pb_section][et_pb_section fb_built=&#8221;1&#8243; _builder_version=&#8221;4.25.2&#8243; _module_preset=&#8221;default&#8221; global_colors_info=&#8221;{}&#8221;][et_pb_row _builder_version=&#8221;4.25.2&#8243; _module_preset=&#8221;default&#8221; global_colors_info=&#8221;{}&#8221;][et_pb_column type=&#8221;4_4&#8243; _builder_version=&#8221;4.25.2&#8243; _module_preset=&#8221;default&#8221; global_colors_info=&#8221;{}&#8221;][et_pb_image src=&#8221;https:\/\/bibliotheken-schaffhausen.ch\/wp-content\/uploads\/2024\/06\/web-banner-2-red-1920&#215;1080-1.jpg&#8221; _builder_version=&#8221;4.25.2&#8243; _module_preset=&#8221;default&#8221; module_alignment=&#8221;left&#8221; min_height=&#8221;461px&#8221; height=&#8221;352px&#8221; max_height=&#8221;534px&#8221; global_colors_info=&#8221;{}&#8221;][\/et_pb_image][\/et_pb_column][\/et_pb_row][\/et_pb_section]<\/p>\n","protected":false},"excerpt":{"rendered":"<p>Freegal Music + Zu Freegal Music+ Auf Freegal Music+ finden Sie \u00fcber 18 Mio. Musiktitel und eine grosse Auswahl an H\u00f6rb\u00fcchern und H\u00f6rspielen f\u00fcr Kinder und Erwachsene. Die Inhalte stammen [&hellip;]<\/p>\n","protected":false},"author":6,"featured_media":0,"parent":7638,"menu_order":0,"comment_status":"closed","ping_status":"closed","template":"","meta":{"_et_pb_use_builder":"on","_et_pb_old_content":"","_et_gb_content_width":"","footnotes":""},"class_list":["post-8977","page","type-page","status-publish","hentry"],"_links":{"self":[{"href":"https:\/\/bibliotheken-schaffhausen.ch\/de\/wp-json\/wp\/v2\/pages\/8977","targetHints":{"allow":["GET"]}}],"collection":[{"href":"https:\/\/bibliotheken-schaffhausen.ch\/de\/wp-json\/wp\/v2\/pages"}],"about":[{"href":"https:\/\/bibliotheken-schaffhausen.ch\/de\/wp-json\/wp\/v2\/types\/page"}],"author":[{"embeddable":true,"href":"https:\/\/bibliotheken-schaffhausen.ch\/de\/wp-json\/wp\/v2\/users\/6"}],"replies":[{"embeddable":true,"href":"https:\/\/bibliotheken-schaffhausen.ch\/de\/wp-json\/wp\/v2\/comments?post=8977"}],"version-history":[{"count":5,"href":"https:\/\/bibliotheken-schaffhausen.ch\/de\/wp-json\/wp\/v2\/pages\/8977\/revisions"}],"predecessor-version":[{"id":13211,"href":"https:\/\/bibliotheken-schaffhausen.ch\/de\/wp-json\/wp\/v2\/pages\/8977\/revisions\/13211"}],"up":[{"embeddable":true,"href":"https:\/\/bibliotheken-schaffhausen.ch\/de\/wp-json\/wp\/v2\/pages\/7638"}],"wp:attachment":[{"href":"https:\/\/bibliotheken-schaffhausen.ch\/de\/wp-json\/wp\/v2\/media?parent=8977"}],"curies":[{"name":"wp","href":"https:\/\/api.w.org\/{rel}","templated":true}]}}