{"id":8848,"date":"2022-04-11T10:25:10","date_gmt":"2022-04-11T08:25:10","guid":{"rendered":"https:\/\/bibliotheken-schaffhausen.ch\/?page_id=8848"},"modified":"2025-06-12T13:54:33","modified_gmt":"2025-06-12T11:54:33","slug":"dibiost","status":"publish","type":"page","link":"https:\/\/bibliotheken-schaffhausen.ch\/de\/digitale-bibliothek\/e-media\/dibiost\/","title":{"rendered":"Dibiost"},"content":{"rendered":"<p>[et_pb_section fb_built=&#8221;1&#8243; _builder_version=&#8221;4.16&#8243; _module_preset=&#8221;default&#8221; global_colors_info=&#8221;{}&#8221;][et_pb_row admin_label=&#8221;Abstand&#8221; _builder_version=&#8221;4.16&#8243; _module_preset=&#8221;default&#8221; collapsed=&#8221;on&#8221; global_colors_info=&#8221;{}&#8221;][et_pb_column type=&#8221;4_4&#8243; _builder_version=&#8221;4.16&#8243; _module_preset=&#8221;default&#8221; global_colors_info=&#8221;{}&#8221;][\/et_pb_column][\/et_pb_row][et_pb_row admin_label=&#8221;Abstand&#8221; _builder_version=&#8221;4.16&#8243; _module_preset=&#8221;default&#8221; collapsed=&#8221;on&#8221; global_colors_info=&#8221;{}&#8221;][et_pb_column type=&#8221;4_4&#8243; _builder_version=&#8221;4.16&#8243; _module_preset=&#8221;default&#8221; global_colors_info=&#8221;{}&#8221;][\/et_pb_column][\/et_pb_row][et_pb_row column_structure=&#8221;1_2,1_2&#8243; admin_label=&#8221;Text&#8221; _builder_version=&#8221;4.16&#8243; _module_preset=&#8221;default&#8221; global_colors_info=&#8221;{}&#8221;][et_pb_column type=&#8221;1_2&#8243; _builder_version=&#8221;4.16&#8243; _module_preset=&#8221;default&#8221; global_colors_info=&#8221;{}&#8221;][et_pb_text _builder_version=&#8221;4.27.4&#8243; _module_preset=&#8221;default&#8221; hover_enabled=&#8221;0&#8243; global_colors_info=&#8221;{}&#8221; sticky_enabled=&#8221;0&#8243;]<\/p>\n<h2>Dibiost<\/h2>\n<p><a href=\"https:\/\/dibiost.onleihe.com\/dibiost\/frontend\/welcome,51-0-0-100-0-0-1-0-0-0-0.html\" target=\"_blank\" rel=\"noopener\">Zu Dibiost<\/a><\/p>\n<p>In der Digitalen Bibliothek Ostschweiz sind \u00fcber 200 Bibliotheken zu einem E-Medien-Verbund vertreten. Das digitale Angebot bietet Ihnen knapp 42\u2019000 elektronische Medien. Darunter finden sich E-Books, E-Audio, E-Music und digitale Zeitungen \/ Zeitschriften.<br \/>E-Books und digitale Zeitschriften k\u00f6nnen Sie als EPub oder PDF auf ihr eigenes Ger\u00e4t herunterladen. Darunter finden sich Sachmedien und Belletristik f\u00fcr Erwachsene, sowie Kinder und Jugendliche. Unter den Zeitungen befinden sich Titel wie die NZZ, Thurgauer Zeitung und die S\u00fcddeutsche Zeitung. Ausserdem gibt es Zeitschriften wie beispielsweise die Schweizerische Landliebe, Brigitte, Focus und viele mehr.<br \/>In der Kategorie E-Audio stehen \u00fcber 8500 H\u00f6rb\u00fccher bereit zur Ausleihe.<\/p>\n<h3>Voraussetzungen<\/h3>\n<p>Verf\u00fcgen Sie \u00fcber einen Bibliotheksausweis, k\u00f6nnen Sie die online Bibliothek kostenfrei nutzen. Loggen Sie sich daf\u00fcr mit Ihrer Benutzernummer (Nummer unter Strichcode) und Ihrem Passwort (Tag und Monat Ihres Geburtstags) ein.<\/p>\n<h3>Unsere Empfehlung<\/h3>\n<p>Grunds\u00e4tzlich empfehlen wir die Benutzung von Smart Devices (Smartphone, Tablet) mit der Onleihe-App. Ist ein E-Reader gew\u00fcnscht, so empfehlen wir das aktuelle PocketBook. F\u00fcr dieses Produkt l\u00e4sst sich die PocketBook Reader-App installieren, was die Benutzung sehr verbessert.<\/p>\n<p>[\/et_pb_text][\/et_pb_column][et_pb_column type=&#8221;1_2&#8243; _builder_version=&#8221;4.16&#8243; _module_preset=&#8221;default&#8221; global_colors_info=&#8221;{}&#8221;][et_pb_image src=&#8221;https:\/\/bibliotheken-schaffhausen.ch\/wp-content\/uploads\/2022\/03\/dibiost.png&#8221; alt=&#8221;Die Onleihe ist nutzbar am PC\/Laptop, Tablet\/Smartphone oder E-Reader.&#8221; title_text=&#8221;Dibiost&#8221; _builder_version=&#8221;4.16&#8243; _module_preset=&#8221;default&#8221; height=&#8221;230px&#8221; custom_padding=&#8221;45px||||false|false&#8221; global_colors_info=&#8221;{}&#8221;][\/et_pb_image][\/et_pb_column][\/et_pb_row][et_pb_row admin_label=&#8221;Text&#8221; _builder_version=&#8221;4.16&#8243; _module_preset=&#8221;default&#8221; global_colors_info=&#8221;{}&#8221;][et_pb_column type=&#8221;4_4&#8243; _builder_version=&#8221;4.16&#8243; _module_preset=&#8221;default&#8221; global_colors_info=&#8221;{}&#8221;][et_pb_text _builder_version=&#8221;4.16.0&#8243; _module_preset=&#8221;default&#8221; hover_enabled=&#8221;0&#8243; global_colors_info=&#8221;{}&#8221; sticky_enabled=&#8221;0&#8243;]<\/p>\n<h3><strong>Wie kann ich auf die Digitale Bibliothek zugreifen?<\/strong><\/h3>\n<p>Sie k\u00f6nnen die Dibiost auf dem PC, Laptop oder einem mobilen Endger\u00e4t wie Tablet, Smartphone oder E-Book-Reader nutzen.<\/p>\n<p>&nbsp;<\/p>\n<h3><strong>Ausleihe elektronischer Medien<\/strong><\/h3>\n<h4>Zugriff \u00fcber den PC oder Laptop<\/h4>\n<p>Mit dem <a href=\"https:\/\/reader.onleihe.de\/#\/books\" target=\"_blank\" rel=\"noopener\">Onleihe:reader<\/a> k\u00f6nnen E-Books, Zeitungen und Zeitschriften am PC\/Laptop gelesen werden, und zwar direkt im Browser.<br \/>Das Lesen mit dem Onleihe:reader wird Ihnen in diesem <a href=\"https:\/\/hilfe.onleihe.de\/category\/oap#expand-MedienausleihenundimOnleihereaderffnen\" target=\"_blank\" rel=\"noopener\">Artikel<\/a> n\u00e4hergebracht.<br \/>Dieses Video bringt Ihnen das Streaming von eAudios und eVideos n\u00e4her.\u00a0<\/p>\n<h4>Zugriff mit dem Tablet oder Smartphone<\/h4>\n<p>Laden Sie sich die Onleihe-App (<a href=\"https:\/\/play.google.com\/store\/apps\/details?id=de.etecture.ekz.onleihe&amp;hl=de_CH&amp;gl=US\" target=\"_blank\" rel=\"noopener\">Android<\/a>,\u00a0<a href=\"https:\/\/apps.apple.com\/ch\/app\/onleihe\/id422554835\" target=\"_blank\" rel=\"noopener\">IOS<\/a>) auf ihr Tablet oder Smartphone. Mit der Installation k\u00f6nnen Sie alle e-Medienarten nutzen.\u00a0<\/p>\n<h4>Zugriff mit dem E-Book-Reader<\/h4>\n<p>Sie k\u00f6nnen die Dibiost auch auf Ihrem E-Book-Reader nutzen. Wie sie das angehen, erkl\u00e4rt ihr dieser <a href=\"https:\/\/hilfe.onleihe.de\/category\/er\" target=\"_blank\" rel=\"noopener\">Artikel<\/a>.<\/p>\n<p>[\/et_pb_text][\/et_pb_column][\/et_pb_row][et_pb_row column_structure=&#8221;2_5,3_5&#8243; _builder_version=&#8221;4.16&#8243; _module_preset=&#8221;default&#8221; global_colors_info=&#8221;{}&#8221;][et_pb_column type=&#8221;2_5&#8243; _builder_version=&#8221;4.16&#8243; _module_preset=&#8221;default&#8221; global_colors_info=&#8221;{}&#8221;][et_pb_image src=&#8221;https:\/\/bibliotheken-schaffhausen.ch\/wp-content\/uploads\/2022\/03\/ebook-scaled.jpg&#8221; alt=&#8221;eBook&#8221; title_text=&#8221;ebook&#8221; _builder_version=&#8221;4.16&#8243; _module_preset=&#8221;default&#8221; global_colors_info=&#8221;{}&#8221;][\/et_pb_image][\/et_pb_column][et_pb_column type=&#8221;3_5&#8243; _builder_version=&#8221;4.16&#8243; _module_preset=&#8221;default&#8221; global_colors_info=&#8221;{}&#8221;][et_pb_text _builder_version=&#8221;4.23.1&#8243; _module_preset=&#8221;default&#8221; hover_enabled=&#8221;0&#8243; global_colors_info=&#8221;{}&#8221; sticky_enabled=&#8221;0&#8243;]<\/p>\n<h3><strong>Wo finde ich mehr Hilfe?<\/strong><\/h3>\n<p>Bei Fragen ist die <a href=\"https:\/\/hilfe.onleihe.de\/site\/on\" target=\"_blank\" rel=\"noopener\">Hilfeseite<\/a> der Onleihe die erste Anlaufstelle.<br \/>In unserem\u00a0<a href=\"https:\/\/bibliotheken-schaffhausen.ch\/digitale-bibliothek\/erste-hilfe-dibiost\/\">Ersten Hilfe Guide<\/a>\u00a0finden Sie eine Zusammenstellung von beantworteten Kundenfragen.<br \/>Weitere Video-Anleitungen, die Ihnen die Nutzung der Onleihe Schritt f\u00fcr Schritt erl\u00e4utern, finden Sie auf dem Youtube-Kanal der\u00a0<a href=\"https:\/\/www.youtube.com\/channel\/UCCgPCDGuRDKZicjojwOX_mQ\/videos\" target=\"_blank\" rel=\"noopener\">Dibiost<\/a>.<\/p>\n<p>[\/et_pb_text][\/et_pb_column][\/et_pb_row][et_pb_row admin_label=&#8221;Abstand&#8221; _builder_version=&#8221;4.16&#8243; _module_preset=&#8221;default&#8221; collapsed=&#8221;on&#8221; global_colors_info=&#8221;{}&#8221;][et_pb_column type=&#8221;4_4&#8243; _builder_version=&#8221;4.16&#8243; _module_preset=&#8221;default&#8221; global_colors_info=&#8221;{}&#8221;][\/et_pb_column][\/et_pb_row][et_pb_row admin_label=&#8221;Abstand&#8221; _builder_version=&#8221;4.16&#8243; _module_preset=&#8221;default&#8221; collapsed=&#8221;on&#8221; global_colors_info=&#8221;{}&#8221;][et_pb_column type=&#8221;4_4&#8243; _builder_version=&#8221;4.16&#8243; _module_preset=&#8221;default&#8221; global_colors_info=&#8221;{}&#8221;][\/et_pb_column][\/et_pb_row][\/et_pb_section]<\/p>\n","protected":false},"excerpt":{"rendered":"<p>Dibiost Zu Dibiost In der Digitalen Bibliothek Ostschweiz sind \u00fcber 200 Bibliotheken zu einem E-Medien-Verbund vertreten. Das digitale Angebot bietet Ihnen knapp 42\u2019000 elektronische Medien. Darunter finden sich E-Books, E-Audio, [&hellip;]<\/p>\n","protected":false},"author":6,"featured_media":0,"parent":7638,"menu_order":0,"comment_status":"closed","ping_status":"closed","template":"","meta":{"_et_pb_use_builder":"on","_et_pb_old_content":"","_et_gb_content_width":"","footnotes":""},"class_list":["post-8848","page","type-page","status-publish","hentry"],"_links":{"self":[{"href":"https:\/\/bibliotheken-schaffhausen.ch\/de\/wp-json\/wp\/v2\/pages\/8848","targetHints":{"allow":["GET"]}}],"collection":[{"href":"https:\/\/bibliotheken-schaffhausen.ch\/de\/wp-json\/wp\/v2\/pages"}],"about":[{"href":"https:\/\/bibliotheken-schaffhausen.ch\/de\/wp-json\/wp\/v2\/types\/page"}],"author":[{"embeddable":true,"href":"https:\/\/bibliotheken-schaffhausen.ch\/de\/wp-json\/wp\/v2\/users\/6"}],"replies":[{"embeddable":true,"href":"https:\/\/bibliotheken-schaffhausen.ch\/de\/wp-json\/wp\/v2\/comments?post=8848"}],"version-history":[{"count":2,"href":"https:\/\/bibliotheken-schaffhausen.ch\/de\/wp-json\/wp\/v2\/pages\/8848\/revisions"}],"predecessor-version":[{"id":14031,"href":"https:\/\/bibliotheken-schaffhausen.ch\/de\/wp-json\/wp\/v2\/pages\/8848\/revisions\/14031"}],"up":[{"embeddable":true,"href":"https:\/\/bibliotheken-schaffhausen.ch\/de\/wp-json\/wp\/v2\/pages\/7638"}],"wp:attachment":[{"href":"https:\/\/bibliotheken-schaffhausen.ch\/de\/wp-json\/wp\/v2\/media?parent=8848"}],"curies":[{"name":"wp","href":"https:\/\/api.w.org\/{rel}","templated":true}]}}