{"id":8811,"date":"2022-04-11T10:25:43","date_gmt":"2022-04-11T08:25:43","guid":{"rendered":"https:\/\/bibliotheken-schaffhausen.ch\/?page_id=8811"},"modified":"2025-12-31T09:59:53","modified_gmt":"2025-12-31T08:59:53","slug":"filmfriend","status":"publish","type":"page","link":"https:\/\/bibliotheken-schaffhausen.ch\/de\/digitale-bibliothek\/e-media\/filmfriend\/","title":{"rendered":"Filmfriend"},"content":{"rendered":"<p>[et_pb_section fb_built=&#8221;1&#8243; _builder_version=&#8221;4.16&#8243; _module_preset=&#8221;default&#8221; global_colors_info=&#8221;{}&#8221;][et_pb_row admin_label=&#8221;Abstand&#8221; _builder_version=&#8221;4.16&#8243; _module_preset=&#8221;default&#8221; collapsed=&#8221;on&#8221; global_colors_info=&#8221;{}&#8221;][et_pb_column type=&#8221;4_4&#8243; _builder_version=&#8221;4.16&#8243; _module_preset=&#8221;default&#8221; global_colors_info=&#8221;{}&#8221;][\/et_pb_column][\/et_pb_row][et_pb_row admin_label=&#8221;Abstand&#8221; _builder_version=&#8221;4.16&#8243; _module_preset=&#8221;default&#8221; collapsed=&#8221;on&#8221; global_colors_info=&#8221;{}&#8221;][et_pb_column type=&#8221;4_4&#8243; _builder_version=&#8221;4.16&#8243; _module_preset=&#8221;default&#8221; global_colors_info=&#8221;{}&#8221;][\/et_pb_column][\/et_pb_row][et_pb_row column_structure=&#8221;1_2,1_2&#8243; admin_label=&#8221;Text&#8221; _builder_version=&#8221;4.16&#8243; _module_preset=&#8221;default&#8221; global_colors_info=&#8221;{}&#8221;][et_pb_column type=&#8221;1_2&#8243; _builder_version=&#8221;4.16&#8243; _module_preset=&#8221;default&#8221; global_colors_info=&#8221;{}&#8221;][et_pb_text _builder_version=&#8221;4.17.0&#8243; _module_preset=&#8221;default&#8221; global_colors_info=&#8221;{}&#8221;]<\/p>\n<h2>Filmfriend<\/h2>\n<p><a href=\"https:\/\/www.filmfriend.ch\/de\/home\" target=\"_blank\" rel=\"noopener\">Zu Filmfriend<\/a><\/p>\n<p>\u200bMit Filmfriend bieten wir Ihnen ein Streamingportal mit Dokumentationen, Spielfilme und Serien abseits der ausgetretenen Pfade. Es sind cineastische Perlen und ein breites Angebot f\u00fcr die ganze Familie zu entdecken.<br \/>Zurzeit stehen Ihnen rund 3&#8217;500 Titel zur Verf\u00fcgung. J\u00e4hrlich soll das Angebot um etwa 300 Filme und Serien erweitert werden.<br \/>Dieses ist dabei in verschiedene Kategorien aufgeteilt: Filme &amp; Serien, Kollektionen, Dokumentationen und Kids.<br \/>Unter den Kategorien Filme &amp; Serien, sowie Dokumentationen finden Sie Inhalte f\u00fcr Erwachsene.<br \/>Die von Filmfriend kuratierten Themen-Kollektionen dienen dabei als Orientierungshilfe durch das Angebot.<br \/>Filme und Serien der Kids-Sektion sind mit p\u00e4dagogisch fundierten Altersempfehlungen versehen und durch 35 Rubriken gut \u00fcberschaubar.<\/p>\n<h3>Voraussetzungen<\/h3>\n<p>Verf\u00fcgen Sie \u00fcber einen Bibliotheksausweis, k\u00f6nnen Sie die online Bibliothek kostenfrei nutzen. Loggen Sie sich daf\u00fcr mit Ihrer Benutzernummer (Nummer unter Strichcode) und Ihrem Passwort (Tag und Monat Ihres Geburtstags) ein.<\/p>\n<p>[\/et_pb_text][et_pb_text _builder_version=&#8221;4.27.5&#8243; _module_preset=&#8221;default&#8221; hover_enabled=&#8221;0&#8243; global_colors_info=&#8221;{}&#8221; sticky_enabled=&#8221;0&#8243;]<\/p>\n<h3><strong>Wie kann ich auf Filmfriend zugreifen?<\/strong><\/h3>\n<h4>Zugriff \u00fcber den PC oder Laptop<\/h4>\n<p>Am PC\/Laptop k\u00f6nnen Sie Filme direkt am Browser streamen. \u00d6ffnen Sie daf\u00fcr Ihren Browser und gehen Sie auf die Seite <a href=\"http:\/\/www.filmfriend.ch\" target=\"_blank\" rel=\"noopener\">www.filmfriend.ch<\/a>.<\/p>\n<h4>Zugriff mit dem Tablet oder Smartphone<\/h4>\n<p>Auf dem Handy oder Tablet k\u00f6nnen sie mithilfe der App auf Filmfriend zugreifen (<a href=\"https:\/\/play.google.com\/store\/apps\/details?hl=de&amp;id=de.filmfriend\" target=\"_blank\" rel=\"noopener\">Android<\/a>, <a href=\"https:\/\/apps.apple.com\/ch\/app\/filmfriend\/id1359787175\" target=\"_blank\" rel=\"noopener\">IOS<\/a>). Nebst dem Streamen von Filmen, k\u00f6nnen Sie zudem Filme herunterladen und f\u00fcr 30 Tage offline schauen.<\/p>\n<h4>Zugriff \u00fcber den Fernseher<\/h4>\n<p>Das Streamen von Filmen und Serien auf Filmfriend ist ausserdem auf dem Fernseher m\u00f6glich.<\/p>\n<p>&nbsp;<\/p>\n<p>In diesem <a href=\"https:\/\/www.filmfriend.de\/de\/help-and-devices\" target=\"_blank\" rel=\"noopener\">Hilfe-Guide<\/a> finden Sie Informationen, welche Ger\u00e4te kompatibel sind.<\/p>\n<p>&nbsp;<\/p>\n<h3><strong>Wo finde ich mehr Hilfe?<\/strong><\/h3>\n<p>Bei weiteren Fragen, finden Sie <a href=\"https:\/\/www.filmfriend.de\/de\/frequently-asked-questions\" target=\"_blank\" rel=\"noopener\">hier<\/a> Hilfe.<\/p>\n<p>[\/et_pb_text][\/et_pb_column][et_pb_column type=&#8221;1_2&#8243; _builder_version=&#8221;4.16&#8243; _module_preset=&#8221;default&#8221; global_colors_info=&#8221;{}&#8221;][et_pb_image src=&#8221;https:\/\/bibliotheken-schaffhausen.ch\/wp-content\/uploads\/2022\/03\/2filmfriend-scaled.jpg&#8221; alt=&#8221;Filmfriend&#8221; title_text=&#8221;filmfriend&#8221; _builder_version=&#8221;4.16&#8243; _module_preset=&#8221;default&#8221; height=&#8221;600px&#8221; custom_padding=&#8221;65px||||false|false&#8221; global_colors_info=&#8221;{}&#8221;][\/et_pb_image][\/et_pb_column][\/et_pb_row][et_pb_row admin_label=&#8221;Abstand&#8221; _builder_version=&#8221;4.16&#8243; _module_preset=&#8221;default&#8221; collapsed=&#8221;on&#8221; global_colors_info=&#8221;{}&#8221;][et_pb_column type=&#8221;4_4&#8243; _builder_version=&#8221;4.16&#8243; _module_preset=&#8221;default&#8221; global_colors_info=&#8221;{}&#8221;][\/et_pb_column][\/et_pb_row][et_pb_row admin_label=&#8221;Abstand&#8221; _builder_version=&#8221;4.16&#8243; _module_preset=&#8221;default&#8221; collapsed=&#8221;on&#8221; global_colors_info=&#8221;{}&#8221;][et_pb_column type=&#8221;4_4&#8243; _builder_version=&#8221;4.16&#8243; _module_preset=&#8221;default&#8221; global_colors_info=&#8221;{}&#8221;][\/et_pb_column][\/et_pb_row][\/et_pb_section]<\/p>\n","protected":false},"excerpt":{"rendered":"<p>Filmfriend Zu Filmfriend \u200bMit Filmfriend bieten wir Ihnen ein Streamingportal mit Dokumentationen, Spielfilme und Serien abseits der ausgetretenen Pfade. Es sind cineastische Perlen und ein breites Angebot f\u00fcr die ganze [&hellip;]<\/p>\n","protected":false},"author":6,"featured_media":0,"parent":7638,"menu_order":0,"comment_status":"closed","ping_status":"closed","template":"","meta":{"_et_pb_use_builder":"on","_et_pb_old_content":"","_et_gb_content_width":"","footnotes":""},"class_list":["post-8811","page","type-page","status-publish","hentry"],"_links":{"self":[{"href":"https:\/\/bibliotheken-schaffhausen.ch\/de\/wp-json\/wp\/v2\/pages\/8811","targetHints":{"allow":["GET"]}}],"collection":[{"href":"https:\/\/bibliotheken-schaffhausen.ch\/de\/wp-json\/wp\/v2\/pages"}],"about":[{"href":"https:\/\/bibliotheken-schaffhausen.ch\/de\/wp-json\/wp\/v2\/types\/page"}],"author":[{"embeddable":true,"href":"https:\/\/bibliotheken-schaffhausen.ch\/de\/wp-json\/wp\/v2\/users\/6"}],"replies":[{"embeddable":true,"href":"https:\/\/bibliotheken-schaffhausen.ch\/de\/wp-json\/wp\/v2\/comments?post=8811"}],"version-history":[{"count":1,"href":"https:\/\/bibliotheken-schaffhausen.ch\/de\/wp-json\/wp\/v2\/pages\/8811\/revisions"}],"predecessor-version":[{"id":14652,"href":"https:\/\/bibliotheken-schaffhausen.ch\/de\/wp-json\/wp\/v2\/pages\/8811\/revisions\/14652"}],"up":[{"embeddable":true,"href":"https:\/\/bibliotheken-schaffhausen.ch\/de\/wp-json\/wp\/v2\/pages\/7638"}],"wp:attachment":[{"href":"https:\/\/bibliotheken-schaffhausen.ch\/de\/wp-json\/wp\/v2\/media?parent=8811"}],"curies":[{"name":"wp","href":"https:\/\/api.w.org\/{rel}","templated":true}]}}