{"id":8750,"date":"2022-04-11T10:27:48","date_gmt":"2022-04-11T08:27:48","guid":{"rendered":"https:\/\/bibliotheken-schaffhausen.ch\/?page_id=8750"},"modified":"2025-06-12T13:43:06","modified_gmt":"2025-06-12T11:43:06","slug":"overdrive","status":"publish","type":"page","link":"https:\/\/bibliotheken-schaffhausen.ch\/de\/digitale-bibliothek\/e-media\/overdrive\/","title":{"rendered":"Overdrive"},"content":{"rendered":"<p>[et_pb_section fb_built=&#8221;1&#8243; _builder_version=&#8221;4.16&#8243; _module_preset=&#8221;default&#8221; global_colors_info=&#8221;{}&#8221;][et_pb_row admin_label=&#8221;Abstand&#8221; _builder_version=&#8221;4.16&#8243; _module_preset=&#8221;default&#8221; collapsed=&#8221;on&#8221; global_colors_info=&#8221;{}&#8221;][et_pb_column type=&#8221;4_4&#8243; _builder_version=&#8221;4.16&#8243; _module_preset=&#8221;default&#8221; global_colors_info=&#8221;{}&#8221;][\/et_pb_column][\/et_pb_row][et_pb_row admin_label=&#8221;Abstand&#8221; _builder_version=&#8221;4.16&#8243; _module_preset=&#8221;default&#8221; collapsed=&#8221;on&#8221; global_colors_info=&#8221;{}&#8221;][et_pb_column type=&#8221;4_4&#8243; _builder_version=&#8221;4.16&#8243; _module_preset=&#8221;default&#8221; global_colors_info=&#8221;{}&#8221;][\/et_pb_column][\/et_pb_row][et_pb_row column_structure=&#8221;1_2,1_2&#8243; admin_label=&#8221;Text&#8221; _builder_version=&#8221;4.16&#8243; _module_preset=&#8221;default&#8221; global_colors_info=&#8221;{}&#8221;][et_pb_column type=&#8221;1_2&#8243; _builder_version=&#8221;4.16&#8243; _module_preset=&#8221;default&#8221; global_colors_info=&#8221;{}&#8221;][et_pb_text _builder_version=&#8221;4.17.0&#8243; _module_preset=&#8221;default&#8221; global_colors_info=&#8221;{}&#8221;]<\/p>\n<h2>Overdrive<\/h2>\n<p><a href=\"https:\/\/swiss.overdrive.com\/\" target=\"_blank\" rel=\"noopener\">Zu Overdrive<\/a><\/p>\n<p>Mit Overdrive bieten wir Ihnen Zugang zu \u00fcber 9&#8217;000 englisch-, franz\u00f6sisch- und spanischsprachigen E-Books und E-Audios. Unter den E-Books finden sich Kinder- &amp; Jugend-, sowie Erwachsenenmedien.<br \/>\nDas Angebot an E-Audios umfasst ein wachsendes Angebot von \u00fcber 850 fremdsprachigen H\u00f6rb\u00fccher.<br \/>\nAusserdem finden Sie knapp 4&#8217;000 Zeitschriften auf der Plattform, darunter Guardian Weekly, The Economist, Rolling Stones und viele mehr.<br \/>\nVermissen Sie noch etwas? Sie k\u00f6nnen jederzeit weitere B\u00fccher zu unserer Sammlung hinzuf\u00fcgen, indem Sie uns Titel aus dem umfangreichen Overdrive-Katalog <a href=\"https:\/\/help.overdrive.com\/en-us\/0860.html\">empfehlen<\/a>.<\/p>\n<h3>Voraussetzungen<\/h3>\n<p>Verf\u00fcgen Sie \u00fcber einen Bibliotheksausweis, k\u00f6nnen Sie die online Bibliothek kostenfrei nutzen. Loggen Sie sich daf\u00fcr mit Ihrer Benutzernummer (Nummer unter Strichcode) und Ihrem Passwort (Tag und Monat Ihres Geburtstags) ein.[\/et_pb_text][\/et_pb_column][et_pb_column type=&#8221;1_2&#8243; _builder_version=&#8221;4.16&#8243; _module_preset=&#8221;default&#8221; global_colors_info=&#8221;{}&#8221;][et_pb_image src=&#8221;https:\/\/bibliotheken-schaffhausen.ch\/wp-content\/uploads\/2022\/03\/libby.jpg&#8221; alt=&#8221;Libby&#8221; title_text=&#8221;libby&#8221; _builder_version=&#8221;4.16&#8243; _module_preset=&#8221;default&#8221; height=&#8221;300px&#8221; custom_padding=&#8221;65px||||false|false&#8221; global_colors_info=&#8221;{}&#8221;][\/et_pb_image][\/et_pb_column][\/et_pb_row][et_pb_row admin_label=&#8221;Text&#8221; _builder_version=&#8221;4.16&#8243; _module_preset=&#8221;default&#8221; global_colors_info=&#8221;{}&#8221;][et_pb_column type=&#8221;4_4&#8243; _builder_version=&#8221;4.16&#8243; _module_preset=&#8221;default&#8221; global_colors_info=&#8221;{}&#8221;][et_pb_text _builder_version=&#8221;4.16.0&#8243; _module_preset=&#8221;default&#8221; global_colors_info=&#8221;{}&#8221;]<\/p>\n<h3><strong>Wie kann ich auf Overdrive zugreifen?<\/strong><\/h3>\n<p>Das Angebot von Overdrive Library kann am PC\/Laptop, wie auch am Tablet und Smartphone genutzt werden.<\/p>\n<p>&nbsp;<\/p>\n<h3>Zugriff \u00fcber den PC oder Laptop<\/h3>\n<p>Am PC oder Laptop k\u00f6nnen Sie ausgeliehene E-Books oder E-Audios im Browser lesen, beziehungsweise anh\u00f6ren. Ausserdem gibt es die Option die Medien in EPub-Format, bzw. MP3-Format herunterzuladen und einer entsprechenden Applikation (beispielsweise Adobe Digital Editions) \u00f6ffnen.<\/p>\n<p>&nbsp;<\/p>\n<h4>Zugriff mit dem Tablet oder Smartphone<\/h4>\n<p>Am Tablet und Smartphone k\u00f6nnen Sie Overdrive \u00fcber die App Libby (<a href=\"https:\/\/play.google.com\/store\/apps\/details?id=com.overdrive.mobile.android.libby&amp;hl=de_CH&amp;gl=US\" target=\"_blank\" rel=\"noopener\">Android<\/a>,\u00a0<a href=\"https:\/\/apps.apple.com\/us\/app\/libby-by-overdrive\/id1076402606\" target=\"_blank\" rel=\"noopener\">IOS<\/a>)\u00a0 nutzen. Mit der App haben Sie Zugang auf alle e-Medienarten und k\u00f6nnen diese ganz einfach herunterladen.<\/p>\n<p>&nbsp;<\/p>\n<h4>Zugriff mit dem E-Book-Reader<\/h4>\n<p>Aufgrund Inkompatibilit\u00e4t zum Adobe-DRM und nicht funktionierender Downloadm\u00f6glichkeit raten wir derzeit zum Gebrauch den neueren Tolino-Modellen (2024) mit KOBO-Software ab.\u00a0 Grunds\u00e4tzlich empfehlen wir die Benutzung von Smart Devices (Smartphone, Tablet) mit der Overdrive-App. Ist ein E-Reader gew\u00fcnscht, so empfehlen wir das aktuelle PocketBook. F\u00fcr dieses Produkt l\u00e4sst sich die PocketBook Reader-App installieren, was die Benutzung sehr verbessert.<\/p>\n<p>E-Books k\u00f6nnen Sie ebenfalls auf ihren E-Book-Reader herunterladen. Diese k\u00f6nnen sie direkt im Webbrowser des E-Book-Readers herunterladen. Weitere Informationen finden Sie in dieser <a href=\"https:\/\/help.overdrive.com\/en-us\/0481.html\" target=\"_blank\" rel=\"noopener\">Anleitung<\/a>.<\/p>\n<p>[\/et_pb_text][\/et_pb_column][\/et_pb_row][et_pb_row column_structure=&#8221;2_5,3_5&#8243; _builder_version=&#8221;4.16&#8243; _module_preset=&#8221;default&#8221; global_colors_info=&#8221;{}&#8221;][et_pb_column type=&#8221;2_5&#8243; _builder_version=&#8221;4.16&#8243; _module_preset=&#8221;default&#8221; global_colors_info=&#8221;{}&#8221;][et_pb_image src=&#8221;https:\/\/bibliotheken-schaffhausen.ch\/wp-content\/uploads\/2022\/03\/libby-2.jpg&#8221; alt=&#8221;Libby&#8221; title_text=&#8221;libby&#8221; _builder_version=&#8221;4.16&#8243; _module_preset=&#8221;default&#8221; global_colors_info=&#8221;{}&#8221;][\/et_pb_image][\/et_pb_column][et_pb_column type=&#8221;3_5&#8243; _builder_version=&#8221;4.16&#8243; _module_preset=&#8221;default&#8221; global_colors_info=&#8221;{}&#8221;][et_pb_text _builder_version=&#8221;4.16.0&#8243; _module_preset=&#8221;default&#8221; global_colors_info=&#8221;{}&#8221;]<\/p>\n<h3><strong>Wo finde ich mehr Hilfe?<\/strong><\/h3>\n<p>Unter folgendem <a href=\"https:\/\/help.libbyapp.com\/de-de\/index.htm\" target=\"_blank\" rel=\"noopener\">Link<\/a> gelangen Sie zum Hilfeportal von Libby. Hilfe zu Fragen betreffend Overdrive finden Sie <a href=\"https:\/\/help.overdrive.com\/en-us\/index.htm\" target=\"_blank\" rel=\"noopener\">hier<\/a>. F\u00fcr ihre ersten Schritte mit Overdrive, empfehlen wir Ihnen diesen <a href=\"https:\/\/help.overdrive.com\/en-us\/categories\/getting-started.htm\" target=\"_blank\" rel=\"noopener\">Artikel<\/a>.<\/p>\n<p>[\/et_pb_text][\/et_pb_column][\/et_pb_row][et_pb_row admin_label=&#8221;Abstand&#8221; _builder_version=&#8221;4.16&#8243; _module_preset=&#8221;default&#8221; collapsed=&#8221;on&#8221; global_colors_info=&#8221;{}&#8221;][et_pb_column type=&#8221;4_4&#8243; _builder_version=&#8221;4.16&#8243; _module_preset=&#8221;default&#8221; global_colors_info=&#8221;{}&#8221;][\/et_pb_column][\/et_pb_row][et_pb_row admin_label=&#8221;Abstand&#8221; _builder_version=&#8221;4.16&#8243; _module_preset=&#8221;default&#8221; collapsed=&#8221;on&#8221; global_colors_info=&#8221;{}&#8221;][et_pb_column type=&#8221;4_4&#8243; _builder_version=&#8221;4.16&#8243; _module_preset=&#8221;default&#8221; global_colors_info=&#8221;{}&#8221;][\/et_pb_column][\/et_pb_row][\/et_pb_section]<\/p>\n","protected":false},"excerpt":{"rendered":"<p>Overdrive Zu Overdrive Mit Overdrive bieten wir Ihnen Zugang zu \u00fcber 9&#8217;000 englisch-, franz\u00f6sisch- und spanischsprachigen E-Books und E-Audios. Unter den E-Books finden sich Kinder- &amp; Jugend-, sowie Erwachsenenmedien. Das [&hellip;]<\/p>\n","protected":false},"author":6,"featured_media":0,"parent":7638,"menu_order":0,"comment_status":"closed","ping_status":"closed","template":"","meta":{"_et_pb_use_builder":"on","_et_pb_old_content":"","_et_gb_content_width":"","footnotes":""},"class_list":["post-8750","page","type-page","status-publish","hentry"],"_links":{"self":[{"href":"https:\/\/bibliotheken-schaffhausen.ch\/de\/wp-json\/wp\/v2\/pages\/8750","targetHints":{"allow":["GET"]}}],"collection":[{"href":"https:\/\/bibliotheken-schaffhausen.ch\/de\/wp-json\/wp\/v2\/pages"}],"about":[{"href":"https:\/\/bibliotheken-schaffhausen.ch\/de\/wp-json\/wp\/v2\/types\/page"}],"author":[{"embeddable":true,"href":"https:\/\/bibliotheken-schaffhausen.ch\/de\/wp-json\/wp\/v2\/users\/6"}],"replies":[{"embeddable":true,"href":"https:\/\/bibliotheken-schaffhausen.ch\/de\/wp-json\/wp\/v2\/comments?post=8750"}],"version-history":[{"count":2,"href":"https:\/\/bibliotheken-schaffhausen.ch\/de\/wp-json\/wp\/v2\/pages\/8750\/revisions"}],"predecessor-version":[{"id":14030,"href":"https:\/\/bibliotheken-schaffhausen.ch\/de\/wp-json\/wp\/v2\/pages\/8750\/revisions\/14030"}],"up":[{"embeddable":true,"href":"https:\/\/bibliotheken-schaffhausen.ch\/de\/wp-json\/wp\/v2\/pages\/7638"}],"wp:attachment":[{"href":"https:\/\/bibliotheken-schaffhausen.ch\/de\/wp-json\/wp\/v2\/media?parent=8750"}],"curies":[{"name":"wp","href":"https:\/\/api.w.org\/{rel}","templated":true}]}}