{"id":798,"date":"2019-04-29T16:25:49","date_gmt":"2019-04-29T14:25:49","guid":{"rendered":"https:\/\/bibliotheken-schaffhausen.ch\/?page_id=798"},"modified":"2025-05-15T14:39:48","modified_gmt":"2025-05-15T12:39:48","slug":"historischer-bestand","status":"publish","type":"page","link":"https:\/\/bibliotheken-schaffhausen.ch\/de\/sammlungen\/historischer-bestand\/","title":{"rendered":"Historischer Bestand"},"content":{"rendered":"<p>[et_pb_section fb_built=&#8221;1&#8243; fullwidth=&#8221;on&#8221; admin_label=&#8221;Titelsektion&#8221; _builder_version=&#8221;4.16&#8243; collapsed=&#8221;off&#8221; global_colors_info=&#8221;{}&#8221;][et_pb_fullwidth_image _builder_version=&#8221;4.16&#8243; background_image=&#8221;https:\/\/bibliotheken-schaffhausen.ch\/wp-content\/uploads\/2019\/07\/IMG_1175_mod.jpg&#8221; parallax=&#8221;on&#8221; min_height=&#8221;380px&#8221; global_colors_info=&#8221;{}&#8221;][\/et_pb_fullwidth_image][et_pb_fullwidth_post_title meta=&#8221;off&#8221; featured_image=&#8221;off&#8221; _builder_version=&#8221;4.16&#8243; title_level=&#8221;h2&#8243; title_font=&#8221;|300|||||||&#8221; title_text_align=&#8221;center&#8221; title_text_color=&#8221;#000000&#8243; title_font_size=&#8221;32px&#8221; background_color=&#8221;rgba(246,244,238,0.88)&#8221; custom_margin=&#8221;-66px||||false&#8221; custom_padding=&#8221;12px||12px|&#8221; global_colors_info=&#8221;{}&#8221;][\/et_pb_fullwidth_post_title][\/et_pb_section][et_pb_section fb_built=&#8221;1&#8243; admin_label=&#8221;Historischer Bestand&#8221; module_id=&#8221;ministerialbibliothek&#8221; _builder_version=&#8221;4.27.4&#8243; collapsed=&#8221;off&#8221; global_colors_info=&#8221;{}&#8221;][et_pb_row column_structure=&#8221;1_2,1_2&#8243; _builder_version=&#8221;4.27.4&#8243; collapsed=&#8221;off&#8221; global_colors_info=&#8221;{}&#8221; min_height=&#8221;465.7px&#8221;][et_pb_column type=&#8221;1_2&#8243; _builder_version=&#8221;4.16&#8243; custom_padding=&#8221;|||&#8221; global_colors_info=&#8221;{}&#8221; custom_padding__hover=&#8221;|||&#8221;][et_pb_text _builder_version=&#8221;4.27.4&#8243; global_colors_info=&#8221;{}&#8221; custom_padding=&#8221;||0px|||&#8221;]<\/p>\n<p>Bereits im Mittelalter gab es in Schaffhausen Bibliotheken: im Benediktinerkloster Allerheiligen, im Barf\u00fcsserkloster und in der Pfarrkirche St. Johann. Diese bilden den Grundstock der <a href=\"https:\/\/bibliotheken-schaffhausen.ch\/sammlungen\/ministerialbibliothek\/\">Ministerialbibliothek<\/a>, die in der Stadtbibliothek am M\u00fcnsterplatz aufbewahrt wird. 1636 gr\u00fcndeten initiative B\u00fcrger eine B\u00fcrgerbibliothek. Sie widmete sich den Wissenschaften und K\u00fcnsten. Ihren Sitz hatte sie im Kreuzsaal des ehemaligen Klosters Allerheiligen. Die Sammlung wuchs durch Geschenke und Ank\u00e4ufe kontinuierlich an und integrierte nach und nach auch die Bibliotheken der Lesegesellschaften der Zeit der Aufkl\u00e4rung sowie verschiedene Gesellschafts- und Vereinsbibliotheken. Der historische Bestand der Stadtbibliothek birgt viele Sch\u00e4tze &#8211; eine Auswahl davon ist hier:\u00a0<a href=\"https:\/\/bibliotheken-schaffhausen.ch\/de\/highlights-aus-dem-historischen-bestand\/\" target=\"_blank\" rel=\"noopener\">Beschreibung der Highlights des Historischen Bestandes<\/a> erfasst.<br \/>Die historischen Best\u00e4nde vor 1800 k\u00f6nnen auf Voranmeldung im Lesesaal der Stadtbibliothek eingesehen werden (siehe unten). Bitte beachten Sie die besonderen Bedingungen und <a href=\"https:\/\/bibliotheken-schaffhausen.ch\/wp-content\/uploads\/2020\/06\/Dienstleistungen-Tarife-2023.pdf\">Repro-Tarife<\/a>. Eine wachsende Auswahl Alter Drucke sind auf der Plattform <a href=\"https:\/\/www.e-rara.ch\/sbs\">e-rara<\/a> digitalisiert, mittelalterliche Handschriften auf <a href=\"https:\/\/www.e-codices.unifr.ch\/de\/search\/?iCurrentPage=1&amp;sQueryString=&amp;sSearchField=fullText&amp;iResultsPerPage=20&amp;iCurrentPage=1&amp;sSortField=score&amp;aSelectedFacets%5Bcollection_facet%5D%5B%5D=Schaffhausen%2C+Stadtbibliothek\">e-codices<\/a> und neuzeitliche auf <a href=\"https:\/\/www.e-manuscripta.ch\/sbs?lang=de\">e-manuscripta.<\/a>\u00a0<\/p>\n<p>Einige historische Best\u00e4nde sind aus konservatorischen Gr\u00fcnden nicht zug\u00e4nglich.<\/p>\n<p>[\/et_pb_text][\/et_pb_column][et_pb_column type=&#8221;1_2&#8243; _builder_version=&#8221;4.16&#8243; custom_padding=&#8221;|||&#8221; global_colors_info=&#8221;{}&#8221; custom_padding__hover=&#8221;|||&#8221;][et_pb_image src=&#8221;https:\/\/bibliotheken-schaffhausen.ch\/wp-content\/uploads\/2019\/04\/ministerialbiblio.jpg&#8221; align_tablet=&#8221;center&#8221; align_phone=&#8221;&#8221; align_last_edited=&#8221;on|desktop&#8221; _builder_version=&#8221;4.16&#8243; global_colors_info=&#8221;{}&#8221;][\/et_pb_image][\/et_pb_column][\/et_pb_row][et_pb_row column_structure=&#8221;1_2,1_2&#8243; _builder_version=&#8221;4.22.1&#8243; collapsed=&#8221;off&#8221; global_colors_info=&#8221;{}&#8221;][et_pb_column type=&#8221;1_2&#8243; _builder_version=&#8221;4.22.1&#8243; global_colors_info=&#8221;{}&#8221;][et_pb_button button_url=&#8221;https:\/\/bibliotheken-schaffhausen.ch\/bestellung-historischer-bestaende\/&#8221; url_new_window=&#8221;on&#8221; button_text=&#8221;Bestellformular historische Best\u00e4nde&#8221; _builder_version=&#8221;4.16&#8243; global_colors_info=&#8221;{}&#8221; custom_padding=&#8221;5px|||||&#8221;][\/et_pb_button][\/et_pb_column][et_pb_column type=&#8221;1_2&#8243; _builder_version=&#8221;4.16&#8243; global_colors_info=&#8221;{}&#8221;][\/et_pb_column][\/et_pb_row][\/et_pb_section][et_pb_section fb_built=&#8221;1&#8243; admin_label=&#8221;Mittelalter&#8221; module_id=&#8221;mittelalter&#8221; _builder_version=&#8221;4.16&#8243; background_color=&#8221;#F6F4EE&#8221; collapsed=&#8221;off&#8221; global_colors_info=&#8221;{}&#8221;][et_pb_row _builder_version=&#8221;4.16&#8243; collapsed=&#8221;off&#8221; global_colors_info=&#8221;{}&#8221;][et_pb_column type=&#8221;4_4&#8243; _builder_version=&#8221;4.16&#8243; custom_padding=&#8221;|||&#8221; global_colors_info=&#8221;{}&#8221; custom_padding__hover=&#8221;|||&#8221;][et_pb_text admin_label=&#8221;Mittelalter&#8221; _builder_version=&#8221;4.16&#8243; text_font=&#8221;||||||||&#8221; header_font=&#8221;||||||||&#8221; header_2_font=&#8221;||||||||&#8221; global_colors_info=&#8221;{}&#8221;]<\/p>\n<h1>Mittelalter<\/h1>\n<p>[\/et_pb_text][\/et_pb_column][\/et_pb_row][et_pb_row column_structure=&#8221;1_2,1_2&#8243; _builder_version=&#8221;4.16&#8243; collapsed=&#8221;off&#8221; global_colors_info=&#8221;{}&#8221;][et_pb_column type=&#8221;1_2&#8243; _builder_version=&#8221;4.16&#8243; custom_padding=&#8221;|||&#8221; global_colors_info=&#8221;{}&#8221; custom_padding__hover=&#8221;|||&#8221;][et_pb_image src=&#8221;https:\/\/bibliotheken-schaffhausen.ch\/wp-content\/uploads\/2019\/04\/mittel_hand.jpg&#8221; align_tablet=&#8221;center&#8221; align_phone=&#8221;&#8221; align_last_edited=&#8221;on|desktop&#8221; _builder_version=&#8221;4.16&#8243; global_colors_info=&#8221;{}&#8221;][\/et_pb_image][\/et_pb_column][et_pb_column type=&#8221;1_2&#8243; _builder_version=&#8221;4.16&#8243; custom_padding=&#8221;|||&#8221; global_colors_info=&#8221;{}&#8221; custom_padding__hover=&#8221;|||&#8221;][et_pb_text admin_label=&#8221;Text&#8221; _builder_version=&#8221;4.25.1&#8243; custom_margin=&#8221;||&#8221; custom_padding=&#8221;||34px&#8221; global_colors_info=&#8221;{}&#8221;]<\/p>\n<p>Von herausragender Bedeutung sind die im Kloster Allerheiligen entstandenen Kodizes, die Bestandteil der <a href=\"https:\/\/bibliotheken-schaffhausen.ch\/sammlungen\/ministerialbibliothek\/#mittelalter\">Ministerialbibliothek<\/a> sind.<\/p>\n<p>Die 40 mittelalterlichen Handschriften der Stadtbibliothek stammen aus ganz Europa. Dazu geh\u00f6rt die \u00e4lteste und ber\u00fchmteste in Schaffhausen aufbewahrte Handschrift: die Vita Columbae (Signatur Gen. 1). Sie stammt aus dem schottischen Inselkloster Iona und entstand dort um das Jahr 700. Der Abt des Klosters, Adamnan, erz\u00e4hlt darin von Leben, Prophezeiungen, Wundern und Visionen des Klostergr\u00fcnders und Heiligen Columba (irisch Columcille), der von 519 \/ 522 bis 597 gelebt hatte. Die Handschrift gelangte vor der Mitte des 9. Jahrhunderts nach Nordfrankreich und anschliessend in den Bodenseeraum. Bis 1621 befand sie sich im Besitz des Klosters Reichenau, in Schaffhausen ist sie erstmals 1772 nachgewiesen. Der Schreiber nennt im Kolophon seinen Namen: der sp\u00e4tere Abt Dorbbene (\u2020713). In dem Werk findet sich auch die \u00e4lteste Erw\u00e4hnung des Ungeheuers von Loch Ness. Die zweite weltber\u00fchmte Handschrift der Stadtbibliothek ist das Klosterneuburger Evangelienwerk (Gen. 8), eine mit Federzeichnungen reich bebilderte mittelhochdeutsche \u00dcbersetzung der Evangelien von ca. 1340 aus Nieder\u00f6sterreich.<\/p>\n<p>Unter den Handschriften finden sich sodann u.a. verschiedene Arzneib\u00fccher, eine wahrscheinlich aus dem Besitz der mittelalterlichen Schaffhauser Judengemeinde stammende Tora (Gen. 30, um 1300) und ein Koran des 17. Jahrhunderts aus Persien (Gen. 106). Einige der Handschriften sind auf <a href=\"https:\/\/www.e-codices.unifr.ch\/de\/search\/?iCurrentPage=1&amp;sQueryString=&amp;sSearchField=fullText&amp;sSortField=score&amp;aSelectedFacets[collection_facet][]=Schaffhausen%2C+Stadtbibliothek\" target=\"_blank\" rel=\"noopener noreferrer\">e-codices<\/a> digitalisiert, alle sind beschrieben im <a href=\"https:\/\/doi.org\/10.5281\/zenodo.5705130\">Katalog von Rudolf Gamper.<\/a><\/p>\n<p>[\/et_pb_text][\/et_pb_column][\/et_pb_row][\/et_pb_section][et_pb_section fb_built=&#8221;1&#8243; fullwidth=&#8221;on&#8221; admin_label=&#8221;Sektion&#8221; _builder_version=&#8221;4.16&#8243; collapsed=&#8221;on&#8221; global_colors_info=&#8221;{}&#8221;][et_pb_fullwidth_image _builder_version=&#8221;4.16&#8243; background_image=&#8221;https:\/\/bibliotheken-schaffhausen.ch\/wp-content\/uploads\/2019\/07\/IMG_1174_mod.jpg&#8221; parallax=&#8221;on&#8221; min_height=&#8221;400px&#8221; custom_css_main_element=&#8221;background-position: bottom center;&#8221; global_colors_info=&#8221;{}&#8221;][\/et_pb_fullwidth_image][\/et_pb_section][et_pb_section fb_built=&#8221;1&#8243; admin_label=&#8221;Inkunabeln und Alte Drucke &#8221; module_id=&#8221;inkunabeln&#8221; _builder_version=&#8221;4.16&#8243; collapsed=&#8221;on&#8221; global_colors_info=&#8221;{}&#8221;][et_pb_row _builder_version=&#8221;4.16&#8243; collapsed=&#8221;on&#8221; global_colors_info=&#8221;{}&#8221;][et_pb_column type=&#8221;4_4&#8243; _builder_version=&#8221;4.16&#8243; custom_padding=&#8221;|||&#8221; global_colors_info=&#8221;{}&#8221; custom_padding__hover=&#8221;|||&#8221;][et_pb_text admin_label=&#8221;Inkunabeln und Alte Drucke &#8221; _builder_version=&#8221;4.16&#8243; header_font=&#8221;||||||||&#8221; header_2_font=&#8221;|700|||||||&#8221; header_2_text_align=&#8221;center&#8221; global_colors_info=&#8221;{}&#8221;]<\/p>\n<h1>Inkunabeln und Alte Drucke<\/h1>\n<p>[\/et_pb_text][\/et_pb_column][\/et_pb_row][et_pb_row column_structure=&#8221;1_2,1_2&#8243; _builder_version=&#8221;4.16&#8243; collapsed=&#8221;on&#8221; global_colors_info=&#8221;{}&#8221;][et_pb_column type=&#8221;1_2&#8243; _builder_version=&#8221;4.16&#8243; custom_padding=&#8221;|||&#8221; global_colors_info=&#8221;{}&#8221; custom_padding__hover=&#8221;|||&#8221;][et_pb_text admin_label=&#8221;Text&#8221; _builder_version=&#8221;4.16&#8243; global_colors_info=&#8221;{}&#8221;]<\/p>\n<p>Die Sammlung umfasst etwa 15&#8217;000 B\u00e4nde aus der Zeit vor 1800, darunter 152 Inkunabeln aus der Zeit vor 1500, und nochmals 19&#8217;000 aus dem 19. Jahrhundert. Dazu kommen 900 Periodika. Zwei Drittel der B\u00fccher sind auf Deutsch, gefolgt von Latein und Franz\u00f6sisch. Zu den Schwerpunkten der Sammlung z\u00e4hlen Helvetica und Scaphusiana, Geschichte, Theologie, Astronomie, Geographie und L\u00e4nderkunde.<\/p>\n<p>Zu den hervorragenden Inkunabeln geh\u00f6ren die zweib\u00e4ndige deutsche Bibel aus der Offizin Koberger (Augsburg 1483, Inc. 24) mit zahlreichen kolorierten Holzschnitten. Sie stammt aus dem Besitz von Maximilian von Pappenheim auf Schloss Engen, der 1637 Teile seiner Bibliothek an Schaffhausen verkaufte. Ebenfalls bei Koberger erschien 1493 die Weltchronik des Hartmann Schedel (Inc. 59), die bedeutendste illustrierte Inkunabel. Sie ist eine Geschichte der Welt mit insgesamt fast 2000 Illustrationen, darunter 29 doppelseitige Stadtansichten und einer Weltkarte mit Afrika und Indien, aber noch ohne Amerika. Inc. 34 ist der ber\u00fchmte Reisebericht des Bernhard von Breydenbach: \u00abFart uber mer zu dem heiligen grab\u00bb (Mainz 1486) mit Holzschnitten u.a. von Jerusalem und Venedig.<\/p>\n<p>Aus dem 16. Jahrhundert sind hervorzuheben etwa die Imprese Illustri des Girolamo Ruscelli (Venedig 1566, BA 38) mit Portraits grosser Pers\u00f6nlichkeiten der Weltgeschichte. L*a 39a ist eine sch\u00f6ne Ausgabe der J\u00fcdischen Geschichte des Flavius Josephus mit den Illustrationen des Schaffhauser K\u00fcnstlers Tobias Stimmer (Strassburg 1590), L*a 87 eine Sammlung von 150 Kupferstichen der Monumente und Altert\u00fcmer Roms u.d.T. Speculum Romanae Magnificenciae (Rom 1546 &#8211; 1591). Bei den Naturwissenschaften ragen hervor die beiden Erstausgaben \u00abUnderweysung der Messung mit dem Zirckel\u00bb von Albrecht D\u00fcrer (N\u00fcrnberg 1525), das erste Mathematikbuch deutscher Sprache (R*51) und insbesondere Kopernikus&#8217; De revolutionibus orbium coelestium (N\u00fcrnberg 1543, R*74) mit unz\u00e4hligen Anmerkungen des T\u00fcbinger Astronomen Michael M\u00e4stlin, dem Lehrer Keplers. Konrad Gessners erstes Tierlexikon Historia Animalium ist mehrfach vorhanden (Z\u00fcrich 1555, S*40).<\/p>\n<p>[\/et_pb_text][et_pb_text _builder_version=&#8221;4.16&#8243; global_colors_info=&#8221;{}&#8221;]<\/p>\n<p>Aus dem 17. Jahrhundert stammt beispielsweise die arabische Grammatik des franziskanischen Missionars Agapitus (Padova 1687, J 17), eine seltene Originalausgabe, die sich durch den pragmatischen Einbezug umgangssprachlicher Elemente auszeichnet. Die Kabbala Denudata des schlesischen Gelehrten Christian Knorr von Rosenroth (Frankfurt 1684, NEc 134) ist eine lateinische \u00dcbersetzung von Schriften der j\u00fcdischen Mystik, die deren gemeinsame Wurzel mit der christlichen Lehre herleiten wollte. Die Erstausgabe von Galileis Sidereus Nuncius (Venedig 1610, RC 58) enth\u00e4lt auch die Dissertation Keplers (Prag 1610) samt Widmung des Autors an seinen Lehrer M\u00e4stlin und weitere astronomische Schriften. Die Gesandtschaft der Ostindischen Gesellschaft der Niederlande (Amsterdam 1666, TEd 61) des niederl\u00e4ndischen Kaufmanns Johan Nieuhof gilt als erste umfassende Darstellung Chinas und enth\u00e4lt zahlreiche Kupferstiche.<\/p>\n<p>[\/et_pb_text][\/et_pb_column][et_pb_column type=&#8221;1_2&#8243; _builder_version=&#8221;4.16&#8243; custom_padding=&#8221;|||&#8221; global_colors_info=&#8221;{}&#8221; custom_padding__hover=&#8221;|||&#8221;][et_pb_image src=&#8221;https:\/\/bibliotheken-schaffhausen.ch\/wp-content\/uploads\/2019\/07\/IMG_1176_mod.jpg&#8221; align_tablet=&#8221;center&#8221; align_phone=&#8221;&#8221; align_last_edited=&#8221;on|desktop&#8221; _builder_version=&#8221;4.16&#8243; global_colors_info=&#8221;{}&#8221;][\/et_pb_image][et_pb_text _builder_version=&#8221;4.16&#8243; global_colors_info=&#8221;{}&#8221;]Herausragende B\u00fccher des 18. Jahrhunderts sind u.a. die erste deutsche \u00dcbersetzung des \u00abTrattato della Pittura\u00bb von Leonardo Da Vinci (Traktat von der Mahlerey, N\u00fcrnberg 1724) mit zahlreichen Holzschnitten und Kupfertafeln, allerdings nicht von Leonardo, sondern von Charles Errard nach Nicholas Poussin. E* 24 ist der \u00abWeiss Kunig\u00bb Kaiser Maximilians I in der ersten gedruckten Fassung (Wien 1775), eine Mischung aus Heldenroman, Chronik und F\u00fcrstenspiegel mit zahlreichen Illustrationen. Durch einen Sonderkredit erwarb die Bibliothek 1764 ein Exemplar der ber\u00fchmten Encyclop\u00e9die Raisonn\u00e9e Diderots und D&#8217;Alemberts (Paris, Neuch\u00e2tel 1751ff, Q* 82) in 13 Foliob\u00e4nden. Ein Prunkst\u00fcck ist\u00a0 die sogenannte Kupferbibel (Physica Sacra) des Z\u00fcrcher Johann Jakob Scheuchzer (Augsburg und Ulm, 1731 &#8211; 1735, S* 8) mit 750 Kupfertafeln und dem Versuch eines Gottesbeweises aus der Natur. Eindr\u00fccklich ist auch die Biblia naturae des holl\u00e4ndischen Naturforschers und Anatomen Jan Swammerdam (Leiden 1737 &#8211; 1738, S* 34), eine umfassende, reich illustrierte Abhandlung zur Naturgeschichte der Insekten. Zu den Kuriosa geh\u00f6rt die Elephantographia Curiosa des Erfurter Naturforschers Georg Christoph Petri von Hartenfels (Erfurt 1715, SA 73) mit allem, was man damals vom Elefanten wusste oder annahm. Die \u00abReise durch verschiedene Provinzen des Russischen Reichs\u00bb fand 1767 auf Order von Zarin Katharina II. als grossangelegte Expedition bis an die chinesische Grenze statt; die Forschungsergebnisse ver\u00f6ffentlichte der deutsche Arzt und Ethnologe Peter Simon Pallas in einer reich illustrierten dreib\u00e4ndigen Ausgabe (St. Petersburg 1771 &#8211; 1776, TEb 42a).<\/p>\n<p>Die historischen Best\u00e4nde der Stadtbibliothek sind im Zettelkatalog und zunehmend auch im Online-Katalog <a href=\"https:\/\/opac.bibliotheken-schaffhausen.ch\/NetBiblio\/\" target=\"_blank\" rel=\"noopener noreferrer\" data-wplink-edit=\"true\">BISCH ONLINE<\/a> nachgewiesen.[\/et_pb_text][\/et_pb_column][\/et_pb_row][\/et_pb_section][et_pb_section fb_built=&#8221;1&#8243; fullwidth=&#8221;on&#8221; admin_label=&#8221;Sektion&#8221; _builder_version=&#8221;4.16&#8243; collapsed=&#8221;on&#8221; global_colors_info=&#8221;{}&#8221;][et_pb_fullwidth_image _builder_version=&#8221;4.16&#8243; background_image=&#8221;https:\/\/bibliotheken-schaffhausen.ch\/wp-content\/uploads\/2019\/07\/IMG_1339_mod.jpg&#8221; parallax=&#8221;on&#8221; min_height=&#8221;400px&#8221; custom_css_main_element=&#8221;background-position: bottom center;&#8221; global_colors_info=&#8221;{}&#8221;][\/et_pb_fullwidth_image][\/et_pb_section][et_pb_section fb_built=&#8221;1&#8243; admin_label=&#8221;Nachl\u00e4sse und neuzeitliche Handschriften&#8221; module_id=&#8221;nachlaesse&#8221; _builder_version=&#8221;4.16&#8243; background_color=&#8221;#F6F4EE&#8221; collapsed=&#8221;on&#8221; global_colors_info=&#8221;{}&#8221;][et_pb_row _builder_version=&#8221;4.16&#8243; collapsed=&#8221;on&#8221; global_colors_info=&#8221;{}&#8221;][et_pb_column type=&#8221;4_4&#8243; _builder_version=&#8221;4.16&#8243; custom_padding=&#8221;|||&#8221; global_colors_info=&#8221;{}&#8221; custom_padding__hover=&#8221;|||&#8221;][et_pb_text admin_label=&#8221;Nachl\u00e4sse und neuzeitliche Handschriften&#8221; _builder_version=&#8221;4.16&#8243; global_colors_info=&#8221;{}&#8221;]<\/p>\n<h1>Nachl\u00e4sse und neuzeitliche Handschriften<\/h1>\n<p>[\/et_pb_text][\/et_pb_column][\/et_pb_row][et_pb_row column_structure=&#8221;1_2,1_2&#8243; _builder_version=&#8221;4.16&#8243; collapsed=&#8221;on&#8221; global_colors_info=&#8221;{}&#8221;][et_pb_column type=&#8221;1_2&#8243; _builder_version=&#8221;4.16&#8243; custom_padding=&#8221;|||&#8221; global_colors_info=&#8221;{}&#8221; custom_padding__hover=&#8221;|||&#8221;][et_pb_text _builder_version=&#8221;4.16&#8243; global_colors_info=&#8221;{}&#8221;]<\/p>\n<p>In der Stadtbibliothek werden zahlreiche handschriftliche Nachl\u00e4sse und Teilnachl\u00e4sse von Schaffhauserinnen und Schaffhausern aufbewahrt. Zu nennen sind neben anderen der Naturwissenschafter Christoph Jezler (1734 &#8211; 1791), der Pfarrer und Geschichtsschreiber Melchior Kirchhofer (1775 &#8211; 1853), der Industriepionier Heinrich Moser (1805 &#8211; 1874), der Kulturhistoriker und Feuilletonist Enrico W\u00fcscher-Becchi (1855 &#8211; 1932) und die Schriftstellerin Ruth Blum (1913 &#8211; 1975).<br \/>Daneben besitzt die Bibliothek Dutzende von neuzeitlichen Handschriften: Abschriften von Chroniken, Manuskripte von Schaffhauser Wissenschaftlern, Briefsammlungen aus der fr\u00fchen Neuzeit, Tageb\u00fccher, Predigten, das illustrierte Originalmanuskript der Comedia von Tobias Stimmer (1539 &#8211; 1584), die Briefe des japanischen Schriftstellers Takeo Arishima (1878 &#8211; 1923) an die Schaffhauserin Tilda Heck (1877 &#8211; 1970) u.a. Die Handschriften und Nachl\u00e4sse sind in einem gesonderten Zettelkatalog und nicht online nachgewiesen.<\/p>\n<p>[\/et_pb_text][\/et_pb_column][et_pb_column type=&#8221;1_2&#8243; _builder_version=&#8221;4.16&#8243; custom_padding=&#8221;|||&#8221; global_colors_info=&#8221;{}&#8221; custom_padding__hover=&#8221;|||&#8221;][et_pb_text _builder_version=&#8221;4.16&#8243; global_colors_info=&#8221;{}&#8221;]Von besonderer Bedeutung ist der Nachlass des Schaffhauser Historikers und Diplomaten Johannes von M\u00fcller (1752 &#8211; 1809) mit einer Korrespondenz von zehntausenden Briefen, die sein Bruder Johann Georg M\u00fcller nach Johannes&#8217; Tod nach Schaffhausen brachte. Johannes von M\u00fcller war zu seinen Lebzeiten einer der ber\u00fchmtesten Historiker deutscher Sprache, Verfasser eines \u00abBestsellers\u00bb zur Schweizergeschichte und einer Weltgeschichte. Zu seinen weltweiten Korrespondenzpartnern geh\u00f6rten Goethe, Wieland, Schiller, Humboldt, Schlegel u.a. Der Nachlass ist knapp erschlossen durch das <a href=\"http:\/\/opac.bibliotheken-schaffhausen.ch\/NetBiblio\/search\/notice?noticeNr=69620\" target=\"_blank\" rel=\"noopener noreferrer\">Verzeichnis von Karl Henking<\/a> von 1903. In Buchform erschienen sind im Wallstein-Verlag die <a href=\"https:\/\/www.wallstein-verlag.de\/autoren\/johann-georg-mueller.html\" target=\"_blank\" rel=\"noopener noreferrer\">Familienbriefe von Johannes und Johann Georg M\u00fcller<\/a> und die Liebesbriefe Johannes von M\u00fcllers an den \u00abungarischen Grafen Louis Batthy\u00e1ny Szent-Iv\u00e1nyi\u00bb, in Wahrheit den Hochstapler Fritz von Hartenberg, den Sch\u00fctzling von M\u00fcllers. Von M\u00fcller wurde so 1802 \/ 03 in Wien um sein ganzes Verm\u00f6gen betrogen. In dieser als \u00abHartenberg-Aff\u00e4re\u00bb bekannt gewordenen Geschichte um Hochstapelei und Liebe spiegelt sich anschaulich das Ringen um sexuelle Identit\u00e4t an der Schwelle zur Moderne. Dar\u00fcber hinaus sind <a href=\"https:\/\/www.wallstein-verlag.de\/9783835313835-johannes-von-mueller-einen-spiegel-hast-gefunden-der-in-allem-dich-reflectirt.html\" target=\"_blank\" rel=\"noopener noreferrer\">die Briefe<\/a> eindr\u00fcckliches Zeugnis daf\u00fcr, wie M\u00fcller seine Homosexualit\u00e4t \u00fcber zeitgebundene Vorurteile hinaus weiterdachte.[\/et_pb_text][\/et_pb_column][\/et_pb_row][\/et_pb_section]<\/p>\n","protected":false},"excerpt":{"rendered":"<p>Bereits im Mittelalter gab es in Schaffhausen Bibliotheken: im Benediktinerkloster Allerheiligen, im Barf\u00fcsserkloster und in der Pfarrkirche St. Johann. Diese bilden den Grundstock der Ministerialbibliothek, die in der Stadtbibliothek am [&hellip;]<\/p>\n","protected":false},"author":1,"featured_media":0,"parent":2079,"menu_order":0,"comment_status":"closed","ping_status":"closed","template":"","meta":{"_et_pb_use_builder":"on","_et_pb_old_content":"","_et_gb_content_width":"","footnotes":""},"class_list":["post-798","page","type-page","status-publish","hentry"],"_links":{"self":[{"href":"https:\/\/bibliotheken-schaffhausen.ch\/de\/wp-json\/wp\/v2\/pages\/798","targetHints":{"allow":["GET"]}}],"collection":[{"href":"https:\/\/bibliotheken-schaffhausen.ch\/de\/wp-json\/wp\/v2\/pages"}],"about":[{"href":"https:\/\/bibliotheken-schaffhausen.ch\/de\/wp-json\/wp\/v2\/types\/page"}],"author":[{"embeddable":true,"href":"https:\/\/bibliotheken-schaffhausen.ch\/de\/wp-json\/wp\/v2\/users\/1"}],"replies":[{"embeddable":true,"href":"https:\/\/bibliotheken-schaffhausen.ch\/de\/wp-json\/wp\/v2\/comments?post=798"}],"version-history":[{"count":7,"href":"https:\/\/bibliotheken-schaffhausen.ch\/de\/wp-json\/wp\/v2\/pages\/798\/revisions"}],"predecessor-version":[{"id":13947,"href":"https:\/\/bibliotheken-schaffhausen.ch\/de\/wp-json\/wp\/v2\/pages\/798\/revisions\/13947"}],"up":[{"embeddable":true,"href":"https:\/\/bibliotheken-schaffhausen.ch\/de\/wp-json\/wp\/v2\/pages\/2079"}],"wp:attachment":[{"href":"https:\/\/bibliotheken-schaffhausen.ch\/de\/wp-json\/wp\/v2\/media?parent=798"}],"curies":[{"name":"wp","href":"https:\/\/api.w.org\/{rel}","templated":true}]}}