{"id":7680,"date":"2021-07-28T09:25:03","date_gmt":"2021-07-28T07:25:03","guid":{"rendered":"https:\/\/bibliotheken-schaffhausen.ch\/?page_id=7680"},"modified":"2025-08-26T14:16:54","modified_gmt":"2025-08-26T12:16:54","slug":"erste-hilfe-dibiost","status":"publish","type":"page","link":"https:\/\/bibliotheken-schaffhausen.ch\/de\/digitale-bibliothek\/erste-hilfe-dibiost\/","title":{"rendered":"Erste Hilfe Dibiost"},"content":{"rendered":"<p>[et_pb_section fb_built=&#8221;1&#8243; fullwidth=&#8221;on&#8221; admin_label=&#8221;Titelsektion&#8221; _builder_version=&#8221;4.16&#8243; background_enable_image=&#8221;off&#8221; collapsed=&#8221;off&#8221; global_colors_info=&#8221;{}&#8221;][et_pb_fullwidth_image title_text=&#8221;onleihe&#8221; _builder_version=&#8221;4.16&#8243; background_image=&#8221;https:\/\/bibliotheken-schaffhausen.ch\/wp-content\/uploads\/2021\/07\/onleihe.png&#8221; parallax=&#8221;on&#8221; min_height=&#8221;380px&#8221; global_colors_info=&#8221;{}&#8221;][\/et_pb_fullwidth_image][et_pb_fullwidth_post_title meta=&#8221;off&#8221; featured_image=&#8221;off&#8221; _builder_version=&#8221;4.16&#8243; title_level=&#8221;h2&#8243; title_font=&#8221;|300|||||||&#8221; title_text_align=&#8221;center&#8221; title_text_color=&#8221;#000000&#8243; title_font_size=&#8221;32px&#8221; background_color=&#8221;rgba(246,244,238,0.87)&#8221; background_enable_image=&#8221;off&#8221; custom_margin=&#8221;-66px||||false&#8221; custom_padding=&#8221;12px||12px|&#8221; global_colors_info=&#8221;{}&#8221;][\/et_pb_fullwidth_post_title][\/et_pb_section][et_pb_section fb_built=&#8221;1&#8243; admin_label=&#8221;FAQ&#8221; module_id=&#8221;faq&#8221; _builder_version=&#8221;4.16&#8243; background_color=&#8221;rgba(0,0,0,0)&#8221; custom_padding=&#8221;||17px&#8221; collapsed=&#8221;off&#8221; global_colors_info=&#8221;{}&#8221;][et_pb_row _builder_version=&#8221;4.16&#8243; global_colors_info=&#8221;{}&#8221;][et_pb_column type=&#8221;4_4&#8243; _builder_version=&#8221;4.16&#8243; custom_padding=&#8221;|||&#8221; global_colors_info=&#8221;{}&#8221; custom_padding__hover=&#8221;|||&#8221;][et_pb_text admin_label=&#8221;Erste Hilfe Dibiost&#8221; _builder_version=&#8221;4.16&#8243; text_font=&#8221;||||||||&#8221; header_font=&#8221;||||||||&#8221; global_colors_info=&#8221;{}&#8221;]<\/p>\n<h1>Erste Hilfe Dibiost<\/h1>\n<p>[\/et_pb_text][et_pb_accordion admin_label=&#8221;Akkordeon&#8221; _builder_version=&#8221;4.27.4&#8243; toggle_level=&#8221;h3&#8243; text_orientation=&#8221;left&#8221; hover_enabled=&#8221;0&#8243; global_colors_info=&#8221;{}&#8221; sticky_enabled=&#8221;0&#8243;][et_pb_accordion_item title=&#8221;eReader: Sie haben Probleme sich einzuloggen&#8221; open=&#8221;on&#8221; _builder_version=&#8221;4.16&#8243; global_colors_info=&#8221;{}&#8221;]<\/p>\n<ol>\n<li>Haben Sie Benutzername und das Passwort korrekt eingegeben?<\/li>\n<li>Falls Sie die Login-Daten abgespeichert haben, l\u00f6schen Sie die gespeicherten Daten aus Ihrem Browser:\n<ol>\n<li>W\u00e4hlen Sie <strong>Men\u00fc<\/strong> auf Ihrem Tolino an.<\/li>\n<li>W\u00e4hlen Sie dann <strong>Meine Konten<\/strong> an.<br \/><img decoding=\"async\" src=\"https:\/\/bibliotheken-schaffhausen.ch\/wp-content\/uploads\/2021\/07\/mein-konto.png\" alt=\"Mein Konto auf Tolino\" \/><\/li>\n<li>Klicken Sie dann auf <strong>Web-Browser<\/strong>.<br \/>Dadurch l\u00f6schen Sie alle im Browser abgespeicherten Benutzerdaten. Beim n\u00e4chsten Einloggen werden Sie aufgefordert Ihre Benutzerdaten neu einzugeben und k\u00f6nnen Sie wieder abspeichern.<br \/><img decoding=\"async\" src=\"https:\/\/bibliotheken-schaffhausen.ch\/wp-content\/uploads\/2021\/07\/einstellungen.jpg\" alt=\"Einstellungen auf Tolino\" \/><\/li>\n<\/ol>\n<\/li>\n<\/ol>\n<p>[\/et_pb_accordion_item][et_pb_accordion_item title=&#8221;eReader: Beim \u00d6ffnen eines Buches werden Sie aufgefordert einen Code einzugeben&#8221; _builder_version=&#8221;4.16&#8243; global_colors_info=&#8221;{}&#8221; open=&#8221;off&#8221;]<\/p>\n<p>Wenn Sie das erste Mal einen Titel aus Ihrem Onleihe-Konto auf Ihr Tolino-Ger\u00e4t herunterladen, werden Sie gebeten einen Code einzugeben.<br \/>Dieser Code ist eine vierstellige Kombination aus Buchstaben und Zahlen und wird Ihnen nach jedem Ausleihvorgang und bei bereits ausgeliehenen Titeln angezeigt. Dieser Code ist pro Konto immer gleich.<\/p>\n<ol>\n<li>Der Code wird Ihnen nach der Ausleihe angezeigt:<br \/><img decoding=\"async\" class=\"\" src=\"https:\/\/bibliotheken-schaffhausen.ch\/wp-content\/uploads\/2021\/07\/1-erste-hilfe-ausgeliehen.png\" alt=\"Passphrase Ausleihe\" width=\"339\" height=\"334\" \/><\/li>\n<li>Danach werden Sie aufgefordert besagten Code einzugeben.<br \/><img decoding=\"async\" class=\"\" src=\"https:\/\/bibliotheken-schaffhausen.ch\/wp-content\/uploads\/2021\/07\/2-erste-hilfe-passphrase.png\" alt=\"Passphrase eingeben\" width=\"345\" height=\"217\" \/><\/li>\n<\/ol>\n<p><strong>Sie m\u00f6chten den Code nachtr\u00e4glich eingeben:<\/strong><\/p>\n<ol>\n<li>Gehen Sie <strong>am E-Reader <\/strong>bitte zur\u00fcck in Ihr Onleihe-Konto. Dazu w\u00e4hlen Sie im Men\u00fc des <strong>E-Readers<\/strong> &#8220;Web-Browser&#8221; aus und rufen die Startseite der Onleihe auf. Loggen Sie sich in Ihr Konto ein.<\/li>\n<li>Unter Mein Konto sehen Sie die ausgeliehenen Titel.<\/li>\n<li>\u00d6ffnen Sie die Detailanzeige eines Titels.<\/li>\n<li>Unter dem Button Lesen steht nun der Code.<\/li>\n<\/ol>\n<p>[\/et_pb_accordion_item][et_pb_accordion_item title=&#8221;eReader: Anstelle eines Covers erscheint eine Zahlen- und Buchstabenfolge auf dem eReader&#8221; _builder_version=&#8221;4.16&#8243; _module_preset=&#8221;default&#8221; global_colors_info=&#8221;{}&#8221; open=&#8221;off&#8221;]<\/p>\n<p>Wenn dies erscheint, gab es einen Fehler beim Herunterladen des E-Books.<\/p>\n<ol>\n<li>L\u00f6schen Sie die betroffene Datei.<\/li>\n<li>Haben Sie eine gute Internetverbindung sowie ausreichend Speicherplatz?<\/li>\n<li>Aktivieren Sie die LCP-Verschl\u00fcsselung in den Tolino-Einstellungen unter Lese-Einstellungen.<br \/><img decoding=\"async\" class=\"\" src=\"https:\/\/bibliotheken-schaffhausen.ch\/wp-content\/uploads\/2021\/07\/BETA-Feature-Einstellungen.png\" alt=\"Beta Einstellungen Dibiost\" width=\"339\" height=\"334\" \/><\/li>\n<li>Laden Sie das E-Book direkt von Ihrem E-Reader aus herunter.<\/li>\n<\/ol>\n<p>[\/et_pb_accordion_item][et_pb_accordion_item title=&#8221;iOS: Schwierigkeiten beim Download von eAudios&#8221; _builder_version=&#8221;4.16&#8243; _module_preset=&#8221;default&#8221; global_colors_info=&#8221;{}&#8221; open=&#8221;off&#8221;]<\/p>\n<p>Die Onleihe-App startet einen weiteren Download eines einzelnen Mediums erst, sofern der bereits begonnene abgeschlossen wurde. Sollte also ein Download ausstehen, wird der n\u00e4chste bei 0% stecken bleiben.<br \/>Wird ein Download gestartet und die App via Homebutton in den Hintergrund verschoben, um z.B. w\u00e4hrend des Downloads eine andere App zu starten, kann der Download ebenfalls abbrechen.<\/p>\n<ol>\n<li>Stellen Sie sicher, dass kein Download aussteht.<\/li>\n<li>Brechen Sie den Download ab.<\/li>\n<li>Schalten Sie das Ger\u00e4t f\u00fcr einige Minuten aus.<\/li>\n<li>Versuchen Sie es dann erneut.<\/li>\n<\/ol>\n<p>[\/et_pb_accordion_item][et_pb_accordion_item _builder_version=&#8221;4.27.4&#8243; _module_preset=&#8221;default&#8221; title=&#8221;eReader: Mit der Bibliothek verbinden&#8221; hover_enabled=&#8221;0&#8243; sticky_enabled=&#8221;0&#8243;]<\/p>\n<p><a href=\"https:\/\/bibliotheken-schaffhausen.ch\/wp-content\/uploads\/2025\/08\/Tolino-Anleitung.pdf\" target=\"_blank\" rel=\"noopener\">Anleitung um den E-Reader mit der gew\u00fcnschten Bibliothek zu verbinden.<\/a><\/p>\n<p>[\/et_pb_accordion_item][\/et_pb_accordion][\/et_pb_column][\/et_pb_row][\/et_pb_section][et_pb_section fb_built=&#8221;1&#8243; module_id=&#8221;kontakt&#8221; _builder_version=&#8221;4.16&#8243; background_color=&#8221;rgba(0,0,0,0)&#8221; collapsed=&#8221;on&#8221; global_colors_info=&#8221;{}&#8221;][et_pb_row _builder_version=&#8221;4.16&#8243; global_colors_info=&#8221;{}&#8221;][et_pb_column type=&#8221;4_4&#8243; _builder_version=&#8221;4.16&#8243; custom_padding=&#8221;|||&#8221; global_colors_info=&#8221;{}&#8221; custom_padding__hover=&#8221;|||&#8221;][et_pb_text admin_label=&#8221;Titel Kontakt&#8221; _builder_version=&#8221;4.16&#8243; text_font=&#8221;||||||||&#8221; global_colors_info=&#8221;{}&#8221;]<\/p>\n<h1>Kontakt<\/h1>\n<p>[\/et_pb_text][\/et_pb_column][\/et_pb_row][et_pb_row _builder_version=&#8221;4.16&#8243; global_colors_info=&#8221;{}&#8221;][et_pb_column type=&#8221;4_4&#8243; _builder_version=&#8221;4.16&#8243; global_colors_info=&#8221;{}&#8221;][et_pb_contact_form email=&#8221;bibliothek@stsh.ch&#8221; custom_message=&#8221;Kontaktformular||et_pb_line_break_holder||||et_pb_line_break_holder||||et_pb_line_break_holder||Name: %%Name%%||et_pb_line_break_holder||E-Mail: %%Email%%||et_pb_line_break_holder||||et_pb_line_break_holder||Betreff: %%betreff%%||et_pb_line_break_holder|| ||et_pb_line_break_holder||Nachricht:||et_pb_line_break_holder|| ||et_pb_line_break_holder||%%message%%&#8221; success_message=&#8221;Besten Dank f\u00fcr Ihre Anfrage. Sie erhalten demn\u00e4chst eine R\u00fcckmeldung.&#8221; submit_button_text=&#8221;Senden&#8221; _builder_version=&#8221;4.16&#8243; _unique_id=&#8221;e01b308b-0efb-4e13-868e-a4863a186979&#8243; global_colors_info=&#8221;{}&#8221;][et_pb_contact_field field_id=&#8221;Name&#8221; field_title=&#8221;Name&#8221; allowed_symbols=&#8221;letters&#8221; _builder_version=&#8221;4.16&#8243; global_colors_info=&#8221;{}&#8221; button_text_size__hover_enabled=&#8221;off&#8221; button_one_text_size__hover_enabled=&#8221;off&#8221; button_two_text_size__hover_enabled=&#8221;off&#8221; button_text_color__hover_enabled=&#8221;off&#8221; button_one_text_color__hover_enabled=&#8221;off&#8221; button_two_text_color__hover_enabled=&#8221;off&#8221; button_border_width__hover_enabled=&#8221;off&#8221; button_one_border_width__hover_enabled=&#8221;off&#8221; button_two_border_width__hover_enabled=&#8221;off&#8221; button_border_color__hover_enabled=&#8221;off&#8221; button_one_border_color__hover_enabled=&#8221;off&#8221; button_two_border_color__hover_enabled=&#8221;off&#8221; button_border_radius__hover_enabled=&#8221;off&#8221; button_one_border_radius__hover_enabled=&#8221;off&#8221; button_two_border_radius__hover_enabled=&#8221;off&#8221; button_letter_spacing__hover_enabled=&#8221;off&#8221; button_one_letter_spacing__hover_enabled=&#8221;off&#8221; button_two_letter_spacing__hover_enabled=&#8221;off&#8221; button_bg_color__hover_enabled=&#8221;off&#8221; button_one_bg_color__hover_enabled=&#8221;off&#8221; button_two_bg_color__hover_enabled=&#8221;off&#8221;][\/et_pb_contact_field][et_pb_contact_field field_id=&#8221;Email&#8221; field_title=&#8221;E-Mail-Adresse&#8221; field_type=&#8221;email&#8221; _builder_version=&#8221;4.16&#8243; global_colors_info=&#8221;{}&#8221; button_text_size__hover_enabled=&#8221;off&#8221; button_one_text_size__hover_enabled=&#8221;off&#8221; button_two_text_size__hover_enabled=&#8221;off&#8221; button_text_color__hover_enabled=&#8221;off&#8221; button_one_text_color__hover_enabled=&#8221;off&#8221; button_two_text_color__hover_enabled=&#8221;off&#8221; button_border_width__hover_enabled=&#8221;off&#8221; button_one_border_width__hover_enabled=&#8221;off&#8221; button_two_border_width__hover_enabled=&#8221;off&#8221; button_border_color__hover_enabled=&#8221;off&#8221; button_one_border_color__hover_enabled=&#8221;off&#8221; button_two_border_color__hover_enabled=&#8221;off&#8221; button_border_radius__hover_enabled=&#8221;off&#8221; button_one_border_radius__hover_enabled=&#8221;off&#8221; button_two_border_radius__hover_enabled=&#8221;off&#8221; button_letter_spacing__hover_enabled=&#8221;off&#8221; button_one_letter_spacing__hover_enabled=&#8221;off&#8221; button_two_letter_spacing__hover_enabled=&#8221;off&#8221; button_bg_color__hover_enabled=&#8221;off&#8221; button_one_bg_color__hover_enabled=&#8221;off&#8221; button_two_bg_color__hover_enabled=&#8221;off&#8221;][\/et_pb_contact_field][et_pb_contact_field field_id=&#8221;betreff&#8221; field_title=&#8221;Betreff&#8221; min_length=&#8221;2&#8243; max_length=&#8221;18&#8243; fullwidth_field=&#8221;on&#8221; _builder_version=&#8221;4.16&#8243; global_colors_info=&#8221;{}&#8221;][\/et_pb_contact_field][et_pb_contact_field field_id=&#8221;Message&#8221; field_title=&#8221;Nachricht&#8221; field_type=&#8221;text&#8221; fullwidth_field=&#8221;on&#8221; _builder_version=&#8221;4.16&#8243; global_colors_info=&#8221;{}&#8221; button_text_size__hover_enabled=&#8221;off&#8221; button_one_text_size__hover_enabled=&#8221;off&#8221; button_two_text_size__hover_enabled=&#8221;off&#8221; button_text_color__hover_enabled=&#8221;off&#8221; button_one_text_color__hover_enabled=&#8221;off&#8221; button_two_text_color__hover_enabled=&#8221;off&#8221; button_border_width__hover_enabled=&#8221;off&#8221; button_one_border_width__hover_enabled=&#8221;off&#8221; button_two_border_width__hover_enabled=&#8221;off&#8221; button_border_color__hover_enabled=&#8221;off&#8221; button_one_border_color__hover_enabled=&#8221;off&#8221; button_two_border_color__hover_enabled=&#8221;off&#8221; button_border_radius__hover_enabled=&#8221;off&#8221; button_one_border_radius__hover_enabled=&#8221;off&#8221; button_two_border_radius__hover_enabled=&#8221;off&#8221; button_letter_spacing__hover_enabled=&#8221;off&#8221; button_one_letter_spacing__hover_enabled=&#8221;off&#8221; button_two_letter_spacing__hover_enabled=&#8221;off&#8221; button_bg_color__hover_enabled=&#8221;off&#8221; button_one_bg_color__hover_enabled=&#8221;off&#8221; button_two_bg_color__hover_enabled=&#8221;off&#8221;][\/et_pb_contact_field][\/et_pb_contact_form][\/et_pb_column][\/et_pb_row][\/et_pb_section]<\/p>\n","protected":false},"excerpt":{"rendered":"<p>Erste Hilfe Dibiost Haben Sie Benutzername und das Passwort korrekt eingegeben? Falls Sie die Login-Daten abgespeichert haben, l\u00f6schen Sie die gespeicherten Daten aus Ihrem Browser: W\u00e4hlen Sie Men\u00fc auf Ihrem [&hellip;]<\/p>\n","protected":false},"author":6,"featured_media":0,"parent":2057,"menu_order":0,"comment_status":"closed","ping_status":"closed","template":"","meta":{"_et_pb_use_builder":"on","_et_pb_old_content":"","_et_gb_content_width":"","footnotes":""},"class_list":["post-7680","page","type-page","status-publish","hentry"],"_links":{"self":[{"href":"https:\/\/bibliotheken-schaffhausen.ch\/de\/wp-json\/wp\/v2\/pages\/7680","targetHints":{"allow":["GET"]}}],"collection":[{"href":"https:\/\/bibliotheken-schaffhausen.ch\/de\/wp-json\/wp\/v2\/pages"}],"about":[{"href":"https:\/\/bibliotheken-schaffhausen.ch\/de\/wp-json\/wp\/v2\/types\/page"}],"author":[{"embeddable":true,"href":"https:\/\/bibliotheken-schaffhausen.ch\/de\/wp-json\/wp\/v2\/users\/6"}],"replies":[{"embeddable":true,"href":"https:\/\/bibliotheken-schaffhausen.ch\/de\/wp-json\/wp\/v2\/comments?post=7680"}],"version-history":[{"count":1,"href":"https:\/\/bibliotheken-schaffhausen.ch\/de\/wp-json\/wp\/v2\/pages\/7680\/revisions"}],"predecessor-version":[{"id":14293,"href":"https:\/\/bibliotheken-schaffhausen.ch\/de\/wp-json\/wp\/v2\/pages\/7680\/revisions\/14293"}],"up":[{"embeddable":true,"href":"https:\/\/bibliotheken-schaffhausen.ch\/de\/wp-json\/wp\/v2\/pages\/2057"}],"wp:attachment":[{"href":"https:\/\/bibliotheken-schaffhausen.ch\/de\/wp-json\/wp\/v2\/media?parent=7680"}],"curies":[{"name":"wp","href":"https:\/\/api.w.org\/{rel}","templated":true}]}}