{"id":628,"date":"2019-04-01T10:00:37","date_gmt":"2019-04-01T08:00:37","guid":{"rendered":"https:\/\/bibliotheken-schaffhausen.ch\/?page_id=628"},"modified":"2025-01-28T16:22:25","modified_gmt":"2025-01-28T15:22:25","slug":"stadtbibliothek","status":"publish","type":"page","link":"https:\/\/bibliotheken-schaffhausen.ch\/de\/vor-ort\/stadtbibliothek\/","title":{"rendered":"Stadtbibliothek"},"content":{"rendered":"<p>[et_pb_section fb_built=&#8221;1&#8243; fullwidth=&#8221;on&#8221; admin_label=&#8221;Titelsektion&#8221; _builder_version=&#8221;4.16&#8243; collapsed=&#8221;off&#8221; global_colors_info=&#8221;{}&#8221;][et_pb_fullwidth_image _builder_version=&#8221;4.16&#8243; background_image=&#8221;https:\/\/bibliotheken-schaffhausen.ch\/wp-content\/uploads\/2019\/07\/IMG_1272_mod.jpg&#8221; parallax=&#8221;on&#8221; min_height=&#8221;380px&#8221; global_colors_info=&#8221;{}&#8221;][\/et_pb_fullwidth_image][et_pb_fullwidth_post_title meta=&#8221;off&#8221; featured_image=&#8221;off&#8221; _builder_version=&#8221;4.16&#8243; title_level=&#8221;h2&#8243; title_font=&#8221;|300|||||||&#8221; title_text_align=&#8221;center&#8221; title_text_color=&#8221;#000000&#8243; title_font_size=&#8221;32px&#8221; background_color=&#8221;rgba(246,244,238,0.87)&#8221; custom_margin=&#8221;-66px||||false&#8221; custom_padding=&#8221;12px||12px|&#8221; global_colors_info=&#8221;{}&#8221;][\/et_pb_fullwidth_post_title][\/et_pb_section][et_pb_section fb_built=&#8221;1&#8243; _builder_version=&#8221;4.16&#8243; global_colors_info=&#8221;{}&#8221;][et_pb_row column_structure=&#8221;1_2,1_2&#8243; _builder_version=&#8221;4.16&#8243; global_colors_info=&#8221;{}&#8221;][et_pb_column type=&#8221;1_2&#8243; _builder_version=&#8221;4.16&#8243; custom_padding=&#8221;|||&#8221; global_colors_info=&#8221;{}&#8221; custom_padding__hover=&#8221;|||&#8221;][et_pb_image src=&#8221;https:\/\/bibliotheken-schaffhausen.ch\/wp-content\/uploads\/2019\/04\/FassadeVespa_kl.jpg&#8221; align_tablet=&#8221;center&#8221; align_phone=&#8221;&#8221; align_last_edited=&#8221;on|desktop&#8221; _builder_version=&#8221;4.16&#8243; global_colors_info=&#8221;{}&#8221;][\/et_pb_image][\/et_pb_column][et_pb_column type=&#8221;1_2&#8243; _builder_version=&#8221;4.16&#8243; custom_padding=&#8221;|||&#8221; global_colors_info=&#8221;{}&#8221; custom_padding__hover=&#8221;|||&#8221;][et_pb_text disabled_on=&#8221;off|off|off&#8221; admin_label=&#8221;Stadtbibliothek&#8221; _builder_version=&#8221;4.27.4&#8243; _module_preset=&#8221;1ec1d4f7-3a12-4ba0-8419-0f6a030605e9&#8243; text_font=&#8221;||||||||&#8221; hover_enabled=&#8221;0&#8243; global_module=&#8221;633&#8243; saved_tabs=&#8221;all&#8221; global_colors_info=&#8221;{}&#8221; sticky_enabled=&#8221;0&#8243;]<\/p>\n<h2>Stadtbibliothek<\/h2>\n<p><strong>\u00d6ffnungszeiten<\/strong><br \/>Montag 13:00 &#8211; 18:00<br \/>Dienstag bis Freitag 10:00 &#8211; 18:00<br \/>Samstag 10:00 &#8211; 16:00<\/p>\n<p>&nbsp;<\/p>\n<p><strong>Postadresse<\/strong><br \/>M\u00fcnsterplatz 1, 8200 Schaffhausen<\/p>\n<p><a href=\"https:\/\/bibliotheken-schaffhausen.ch\/vor-ort\/stadtbibliothek\/#karte\"><span class=\"icon\">\ue01d<\/span> Karte<\/a><\/p>\n<p>[\/et_pb_text][\/et_pb_column][\/et_pb_row][\/et_pb_section][et_pb_section fb_built=&#8221;1&#8243; admin_label=&#8221;Sektion&#8221; module_id=&#8221;ausleihe&#8221; _builder_version=&#8221;4.16&#8243; background_color=&#8221;#F6F4EE&#8221; custom_padding=&#8221;||17px&#8221; global_colors_info=&#8221;{}&#8221;][et_pb_row _builder_version=&#8221;4.16&#8243; global_colors_info=&#8221;{}&#8221;][et_pb_column type=&#8221;4_4&#8243; _builder_version=&#8221;4.16&#8243; custom_padding=&#8221;|||&#8221; global_colors_info=&#8221;{}&#8221; custom_padding__hover=&#8221;|||&#8221;][et_pb_text admin_label=&#8221;Ausleihe&#8221; _builder_version=&#8221;4.16&#8243; text_font=&#8221;||||||||&#8221; header_font=&#8221;||||||||&#8221; global_colors_info=&#8221;{}&#8221;]<\/p>\n<h1>Ausleihe<\/h1>\n<p>[\/et_pb_text][\/et_pb_column][\/et_pb_row][et_pb_row column_structure=&#8221;1_2,1_2&#8243; _builder_version=&#8221;4.16&#8243; custom_padding=&#8221;||&#8221; global_colors_info=&#8221;{}&#8221;][et_pb_column type=&#8221;1_2&#8243; _builder_version=&#8221;4.16&#8243; custom_padding=&#8221;|||&#8221; global_colors_info=&#8221;{}&#8221; custom_padding__hover=&#8221;|||&#8221;][et_pb_text _builder_version=&#8221;4.16&#8243; global_colors_info=&#8221;{}&#8221;]Die Stadtbibliothek ist das Stammhaus der Bibliotheken Schaffhausen und als Magazinbibliothek organisiert, bei der man die B\u00fccher bestellt und am Schalter abholt. Sie umfasst die \u00e4lteren B\u00fccher der Bibliothek. In ihrem Kulturg\u00fcterschutzraum lagert zudem der reiche historische Buchbestand. Ebenfalls in der Stadtbibliothek werden die Scaphusiana aufbewahrt (Literatur \u00fcber Schaffhausen sowie von Schaffhauser Verlagen und Autor\/innen). Insgesamt umfasst der Bestand der Stadtbibliothek am M\u00fcnsterplatz ca. 230&#8217;000 Einheiten. [\/et_pb_text][\/et_pb_column][et_pb_column type=&#8221;1_2&#8243; _builder_version=&#8221;4.16&#8243; custom_padding=&#8221;|||&#8221; global_colors_info=&#8221;{}&#8221; custom_padding__hover=&#8221;|||&#8221;][et_pb_text _builder_version=&#8221;4.16&#8243; global_colors_info=&#8221;{}&#8221;]Publikationen, die in der Bibliothek nicht vorhanden sind, k\u00f6nnen per Fernleihe aus anderen Bibliotheken bestellt werden:<br \/>\n<a href=\"https:\/\/opac.bibliotheken-schaffhausen.ch\/NetBiblio\/account\/illrequests\" target=\"_blank\" rel=\"noopener\"><span class=\"icon\">d<\/span> Fernleihbestellung<\/a><br \/>\noder der Bibliothek zur Anschaffung vorgeschlagen werden:<br \/>\n<a href=\"https:\/\/opac.bibliotheken-schaffhausen.ch\/NetBiblio\/account\/acquisitionwishes\" target=\"_blank\" rel=\"noopener\"><span class=\"icon\">l<\/span> Anschaffungsvorschlag<\/a>[\/et_pb_text][\/et_pb_column][\/et_pb_row][\/et_pb_section][et_pb_section fb_built=&#8221;1&#8243; admin_label=&#8221;Sektion&#8221; module_id=&#8221;studieren&#8221; _builder_version=&#8221;4.16&#8243; global_colors_info=&#8221;{}&#8221;][et_pb_row _builder_version=&#8221;4.16&#8243; global_colors_info=&#8221;{}&#8221;][et_pb_column type=&#8221;4_4&#8243; _builder_version=&#8221;4.16&#8243; custom_padding=&#8221;|||&#8221; global_colors_info=&#8221;{}&#8221; custom_padding__hover=&#8221;|||&#8221;][et_pb_text admin_label=&#8221;Studieren&#8221; _builder_version=&#8221;4.16&#8243; text_font=&#8221;||||||||&#8221; global_colors_info=&#8221;{}&#8221;]<\/p>\n<h1>Studieren<\/h1>\n<p>[\/et_pb_text][\/et_pb_column][\/et_pb_row][et_pb_row column_structure=&#8221;1_2,1_2&#8243; _builder_version=&#8221;4.16&#8243; global_colors_info=&#8221;{}&#8221;][et_pb_column type=&#8221;1_2&#8243; _builder_version=&#8221;4.16&#8243; custom_padding=&#8221;|||&#8221; global_colors_info=&#8221;{}&#8221; custom_padding__hover=&#8221;|||&#8221;][et_pb_text _builder_version=&#8221;4.16&#8243; custom_padding=&#8221;||23px&#8221; global_colors_info=&#8221;{}&#8221;]<\/p>\n<p>Der Lesesaal bietet ruhige Arbeits- und Lesepl\u00e4tze und einen Pr\u00e4senzbestand an Lexika, Bibliographien und W\u00f6rterb\u00fcchern an. Die neuesten Ausgaben von rund 100 Zeitungen und Zeitschriften, zwei Internet-PCs mit Drucker, WLAN und ein Kopierger\u00e4t erg\u00e4nzen das Angebot.<\/p>\n<p>[\/et_pb_text][\/et_pb_column][et_pb_column type=&#8221;1_2&#8243; _builder_version=&#8221;4.16&#8243; custom_padding=&#8221;|||&#8221; global_colors_info=&#8221;{}&#8221; custom_padding__hover=&#8221;|||&#8221;][\/et_pb_column][\/et_pb_row][\/et_pb_section][et_pb_section fb_built=&#8221;1&#8243; fullwidth=&#8221;on&#8221; module_id=&#8221;karte&#8221; _builder_version=&#8221;4.16&#8243; global_colors_info=&#8221;{}&#8221;][et_pb_fullwidth_map address=&#8221;M\u00fcnsterpl. 1, 8200 Schaffhausen, Schweiz&#8221; zoom_level=&#8221;17&#8243; address_lat=&#8221;47.6953092&#8243; address_lng=&#8221;8.6370666&#8243; mouse_wheel=&#8221;off&#8221; _builder_version=&#8221;4.16&#8243; global_colors_info=&#8221;{}&#8221;][et_pb_map_pin title=&#8221;Stadtbibliothek&#8221; pin_address=&#8221;M\u00fcnsterpl. 1, 8200 Schaffhausen, Schweiz&#8221; zoom_level=&#8221;9&#8243; pin_address_lat=&#8221;47.6953092&#8243; pin_address_lng=&#8221;8.6370666&#8243; _builder_version=&#8221;3.25.4&#8243; global_colors_info=&#8221;{}&#8221;]<\/p>\n<p>M\u00fcnsterplatz 1, 8200 Schaffhausen<\/p>\n<p>[\/et_pb_map_pin][\/et_pb_fullwidth_map][\/et_pb_section]<\/p>\n","protected":false},"excerpt":{"rendered":"<p>Stadtbibliothek \u00d6ffnungszeitenMontag 13:00 &#8211; 18:00Dienstag bis Freitag 10:00 &#8211; 18:00Samstag 10:00 &#8211; 16:00 &nbsp; PostadresseM\u00fcnsterplatz 1, 8200 Schaffhausen \ue01d KarteAusleiheDie Stadtbibliothek ist das Stammhaus der Bibliotheken Schaffhausen und als Magazinbibliothek [&hellip;]<\/p>\n","protected":false},"author":1,"featured_media":0,"parent":2029,"menu_order":0,"comment_status":"closed","ping_status":"closed","template":"","meta":{"_et_pb_use_builder":"on","_et_pb_old_content":"","_et_gb_content_width":"","footnotes":""},"class_list":["post-628","page","type-page","status-publish","hentry"],"_links":{"self":[{"href":"https:\/\/bibliotheken-schaffhausen.ch\/de\/wp-json\/wp\/v2\/pages\/628","targetHints":{"allow":["GET"]}}],"collection":[{"href":"https:\/\/bibliotheken-schaffhausen.ch\/de\/wp-json\/wp\/v2\/pages"}],"about":[{"href":"https:\/\/bibliotheken-schaffhausen.ch\/de\/wp-json\/wp\/v2\/types\/page"}],"author":[{"embeddable":true,"href":"https:\/\/bibliotheken-schaffhausen.ch\/de\/wp-json\/wp\/v2\/users\/1"}],"replies":[{"embeddable":true,"href":"https:\/\/bibliotheken-schaffhausen.ch\/de\/wp-json\/wp\/v2\/comments?post=628"}],"version-history":[{"count":3,"href":"https:\/\/bibliotheken-schaffhausen.ch\/de\/wp-json\/wp\/v2\/pages\/628\/revisions"}],"predecessor-version":[{"id":13522,"href":"https:\/\/bibliotheken-schaffhausen.ch\/de\/wp-json\/wp\/v2\/pages\/628\/revisions\/13522"}],"up":[{"embeddable":true,"href":"https:\/\/bibliotheken-schaffhausen.ch\/de\/wp-json\/wp\/v2\/pages\/2029"}],"wp:attachment":[{"href":"https:\/\/bibliotheken-schaffhausen.ch\/de\/wp-json\/wp\/v2\/media?parent=628"}],"curies":[{"name":"wp","href":"https:\/\/api.w.org\/{rel}","templated":true}]}}