{"id":574,"date":"2019-03-25T10:56:24","date_gmt":"2019-03-25T09:56:24","guid":{"rendered":"https:\/\/bibliotheken-schaffhausen.ch\/?page_id=574"},"modified":"2025-01-14T15:26:17","modified_gmt":"2025-01-14T14:26:17","slug":"agnesenschuette","status":"publish","type":"page","link":"https:\/\/bibliotheken-schaffhausen.ch\/de\/vor-ort\/agnesenschuette\/","title":{"rendered":"Bibliothek Agnesensch\u00fctte"},"content":{"rendered":"<p>[et_pb_section fb_built=&#8221;1&#8243; fullwidth=&#8221;on&#8221; admin_label=&#8221;Titelsektion&#8221; _builder_version=&#8221;4.16&#8243; collapsed=&#8221;off&#8221; global_colors_info=&#8221;{}&#8221;][et_pb_fullwidth_image admin_label=&#8221;Vollbreites Bild&#8221; _builder_version=&#8221;4.16&#8243; background_image=&#8221;https:\/\/bibliotheken-schaffhausen.ch\/wp-content\/uploads\/2019\/07\/agnesenschuette-parallax.jpg&#8221; parallax=&#8221;on&#8221; min_height=&#8221;380px&#8221; global_colors_info=&#8221;{}&#8221;][\/et_pb_fullwidth_image][et_pb_fullwidth_post_title meta=&#8221;off&#8221; featured_image=&#8221;off&#8221; _builder_version=&#8221;4.16&#8243; title_level=&#8221;h2&#8243; title_font=&#8221;|300|||||||&#8221; title_text_align=&#8221;center&#8221; title_text_color=&#8221;#000000&#8243; title_font_size=&#8221;32px&#8221; background_color=&#8221;rgba(246,244,238,0.87)&#8221; custom_margin=&#8221;-66px||||false&#8221; custom_padding=&#8221;12px||12px|&#8221; global_colors_info=&#8221;{}&#8221;][\/et_pb_fullwidth_post_title][\/et_pb_section][et_pb_section fb_built=&#8221;1&#8243; _builder_version=&#8221;4.16&#8243; global_colors_info=&#8221;{}&#8221;][et_pb_row column_structure=&#8221;1_2,1_2&#8243; _builder_version=&#8221;4.16&#8243; global_colors_info=&#8221;{}&#8221;][et_pb_column type=&#8221;1_2&#8243; _builder_version=&#8221;4.16&#8243; custom_padding=&#8221;|||&#8221; global_colors_info=&#8221;{}&#8221; custom_padding__hover=&#8221;|||&#8221;][et_pb_image src=&#8221;https:\/\/bibliotheken-schaffhausen.ch\/wp-content\/uploads\/2019\/03\/SchwesterngasseFern_mod_kl.jpg&#8221; align_tablet=&#8221;center&#8221; align_phone=&#8221;&#8221; align_last_edited=&#8221;on|desktop&#8221; _builder_version=&#8221;4.16&#8243; global_colors_info=&#8221;{}&#8221;][\/et_pb_image][\/et_pb_column][et_pb_column type=&#8221;1_2&#8243; _builder_version=&#8221;4.16&#8243; custom_padding=&#8221;|||&#8221; global_colors_info=&#8221;{}&#8221; custom_padding__hover=&#8221;|||&#8221;][et_pb_text disabled_on=&#8221;off|off|off&#8221; admin_label=&#8221;Agnesensch\u00fctte&#8221; _builder_version=&#8221;4.27.4&#8243; text_font=&#8221;||||||||&#8221; global_module=&#8221;596&#8243; saved_tabs=&#8221;all&#8221; global_colors_info=&#8221;{}&#8221;]<\/p>\n<h2>Agnesensch\u00fctte<\/h2>\n<p><strong>\u00d6ffnungszeiten<\/strong><br \/>Montag 13:00 &#8211; 18:00<br \/>Dienstag bis Freitag 10:00 &#8211; 18:00<br \/>Samstag 10:00 &#8211; 16:00<br \/>Sonntag 10:00 &#8211; 16:00<\/p>\n<p><b>Adresse\u00a0 \u00a0 \u00a0 \u00a0 \u00a0 \u00a0 \u00a0 \u00a0 \u00a0 \u00a0 \u00a0 \u00a0 \u00a0 \u00a0 \u00a0 \u00a0 \u00a0 \u00a0 \u00a0 \u00a0 \u00a0 \u00a0 \u00a0 \u00a0 \u00a0 \u00a0 \u00a0 \u00a0 \u00a0 \u00a0 \u00a0 \u00a0 \u00a0 \u00a0 \u00a0 \u00a0 \u00a0 \u00a0 \u00a0 \u00a0 \u00a0 \u00a0 \u00a0 \u00a0 \u00a0 \u00a0 \u00a0 \u00a0 \u00a0 \u00a0 \u00a0 \u00a0 <\/b>Schwesterngasse 1, 8200 Schaffhausen<\/p>\n<p><a href=\"https:\/\/bibliotheken-schaffhausen.ch\/en\/on-site\/library-agnesenschuette\/?lang=en#karte\"><span class=\"icon\">\ue01d<\/span> Karte<\/a><\/p>\n<p><strong>Postadresse\u00a0 \u00a0 \u00a0 \u00a0 \u00a0 \u00a0 \u00a0 \u00a0 \u00a0 \u00a0 \u00a0 \u00a0 \u00a0 \u00a0 \u00a0 \u00a0 \u00a0 \u00a0 \u00a0 \u00a0 \u00a0 \u00a0 \u00a0 \u00a0 \u00a0 \u00a0 \u00a0 \u00a0 \u00a0 \u00a0 \u00a0 \u00a0 \u00a0 \u00a0 \u00a0 \u00a0 \u00a0 \u00a0 \u00a0 \u00a0 \u00a0 \u00a0 \u00a0 \u00a0 \u00a0 \u00a0 \u00a0 \u00a0 \u00a0 \u00a0 \u00a0 <\/strong>M\u00fcnsterplatz 1, 8200 Schaffhausen<\/p>\n<p><a href=\"https:\/\/bibliotheken-schaffhausen.ch\/en\/on-site\/stadtbibliothek\/?lang=en#karte\"><span class=\"icon\">\ue01d<\/span> Karte<\/a><\/p>\n<p>[\/et_pb_text][\/et_pb_column][\/et_pb_row][\/et_pb_section][et_pb_section fb_built=&#8221;1&#8243; admin_label=&#8221;Sektion&#8221; module_id=&#8221;ausleihe&#8221; _builder_version=&#8221;4.16&#8243; background_color=&#8221;#F6F4EE&#8221; global_colors_info=&#8221;{}&#8221;][et_pb_row _builder_version=&#8221;4.16&#8243; global_colors_info=&#8221;{}&#8221;][et_pb_column type=&#8221;4_4&#8243; _builder_version=&#8221;4.16&#8243; custom_padding=&#8221;|||&#8221; global_colors_info=&#8221;{}&#8221; custom_padding__hover=&#8221;|||&#8221;][et_pb_text admin_label=&#8221;Ausleihe&#8221; _builder_version=&#8221;4.16&#8243; global_colors_info=&#8221;{}&#8221;]<\/p>\n<h1>Ausleihe<\/h1>\n<p>[\/et_pb_text][\/et_pb_column][\/et_pb_row][et_pb_row column_structure=&#8221;1_2,1_2&#8243; _builder_version=&#8221;4.16&#8243; global_colors_info=&#8221;{}&#8221;][et_pb_column type=&#8221;1_2&#8243; _builder_version=&#8221;4.16&#8243; custom_padding=&#8221;|||&#8221; global_colors_info=&#8221;{}&#8221; custom_padding__hover=&#8221;|||&#8221;][et_pb_text _builder_version=&#8221;4.16&#8243; global_colors_info=&#8221;{}&#8221;]<\/p>\n<p>Die Bibliothek Agnesensch\u00fctte ist die \u00f6ffentliche Bibliothek der Stadt Schaffhausen. Ihr frei zug\u00e4nglicher\u00a0Bestand von etwa 45&#8217;000 Medien umfasst:<\/p>\n<ul>\n<li>Aktuelle Romane und Sachb\u00fccher zu allen Sachgebieten f\u00fcr Erwachsene<\/li>\n<li>Fremdsprachige B\u00fccher (en, fr, it, sp, pt) und H\u00f6rb\u00fccher f\u00fcr Erwachsene<\/li>\n<li>Romane, Sachb\u00fccher, Comics f\u00fcr Jugendliche<\/li>\n<li>Geschichten, Bilderb\u00fccher und Sachb\u00fccher f\u00fcr Kinder<\/li>\n<li>Interkulturelle Kinder- und Jugendmedien in zw\u00f6lf Sprachen<\/li>\n<li>Audiovisuelle Medien f\u00fcr Erwachsene, Jugendliche und Kinder: CDs,\u00a0 DVDs, Sprachkurse, PS4- und PS5-Spiel<\/li>\n<\/ul>\n<p>[\/et_pb_text][\/et_pb_column][et_pb_column type=&#8221;1_2&#8243; _builder_version=&#8221;4.16&#8243; custom_padding=&#8221;|||&#8221; global_colors_info=&#8221;{}&#8221; custom_padding__hover=&#8221;|||&#8221;][et_pb_text _builder_version=&#8221;4.16&#8243; global_colors_info=&#8221;{}&#8221;]Publikationen, die in der Bibliothek nicht vorhanden sind, k\u00f6nnen per Fernleihe aus anderen Bibliotheken bestellt werden:<br \/>\n<a href=\"https:\/\/opac.bibliotheken-schaffhausen.ch\/NetBiblio\/account\/illrequests\" target=\"_blank\" rel=\"noopener\"><span class=\"icon\">d<\/span> Fernleihbestellung<\/a><br \/>\noder der Bibliothek zur Anschaffung vorgeschlagen werden:<br \/>\n<a href=\"https:\/\/opac.bibliotheken-schaffhausen.ch\/NetBiblio\/account\/acquisitionwishes\" target=\"_blank\" rel=\"noopener\"><span class=\"icon\">l<\/span> Anschaffungsvorschlag<\/a>[\/et_pb_text][\/et_pb_column][\/et_pb_row][\/et_pb_section][et_pb_section fb_built=&#8221;1&#8243; admin_label=&#8221;Sektion&#8221; module_id=&#8221;lesen-lernen&#8221; _builder_version=&#8221;4.16&#8243; global_colors_info=&#8221;{}&#8221;][et_pb_row _builder_version=&#8221;4.16&#8243; global_colors_info=&#8221;{}&#8221;][et_pb_column type=&#8221;4_4&#8243; _builder_version=&#8221;4.16&#8243; custom_padding=&#8221;|||&#8221; global_colors_info=&#8221;{}&#8221; custom_padding__hover=&#8221;|||&#8221;][et_pb_text admin_label=&#8221;Lesen und Lernen&#8221; _builder_version=&#8221;4.16&#8243; global_colors_info=&#8221;{}&#8221;]<\/p>\n<h1>Lesen und Lernen<\/h1>\n<p>[\/et_pb_text][\/et_pb_column][\/et_pb_row][et_pb_row column_structure=&#8221;1_2,1_2&#8243; _builder_version=&#8221;4.16&#8243; global_colors_info=&#8221;{}&#8221;][et_pb_column type=&#8221;1_2&#8243; _builder_version=&#8221;4.16&#8243; custom_padding=&#8221;|||&#8221; global_colors_info=&#8221;{}&#8221; custom_padding__hover=&#8221;|||&#8221;][et_pb_text _builder_version=&#8221;4.16&#8243; custom_padding=&#8221;||23px&#8221; global_colors_info=&#8221;{}&#8221;]<\/p>\n<p>Drei Internetpl\u00e4tze und ein WLAN-Netzwerk inkl. Drucker erg\u00e4nzen das Angebot. Im Zeitschriftenraum mit Kaffeeautomat liegen rund 150 Tageszeitungen und Zeitschriften auf. Es sind Pl\u00e4tze zum Lernen und Lesen in der ganzen Bibliothek vorhanden.<\/p>\n<p>[\/et_pb_text][\/et_pb_column][et_pb_column type=&#8221;1_2&#8243; _builder_version=&#8221;4.16&#8243; custom_padding=&#8221;|||&#8221; global_colors_info=&#8221;{}&#8221; custom_padding__hover=&#8221;|||&#8221;][\/et_pb_column][\/et_pb_row][\/et_pb_section][et_pb_section fb_built=&#8221;1&#8243; fullwidth=&#8221;on&#8221; module_id=&#8221;karte&#8221; _builder_version=&#8221;4.16&#8243; global_colors_info=&#8221;{}&#8221;][et_pb_fullwidth_map address=&#8221;Schwesterngasse 1, 8200 Schaffhausen, Schweiz&#8221; zoom_level=&#8221;16&#8243; address_lat=&#8221;47.6980053&#8243; address_lng=&#8221;8.6368918000001&#8243; mouse_wheel=&#8221;off&#8221; _builder_version=&#8221;4.16&#8243; global_colors_info=&#8221;{}&#8221;][et_pb_map_pin title=&#8221;Bibliothek Agnesensch\u00fctte&#8221; pin_address=&#8221;Schwesterngasse 1, 8200 Schaffhausen, Schweiz&#8221; zoom_level=&#8221;15&#8243; pin_address_lat=&#8221;47.6980053&#8243; pin_address_lng=&#8221;8.6368918000001&#8243; _builder_version=&#8221;3.25.4&#8243; global_colors_info=&#8221;{}&#8221;]<\/p>\n<p>Schwesterngasse 1, 8200 Schaffhausen<\/p>\n<p>[\/et_pb_map_pin][\/et_pb_fullwidth_map][\/et_pb_section]<\/p>\n","protected":false},"excerpt":{"rendered":"<p>Agnesensch\u00fctte \u00d6ffnungszeitenMontag 13:00 &#8211; 18:00Dienstag bis Freitag 10:00 &#8211; 18:00Samstag 10:00 &#8211; 16:00Sonntag 10:00 &#8211; 16:00 Adresse\u00a0 \u00a0 \u00a0 \u00a0 \u00a0 \u00a0 \u00a0 \u00a0 \u00a0 \u00a0 \u00a0 \u00a0 \u00a0 \u00a0 [&hellip;]<\/p>\n","protected":false},"author":1,"featured_media":0,"parent":2029,"menu_order":0,"comment_status":"closed","ping_status":"closed","template":"","meta":{"_et_pb_use_builder":"on","_et_pb_old_content":"","_et_gb_content_width":"","footnotes":""},"class_list":["post-574","page","type-page","status-publish","hentry"],"_links":{"self":[{"href":"https:\/\/bibliotheken-schaffhausen.ch\/de\/wp-json\/wp\/v2\/pages\/574","targetHints":{"allow":["GET"]}}],"collection":[{"href":"https:\/\/bibliotheken-schaffhausen.ch\/de\/wp-json\/wp\/v2\/pages"}],"about":[{"href":"https:\/\/bibliotheken-schaffhausen.ch\/de\/wp-json\/wp\/v2\/types\/page"}],"author":[{"embeddable":true,"href":"https:\/\/bibliotheken-schaffhausen.ch\/de\/wp-json\/wp\/v2\/users\/1"}],"replies":[{"embeddable":true,"href":"https:\/\/bibliotheken-schaffhausen.ch\/de\/wp-json\/wp\/v2\/comments?post=574"}],"version-history":[{"count":2,"href":"https:\/\/bibliotheken-schaffhausen.ch\/de\/wp-json\/wp\/v2\/pages\/574\/revisions"}],"predecessor-version":[{"id":13437,"href":"https:\/\/bibliotheken-schaffhausen.ch\/de\/wp-json\/wp\/v2\/pages\/574\/revisions\/13437"}],"up":[{"embeddable":true,"href":"https:\/\/bibliotheken-schaffhausen.ch\/de\/wp-json\/wp\/v2\/pages\/2029"}],"wp:attachment":[{"href":"https:\/\/bibliotheken-schaffhausen.ch\/de\/wp-json\/wp\/v2\/media?parent=574"}],"curies":[{"name":"wp","href":"https:\/\/api.w.org\/{rel}","templated":true}]}}