{"id":2306,"date":"2019-08-20T15:11:25","date_gmt":"2019-08-20T13:11:25","guid":{"rendered":"https:\/\/bibliotheken-schaffhausen.ch\/?page_id=2306"},"modified":"2023-07-11T09:18:25","modified_gmt":"2023-07-11T07:18:25","slug":"schulen-gruppen","status":"publish","type":"page","link":"https:\/\/bibliotheken-schaffhausen.ch\/de\/veranstaltungen\/schulen-gruppen\/","title":{"rendered":"Schulen &#038; Gruppen"},"content":{"rendered":"<p>[et_pb_section fb_built=&#8221;1&#8243; fullwidth=&#8221;on&#8221; admin_label=&#8221;Titelsektion&#8221; _builder_version=&#8221;4.16&#8243; collapsed=&#8221;off&#8221; global_colors_info=&#8221;{}&#8221;][et_pb_fullwidth_image _builder_version=&#8221;4.16&#8243; background_image=&#8221;https:\/\/bibliotheken-schaffhausen.ch\/wp-content\/uploads\/2019\/07\/stadtbibliothek-parallax.jpg&#8221; min_height=&#8221;380px&#8221; global_colors_info=&#8221;{}&#8221;][\/et_pb_fullwidth_image][et_pb_fullwidth_post_title meta=&#8221;off&#8221; featured_image=&#8221;off&#8221; _builder_version=&#8221;4.16&#8243; title_level=&#8221;h2&#8243; title_font=&#8221;|300|||||||&#8221; title_text_align=&#8221;center&#8221; title_text_color=&#8221;#000000&#8243; title_font_size=&#8221;32px&#8221; background_color=&#8221;rgba(246,244,238,0.88)&#8221; custom_margin=&#8221;-66px||||false&#8221; custom_padding=&#8221;12px||12px|&#8221; global_colors_info=&#8221;{}&#8221;][\/et_pb_fullwidth_post_title][\/et_pb_section][et_pb_section fb_built=&#8221;1&#8243; admin_label=&#8221;Schulen &#038; Gruppen&#8221; module_id=&#8221;kooperationen&#8221; _builder_version=&#8221;4.16&#8243; collapsed=&#8221;off&#8221; global_colors_info=&#8221;{}&#8221;][et_pb_row column_structure=&#8221;1_2,1_2&#8243; _builder_version=&#8221;4.16&#8243; custom_margin=&#8221;||0px&#8221; custom_padding=&#8221;||0px&#8221; global_colors_info=&#8221;{}&#8221;][et_pb_column type=&#8221;1_2&#8243; _builder_version=&#8221;4.16&#8243; custom_padding=&#8221;|||&#8221; global_colors_info=&#8221;{}&#8221; custom_padding__hover=&#8221;|||&#8221;][et_pb_text admin_label=&#8221;Klassenf\u00fchrungen&#8221; module_id=&#8221;klassenfuehrungen&#8221; _builder_version=&#8221;4.17.4&#8243; custom_padding=&#8221;||34px&#8221; global_colors_info=&#8221;{}&#8221;]<\/p>\n<h2>Klassenf\u00fchrungen<\/h2>\n<p><strong>Die Bibliothek bietet vom Kindergarten bis zur Oberstufe und dar\u00fcber hinaus interaktive und spannende F\u00fchrungen in der Agnesensch\u00fctte an. <\/strong><\/p>\n<p>Die Sch\u00fcler*innen lernen die Bibliothek stufengerecht kennen, erhalten eine Benutzerkarte und leihen B\u00fccher aus. Auf Wunsch kann auch ein besonderer Schwerpunkt gelegt werden.<\/p>\n<p>Die F\u00fchrungen finden am besten ausserhalb der \u00d6ffnungszeiten statt: Montag 8 \u2013 13 Uhr und Dienstag bis Freitag 8 \u2013 10 Uhr. F\u00fcr eine fr\u00fchzeitige Anfrage sind wir Ihnen dankbar. Bitte nutzen Sie hierzu das <a href=\"https:\/\/bibliotheken-schaffhausen.ch\/anfrageformular\/\">Anfrageformular<\/a> oder rufen Sie uns an unter <a href=\"tel:+41526325020\">052 632 50 20<\/a>.<\/p>\n<p>[\/et_pb_text][\/et_pb_column][et_pb_column type=&#8221;1_2&#8243; _builder_version=&#8221;4.16&#8243; custom_padding=&#8221;|||&#8221; global_colors_info=&#8221;{}&#8221; custom_padding__hover=&#8221;|||&#8221;][et_pb_text admin_label=&#8221;F\u00fchrungen ausserschulische Lernorte&#8221; module_id=&#8221;lernorte&#8221; _builder_version=&#8221;4.21.0&#8243; custom_padding=&#8221;||34px&#8221; global_colors_info=&#8221;{}&#8221;]<\/p>\n<h2>F\u00fchrungen ausserschulische Lernorte<\/h2>\n<p><strong>Die Stadtbibliothek am M\u00fcnsterplatz ist eine richtige Schatzkammer des Wissens und der Informationen aus vergangenen Zeiten.<\/strong><\/p>\n<p>Eine 800-j\u00e4hrige Handschrift aus dem Kloster Allerheiligen, die \u00e4ltesten Ansichten der St\u00e4dte Europas in einer grossformatigen Inkunabel, Konrad Gessners Einhorn oder die Encyclop\u00e9die raisonn\u00e9e, die &#8220;Wikipedia der Aufkl\u00e4rungszeit&#8221;?\u00a0 Thematisch sind den Einblicken in die Wissensvergangenheit kaum Grenzen gesetzt. Gleichzeitig werden zahlreiche Kompetenzen aus dem Lehrplan 21 abgedeckt. Wir bieten sowohl f\u00fcr den 1. und 2. Zyklus als auch den 3. Zyklus ausserschulische Lernangebote an.<\/p>\n<p>F\u00fcr eine fr\u00fchzeitige Anfrage sind wir Ihnen dankbar. Bitte nutzen Sie hierzu das <a href=\"https:\/\/bibliotheken-schaffhausen.ch\/anfrageformular\/\">Anfrageformular<\/a> oder rufen Sie uns an unter <a href=\"tel:+41526325020\">052 632 50 20<\/a>.<\/p>\n<p>[\/et_pb_text][\/et_pb_column][\/et_pb_row][et_pb_row column_structure=&#8221;1_2,1_2&#8243; _builder_version=&#8221;4.16&#8243; custom_margin=&#8221;||17px&#8221; global_colors_info=&#8221;{}&#8221;][et_pb_column type=&#8221;1_2&#8243; _builder_version=&#8221;4.16&#8243; custom_padding=&#8221;|||&#8221; global_colors_info=&#8221;{}&#8221; custom_padding__hover=&#8221;|||&#8221;][et_pb_text admin_label=&#8221;Informations- und Recherche-Schulungen&#8221; module_id=&#8221;recherche-schulung&#8221; _builder_version=&#8221;4.17.4&#8243; custom_padding=&#8221;||34px&#8221; global_colors_info=&#8221;{}&#8221;]<\/p>\n<h2>Informations- und Recherche-Schulungen<\/h2>\n<p><strong>F\u00fcr den 3. Zyklus bieten wir individuelle, auf den Kompetenzen des Lehrplans 21 basierende Schulungen an. <\/strong><\/p>\n<p>Gerne stellen wir in Absprache mit Ihnen ein stufengerechtes Angebot zusammen. Die Veranstaltungen finden in der Stadtbibliothek am M\u00fcnsterplatz statt, bei Bedarf kann auch einmal ein einzelnes Objekt in die Schule gebracht werden.<\/p>\n<p>F\u00fcr eine fr\u00fchzeitige Kontaktaufnahme sind wir Ihnen dankbar. Bitte nutzen Sie hierzu das <a href=\"https:\/\/bibliotheken-schaffhausen.ch\/anfrageformular\/\">Anfrageformular<\/a> oder rufen Sie uns an unter <a href=\"tel:+41526325020\">052 632 50 20<\/a>.<\/p>\n<p>[\/et_pb_text][\/et_pb_column][et_pb_column type=&#8221;1_2&#8243; _builder_version=&#8221;4.16&#8243; custom_padding=&#8221;|||&#8221; global_colors_info=&#8221;{}&#8221; custom_padding__hover=&#8221;|||&#8221;][et_pb_text admin_label=&#8221;Gruppenf\u00fchrungen&#8221; module_id=&#8221;gruppenfuehrung&#8221; _builder_version=&#8221;4.21.0&#8243; custom_padding=&#8221;||34px&#8221; global_colors_info=&#8221;{}&#8221;]<\/p>\n<h2>Gruppenf\u00fchrungen<\/h2>\n<p><strong>Ihr Verein, Ihre Arbeitskollegen, Ihr Lesekreis interessiert sich f\u00fcr unsere Bibliothek? Das freut uns. <\/strong><\/p>\n<p>Neben dem topaktuellen Medienbestand in der Bibliothek Agnesensch\u00fctte k\u00f6nnen wir Ihnen dabei auch Sch\u00e4tze aus unserem reichen historischen Bestand vorf\u00fchren: mittelalterliche Handschriften, alte und seltene Drucke, besondere Zeitungen und Karten.<\/p>\n<p>Gerne stellen wir Ihnen ein Programm zusammen (30 \u2013 90 Minuten). Bitte nutzen Sie hierzu das <a href=\"https:\/\/bibliotheken-schaffhausen.ch\/anfrageformular\/\">Anfrageformular<\/a>\u00a0oder rufen Sie uns an unter <a href=\"tel:+41526325020\">052 632 50 20<\/a>.<\/p>\n<p>[\/et_pb_text][\/et_pb_column][\/et_pb_row][et_pb_row _builder_version=&#8221;4.16&#8243; _module_preset=&#8221;default&#8221; global_colors_info=&#8221;{}&#8221;][et_pb_column type=&#8221;4_4&#8243; _builder_version=&#8221;4.16&#8243; _module_preset=&#8221;default&#8221; global_colors_info=&#8221;{}&#8221;][et_pb_text admin_label=&#8221;Gruppenf\u00fchrungen&#8221; module_id=&#8221;gruppenfuehrung&#8221; _builder_version=&#8221;4.17.4&#8243; custom_padding=&#8221;||34px&#8221; global_colors_info=&#8221;{}&#8221;]<\/p>\n<h2>Online-Kursangebot f\u00fcr den Zyklus 3<\/h2>\n<p><strong>Eine Lehrperson f\u00e4llt kurzfristig aus oder die halbe Klasse sitzt in Quarant\u00e4ne? F\u00fcr diesen Fall bieten wir drei online Module an.<\/strong><\/p>\n<p><strong>Fakt oder Fake? &#8211; Qualit\u00e4tsinformationen<\/strong> zeigt den SuS, woran Sie qualitativ hochwertige Quellen erkennen und gibt ihnen Werkzeuge in die Hand, um Quellen beurteilen zu k\u00f6nnen. Sie sch\u00e4rfen dabei den Blick f\u00fcr F\u00e4lschungen in Geschichte und Gegenwart. Die SuS erfahren mehr \u00fcber die Vor- und Nachteilen der Wikipedia und besch\u00e4ftigen sich mit der Frage, wie es um die Qualit\u00e4t von Informationen in der Social Media bestellt ist.<\/p>\n<p>Dauer: 45 min oder 2 x 45 Minuten (mehr Wikipedia und Digitale Bibliothek)<\/p>\n<p>&nbsp;<\/p>\n<p><strong>Richtig googeln &#8211; Einf\u00fchrung in die Online-Recherche<\/strong> startet mit einer kurzen Repetition welche Merkmale &#8220;gute Quellen&#8221; kennzeichnen (Vergl. Angebot Fakt oder Fake?). Danach besch\u00e4ftigen sich die SuS mit der Suche mit Google und diskutieren die Kriterien, mit welchem die Treffer anzeigt werden. Auch finden die SuS Antworten zu folgenden Fragen: Was f\u00fcr alternative Suchmaschinen gibt es? Welchen Einfluss hat die Wahl der Suchbegriffe? Wie kann man gezielter suchen?<\/p>\n<p>Dauer: 45 min<\/p>\n<p>&nbsp;<\/p>\n<p>Im Modul <strong>Die Schatzkammer der Stadtbibliothek &#8211; Historischer Bestand<\/strong> pr\u00e4sentieren wir die Sch\u00e4tze der Stadtbibliothek digital. Eine Mumie haben wir nicht, daf\u00fcr einen spannenden digitalisierten Bestand an Handschriften, Inkunabeln (B\u00fccher aus der Fr\u00fchzeit des Buchdrucks) und anderen wertvollen B\u00fcchern. Eine Auswahl wird den SuS vorgestellt. Wir nehmen die SuS auf einen Buchrundgang in die Vergangenheit mit, in dem thematische Schwerpunkte gesetzt werden k\u00f6nnen (Reformation und Religion allgemein, Aufkl\u00e4rung, Wissen der Vergangenheit, Europa und die Welt (Kolonien), Medizin und Gesundheit, Tiere und Pflanzen<\/p>\n<p>Dauer: 45 min<\/p>\n<p>&nbsp;<\/p>\n<p>Die inhaltliche Menge und der Schwierigkeitsgrad der Aufgaben passen wir ans Alter und Lernniveau Ihrer Klasse an. Sie k\u00f6nnen je nach Bedarf ein oder mehrere Module ausw\u00e4hlen. Bitte nutzen Sie hierzu das <a href=\"https:\/\/bibliotheken-schaffhausen.ch\/anfrageformular-online-kursangebot-fuer-den-zyklus-3\/\" target=\"_blank\" rel=\"noopener\">Anmeldeformular<\/a>.<\/p>\n<p>&nbsp;<\/p>\n<p>[\/et_pb_text][\/et_pb_column][\/et_pb_row][\/et_pb_section]<\/p>\n","protected":false},"excerpt":{"rendered":"<p>Klassenf\u00fchrungen Die Bibliothek bietet vom Kindergarten bis zur Oberstufe und dar\u00fcber hinaus interaktive und spannende F\u00fchrungen in der Agnesensch\u00fctte an. Die Sch\u00fcler*innen lernen die Bibliothek stufengerecht kennen, erhalten eine Benutzerkarte [&hellip;]<\/p>\n","protected":false},"author":1,"featured_media":0,"parent":2258,"menu_order":0,"comment_status":"closed","ping_status":"closed","template":"","meta":{"_et_pb_use_builder":"on","_et_pb_old_content":"","_et_gb_content_width":"","footnotes":""},"class_list":["post-2306","page","type-page","status-publish","hentry"],"_links":{"self":[{"href":"https:\/\/bibliotheken-schaffhausen.ch\/de\/wp-json\/wp\/v2\/pages\/2306","targetHints":{"allow":["GET"]}}],"collection":[{"href":"https:\/\/bibliotheken-schaffhausen.ch\/de\/wp-json\/wp\/v2\/pages"}],"about":[{"href":"https:\/\/bibliotheken-schaffhausen.ch\/de\/wp-json\/wp\/v2\/types\/page"}],"author":[{"embeddable":true,"href":"https:\/\/bibliotheken-schaffhausen.ch\/de\/wp-json\/wp\/v2\/users\/1"}],"replies":[{"embeddable":true,"href":"https:\/\/bibliotheken-schaffhausen.ch\/de\/wp-json\/wp\/v2\/comments?post=2306"}],"version-history":[{"count":0,"href":"https:\/\/bibliotheken-schaffhausen.ch\/de\/wp-json\/wp\/v2\/pages\/2306\/revisions"}],"up":[{"embeddable":true,"href":"https:\/\/bibliotheken-schaffhausen.ch\/de\/wp-json\/wp\/v2\/pages\/2258"}],"wp:attachment":[{"href":"https:\/\/bibliotheken-schaffhausen.ch\/de\/wp-json\/wp\/v2\/media?parent=2306"}],"curies":[{"name":"wp","href":"https:\/\/api.w.org\/{rel}","templated":true}]}}