{"id":2281,"date":"2019-08-20T10:59:27","date_gmt":"2019-08-20T08:59:27","guid":{"rendered":"https:\/\/bibliotheken-schaffhausen.ch\/?page_id=2281"},"modified":"2024-12-10T16:01:27","modified_gmt":"2024-12-10T15:01:27","slug":"eltern-kinder","status":"publish","type":"page","link":"https:\/\/bibliotheken-schaffhausen.ch\/de\/veranstaltungen\/eltern-kinder\/","title":{"rendered":"Eltern &#038; Kinder"},"content":{"rendered":"<p>[et_pb_section fb_built=&#8221;1&#8243; fullwidth=&#8221;on&#8221; admin_label=&#8221;Titelsektion&#8221; _builder_version=&#8221;4.16&#8243; collapsed=&#8221;off&#8221; global_colors_info=&#8221;{}&#8221;][et_pb_fullwidth_image _builder_version=&#8221;4.16&#8243; background_image=&#8221;https:\/\/bibliotheken-schaffhausen.ch\/wp-content\/uploads\/2019\/07\/bibliotheken-schaffhausen-buchstart-veranstaltung.png&#8221; parallax=&#8221;on&#8221; min_height=&#8221;380px&#8221; global_colors_info=&#8221;{}&#8221;][\/et_pb_fullwidth_image][et_pb_fullwidth_post_title meta=&#8221;off&#8221; featured_image=&#8221;off&#8221; _builder_version=&#8221;4.16&#8243; title_level=&#8221;h2&#8243; title_font=&#8221;|300|||||||&#8221; title_text_align=&#8221;center&#8221; title_text_color=&#8221;#000000&#8243; title_font_size=&#8221;32px&#8221; background_color=&#8221;rgba(246,244,238,0.88)&#8221; custom_margin=&#8221;-66px||||false&#8221; custom_padding=&#8221;12px||12px|&#8221; global_colors_info=&#8221;{}&#8221;][\/et_pb_fullwidth_post_title][\/et_pb_section][et_pb_section fb_built=&#8221;1&#8243; admin_label=&#8221;Buchstart&#8221; module_id=&#8221;buchstart&#8221; _builder_version=&#8221;4.16&#8243; collapsed=&#8221;off&#8221; global_colors_info=&#8221;{}&#8221;][et_pb_row column_structure=&#8221;1_3,2_3&#8243; _builder_version=&#8221;4.27.4&#8243; custom_margin=&#8221;||17px&#8221; hover_enabled=&#8221;0&#8243; global_colors_info=&#8221;{}&#8221; sticky_enabled=&#8221;0&#8243;][et_pb_column type=&#8221;1_3&#8243; _builder_version=&#8221;4.16&#8243; custom_padding=&#8221;|||&#8221; global_colors_info=&#8221;{}&#8221; custom_padding__hover=&#8221;|||&#8221;][issd_image src=&#8221;https:\/\/bibliotheken-schaffhausen.ch\/wp-content\/uploads\/2022\/07\/Buchstart_erweitert-scaled.jpg&#8221; title_text=&#8221;Buchstart_erweitert&#8221; size=&#8221;width:400px.height:516px.(cropped).&#8221; _builder_version=&#8221;4.18.0&#8243; global_colors_info=&#8221;{}&#8221;][\/issd_image][\/et_pb_column][et_pb_column type=&#8221;2_3&#8243; _builder_version=&#8221;4.16&#8243; custom_padding=&#8221;|||&#8221; global_colors_info=&#8221;{}&#8221; custom_padding__hover=&#8221;|||&#8221;][et_pb_text _builder_version=&#8221;4.16&#8243; custom_padding=&#8221;||34px&#8221; global_colors_info=&#8221;{}&#8221;]<\/p>\n<h2>Buchstart-Treff<\/h2>\n<p><strong>Mit Reimen und Fingerspielen entdecken Eltern gemeinsam mit ihrem Kleinkind im Alter von 0 bis 2 Jahren die Welt der Sprache und Fantasie.<\/strong><\/p>\n<p>Kinder nehmen von Geburt an Kontakt zu ihrer Umwelt auf. Babys reagieren sensibel auf Ger\u00e4usche, Rhythmen und Kl\u00e4nge. Singen Sie mit Ihrem Kind, h\u00f6ren Sie mit ihm Musik und sprechen Sie mit ihm lustige Verse und Reime. Lassen Sie es eintauchen in den Klang der eigenen Sprache und \u00f6ffnen Sie ihm die T\u00fcr f\u00fcr eine gesunde Sprachentwicklung.<\/p>\n<p>In den Bibliotheken Schaffhausen und in der Gemeindebibliothek Neuhausen bieten wir den Buchstart in Deutsch an. Die Veranstaltungen sind kostenlos.<\/p>\n<p><em>Der <a href=\"http:\/\/www.buchstart.ch\" target=\"_blank\" rel=\"noopener noreferrer\">Buchstart<\/a> ist eine Zusammenarbeit der Bibliotheken Schaffhausen und der Gemeindebibliothek Neuhausen mit Bibliomedia Schweiz und dem Schweizerischen Institut f\u00fcr Kinder- und Jugendmedien.<\/em><\/p>\n<p>[\/et_pb_text][\/et_pb_column][\/et_pb_row][\/et_pb_section][et_pb_section fb_built=&#8221;1&#8243; admin_label=&#8221;SmeG&#8221; module_id=&#8221;smeg&#8221; _builder_version=&#8221;4.27.4&#8243; background_color=&#8221;#F6F4EE&#8221; hover_enabled=&#8221;0&#8243; collapsed=&#8221;off&#8221; global_colors_info=&#8221;{}&#8221; sticky_enabled=&#8221;0&#8243;][et_pb_row column_structure=&#8221;1_3,2_3&#8243; _builder_version=&#8221;4.16&#8243; custom_margin=&#8221;||17px&#8221; global_colors_info=&#8221;{}&#8221;][et_pb_column type=&#8221;1_3&#8243; _builder_version=&#8221;4.16&#8243; custom_padding=&#8221;|||&#8221; global_colors_info=&#8221;{}&#8221; custom_padding__hover=&#8221;|||&#8221;][issd_image src=&#8221;https:\/\/bibliotheken-schaffhausen.ch\/wp-content\/uploads\/2019\/04\/1901_SmeG_Flyer_Deutsch_Agnesenschuette.jpg&#8221; size=&#8221;width:480px.height:480px.(bestfit)&#8221; _builder_version=&#8221;4.16&#8243; global_colors_info=&#8221;{}&#8221;][\/issd_image][\/et_pb_column][et_pb_column type=&#8221;2_3&#8243; _builder_version=&#8221;4.16&#8243; custom_padding=&#8221;|||&#8221; global_colors_info=&#8221;{}&#8221; custom_padding__hover=&#8221;|||&#8221;][et_pb_text _builder_version=&#8221;4.27.0&#8243; custom_padding=&#8221;||34px&#8221; global_colors_info=&#8221;{}&#8221;]<\/p>\n<h2>Schenk mir eine Geschichte &#8211; Family Literacy<\/h2>\n<p><strong>Geschichtenstunden f\u00fcr Kinder von 2 bis 5 Jahren mit ihren Eltern oder Grosseltern<\/strong><\/p>\n<p>Entdecke gemeinsam mit deinem Kind die Welt der Geschichten! In der Leseanimation wird ein Bilderbuch erz\u00e4hlt, gemeinsam gesungen, gespielt und gebastelt.<\/p>\n<p>Family Literacy unterst\u00fctzt Eltern bei der Sprach- und Lesef\u00f6rderung ihrer Kinder. Eine ausgebildete Animatorin zeigt den Eltern hier, wie sie von fr\u00fchem Alter an Bilderb\u00fccher und Geschichten erz\u00e4hlen und dies im Alltag pflegen k\u00f6nnen. Je differenzierter sich ein mehrsprachiges Kind in der Erstsprache ausdr\u00fccken kann, desto leichter f\u00e4llt ihm der Erwerb der Zweitsprache Deutsch.<\/p>\n<p>Gemeinsam mit <a href=\"http:\/\/www.integres.ch\" target=\"_blank\" rel=\"noopener\">Integres<\/a>, der <a href=\"https:\/\/www.quartierentwicklung-schaffhausen.ch\/\" target=\"_blank\" rel=\"noopener\">Quartierentwicklung Schaffhausen<\/a> und dem <a href=\"https:\/\/sikjm.ch\/\" target=\"_blank\" rel=\"noopener\">Schweizerischen Institut f\u00fcr Kinder- und Jugendmedien<\/a> bieten wir die Geschichtenstunden in der Bibliothek Agnesensch\u00fctte in mehreren Sprachen kostenlos an.<\/p>\n<p><a href=\"https:\/\/padlet.com\/kellerintegres\/schenk-mir-eine-geschichte-family-literacy-31mt14asrrc1lokc\">Alle Termine, Sprachen und Durchf\u00fchrungsorte<\/a><\/p>\n<p>[\/et_pb_text][\/et_pb_column][\/et_pb_row][\/et_pb_section][et_pb_section fb_built=&#8221;1&#8243; admin_label=&#8221;Mittwochsgeschichten&#8221; module_id=&#8221;mittwochsgeschichten&#8221; _builder_version=&#8221;4.27.4&#8243; background_color=&#8221;#FFFFFF&#8221; hover_enabled=&#8221;0&#8243; collapsed=&#8221;off&#8221; global_colors_info=&#8221;{}&#8221; sticky_enabled=&#8221;0&#8243;][et_pb_row column_structure=&#8221;1_3,2_3&#8243; _builder_version=&#8221;4.16&#8243; custom_margin=&#8221;||17px&#8221; collapsed=&#8221;off&#8221; global_colors_info=&#8221;{}&#8221;][et_pb_column type=&#8221;1_3&#8243; _builder_version=&#8221;4.16&#8243; custom_padding=&#8221;|||&#8221; global_colors_info=&#8221;{}&#8221; custom_padding__hover=&#8221;|||&#8221;][issd_image src=&#8221;https:\/\/bibliotheken-schaffhausen.ch\/wp-content\/uploads\/2022\/12\/Mittwochsgeschichten_23_ohne-Text.jpg&#8221; title_text=&#8221;Mittwochsgeschichten_23_ohne Text&#8221; size=&#8221;width:400px.height:284px.(cropped).&#8221; _builder_version=&#8221;4.19.1&#8243; global_colors_info=&#8221;{}&#8221;][\/issd_image][\/et_pb_column][et_pb_column type=&#8221;2_3&#8243; _builder_version=&#8221;4.16&#8243; custom_padding=&#8221;|||&#8221; global_colors_info=&#8221;{}&#8221; custom_padding__hover=&#8221;|||&#8221;][et_pb_text admin_label=&#8221;Text&#8221; _builder_version=&#8221;4.16&#8243; custom_padding=&#8221;||34px&#8221; global_colors_info=&#8221;{}&#8221;]<\/p>\n<h2>Mittwochsgeschichten<\/h2>\n<p><strong>Sasha Hagen und D\u00e9sir\u00e9e Senn nehmen Kinder ab 3 Jahren auf eine kurzweilige Reise in die wunderbare Welt der Geschichten mit.<\/strong><\/p>\n<p>Abwechslungsweise werden fantastische, spannende und lustige Bilderb\u00fccher erz\u00e4hlt oder vorgelesen. Gibt es etwas Sch\u00f6neres? Ausserdem wird dadurch die Kreativit\u00e4t und sprachliche Entwicklung der Kinder gef\u00f6rdert.<\/p>\n<p>Jeden ersten Mittwochnachmittag im Monat treffen neue Bilderb\u00fccher auf gespannte Zuh\u00f6rer*innen. Die Veranstaltung ist kostenlos und kann ohne Voranmeldung besucht werden.<\/p>\n<p>[\/et_pb_text][\/et_pb_column][\/et_pb_row][\/et_pb_section][et_pb_section fb_built=&#8221;1&#8243; admin_label=&#8221;JUPS&#8221; module_id=&#8221;jups&#8221; _builder_version=&#8221;4.19.1&#8243; background_color=&#8221;#F6F4EE&#8221; collapsed=&#8221;off&#8221; global_colors_info=&#8221;{}&#8221;][et_pb_row column_structure=&#8221;1_3,2_3&#8243; _builder_version=&#8221;4.16&#8243; custom_margin=&#8221;||17px&#8221; global_colors_info=&#8221;{}&#8221;][et_pb_column type=&#8221;1_3&#8243; _builder_version=&#8221;4.16&#8243; custom_padding=&#8221;|||&#8221; global_colors_info=&#8221;{}&#8221; custom_padding__hover=&#8221;|||&#8221;][issd_image src=&#8221;https:\/\/bibliotheken-schaffhausen.ch\/wp-content\/uploads\/2024\/08\/Sticker_laengs_klein.jpg&#8221; title_text=&#8221;Sticker_l\u00e4ngs_klein&#8221; size=&#8221;width:400px.height:516px.(cropped).&#8221; _builder_version=&#8221;4.27.0&#8243; global_colors_info=&#8221;{}&#8221;][\/issd_image][\/et_pb_column][et_pb_column type=&#8221;2_3&#8243; _builder_version=&#8221;4.16&#8243; custom_padding=&#8221;|||&#8221; global_colors_info=&#8221;{}&#8221; custom_padding__hover=&#8221;|||&#8221;][et_pb_text _builder_version=&#8221;4.16&#8243; custom_padding=&#8221;||34px&#8221; global_colors_info=&#8221;{}&#8221;]<\/p>\n<h2>JUPS<\/h2>\n<p><strong>F\u00fcr Kinder, Jugendliche und interessierte Erwachsene bietet das Festival <a href=\"http:\/\/festival-jups.ch\/\" target=\"_blank\" rel=\"noopener noreferrer\">JUPS <\/a>w\u00e4hrend zwei Tagen Veranstaltungen, offene Angebote sowie Workshops in Musik, Theater, Tanz, Literatur und anderen bildenden K\u00fcnsten an.<\/strong><\/p>\n<p>Am Samstag empf\u00e4ngt jeweils das Geschichtenzelt im Kammgarnhof kleine und grosse Zuh\u00f6rer*innen. Gemeinsam tauchen wir in die fantastische Welt des Erz\u00e4hlens und Vorlesens ein.<\/p>\n<p>Das Geschichtenzelt ist eine Zusammenarbeit zwischen dem <a href=\"https:\/\/www.kjmostschweiz.ch\/\" target=\"_blank\" rel=\"noopener noreferrer\">Verein Kinder- und Jugendmedien Ostschweiz<\/a> und den Bibliotheken Schaffhausen.<\/p>\n<p>[\/et_pb_text][\/et_pb_column][\/et_pb_row][\/et_pb_section][et_pb_section fb_built=&#8221;1&#8243; admin_label=&#8221;Ferienpass&#8221; module_id=&#8221;ferienpass&#8221; _builder_version=&#8221;4.19.1&#8243; background_color=&#8221;#FFFFFF&#8221; collapsed=&#8221;off&#8221; global_colors_info=&#8221;{}&#8221;][et_pb_row column_structure=&#8221;1_3,2_3&#8243; _builder_version=&#8221;4.16&#8243; custom_margin=&#8221;||17px&#8221; global_colors_info=&#8221;{}&#8221;][et_pb_column type=&#8221;1_3&#8243; _builder_version=&#8221;4.16&#8243; custom_padding=&#8221;|||&#8221; global_colors_info=&#8221;{}&#8221; custom_padding__hover=&#8221;|||&#8221;][issd_image src=&#8221;https:\/\/bibliotheken-schaffhausen.ch\/wp-content\/uploads\/2019\/07\/bibliotheken-schaffhausen-ferienpass.jpg&#8221; size=&#8221;width:400px.height:250px.(cropped).&#8221; admin_label=&#8221;Image at Size&#8221; _builder_version=&#8221;4.16&#8243; global_colors_info=&#8221;{}&#8221;][\/issd_image][\/et_pb_column][et_pb_column type=&#8221;2_3&#8243; _builder_version=&#8221;4.16&#8243; custom_padding=&#8221;|||&#8221; global_colors_info=&#8221;{}&#8221; custom_padding__hover=&#8221;|||&#8221;][et_pb_text _builder_version=&#8221;4.16&#8243; custom_padding=&#8221;||34px&#8221; global_colors_info=&#8221;{}&#8221;]<\/p>\n<h2>Ferienpass<\/h2>\n<p><strong>Der Schaffhauser Ferienpass bietet ein abwechslungsreiches Programm f\u00fcr Kinder und Jugendliche von 6 bis 16 Jahren an. Der Pass ist jeweils w\u00e4hrend den Sommerferien g\u00fcltig und kann \u00fcber <a href=\"https:\/\/www.schulen-stadtsh.ch\/ferienpass\/\" target=\"_blank\" rel=\"noopener noreferrer\">https:\/\/www.schulen-stadtsh.ch\/ferienpass\/<\/a> gekauft werden.<\/strong><\/p>\n<p>Auch die Bibliotheken Schaffhausen sind mit dabei. Hilfs uns! Denn dieses Jahr, ist ein uraltes, wertvolles Buch verschwunden. Begib dich mit uns auf eine spannende Suche. Aber Vorsicht, \u00fcberall lauern Gefahren in der Bibliothek beim alten Kloster.<\/p>\n<p>[\/et_pb_text][\/et_pb_column][\/et_pb_row][\/et_pb_section][et_pb_section fb_built=&#8221;1&#8243; disabled_on=&#8221;on|on|on&#8221; admin_label=&#8221;Storytime&#8221; module_id=&#8221;storytime&#8221; _builder_version=&#8221;4.25.2&#8243; background_color=&#8221;#f6f4ee&#8221; disabled=&#8221;on&#8221; collapsed=&#8221;off&#8221; global_colors_info=&#8221;{}&#8221;][et_pb_row column_structure=&#8221;1_3,2_3&#8243; _builder_version=&#8221;4.16&#8243; custom_margin=&#8221;||17px&#8221; global_colors_info=&#8221;{}&#8221;][et_pb_column type=&#8221;1_3&#8243; _builder_version=&#8221;4.16&#8243; custom_padding=&#8221;|||&#8221; global_colors_info=&#8221;{}&#8221; custom_padding__hover=&#8221;|||&#8221;][issd_image src=&#8221;https:\/\/bibliotheken-schaffhausen.ch\/wp-content\/uploads\/2019\/10\/storytime.jpg&#8221; size=&#8221;width:480px.height:480px.(bestfit)&#8221; _builder_version=&#8221;4.16&#8243; global_colors_info=&#8221;{}&#8221;][\/issd_image][\/et_pb_column][et_pb_column type=&#8221;2_3&#8243; _builder_version=&#8221;4.16&#8243; custom_padding=&#8221;|||&#8221; global_colors_info=&#8221;{}&#8221; custom_padding__hover=&#8221;|||&#8221;][et_pb_text _builder_version=&#8221;4.16&#8243; custom_padding=&#8221;||34px&#8221; global_colors_info=&#8221;{}&#8221;]<\/p>\n<h2>Storytime<\/h2>\n<p><strong>Mit Bilderb\u00fcchern, Liedern und Versen entdecken Eltern gemeinsam mit ihrem Kind im Alter von 1 bis 4 Jahren in Englisch und Deutsch die Welt der Sprache und Fantasie.<\/strong><\/p>\n<p>Mit Ihrem Kind tauchen Sie spielerisch, miteinander, zweisprachig, in Geschichten ein, tauschen Erfahrungen aus und sammeln Anregungen.<\/p>\n<p>Storytime findet in den Bibliotheken Schaffhausen und in der Gemeindebibliothek Neuhausen statt.<br \/>Die Veranstaltungen sind kostenlos.<\/p>\n<p><em>Storytime ist eine Zusammenarbeit der Bibliotheken Schaffhausen und der Gemeindebibliothek Neuhausen.<\/em><\/p>\n<p>[\/et_pb_text][\/et_pb_column][\/et_pb_row][\/et_pb_section][et_pb_section fb_built=&#8221;1&#8243; _builder_version=&#8221;4.18.0&#8243; _module_preset=&#8221;default&#8221; global_colors_info=&#8221;{}&#8221;][et_pb_row _builder_version=&#8221;4.18.0&#8243; _module_preset=&#8221;default&#8221; global_colors_info=&#8221;{}&#8221;][et_pb_column type=&#8221;4_4&#8243; _builder_version=&#8221;4.18.0&#8243; _module_preset=&#8221;default&#8221; global_colors_info=&#8221;{}&#8221;][et_pb_image src=&#8221;https:\/\/bibliotheken-schaffhausen.ch\/wp-content\/uploads\/2022\/09\/Buchstart_erweitert-scaled-1.jpg&#8221; _builder_version=&#8221;4.18.0&#8243; _module_preset=&#8221;default&#8221; global_colors_info=&#8221;{}&#8221;][\/et_pb_image][\/et_pb_column][\/et_pb_row][\/et_pb_section]<\/p>\n","protected":false},"excerpt":{"rendered":"<p><div class=\"et_pb_module issd_image issd_image_0 et_always_center_on_mobile\">\n\t\t\t\t\n\t\t\t\t\n\t\t\t\t\n\t\t\t\t\n\t\t\t\t\n\t\t\t\t\n\t\t\t\t<div class=\"et_pb_module_inner\">\n\t\t\t\t\t<span class=\"et_pb_image_wrap\"><img decoding=\"async\" src=\"https:\/\/bibliotheken-schaffhausen.ch\/wp-content\/uploads\/2022\/07\/Buchstart_erweitert-400x516.jpg\"   alt=\"\" title=\"Buchstart_erweitert\" \/><\/span>\n\t\t\t\t<\/div>\n\t\t\t<\/div>Buchstart-Treff Mit Reimen und Fingerspielen entdecken Eltern gemeinsam mit ihrem Kleinkind im Alter von 0 bis 2 Jahren die Welt der Sprache und Fantasie. Kinder [&hellip;]<\/p>\n","protected":false},"author":1,"featured_media":0,"parent":2258,"menu_order":0,"comment_status":"closed","ping_status":"closed","template":"","meta":{"_et_pb_use_builder":"on","_et_pb_old_content":"","_et_gb_content_width":"","footnotes":""},"class_list":["post-2281","page","type-page","status-publish","hentry"],"_links":{"self":[{"href":"https:\/\/bibliotheken-schaffhausen.ch\/de\/wp-json\/wp\/v2\/pages\/2281","targetHints":{"allow":["GET"]}}],"collection":[{"href":"https:\/\/bibliotheken-schaffhausen.ch\/de\/wp-json\/wp\/v2\/pages"}],"about":[{"href":"https:\/\/bibliotheken-schaffhausen.ch\/de\/wp-json\/wp\/v2\/types\/page"}],"author":[{"embeddable":true,"href":"https:\/\/bibliotheken-schaffhausen.ch\/de\/wp-json\/wp\/v2\/users\/1"}],"replies":[{"embeddable":true,"href":"https:\/\/bibliotheken-schaffhausen.ch\/de\/wp-json\/wp\/v2\/comments?post=2281"}],"version-history":[{"count":7,"href":"https:\/\/bibliotheken-schaffhausen.ch\/de\/wp-json\/wp\/v2\/pages\/2281\/revisions"}],"predecessor-version":[{"id":13117,"href":"https:\/\/bibliotheken-schaffhausen.ch\/de\/wp-json\/wp\/v2\/pages\/2281\/revisions\/13117"}],"up":[{"embeddable":true,"href":"https:\/\/bibliotheken-schaffhausen.ch\/de\/wp-json\/wp\/v2\/pages\/2258"}],"wp:attachment":[{"href":"https:\/\/bibliotheken-schaffhausen.ch\/de\/wp-json\/wp\/v2\/media?parent=2281"}],"curies":[{"name":"wp","href":"https:\/\/api.w.org\/{rel}","templated":true}]}}