{"id":2261,"date":"2019-08-20T09:31:26","date_gmt":"2019-08-20T07:31:26","guid":{"rendered":"https:\/\/bibliotheken-schaffhausen.ch\/?page_id=2261"},"modified":"2025-03-04T13:57:26","modified_gmt":"2025-03-04T12:57:26","slug":"erwachsene","status":"publish","type":"page","link":"https:\/\/bibliotheken-schaffhausen.ch\/de\/veranstaltungen\/erwachsene\/","title":{"rendered":"Erwachsene"},"content":{"rendered":"<p>[et_pb_section fb_built=&#8221;1&#8243; fullwidth=&#8221;on&#8221; admin_label=&#8221;Titelsektion&#8221; _builder_version=&#8221;4.16&#8243; collapsed=&#8221;off&#8221; global_colors_info=&#8221;{}&#8221;][et_pb_fullwidth_image _builder_version=&#8221;4.16&#8243; background_image=&#8221;https:\/\/bibliotheken-schaffhausen.ch\/wp-content\/uploads\/2019\/01\/abstract-access-close-up-1089438.jpg&#8221; parallax=&#8221;on&#8221; min_height=&#8221;380px&#8221; global_colors_info=&#8221;{}&#8221;][\/et_pb_fullwidth_image][et_pb_fullwidth_post_title meta=&#8221;off&#8221; featured_image=&#8221;off&#8221; _builder_version=&#8221;4.16&#8243; title_level=&#8221;h2&#8243; title_font=&#8221;|300|||||||&#8221; title_text_align=&#8221;center&#8221; title_text_color=&#8221;#000000&#8243; title_font_size=&#8221;32px&#8221; background_color=&#8221;rgba(246,244,238,0.88)&#8221; custom_margin=&#8221;-66px||||false&#8221; custom_padding=&#8221;12px||12px|&#8221; global_colors_info=&#8221;{}&#8221;][\/et_pb_fullwidth_post_title][\/et_pb_section][et_pb_section fb_built=&#8221;1&#8243; admin_label=&#8221;Internet&#8221; module_id=&#8221;internet&#8221; _builder_version=&#8221;4.16&#8243; collapsed=&#8221;off&#8221; global_colors_info=&#8221;{}&#8221;][et_pb_row column_structure=&#8221;1_2,1_2&#8243; _builder_version=&#8221;4.16&#8243; custom_margin=&#8221;||17px&#8221; global_colors_info=&#8221;{}&#8221;][et_pb_column type=&#8221;1_2&#8243; _builder_version=&#8221;4.16&#8243; custom_padding=&#8221;|||&#8221; global_colors_info=&#8221;{}&#8221; custom_padding__hover=&#8221;|||&#8221;][et_pb_text _builder_version=&#8221;4.16&#8243; global_colors_info=&#8221;{}&#8221;]<\/p>\n<h2>Mit der Bibliothek durchs Internet<\/h2>\n<p><strong>Ob recherchieren, tweeten, kopieren, posten oder downloaden &#8211; unserer Veranstaltungsreihe beleuchtet verschiedene Aspekte der digitalen Revolution und hilft, im Informationsdschungel klarzukommen.<\/strong><\/p>\n<p>[\/et_pb_text][\/et_pb_column][et_pb_column type=&#8221;1_2&#8243; _builder_version=&#8221;4.16&#8243; custom_padding=&#8221;|||&#8221; global_colors_info=&#8221;{}&#8221; custom_padding__hover=&#8221;|||&#8221;][et_pb_text _builder_version=&#8221;4.16&#8243; global_colors_info=&#8221;{}&#8221;]<\/p>\n<p>Die Veranstaltungen finden jeden zweiten Mittwoch in der Stadtbibliothek am M\u00fcnsterplatz statt. Sie sind kostenlos und k\u00f6nnen ohne Voranmeldung besucht werden.<\/p>\n<p>Auf Wunsch f\u00fchren wir diese Veranstaltungen auch f\u00fcr Private, Schulen und weitere Interessierte durch. Kontaktieren Sie uns. Bitte benutzen Sie dazu das Anfrageformular oder rufen Sie uns an unter 052 632 50 20.<\/p>\n<p>[\/et_pb_text][\/et_pb_column][\/et_pb_row][\/et_pb_section][et_pb_section fb_built=&#8221;1&#8243; admin_label=&#8221; &#8221; _builder_version=&#8221;4.16&#8243; background_color=&#8221;#F6F4EE&#8221; collapsed=&#8221;off&#8221; global_colors_info=&#8221;{}&#8221;][et_pb_row column_structure=&#8221;1_2,1_2&#8243; _builder_version=&#8221;4.16&#8243; global_colors_info=&#8221;{}&#8221;][et_pb_column type=&#8221;1_2&#8243; _builder_version=&#8221;4.16&#8243; custom_padding=&#8221;|||&#8221; global_colors_info=&#8221;{}&#8221; custom_padding__hover=&#8221;|||&#8221;][et_pb_text admin_label=&#8221;E-Book&#8221; _builder_version=&#8221;4.19.1&#8243; custom_margin=&#8221;||17px&#8221; global_colors_info=&#8221;{}&#8221;]<\/p>\n<h2>E-Book<\/h2>\n<p>Wie richte ich meinen E-Book-Reader, mein Tablet oder Handy ein, um elektronische Medien aus der Dibiost auszuleihen? Was finde ich in Dibiost und weiteren gratis-Angeboten wie OverDrive oder Genios?<\/p>\n<p><a href=\"\/series\/e-book-sprechstunde\/\">Alle Termine anzeigen<\/a><\/p>\n<p>&nbsp;<\/p>\n<p>[\/et_pb_text][et_pb_text admin_label=&#8221;Sprachkurse online&#8221; _builder_version=&#8221;4.19.1&#8243; custom_margin=&#8221;||17px&#8221; global_colors_info=&#8221;{}&#8221;]<\/p>\n<h2>Sprachkurse online<\/h2>\n<p>Anhand bekannter online Anbieter wie beispielsweise Babbel wird diese neue Form des Sprachenlernens erkl\u00e4rt. Neben Flexibilit\u00e4t und Freiheit bieten Onlineangebote aber auch weniger Begleitung als klassische Sprachkurse. Diese Eigenheiten sowie die Struktur von Onlinekursen werden in dieser Veranstaltung vorgestellt und diskutiert.<\/p>\n<p><a href=\"\/series\/sprachkurse-online\/\">Alle Termine anzeigen<\/a><\/p>\n<p>&nbsp;<\/p>\n<p>[\/et_pb_text][et_pb_text admin_label=&#8221;Streamen oder Downloaden?&#8221; _builder_version=&#8221;4.19.1&#8243; custom_margin=&#8221;||17px&#8221; global_colors_info=&#8221;{}&#8221;]<\/p>\n<h2>Streamen oder Downloaden?<\/h2>\n<p>Netflix, Spotify und Youtube \u2013 Neben Filmen und Musik werden auch immer h\u00e4ufiger H\u00f6rspiele, Fernsehsendungen und B\u00fccher \u00fcber eine Internetverbindung gestreamt. Wie funktioniert das? Was ist der Unterschied zu einem Download? Und wie sieht die rechtliche Situation f\u00fcr die Konsumenten aus? Solche Fragen werden in der Veranstaltung und Angebote vorgestellt.<\/p>\n<p><a href=\"\/series\/streamen-oder-downloaden\/\">Alle Termine anzeigen<\/a><\/p>\n<p>&nbsp;<\/p>\n<p>[\/et_pb_text][\/et_pb_column][et_pb_column type=&#8221;1_2&#8243; _builder_version=&#8221;4.16&#8243; custom_padding=&#8221;|||&#8221; global_colors_info=&#8221;{}&#8221; custom_padding__hover=&#8221;|||&#8221;][et_pb_text admin_label=&#8221;Qualit\u00e4t im Internet&#8221; _builder_version=&#8221;4.19.1&#8243; custom_margin=&#8221;||17px&#8221; global_colors_info=&#8221;{}&#8221;]<\/p>\n<h2>Qualit\u00e4t im Internet<\/h2>\n<p>Das Internet ist eine fast unersch\u00f6pfliche Informationsquelle. Hervorragende Infos stehen dabei neben Fake News. Wir zeigen, wie man effizient zu den guten Quellen gelangt.<\/p>\n<p><a href=\"\/series\/digitale-bibliothek-sich-informieren\/\">Alle Termine anzeigen<\/a><\/p>\n<p>&nbsp;<\/p>\n<p>[\/et_pb_text][et_pb_text admin_label=&#8221;Sch\u00e4tze der Stadtbibliothek&#8221; _builder_version=&#8221;4.19.1&#8243; custom_margin=&#8221;||17px&#8221; global_colors_info=&#8221;{}&#8221;]<\/p>\n<h2>Sch\u00e4tze der Stadtbibliothek<\/h2>\n<p>Wir zeigen besondere Sch\u00e4tze aus dem reichen historischen Bestand der Bibliothek \u2013 heilige B\u00fccher, Tier- und Pflanzenb\u00fccher, Reisebeschreibungen u.v.m.<\/p>\n<p><a href=\"\/series\/schaetze-der-stadtbibliothek-verbotene-buecher\/\">Alle Termine anzeigen<\/a><\/p>\n<p>&nbsp;<\/p>\n<p>[\/et_pb_text][\/et_pb_column][\/et_pb_row][\/et_pb_section][et_pb_section fb_built=&#8221;1&#8243; fullwidth=&#8221;on&#8221; admin_label=&#8221;Sektion&#8221; _builder_version=&#8221;4.16&#8243; collapsed=&#8221;off&#8221; global_colors_info=&#8221;{}&#8221;][et_pb_fullwidth_image _builder_version=&#8221;4.16&#8243; background_image=&#8221;https:\/\/bibliotheken-schaffhausen.ch\/wp-content\/uploads\/2019\/07\/IMG_1339_mod.jpg&#8221; parallax=&#8221;on&#8221; min_height=&#8221;400px&#8221; custom_css_main_element=&#8221;background-position: bottom center;&#8221; global_colors_info=&#8221;{}&#8221;][\/et_pb_fullwidth_image][\/et_pb_section][et_pb_section fb_built=&#8221;1&#8243; _builder_version=&#8221;4.16&#8243; global_colors_info=&#8221;{}&#8221;][et_pb_row column_structure=&#8221;1_2,1_2&#8243; _builder_version=&#8221;4.16&#8243; custom_margin=&#8221;||30px&#8221; global_colors_info=&#8221;{}&#8221;][et_pb_column type=&#8221;1_2&#8243; _builder_version=&#8221;4.16&#8243; global_colors_info=&#8221;{}&#8221;][et_pb_text admin_label=&#8221;Erz\u00e4hlzeit&#8221; module_id=&#8221;erzaehlzeit&#8221; _builder_version=&#8221;4.27.4&#8243; hover_enabled=&#8221;0&#8243; global_colors_info=&#8221;{}&#8221; sticky_enabled=&#8221;0&#8243;]<\/p>\n<h2>Erz\u00e4hlzeit ohne Grenzen<\/h2>\n<p>Das grenz\u00fcberschreitende Literaturfestival pr\u00e4sentiert jedes Jahr im Fr\u00fchling eine aussergew\u00f6hnliche Vielfalt von Autor*innen an attraktiven Leseorten in St\u00e4dten und Gemeinden in Deutschland und der Schweiz. Unter den ausgew\u00e4hlten Literaturschaffenden gibt es gewohnt grosse Namen, \u00fcberraschende Deb\u00fctant*innen und bekannte Wiederholungst\u00e4ter.<\/p>\n<p>Die <a href=\"https:\/\/erzaehlzeit.com\/\">Erz\u00e4hlzeit ohne Grenzen<\/a> ist eine Zusammenarbeit zwischen der <a href=\"https:\/\/erlebe.singen.de\/kunst-kultur\/staedtische-bibliotheken#\/openingtimes-prices\/b346087d-6ca7-4d6c-b8b4-fd2be726397d\" target=\"_blank\" rel=\"noopener noreferrer\">Bibliothek Singen<\/a> und den Bibliotheken Schaffhausen.<\/p>\n<p><a href=\"https:\/\/bibliotheken-schaffhausen.ch\/agenda\/category\/erwachsene\/\">Lesungen in der Stadtbibliothek\u00bb<\/a><\/p>\n<p>[\/et_pb_text][\/et_pb_column][et_pb_column type=&#8221;1_2&#8243; _builder_version=&#8221;4.16&#8243; global_colors_info=&#8221;{}&#8221;][et_pb_text admin_label=&#8221;Buchwoche&#8221; module_id=&#8221;buchwoche&#8221; _builder_version=&#8221;4.16&#8243; global_colors_info=&#8221;{}&#8221;]<\/p>\n<h2>Schaffhauser Buchwoche<\/h2>\n<p>Der Verein <a href=\"https:\/\/www.schaffhauserbuchwoche.ch\/\" target=\"_blank\" rel=\"noopener noreferrer\">Schaffhauser Buchwoche<\/a> bringt jedes Jahr im Herbst Literatur in die Stadt. Die Begegnung mit bekannten und weniger bekannten Autor*innen erm\u00f6glicht nicht nur einen unmittelbaren Zugang zu Texten, sie kann auch Orientierungshilfe in der F\u00fclle der Neuerscheinungen sein.<\/p>\n<p>Ein Teil der Veranstaltungen finden im Lesesaal der Stadtbibliothek am M\u00fcnsterplatz statt.<\/p>\n<p><a href=\"https:\/\/bibliotheken-schaffhausen.ch\/agenda\/category\/erwachsene\/\">Lesungen in der Stadtbibliothek\u00bb<\/a><\/p>\n<p>[\/et_pb_text][\/et_pb_column][\/et_pb_row][\/et_pb_section]<\/p>\n","protected":false},"excerpt":{"rendered":"<p>Mit der Bibliothek durchs Internet Ob recherchieren, tweeten, kopieren, posten oder downloaden &#8211; unserer Veranstaltungsreihe beleuchtet verschiedene Aspekte der digitalen Revolution und hilft, im Informationsdschungel klarzukommen.Die Veranstaltungen finden jeden zweiten [&hellip;]<\/p>\n","protected":false},"author":1,"featured_media":0,"parent":2258,"menu_order":0,"comment_status":"closed","ping_status":"closed","template":"","meta":{"_et_pb_use_builder":"on","_et_pb_old_content":"","_et_gb_content_width":"","footnotes":""},"class_list":["post-2261","page","type-page","status-publish","hentry"],"_links":{"self":[{"href":"https:\/\/bibliotheken-schaffhausen.ch\/de\/wp-json\/wp\/v2\/pages\/2261","targetHints":{"allow":["GET"]}}],"collection":[{"href":"https:\/\/bibliotheken-schaffhausen.ch\/de\/wp-json\/wp\/v2\/pages"}],"about":[{"href":"https:\/\/bibliotheken-schaffhausen.ch\/de\/wp-json\/wp\/v2\/types\/page"}],"author":[{"embeddable":true,"href":"https:\/\/bibliotheken-schaffhausen.ch\/de\/wp-json\/wp\/v2\/users\/1"}],"replies":[{"embeddable":true,"href":"https:\/\/bibliotheken-schaffhausen.ch\/de\/wp-json\/wp\/v2\/comments?post=2261"}],"version-history":[{"count":1,"href":"https:\/\/bibliotheken-schaffhausen.ch\/de\/wp-json\/wp\/v2\/pages\/2261\/revisions"}],"predecessor-version":[{"id":13715,"href":"https:\/\/bibliotheken-schaffhausen.ch\/de\/wp-json\/wp\/v2\/pages\/2261\/revisions\/13715"}],"up":[{"embeddable":true,"href":"https:\/\/bibliotheken-schaffhausen.ch\/de\/wp-json\/wp\/v2\/pages\/2258"}],"wp:attachment":[{"href":"https:\/\/bibliotheken-schaffhausen.ch\/de\/wp-json\/wp\/v2\/media?parent=2261"}],"curies":[{"name":"wp","href":"https:\/\/api.w.org\/{rel}","templated":true}]}}