{"id":2057,"date":"2019-08-16T11:28:45","date_gmt":"2019-08-16T09:28:45","guid":{"rendered":"https:\/\/bibliotheken-schaffhausen.ch\/?page_id=2057"},"modified":"2023-07-26T11:10:00","modified_gmt":"2023-07-26T09:10:00","slug":"digitale-bibliothek","status":"publish","type":"page","link":"https:\/\/bibliotheken-schaffhausen.ch\/de\/digitale-bibliothek\/","title":{"rendered":"Digitale Bibliothek"},"content":{"rendered":"<p>[et_pb_section fb_built=&#8221;1&#8243; fullwidth=&#8221;on&#8221; admin_label=&#8221;Titelsektion&#8221; _builder_version=&#8221;4.16&#8243; collapsed=&#8221;off&#8221; global_colors_info=&#8221;{}&#8221;][et_pb_fullwidth_image _builder_version=&#8221;4.16&#8243; background_image=&#8221;https:\/\/bibliotheken-schaffhausen.ch\/wp-content\/uploads\/2019\/07\/IMG_1272_mod.jpg&#8221; parallax=&#8221;on&#8221; min_height=&#8221;380px&#8221; global_colors_info=&#8221;{}&#8221;][\/et_pb_fullwidth_image][et_pb_fullwidth_post_title meta=&#8221;off&#8221; featured_image=&#8221;off&#8221; _builder_version=&#8221;4.16&#8243; title_level=&#8221;h2&#8243; title_font=&#8221;|300|||||||&#8221; title_text_align=&#8221;center&#8221; title_text_color=&#8221;#000000&#8243; title_font_size=&#8221;32px&#8221; background_color=&#8221;rgba(246,244,238,0.87)&#8221; custom_margin=&#8221;-66px||||false&#8221; custom_padding=&#8221;12px||12px|&#8221; global_colors_info=&#8221;{}&#8221;][\/et_pb_fullwidth_post_title][\/et_pb_section][et_pb_section fb_built=&#8221;1&#8243; _builder_version=&#8221;4.16&#8243; custom_margin=&#8221;||30px&#8221; custom_padding=&#8221;||&#8221; global_colors_info=&#8221;{}&#8221;][et_pb_row column_structure=&#8221;1_4,1_4,1_4,1_4&#8243; _builder_version=&#8221;4.16&#8243; global_colors_info=&#8221;{}&#8221;][et_pb_column type=&#8221;1_4&#8243; _builder_version=&#8221;4.16&#8243; custom_padding=&#8221;|||&#8221; global_colors_info=&#8221;{}&#8221; custom_padding__hover=&#8221;|||&#8221;][et_pb_image src=&#8221;https:\/\/bibliotheken-schaffhausen.ch\/wp-content\/uploads\/2020\/03\/istanbul-168774_1920_menue_angepasst.jpg&#8221; url=&#8221;\/digitale-bibliothek\/online-katalog\/&#8221; _builder_version=&#8221;4.16&#8243; global_colors_info=&#8221;{}&#8221;][\/et_pb_image][et_pb_text admin_label=&#8221;Kultur &#038; Lernen virtuell&#8221; _builder_version=&#8221;4.16&#8243; text_font=&#8221;||||||||&#8221; text_line_height=&#8221;1.6em&#8221; global_colors_info=&#8221;{}&#8221;]<\/p>\n<h2><a href=\"\/digitale-bibliothek\/kultur-und-lernen-virtuell\/\">Kultur, Lernen, Leben<\/a><\/h2>\n<p><a href=\"\/digitale-bibliothek\/kultur-und-lernen-virtuell\/#lernvideos\">Lernvideos<\/a><br \/><a href=\"\/digitale-bibliothek\/kultur-und-lernen-virtuell\/#dokumentationen\">Dokumentationen<\/a><br \/><a href=\"\/digitale-bibliothek\/kultur-und-lernen-virtuell\/#apps\">Apps f\u00fcr Kinder<\/a><br \/><a href=\"\/digitale-bibliothek\/kultur-und-lernen-virtuell\/#museumstouren\">Virtuelle Rundg\u00e4nge<\/a><br \/><a href=\"https:\/\/bibliotheken-schaffhausen.ch\/digitale-bibliothek\/kultur-und-lernen-virtuell\/#livestream\">Livestream-Lesungen<\/a><br \/><a href=\"\/digitale-bibliothek\/kultur-und-lernen-virtuell\/#Datenbanken\">Diverse Datenbanken<\/a><br \/><a href=\"\/digitale-bibliothek\/kultur-und-lernen-virtuell\/#Unterhaltung\">Unterhaltung<\/a><\/p>\n<p>[\/et_pb_text][\/et_pb_column][et_pb_column type=&#8221;1_4&#8243; _builder_version=&#8221;4.16&#8243; custom_padding=&#8221;|||&#8221; global_colors_info=&#8221;{}&#8221; custom_padding__hover=&#8221;|||&#8221;][et_pb_image src=&#8221;https:\/\/bibliotheken-schaffhausen.ch\/wp-content\/uploads\/2019\/08\/bibliotheken-schaffhausen-online-katalog.jpg&#8221; url=&#8221;\/digitale-bibliothek\/online-katalog\/&#8221; _builder_version=&#8221;4.16&#8243; global_colors_info=&#8221;{}&#8221;][\/et_pb_image][et_pb_text admin_label=&#8221;Online-Katalog&#8221; _builder_version=&#8221;4.16&#8243; text_font=&#8221;||||||||&#8221; text_line_height=&#8221;1.6em&#8221; global_colors_info=&#8221;{}&#8221;]<\/p>\n<h2><a href=\"\/digitale-bibliothek\/online-katalog\/\">Online-Katalog<\/a><\/h2>\n<p><a href=\"\/digitale-bibliothek\/online-katalog\/#bisch-online\">BISCH Online<\/a><br \/><a href=\"\/digitale-bibliothek\/online-katalog\/#swisscovery\">Swisscovery<\/a><br \/><a href=\"\/digitale-bibliothek\/online-katalog\/#worldcat\">WorldCat<\/a><\/p>\n<p>[\/et_pb_text][\/et_pb_column][et_pb_column type=&#8221;1_4&#8243; _builder_version=&#8221;4.16&#8243; custom_padding=&#8221;|||&#8221; global_colors_info=&#8221;{}&#8221; custom_padding__hover=&#8221;|||&#8221;][et_pb_image src=&#8221;https:\/\/bibliotheken-schaffhausen.ch\/wp-content\/uploads\/2020\/03\/books-4802412-510&#215;287.jpg&#8221; url=&#8221;\/digitale-bibliothek\/e-media\/&#8221; _builder_version=&#8221;4.16&#8243; global_colors_info=&#8221;{}&#8221;][\/et_pb_image][et_pb_text admin_label=&#8221;Digitale Bibliothek Schaffhausen&#8221; _builder_version=&#8221;4.21.0&#8243; text_font=&#8221;||||||||&#8221; text_line_height=&#8221;1.6em&#8221; hover_enabled=&#8221;0&#8243; global_colors_info=&#8221;{}&#8221; sticky_enabled=&#8221;0&#8243;]<\/p>\n<h2><a href=\"\/digitale-bibliothek\/e-media\/\">Digitale Bibliothek Schaffhausen<\/a><\/h2>\n<p><a href=\"\/digitale-bibliothek\/e-media\/#sichinformieren\">Sich informieren<\/a><br \/><a href=\"\/digitale-bibliothek\/e-media\/#schm\u00f6kernbl\u00e4ttern\">Schm\u00f6kern &amp; Bl\u00e4ttern<\/a><br \/><a href=\"\/digitale-bibliothek\/e-media\/#h\u00f6rensehen\">H\u00f6ren &amp; Sehen<\/a><\/p>\n<p>[\/et_pb_text][\/et_pb_column][et_pb_column type=&#8221;1_4&#8243; _builder_version=&#8221;4.16&#8243; custom_padding=&#8221;|||&#8221; global_colors_info=&#8221;{}&#8221; custom_padding__hover=&#8221;|||&#8221;][et_pb_image src=&#8221;https:\/\/bibliotheken-schaffhausen.ch\/wp-content\/uploads\/2019\/08\/bibliotheken-schaffhausen-schatzkammer.jpg&#8221; url=&#8221;\/digitale-bibliothek\/schatzkammer\/&#8221; _builder_version=&#8221;4.16&#8243; global_colors_info=&#8221;{}&#8221;][\/et_pb_image][et_pb_text admin_label=&#8221;Schatzkammer&#8221; _builder_version=&#8221;4.16&#8243; text_font=&#8221;||||||||&#8221; text_line_height=&#8221;1.6em&#8221; global_colors_info=&#8221;{}&#8221;]<\/p>\n<h2><a href=\"\/digitale-bibliothek\/schatzkammer\/\">Schatzkammer<\/a><\/h2>\n<p>\n\t<a href=\"\/digitale-bibliothek\/schatzkammer\/#e-codices\">e-codices<\/a><br \/>\n\t<a href=\"\/digitale-bibliothek\/schatzkammer\/#e-rara\">e-rara<\/a><br \/>\n\t<a href=\"\/digitale-bibliothek\/schatzkammer\/#e-manuscripta\">e-manuscripta<\/a><br \/>\n\t<a href=\"\/digitale-bibliothek\/schatzkammer\/#ebooks-on-demand\">E-books on demand<\/a>\n<\/p>\n<p>[\/et_pb_text][\/et_pb_column][\/et_pb_row][\/et_pb_section]<\/p>\n","protected":false},"excerpt":{"rendered":"<p>Kultur, Lernen, Leben LernvideosDokumentationenApps f\u00fcr KinderVirtuelle Rundg\u00e4ngeLivestream-LesungenDiverse DatenbankenUnterhaltungOnline-Katalog BISCH OnlineSwisscoveryWorldCatDigitale Bibliothek Schaffhausen Sich informierenSchm\u00f6kern &amp; Bl\u00e4tternH\u00f6ren &amp; SehenSchatzkammer e-codices e-rara e-manuscripta E-books on demand<\/p>\n","protected":false},"author":1,"featured_media":0,"parent":0,"menu_order":0,"comment_status":"closed","ping_status":"closed","template":"","meta":{"_et_pb_use_builder":"on","_et_pb_old_content":"","_et_gb_content_width":"","footnotes":""},"class_list":["post-2057","page","type-page","status-publish","hentry"],"_links":{"self":[{"href":"https:\/\/bibliotheken-schaffhausen.ch\/de\/wp-json\/wp\/v2\/pages\/2057","targetHints":{"allow":["GET"]}}],"collection":[{"href":"https:\/\/bibliotheken-schaffhausen.ch\/de\/wp-json\/wp\/v2\/pages"}],"about":[{"href":"https:\/\/bibliotheken-schaffhausen.ch\/de\/wp-json\/wp\/v2\/types\/page"}],"author":[{"embeddable":true,"href":"https:\/\/bibliotheken-schaffhausen.ch\/de\/wp-json\/wp\/v2\/users\/1"}],"replies":[{"embeddable":true,"href":"https:\/\/bibliotheken-schaffhausen.ch\/de\/wp-json\/wp\/v2\/comments?post=2057"}],"version-history":[{"count":0,"href":"https:\/\/bibliotheken-schaffhausen.ch\/de\/wp-json\/wp\/v2\/pages\/2057\/revisions"}],"wp:attachment":[{"href":"https:\/\/bibliotheken-schaffhausen.ch\/de\/wp-json\/wp\/v2\/media?parent=2057"}],"curies":[{"name":"wp","href":"https:\/\/api.w.org\/{rel}","templated":true}]}}