{"id":14186,"date":"2025-08-26T12:40:16","date_gmt":"2025-08-26T10:40:16","guid":{"rendered":"https:\/\/bibliotheken-schaffhausen.ch\/?page_id=14186"},"modified":"2025-08-26T12:40:19","modified_gmt":"2025-08-26T10:40:19","slug":"dach-information","status":"publish","type":"page","link":"https:\/\/bibliotheken-schaffhausen.ch\/de\/dach-information\/","title":{"rendered":"Dach Information"},"content":{"rendered":"<p>[et_pb_section fb_built=&#8221;1&#8243; _builder_version=&#8221;4.16&#8243; _module_preset=&#8221;default&#8221; locked=&#8221;off&#8221; global_colors_info=&#8221;{}&#8221;][et_pb_row admin_label=&#8221;Abstand&#8221; _builder_version=&#8221;4.16&#8243; _module_preset=&#8221;default&#8221; collapsed=&#8221;on&#8221; global_colors_info=&#8221;{}&#8221;][et_pb_column type=&#8221;4_4&#8243; _builder_version=&#8221;4.16&#8243; _module_preset=&#8221;default&#8221; global_colors_info=&#8221;{}&#8221;][\/et_pb_column][\/et_pb_row][et_pb_row admin_label=&#8221;Text&#8221; _builder_version=&#8221;4.16&#8243; _module_preset=&#8221;default&#8221; global_colors_info=&#8221;{}&#8221;][et_pb_column type=&#8221;4_4&#8243; _builder_version=&#8221;4.16&#8243; _module_preset=&#8221;default&#8221; global_colors_info=&#8221;{}&#8221;][et_pb_text _builder_version=&#8221;4.27.4&#8243; _module_preset=&#8221;default&#8221; global_colors_info=&#8221;{}&#8221;]<\/p>\n<h2 style=\"text-align: left;\">Dach Information<\/h2>\n<p style=\"text-align: left;\"><a href=\"https:\/\/research.ebsco.com\/c\/rk5fju?db=grc\" target=\"_blank\" rel=\"noopener\">Zu Dach<\/a><\/p>\n<p>Die fach\u00fcbergreifende Datenbank DACH Information bietet eine Vielzahl an hochwertigen Artikeln, Magazinen und Fachzeitschriften zur Unterst\u00fctzung der Recherche und Forschung in einem breiten Spektrum von Fachbereichen: von Kunst und Geisteswissenschaften bis hin zu Medizin und Naturwissenschaften.\u00a0<\/p>\n<h3>Themengebiete:<\/h3>\n<ul class=\"columnTwo\">\n<li>Kunst<\/li>\n<li>Business und Betriebswirtschaft<\/li>\n<li>Kommunikation<\/li>\n<li>P\u00e4dagogik<\/li>\n<li>Recht<\/li>\n<li>Geschichte<\/li>\n<li>Geisteswissenschaften<\/li>\n<li>Linguistik<\/li>\n<li>Management<\/li>\n<li>Marketing<\/li>\n<li>Mathematik<\/li>\n<li>Pflege<\/li>\n<li>Psychologie<\/li>\n<li>Sozialwissenschaften und Sozialarbeit<\/li>\n<li>STEM<\/li>\n<li>Und mehr<\/li>\n<\/ul>\n<h3 style=\"text-align: left;\">Voraussetzungen<\/h3>\n<p style=\"text-align: left;\">Verf\u00fcgen Sie \u00fcber einen Bibliotheksausweis, k\u00f6nnen Sie die online Bibliothek kostenfrei nutzen. Loggen Sie sich daf\u00fcr mit Ihrer Benutzernummer (Nummer unter Strichcode) und Ihrem Passwort ein. Um Artikel oder ganze Publikationen zu speichern, ist eine Registrierung mit Mail und Passwort erforderlich.<\/p>\n<h3 style=\"text-align: left;\">Wie kann ich auf Dach Information zugreifen?<\/h3>\n<h4 style=\"text-align: left;\">Zugriff \u00fcber den PC, Laptop, Tablet oder Smartphone<\/h4>\n<p>Sie k\u00f6nnen Dach Information direkt am <a href=\"https:\/\/research.ebsco--com.digibisch.ch\/c\/rk5fju\/search?db=grc\" target=\"_blank\" rel=\"noopener\">Browser<\/a> nutzen.<\/p>\n<p>[\/et_pb_text][et_pb_image src=&#8221;https:\/\/bibliotheken-schaffhausen.ch\/wp-content\/uploads\/2025\/07\/dach-information_button.png&#8221; title_text=&#8221;dach-information_button&#8221; _builder_version=&#8221;4.27.4&#8243; _module_preset=&#8221;default&#8221; global_colors_info=&#8221;{}&#8221;][\/et_pb_image][\/et_pb_column][\/et_pb_row][\/et_pb_section]<\/p>\n","protected":false},"excerpt":{"rendered":"<p>Dach Information Zu Dach Die fach\u00fcbergreifende Datenbank DACH Information bietet eine Vielzahl an hochwertigen Artikeln, Magazinen und Fachzeitschriften zur Unterst\u00fctzung der Recherche und Forschung in einem breiten Spektrum von Fachbereichen: [&hellip;]<\/p>\n","protected":false},"author":10,"featured_media":0,"parent":0,"menu_order":0,"comment_status":"closed","ping_status":"closed","template":"","meta":{"_et_pb_use_builder":"on","_et_pb_old_content":"","_et_gb_content_width":"","footnotes":""},"class_list":["post-14186","page","type-page","status-publish","hentry"],"_links":{"self":[{"href":"https:\/\/bibliotheken-schaffhausen.ch\/de\/wp-json\/wp\/v2\/pages\/14186","targetHints":{"allow":["GET"]}}],"collection":[{"href":"https:\/\/bibliotheken-schaffhausen.ch\/de\/wp-json\/wp\/v2\/pages"}],"about":[{"href":"https:\/\/bibliotheken-schaffhausen.ch\/de\/wp-json\/wp\/v2\/types\/page"}],"author":[{"embeddable":true,"href":"https:\/\/bibliotheken-schaffhausen.ch\/de\/wp-json\/wp\/v2\/users\/10"}],"replies":[{"embeddable":true,"href":"https:\/\/bibliotheken-schaffhausen.ch\/de\/wp-json\/wp\/v2\/comments?post=14186"}],"version-history":[{"count":8,"href":"https:\/\/bibliotheken-schaffhausen.ch\/de\/wp-json\/wp\/v2\/pages\/14186\/revisions"}],"predecessor-version":[{"id":14290,"href":"https:\/\/bibliotheken-schaffhausen.ch\/de\/wp-json\/wp\/v2\/pages\/14186\/revisions\/14290"}],"wp:attachment":[{"href":"https:\/\/bibliotheken-schaffhausen.ch\/de\/wp-json\/wp\/v2\/media?parent=14186"}],"curies":[{"name":"wp","href":"https:\/\/api.w.org\/{rel}","templated":true}]}}