{"id":13976,"date":"2025-06-17T08:34:47","date_gmt":"2025-06-17T06:34:47","guid":{"rendered":"https:\/\/bibliotheken-schaffhausen.ch\/?page_id=13976"},"modified":"2025-07-11T16:04:21","modified_gmt":"2025-07-11T14:04:21","slug":"naxos","status":"publish","type":"page","link":"https:\/\/bibliotheken-schaffhausen.ch\/de\/naxos\/","title":{"rendered":"Naxos"},"content":{"rendered":"<p>[et_pb_section fb_built=&#8221;1&#8243; _builder_version=&#8221;4.16&#8243; _module_preset=&#8221;default&#8221; global_colors_info=&#8221;{}&#8221;][et_pb_row admin_label=&#8221;Abstand&#8221; _builder_version=&#8221;4.16&#8243; _module_preset=&#8221;default&#8221; collapsed=&#8221;on&#8221; global_colors_info=&#8221;{}&#8221;][et_pb_column type=&#8221;4_4&#8243; _builder_version=&#8221;4.16&#8243; _module_preset=&#8221;default&#8221; global_colors_info=&#8221;{}&#8221;][\/et_pb_column][\/et_pb_row][et_pb_row admin_label=&#8221;Text&#8221; _builder_version=&#8221;4.16&#8243; _module_preset=&#8221;default&#8221; global_colors_info=&#8221;{}&#8221;][et_pb_column type=&#8221;4_4&#8243; _builder_version=&#8221;4.16&#8243; _module_preset=&#8221;default&#8221; global_colors_info=&#8221;{}&#8221;][et_pb_text _builder_version=&#8221;4.27.4&#8243; _module_preset=&#8221;default&#8221; hover_enabled=&#8221;0&#8243; global_colors_info=&#8221;{}&#8221; sticky_enabled=&#8221;0&#8243;]<\/p>\n<h2 style=\"text-align: left;\">Naxos Music Library<\/h2>\n<p style=\"text-align: left;\"><a href=\"https:\/\/online.munzinger--de.digibisch.ch\/publikation\/naxos\" target=\"_blank\" rel=\"noopener\">Zu Naxos<\/a><\/p>\n<p style=\"text-align: left;\" data-start=\"77\" data-end=\"396\"><strong data-start=\"77\" data-end=\"100\">Naxos Music Library<\/strong><br data-start=\"100\" data-end=\"103\" \/>Eine umfangreiche digitale Plattform mit \u00fcber einer Million Musikst\u00fccken aus verschiedenen Genres. Nutzer erhalten Zugriff auf vollst\u00e4ndige Alben, K\u00fcnstlerbiografien, Noten und erg\u00e4nzende Informationen \u2013 geeignet f\u00fcr private H\u00f6rer, Lehrende und Forschende.<\/p>\n<p style=\"text-align: left;\" data-start=\"398\" data-end=\"673\"><strong data-start=\"398\" data-end=\"412\">Naxos Jazz<\/strong><br data-start=\"412\" data-end=\"415\" \/>Ein spezialisiertes Jazz-Archiv mit einer breiten Auswahl an Aufnahmen von traditionellen bis modernen Jazz. Enthalten sind sowohl bekannte Klassiker als auch neuere Ver\u00f6ffentlichungen, erg\u00e4nzt durch detaillierte K\u00fcnstler- und Albuminformationen.<\/p>\n<p style=\"text-align: left;\" data-start=\"675\" data-end=\"914\"><strong data-start=\"675\" data-end=\"696\">Naxos Spoken Word<\/strong><br data-start=\"696\" data-end=\"699\" \/>Eine Sammlung von gesprochenen Werken, darunter H\u00f6rb\u00fccher, literarische Lesungen, Gedichte und Reden. Das Angebot richtet sich an Nutzer, die sich mit Sprache, Literatur und historischen Texten besch\u00e4ftigen m\u00f6chten.<\/p>\n<p style=\"text-align: left;\" data-start=\"916\" data-end=\"1178\"><strong data-start=\"916\" data-end=\"939\">Naxos Video Library<\/strong><br data-start=\"939\" data-end=\"942\" \/>Eine Videodatenbank mit Musikauff\u00fchrungen, darunter Opern, Konzerte und Musikdokumentationen. Zus\u00e4tzlich sind Lehrvideos und Hintergrundinformationen verf\u00fcgbar, die einen vertieften Einblick in musikalische und kulturelle Themen bieten.<\/p>\n<h3 style=\"text-align: left;\">Voraussetzungen<\/h3>\n<p style=\"text-align: left;\">Verf\u00fcgen Sie \u00fcber einen Bibliotheksausweis, k\u00f6nnen Sie die online Bibliothek kostenfrei nutzen. Loggen Sie sich daf\u00fcr mit Ihrer Benutzernummer (Nummer unter Strichcode) und Ihrem Passwort ein. Um Playlists zu erstellen sowie die App zu verwenden, ist eine Registrierung mit Mail und Passwort erforderlich.<\/p>\n<h3 style=\"text-align: left;\">Wie kann ich auf Naxos zugreifen?<\/h3>\n<h4 style=\"text-align: left;\">Zugriff \u00fcber den PC oder Laptop<\/h4>\n<p>Sie k\u00f6nnen Naxos direkt am <a href=\"https:\/\/online.munzinger--de.digibisch.ch\/publikation\/naxos\" target=\"_blank\" rel=\"noopener\">Browser<\/a> nutzen und streamen, sowie Musik, H\u00f6rb\u00fccher und Videos herunterladen.<\/p>\n<h4 style=\"text-align: left;\">Zugriff mit dem Tablet oder Smartphone<\/h4>\n<p style=\"text-align: left;\">Am Tablet oder Smartphone k\u00f6nnen Sie Naxos \u00fcber deren Apps (<a href=\"https:\/\/play.google.com\/store\/apps\/dev?id=5357371429739937658&amp;hl=de_CH&amp;gl=US\" target=\"_blank\" rel=\"noopener\">Android<\/a>,\u00a0<a href=\"https:\/\/apps.apple.com\/ch\/developer\/naxos-digital-services-ltd\/id338059162?see-all=i-phonei-pad-apps\" target=\"_blank\" rel=\"noopener\">IOS<\/a>) nutzen. Dabei stehen Ihnen alle Funktionen zur Verf\u00fcgung.<\/p>\n<p style=\"text-align: left;\">Achtung: Um die App nutzen zu k\u00f6nnen, m\u00fcssen Sie sich einen Account erstellen, mit dem Sie sich in der App anmelden k\u00f6nnen. Diesen m\u00fcssen Sie zwingend in der <a href=\"https:\/\/online.munzinger--de.digibisch.ch\/publikation\/naxos\">Browser-Version<\/a> erstellen. Die Registrierung f\u00fcr diesen sogenannten Student\/Member Account finden sie unter &#8220;Playlist&#8221; in der linken Navigation, dann haben sie oben rechts die Login- oder Registrierungsm\u00f6glichkeit:<\/p>\n<h2>\u00a0<\/h2>\n<p>[\/et_pb_text][et_pb_image src=&#8221;https:\/\/bibliotheken-schaffhausen.ch\/wp-content\/uploads\/2025\/07\/NML_NML-App_Institutionen_V10_Munzinger.jpg&#8221; title_text=&#8221;NML_NML-App_Institutionen_V10_Munzinger&#8221; _builder_version=&#8221;4.27.4&#8243; _module_preset=&#8221;default&#8221; global_colors_info=&#8221;{}&#8221;][\/et_pb_image][et_pb_text _builder_version=&#8221;4.27.4&#8243; _module_preset=&#8221;default&#8221; hover_enabled=&#8221;0&#8243; global_colors_info=&#8221;{}&#8221; sticky_enabled=&#8221;0&#8243;]<\/p>\n<p style=\"text-align: left;\"><span style=\"color: #ffffff;\">A<\/span><\/p>\n<p style=\"text-align: left;\">Bitte achten Sie darauf, dass jedes Angebot eine eigene App sowie ein eigenes Login hat:<br \/>Naxos Music Library und Video: NML<br \/>Naxos Jazz: NML Jazz<br \/>Naxos Spoken Word: NSWL<\/p>\n<h2>\u200b<\/h2>\n<p>[\/et_pb_text][\/et_pb_column][\/et_pb_row][\/et_pb_section][et_pb_section fb_built=&#8221;1&#8243; _builder_version=&#8221;4.25.2&#8243; _module_preset=&#8221;default&#8221; global_colors_info=&#8221;{}&#8221;][et_pb_row _builder_version=&#8221;4.25.2&#8243; _module_preset=&#8221;default&#8221; global_colors_info=&#8221;{}&#8221;][et_pb_column type=&#8221;4_4&#8243; _builder_version=&#8221;4.25.2&#8243; _module_preset=&#8221;default&#8221; global_colors_info=&#8221;{}&#8221;][et_pb_image src=&#8221;https:\/\/bibliotheken-schaffhausen.ch\/wp-content\/uploads\/2025\/05\/naxos.jpg&#8221; title_text=&#8221;naxos&#8221; _builder_version=&#8221;4.27.4&#8243; _module_preset=&#8221;default&#8221; module_alignment=&#8221;left&#8221; min_height=&#8221;461px&#8221; height=&#8221;352px&#8221; max_height=&#8221;534px&#8221; global_colors_info=&#8221;{}&#8221;][\/et_pb_image][\/et_pb_column][\/et_pb_row][\/et_pb_section]<\/p>\n","protected":false},"excerpt":{"rendered":"<p>Naxos Music Library Zu Naxos Naxos Music LibraryEine umfangreiche digitale Plattform mit \u00fcber einer Million Musikst\u00fccken aus verschiedenen Genres. Nutzer erhalten Zugriff auf vollst\u00e4ndige Alben, K\u00fcnstlerbiografien, Noten und erg\u00e4nzende Informationen [&hellip;]<\/p>\n","protected":false},"author":10,"featured_media":0,"parent":0,"menu_order":0,"comment_status":"closed","ping_status":"closed","template":"","meta":{"_et_pb_use_builder":"on","_et_pb_old_content":"<div class=\"et_pb_row et_pb_row_1\"><div class=\"et_pb_column et_pb_column_4_4 et_pb_column_1 et_pb_css_mix_blend_mode_passthrough et-last-child\"><div class=\"et_pb_module et_pb_text et_pb_text_0 et_pb_text_align_left et_pb_bg_layout_light\"><div class=\"et_pb_text_inner\"><h2 style=\"text-align: left;\">Naxos Music Library<\/h2><p style=\"text-align: left;\"><a href=\"https:\/\/schaffhausen.freegalmusic.com\/home\" target=\"_blank\" rel=\"noopener\">Zu Naxos<\/a><\/p><p style=\"text-align: left;\" data-start=\"77\" data-end=\"396\"><strong data-start=\"77\" data-end=\"100\">Naxos Music Library<\/strong><br data-start=\"100\" data-end=\"103\" \/>Eine umfangreiche digitale Plattform mit \u00fcber einer Million Musikst\u00fccken aus verschiedenen Genres. Nutzer erhalten Zugriff auf vollst\u00e4ndige Alben, K\u00fcnstlerbiografien, Noten und erg\u00e4nzende Informationen \u2013 geeignet f\u00fcr private H\u00f6rer, Lehrende und Forschende.<\/p><p style=\"text-align: left;\" data-start=\"398\" data-end=\"673\"><strong data-start=\"398\" data-end=\"412\">Naxos Jazz<\/strong><br data-start=\"412\" data-end=\"415\" \/>Ein spezialisiertes Jazz-Archiv mit einer breiten Auswahl an Aufnahmen von traditionellen bis modernen Jazz. Enthalten sind sowohl bekannte Klassiker als auch neuere Ver\u00f6ffentlichungen, erg\u00e4nzt durch detaillierte K\u00fcnstler- und Albuminformationen.<\/p><p style=\"text-align: left;\" data-start=\"675\" data-end=\"914\"><strong data-start=\"675\" data-end=\"696\">Naxos Spoken Word<\/strong><br data-start=\"696\" data-end=\"699\" \/>Eine Sammlung von gesprochenen Werken, darunter H\u00f6rb\u00fccher, literarische Lesungen, Gedichte und Reden. Das Angebot richtet sich an Nutzer, die sich mit Sprache, Literatur und historischen Texten besch\u00e4ftigen m\u00f6chten.<\/p><p style=\"text-align: left;\" data-start=\"916\" data-end=\"1178\"><strong data-start=\"916\" data-end=\"939\">Naxos Video Library<\/strong><br data-start=\"939\" data-end=\"942\" \/>Eine Videodatenbank mit Musikauff\u00fchrungen, darunter Opern, Konzerte und Musikdokumentationen. Zus\u00e4tzlich sind Lehrvideos und Hintergrundinformationen verf\u00fcgbar, die einen vertieften Einblick in musikalische und kulturelle Themen bieten.<\/p><h3 style=\"text-align: left;\">Voraussetzungen<\/h3><p style=\"text-align: left;\">Verf\u00fcgen Sie \u00fcber einen Bibliotheksausweis, k\u00f6nnen Sie die online Bibliothek kostenfrei nutzen. Loggen Sie sich daf\u00fcr mit Ihrer Benutzernummer (Nummer unter Strichcode) und Ihrem Passwort ein.<\/p><h3 style=\"text-align: left;\">Wie kann ich auf Naxos zugreifen?<\/h3><h4 style=\"text-align: left;\">Zugriff \u00fcber den PC oder Laptop<\/h4><p style=\"text-align: left;\">Sie k\u00f6nnen Naxos direkt am <a href=\"https:\/\/schaffhausen.freegalmusic.com\/home\" target=\"_blank\" rel=\"noopener\">Browser<\/a> nutzen und Musik, H\u00f6rb\u00fccher und Videos streamen, sowie herunterladen. Um Naxos zu nutzen, m\u00fcssen Sie sich mit einer E-Mail-Adresse und einem Passwort<\/p><p style=\"text-align: left;\">anmelden.<\/p><h4 style=\"text-align: left;\">Zugriff mit dem<\/h4><h4 style=\"text-align: left;\">Tablet oder Smartphone<\/h4><p style=\"text-align: left;\">Am Tablet oder Smartphone k\u00f6nnen Sie Naxos \u00fcber deren Apps (<a href=\"https:\/\/play.google.com\/store\/apps\/details?id=com.libraryideas.freegalmusic&hl=de_CH&gl=US\" target=\"_blank\" rel=\"noopener\">Android<\/a>,\u00a0<a href=\"https:\/\/apps.apple.com\/ch\/app\/freegal-music\/id508036345\" target=\"_blank\" rel=\"noopener\">IOS<\/a>) nutzen. Dabei stehen Ihnen alle Funktionen zur Verf\u00fcgung.<br \/>Bitte achten Sie darauf, dass jedes Angebot eine eigene App hat:<br \/>Naxos Music Library und Video: NML<br \/>Naxos Jazz: NML Jazz<br \/>Naxos Spoken Word: NSWL<\/p><\/div><\/div><\/div><\/div><div class=\"et_pb_row et_pb_row_2\"><div class=\"et_pb_column et_pb_column_4_4 et_pb_column_2 et_pb_css_mix_blend_mode_passthrough et-last-child\"><div class=\"et_pb_module et_pb_text et_pb_text_1 et_pb_text_align_left et_pb_bg_layout_light\"><div class=\"et_pb_text_inner\" style=\"text-align: left;\"><p>\u00a0<\/p><\/div><\/div><\/div><\/div>","_et_gb_content_width":"","footnotes":""},"class_list":["post-13976","page","type-page","status-publish","hentry"],"_links":{"self":[{"href":"https:\/\/bibliotheken-schaffhausen.ch\/de\/wp-json\/wp\/v2\/pages\/13976","targetHints":{"allow":["GET"]}}],"collection":[{"href":"https:\/\/bibliotheken-schaffhausen.ch\/de\/wp-json\/wp\/v2\/pages"}],"about":[{"href":"https:\/\/bibliotheken-schaffhausen.ch\/de\/wp-json\/wp\/v2\/types\/page"}],"author":[{"embeddable":true,"href":"https:\/\/bibliotheken-schaffhausen.ch\/de\/wp-json\/wp\/v2\/users\/10"}],"replies":[{"embeddable":true,"href":"https:\/\/bibliotheken-schaffhausen.ch\/de\/wp-json\/wp\/v2\/comments?post=13976"}],"version-history":[{"count":23,"href":"https:\/\/bibliotheken-schaffhausen.ch\/de\/wp-json\/wp\/v2\/pages\/13976\/revisions"}],"predecessor-version":[{"id":14167,"href":"https:\/\/bibliotheken-schaffhausen.ch\/de\/wp-json\/wp\/v2\/pages\/13976\/revisions\/14167"}],"wp:attachment":[{"href":"https:\/\/bibliotheken-schaffhausen.ch\/de\/wp-json\/wp\/v2\/media?parent=13976"}],"curies":[{"name":"wp","href":"https:\/\/api.w.org\/{rel}","templated":true}]}}