{"id":13260,"date":"2024-12-18T08:43:12","date_gmt":"2024-12-18T07:43:12","guid":{"rendered":"https:\/\/bibliotheken-schaffhausen.ch\/?page_id=13260"},"modified":"2026-02-10T16:56:10","modified_gmt":"2026-02-10T15:56:10","slug":"ludothek","status":"publish","type":"page","link":"https:\/\/bibliotheken-schaffhausen.ch\/de\/ludothek\/","title":{"rendered":"Ludothek"},"content":{"rendered":"<p>[et_pb_section fb_built=&#8221;1&#8243; fullwidth=&#8221;on&#8221; admin_label=&#8221;Titelsektion&#8221; _builder_version=&#8221;4.16&#8243; locked=&#8221;off&#8221; collapsed=&#8221;off&#8221; global_colors_info=&#8221;{}&#8221;][et_pb_fullwidth_image src=&#8221;https:\/\/bibliotheken-schaffhausen.ch\/wp-content\/uploads\/2025\/01\/ludothek-header-scaled-e1738314170165.jpg&#8221; title_text=&#8221;ludothek header&#8221; _builder_version=&#8221;4.27.4&#8243; background_image=&#8221;https:\/\/bibliotheken-schaffhausen.ch\/wp-content\/uploads\/2019\/07\/IMG_1272_mod.jpg&#8221; parallax=&#8221;on&#8221; min_height=&#8221;380px&#8221; global_colors_info=&#8221;{}&#8221;][\/et_pb_fullwidth_image][et_pb_fullwidth_post_title meta=&#8221;off&#8221; featured_image=&#8221;off&#8221; _builder_version=&#8221;4.27.4&#8243; title_level=&#8221;h2&#8243; title_font=&#8221;|300|||||||&#8221; title_text_align=&#8221;center&#8221; title_text_color=&#8221;#000000&#8243; title_font_size=&#8221;32px&#8221; background_color=&#8221;rgba(246,244,238,0.87)&#8221; custom_margin=&#8221;-66px||||false&#8221; custom_padding=&#8221;12px||12px|&#8221; global_colors_info=&#8221;{}&#8221;][\/et_pb_fullwidth_post_title][\/et_pb_section][et_pb_section fb_built=&#8221;1&#8243; _builder_version=&#8221;4.16&#8243; locked=&#8221;off&#8221; global_colors_info=&#8221;{}&#8221;][et_pb_row column_structure=&#8221;1_2,1_2&#8243; _builder_version=&#8221;4.27.4&#8243; _module_preset=&#8221;default&#8221; global_colors_info=&#8221;{}&#8221;][et_pb_column type=&#8221;1_2&#8243; _builder_version=&#8221;4.27.4&#8243; _module_preset=&#8221;default&#8221; global_colors_info=&#8221;{}&#8221;][et_pb_image src=&#8221;https:\/\/bibliotheken-schaffhausen.ch\/wp-content\/uploads\/2025\/01\/Unbenannt.jpg&#8221; title_text=&#8221;Logo Ludothek&#8221; _builder_version=&#8221;4.27.4&#8243; _module_preset=&#8221;default&#8221; global_colors_info=&#8221;{}&#8221;][\/et_pb_image][\/et_pb_column][et_pb_column type=&#8221;1_2&#8243; _builder_version=&#8221;4.27.4&#8243; _module_preset=&#8221;default&#8221; global_colors_info=&#8221;{}&#8221;][et_pb_text _builder_version=&#8221;4.27.5&#8243; _module_preset=&#8221;default&#8221; hover_enabled=&#8221;0&#8243; global_colors_info=&#8221;{}&#8221; sticky_enabled=&#8221;0&#8243;]<\/p>\n<h2><strong>\u00d6ffnungszeiten:<\/strong><\/h2>\n<p>Dienstag *\u00a0\u00a0\u00a0\u00a0\u00a0\u00a0\u00a0\u00a0\u00a0 10-18 Uhr<\/p>\n<p>Mittwoch \u00a0\u00a0\u00a0\u00a0\u00a0\u00a0\u00a0\u00a0\u00a0\u00a0 13-18 Uhr<\/p>\n<p><strong>Donnerstag \u00a0\u00a0\u00a0\u00a0\u00a0\u00a0 10-18 Uhr\u00a0 NEU ab 9. Februar 2026<\/strong><\/p>\n<p>Samstag *\u00a0\u00a0\u00a0\u00a0\u00a0\u00a0\u00a0\u00a0\u00a0\u00a0 10-13 Uhr<\/p>\n<p>* auch w\u00e4hrend den Schaffhauser Schulferien ge\u00f6ffnet<\/p>\n<p>Gesetzliche Feiertage: geschlossen<\/p>\n<p>&nbsp;<\/p>\n<p>[\/et_pb_text][\/et_pb_column][\/et_pb_row][\/et_pb_section][et_pb_section fb_built=&#8221;1&#8243; admin_label=&#8221;Sektion&#8221; module_id=&#8221;ausleihe&#8221; _builder_version=&#8221;4.16&#8243; background_color=&#8221;#F6F4EE&#8221; custom_padding=&#8221;||17px&#8221; locked=&#8221;off&#8221; global_colors_info=&#8221;{}&#8221;][et_pb_row _builder_version=&#8221;4.16&#8243; global_colors_info=&#8221;{}&#8221;][et_pb_column type=&#8221;4_4&#8243; _builder_version=&#8221;4.16&#8243; custom_padding=&#8221;|||&#8221; global_colors_info=&#8221;{}&#8221; custom_padding__hover=&#8221;|||&#8221;][et_pb_text admin_label=&#8221;Informationen&#8221; _builder_version=&#8221;4.27.5&#8243; text_font=&#8221;||||||||&#8221; header_font=&#8221;||||||||&#8221; hover_enabled=&#8221;0&#8243; inline_fonts=&#8221;ABeeZee&#8221; global_colors_info=&#8221;{}&#8221; sticky_enabled=&#8221;0&#8243;]<\/p>\n<h2>Informationen<\/h2>\n<p><span style=\"font-size: 11pt; font-family: inherit; font-weight: normal;\">Am 26. M\u00e4rz 1983 wurde die Ludothek Spielzaine von neun engagierten Frauen in einer ehemaligen Schreinerei am Roseng\u00e4sschen er\u00f6ffnet. Nach einem provisorischen Umzug im Jahr 1985 in ein Lokal am Kirchhofplatz stellte die Stadt Schaffhausen der Ludothek 1986 im Dachgeschoss der Freihandbibliothek Agnesensch\u00fctte einen geeigneten Raum zur Verf\u00fcgung. 2016 musste die Ludothek aufgrund feuerpolizeilicher Auflagen diese R\u00e4umlichkeiten wieder verlassen. Im Untergeschoss des ehemaligen Schulhauses am Kirchhofplatz wurden daraufhin neue R\u00e4ume gefunden.<\/span><\/p>\n<p><span style=\"font-size: 11pt; font-family: inherit; font-weight: normal;\">Nach einem \u00dcbergangsjahr l\u00f6ste sich der erfolgreiche Verein Ludothek Schaffhausen zum 31. Dezember 2024 auf. Seit dem 1. Januar 2025 ist die Ludothek ein voll integrierter Bestandteil der Stadtverwaltung und Teil des Teams der Bibliotheken Schaffhausen. 2026 wird die Ludothek gemeinsam mit der Bibliothek Agnesensch\u00fctte auf das Kammgarnareal umziehen.<\/span><\/p>\n<p><span style=\"font-size: 11pt; font-family: inherit; font-weight: normal;\">Das Team Ludothek besteht aus f\u00fcnf Mitarbeiterinnen. Das Sortiment umfasst rund 2&#8217;700 Spiele, Spielsachen und Fahrzeuge und wird von \u00fcber 365 Kund:innen genutzt.<span style=\"color: #402e32;\">\u00a0<\/span><\/span><\/p>\n<p><a href=\"tel:+41798470914\">079 847 09 14<\/a><\/p>\n<p><a title=\"E-Mail an Eveline Conti schreiben\" href=\"mailto:eveline.conti@stsh.ch\"><span class=\"icon\">\ue010<\/span> <\/a><a href=\"mailto:ludothek@stsh.ch\">ludothek@stsh.ch<\/a><\/p>\n<p><a href=\"https:\/\/opac.bibliotheken-schaffhausen.ch\/NetBiblio\/katalog\/ludothek\/\">Verbundkatalog der Ludothek Schaffhausen<\/a><\/p>\n<p>&nbsp;<\/p>\n<p>[\/et_pb_text][\/et_pb_column][\/et_pb_row][\/et_pb_section][et_pb_section fb_built=&#8221;1&#8243; fullwidth=&#8221;on&#8221; module_id=&#8221;karte&#8221; _builder_version=&#8221;4.16&#8243; locked=&#8221;off&#8221; global_colors_info=&#8221;{}&#8221;][et_pb_fullwidth_map address=&#8221;M\u00fcnsterpl. 1, 8200 Schaffhausen, Schweiz&#8221; address_lat=&#8221;47.696915912397&#8243; address_lng=&#8221;8.6366535398117&#8243; mouse_wheel=&#8221;off&#8221; _builder_version=&#8221;4.27.4&#8243; global_colors_info=&#8221;{}&#8221;][et_pb_map_pin title=&#8221;Ludothek&#8221; pin_address=&#8221;Kirchhofpl. 19, 8200 Schaffhausen, Schweiz&#8221; zoom_level=&#8221;9&#8243; pin_address_lat=&#8221;47.696829&#8243; pin_address_lng=&#8221;8.6363963&#8243; _builder_version=&#8221;4.27.4&#8243; global_colors_info=&#8221;{}&#8221;]<\/p>\n<p>Kirchhofplatz 19, 8200 Schaffhausen<\/p>\n<p>[\/et_pb_map_pin][\/et_pb_fullwidth_map][\/et_pb_section]<\/p>\n","protected":false},"excerpt":{"rendered":"<p>\u00d6ffnungszeiten: Dienstag *\u00a0\u00a0\u00a0\u00a0\u00a0\u00a0\u00a0\u00a0\u00a0 10-18 Uhr Mittwoch \u00a0\u00a0\u00a0\u00a0\u00a0\u00a0\u00a0\u00a0\u00a0\u00a0 13-18 Uhr Donnerstag \u00a0\u00a0\u00a0\u00a0\u00a0\u00a0 10-18 Uhr\u00a0 NEU ab 9. Februar 2026 Samstag *\u00a0\u00a0\u00a0\u00a0\u00a0\u00a0\u00a0\u00a0\u00a0\u00a0 10-13 Uhr * auch w\u00e4hrend den Schaffhauser Schulferien ge\u00f6ffnet Gesetzliche [&hellip;]<\/p>\n","protected":false},"author":10,"featured_media":0,"parent":0,"menu_order":0,"comment_status":"closed","ping_status":"closed","template":"","meta":{"_et_pb_use_builder":"on","_et_pb_old_content":"","_et_gb_content_width":"","footnotes":""},"class_list":["post-13260","page","type-page","status-publish","hentry"],"_links":{"self":[{"href":"https:\/\/bibliotheken-schaffhausen.ch\/de\/wp-json\/wp\/v2\/pages\/13260","targetHints":{"allow":["GET"]}}],"collection":[{"href":"https:\/\/bibliotheken-schaffhausen.ch\/de\/wp-json\/wp\/v2\/pages"}],"about":[{"href":"https:\/\/bibliotheken-schaffhausen.ch\/de\/wp-json\/wp\/v2\/types\/page"}],"author":[{"embeddable":true,"href":"https:\/\/bibliotheken-schaffhausen.ch\/de\/wp-json\/wp\/v2\/users\/10"}],"replies":[{"embeddable":true,"href":"https:\/\/bibliotheken-schaffhausen.ch\/de\/wp-json\/wp\/v2\/comments?post=13260"}],"version-history":[{"count":20,"href":"https:\/\/bibliotheken-schaffhausen.ch\/de\/wp-json\/wp\/v2\/pages\/13260\/revisions"}],"predecessor-version":[{"id":14745,"href":"https:\/\/bibliotheken-schaffhausen.ch\/de\/wp-json\/wp\/v2\/pages\/13260\/revisions\/14745"}],"wp:attachment":[{"href":"https:\/\/bibliotheken-schaffhausen.ch\/de\/wp-json\/wp\/v2\/media?parent=13260"}],"curies":[{"name":"wp","href":"https:\/\/api.w.org\/{rel}","templated":true}]}}