{"id":10960,"date":"2023-11-30T10:45:54","date_gmt":"2023-11-30T09:45:54","guid":{"rendered":"https:\/\/bibliotheken-schaffhausen.ch\/?page_id=10960"},"modified":"2024-07-16T09:01:39","modified_gmt":"2024-07-16T07:01:39","slug":"comicsplus","status":"publish","type":"page","link":"https:\/\/bibliotheken-schaffhausen.ch\/de\/digitale-bibliothek\/e-media\/comicsplus\/","title":{"rendered":"Comics Plus"},"content":{"rendered":"<p>[et_pb_section fb_built=&#8221;1&#8243; _builder_version=&#8221;4.16&#8243; _module_preset=&#8221;default&#8221; global_colors_info=&#8221;{}&#8221;][et_pb_row admin_label=&#8221;Abstand&#8221; _builder_version=&#8221;4.16&#8243; _module_preset=&#8221;default&#8221; collapsed=&#8221;on&#8221; global_colors_info=&#8221;{}&#8221;][et_pb_column type=&#8221;4_4&#8243; _builder_version=&#8221;4.16&#8243; _module_preset=&#8221;default&#8221; global_colors_info=&#8221;{}&#8221;][\/et_pb_column][\/et_pb_row][et_pb_row admin_label=&#8221;Abstand&#8221; _builder_version=&#8221;4.16&#8243; _module_preset=&#8221;default&#8221; collapsed=&#8221;on&#8221; global_colors_info=&#8221;{}&#8221;][et_pb_column type=&#8221;4_4&#8243; _builder_version=&#8221;4.16&#8243; _module_preset=&#8221;default&#8221; global_colors_info=&#8221;{}&#8221;][\/et_pb_column][\/et_pb_row][et_pb_row column_structure=&#8221;1_2,1_2&#8243; admin_label=&#8221;Text&#8221; _builder_version=&#8221;4.16&#8243; _module_preset=&#8221;default&#8221; global_colors_info=&#8221;{}&#8221;][et_pb_column type=&#8221;1_2&#8243; _builder_version=&#8221;4.16&#8243; _module_preset=&#8221;default&#8221; global_colors_info=&#8221;{}&#8221;][et_pb_text _builder_version=&#8221;4.25.2&#8243; _module_preset=&#8221;default&#8221; global_colors_info=&#8221;{}&#8221;]<\/p>\n<h2>Comics Plus<\/h2>\n<p><a href=\"https:\/\/bibliothekenschaffhausen.librarypass.com\/\" target=\"_blank\" rel=\"noopener\">Zu Comics Plus<\/a><br \/>Comics Plus ist ein Anbieter von mehr als 20&#8217;000 Comics, Graphic Novels und Mangas. Auf der Plattform finden Sie haupts\u00e4chlich englischsprachige Titel f\u00fcr Jugendliche und Erwachsene. Die altersgerechten Richtlinien k\u00f6nnen <a href=\"https:\/\/comicsplusapp.com\/age-appropriate-guidelines\/\" target=\"_blank\" rel=\"noopener\">hier<\/a> (Text auf Englisch) entnommen werden oder <a href=\"https:\/\/bibliotheken-schaffhausen.ch\/wp-content\/uploads\/2023\/11\/Altersgerechte-Richtlinien-.pdf\">hier <\/a>auf Deutsch.<\/p>\n<h3>Voraussetzungen<\/h3>\n<p>Verf\u00fcgen Sie \u00fcber einen Bibliotheksausweis, k\u00f6nnen Sie Comics Plus kostenfrei nutzen. Loggen Sie sich daf\u00fcr mit Ihrer Benutzernummer (Nummer unter Strichcode) und Ihrem Passwort (Tag und Monat Ihres Geburtstags) ein.<\/p>\n<p>[\/et_pb_text][\/et_pb_column][et_pb_column type=&#8221;1_2&#8243; _builder_version=&#8221;4.16&#8243; _module_preset=&#8221;default&#8221; global_colors_info=&#8221;{}&#8221;][et_pb_image src=&#8221;https:\/\/bibliotheken-schaffhausen.ch\/wp-content\/uploads\/2023\/06\/CP_600x600_hs.png&#8221; alt=&#8221;Comics Plus &#8221; title_text=&#8221;CP_600x600_hs&#8221; _builder_version=&#8221;4.23.1&#8243; _module_preset=&#8221;default&#8221; max_height=&#8221;350px&#8221; global_colors_info=&#8221;{}&#8221;][\/et_pb_image][\/et_pb_column][\/et_pb_row][et_pb_row column_structure=&#8221;1_2,1_2&#8243; admin_label=&#8221;Text&#8221; _builder_version=&#8221;4.16&#8243; _module_preset=&#8221;default&#8221; global_colors_info=&#8221;{}&#8221;][et_pb_column type=&#8221;1_2&#8243; _builder_version=&#8221;4.16&#8243; _module_preset=&#8221;default&#8221; global_colors_info=&#8221;{}&#8221;][et_pb_text _builder_version=&#8221;4.23.1&#8243; _module_preset=&#8221;default&#8221; global_colors_info=&#8221;{}&#8221;]<\/p>\n<h3><strong>Wie kann ich auf Comics Plus zugreifen?<\/strong><\/h3>\n<h4>Zugriff \u00fcber den PC oder Laptop<\/h4>\n<p>Loggen Sie sich mit Ihrer Benutzernummer und Ihrem Passwort \u00fcber folgenden Link auf Comics Plus ein: <a href=\"https:\/\/login.librarypass.com\/?library=bibliothekenschaffhausen&amp;domain=librarypass.com\" target=\"_blank\" rel=\"noopener\">Login ComicsPlus<\/a><\/p>\n<h4>Zugriff mit dem Tablet oder Smartphone<\/h4>\n<p>Um Comics Plus am Tablet oder Smartphone zu nutzen laden Sie sich bitte die App Comics Plus herunter (<a href=\"https:\/\/play.google.com\/store\/apps\/details?id=com.librarypass&amp;hl=en_US\" target=\"_blank\" rel=\"noopener\">Android<\/a>, <a href=\"https:\/\/apps.apple.com\/us\/app\/librarypass\/id1520340626\" target=\"_blank\" rel=\"noopener\">IOS<\/a>). W\u00e4hlen Sie nun Stadtbibliothek Schaffhausen an und loggen sich mit Ihrer Benutzernummer und Ihrem Passwort ein.<\/p>\n<p>[\/et_pb_text][\/et_pb_column][et_pb_column type=&#8221;1_2&#8243; _builder_version=&#8221;4.16&#8243; _module_preset=&#8221;default&#8221; global_colors_info=&#8221;{}&#8221;][et_pb_text _builder_version=&#8221;4.23.1&#8243; _module_preset=&#8221;default&#8221; global_colors_info=&#8221;{}&#8221;]<\/p>\n<h3><strong>Wo finde ich mehr Hilfe?<\/strong><\/h3>\n<p>Weitere Hilfe finden Sie unter diesem <a href=\"https:\/\/support.librarypass.com\/portal\/en\/kb\/readersupport\" target=\"_blank\" rel=\"noopener\">Link<\/a>. [\/et_pb_text][\/et_pb_column][\/et_pb_row][et_pb_row admin_label=&#8221;Abstand&#8221; _builder_version=&#8221;4.16&#8243; _module_preset=&#8221;default&#8221; collapsed=&#8221;on&#8221; global_colors_info=&#8221;{}&#8221;][et_pb_column type=&#8221;4_4&#8243; _builder_version=&#8221;4.16&#8243; _module_preset=&#8221;default&#8221; global_colors_info=&#8221;{}&#8221;][\/et_pb_column][\/et_pb_row][et_pb_row admin_label=&#8221;Text Englisch&#8221; _builder_version=&#8221;4.23.1&#8243; _module_preset=&#8221;default&#8221; global_colors_info=&#8221;{}&#8221;][et_pb_column type=&#8221;4_4&#8243; _builder_version=&#8221;4.23.1&#8243; _module_preset=&#8221;default&#8221; global_colors_info=&#8221;{}&#8221;][et_pb_text _builder_version=&#8221;4.23.1&#8243; _module_preset=&#8221;default&#8221; global_colors_info=&#8221;{}&#8221;]<\/p>\n<h2>Comics Plus<\/h2>\n<p><a href=\"https:\/\/stadtbibliothekschaffhausen.librarypass.com\/\" target=\"_blank\" rel=\"noopener\">Go to Comics Plus<\/a><br \/> Comics Plus is a provider of more than 20,000 comics, graphic novels and mangas. On the platform you will find mainly English-language titles for young people and adults. The age-appropriate guidelines can be found <a href=\"https:\/\/comicsplusapp.com\/age-appropriate-guidelines\/\" target=\"_blank\" rel=\"noopener\">here<\/a>.<\/p>\n<h3>Requirements<\/h3>\n<p>If you have a library card, you can use Comics Plus free of charge. Log in with your user number (number under barcode) and your password (day and month of your birthday).<\/p>\n<p>[\/et_pb_text][\/et_pb_column][\/et_pb_row][et_pb_row column_structure=&#8221;1_2,1_2&#8243; admin_label=&#8221;Text Englisch&#8221; _builder_version=&#8221;4.23.1&#8243; _module_preset=&#8221;default&#8221; global_colors_info=&#8221;{}&#8221;][et_pb_column type=&#8221;1_2&#8243; _builder_version=&#8221;4.16&#8243; _module_preset=&#8221;default&#8221; global_colors_info=&#8221;{}&#8221;][et_pb_text _builder_version=&#8221;4.23.1&#8243; _module_preset=&#8221;default&#8221; global_colors_info=&#8221;{}&#8221;]<\/p>\n<h3><strong>How do I access Comics Plus?<\/strong><\/h3>\n<h4>Access via PC or laptop<\/h4>\n<p>Log in to Comics Plus with your user number and password via the following link: <a href=\"https:\/\/login.librarypass.com\/?library=bibliothekenschaffhausen&amp;domain=librarypass.com\" target=\"_blank\" rel=\"noopener\">Login ComicsPlus<\/a><\/p>\n<h4>Access via Tablet or Smartphone<\/h4>\n<p>To use Comics Plus on your tablet or smartphone, please download the Comics Plus app (<a href=\"https:\/\/play.google.com\/store\/apps\/details?id=com.librarypass&amp;hl=en_US\" target=\"_blank\" rel=\"noopener\">Android<\/a>, <a href=\"https:\/\/apps.apple.com\/us\/app\/librarypass\/id1520340626\" target=\"_blank\" rel=\"noopener\">IOS<\/a>). Now select Stadtbibliothek Schaffhausen and log in with your user number and password.<\/p>\n<p>[\/et_pb_text][\/et_pb_column][et_pb_column type=&#8221;1_2&#8243; _builder_version=&#8221;4.16&#8243; _module_preset=&#8221;default&#8221; global_colors_info=&#8221;{}&#8221;][et_pb_text _builder_version=&#8221;4.23.1&#8243; _module_preset=&#8221;default&#8221; global_colors_info=&#8221;{}&#8221;]<\/p>\n<h3><strong>Where can I find more help?<\/strong><\/h3>\n<p>You can find further help under this <a href=\"https:\/\/support.librarypass.com\/portal\/en\/kb\/readersupport\" target=\"_blank\" rel=\"noopener\">link<\/a>. [\/et_pb_text][\/et_pb_column][\/et_pb_row][et_pb_row admin_label=&#8221;Abstand&#8221; _builder_version=&#8221;4.16&#8243; _module_preset=&#8221;default&#8221; collapsed=&#8221;on&#8221; global_colors_info=&#8221;{}&#8221;][et_pb_column type=&#8221;4_4&#8243; _builder_version=&#8221;4.16&#8243; _module_preset=&#8221;default&#8221; global_colors_info=&#8221;{}&#8221;][\/et_pb_column][\/et_pb_row][et_pb_row admin_label=&#8221;Abstand&#8221; _builder_version=&#8221;4.16&#8243; _module_preset=&#8221;default&#8221; collapsed=&#8221;on&#8221; global_colors_info=&#8221;{}&#8221;][et_pb_column type=&#8221;4_4&#8243; _builder_version=&#8221;4.16&#8243; _module_preset=&#8221;default&#8221; global_colors_info=&#8221;{}&#8221;][\/et_pb_column][\/et_pb_row][\/et_pb_section]<\/p>\n","protected":false},"excerpt":{"rendered":"<p>Comics Plus Zu Comics PlusComics Plus ist ein Anbieter von mehr als 20&#8217;000 Comics, Graphic Novels und Mangas. Auf der Plattform finden Sie haupts\u00e4chlich englischsprachige Titel f\u00fcr Jugendliche und Erwachsene. [&hellip;]<\/p>\n","protected":false},"author":6,"featured_media":0,"parent":7638,"menu_order":0,"comment_status":"closed","ping_status":"closed","template":"","meta":{"_et_pb_use_builder":"on","_et_pb_old_content":"","_et_gb_content_width":"","footnotes":""},"class_list":["post-10960","page","type-page","status-publish","hentry"],"_links":{"self":[{"href":"https:\/\/bibliotheken-schaffhausen.ch\/de\/wp-json\/wp\/v2\/pages\/10960","targetHints":{"allow":["GET"]}}],"collection":[{"href":"https:\/\/bibliotheken-schaffhausen.ch\/de\/wp-json\/wp\/v2\/pages"}],"about":[{"href":"https:\/\/bibliotheken-schaffhausen.ch\/de\/wp-json\/wp\/v2\/types\/page"}],"author":[{"embeddable":true,"href":"https:\/\/bibliotheken-schaffhausen.ch\/de\/wp-json\/wp\/v2\/users\/6"}],"replies":[{"embeddable":true,"href":"https:\/\/bibliotheken-schaffhausen.ch\/de\/wp-json\/wp\/v2\/comments?post=10960"}],"version-history":[{"count":3,"href":"https:\/\/bibliotheken-schaffhausen.ch\/de\/wp-json\/wp\/v2\/pages\/10960\/revisions"}],"predecessor-version":[{"id":12353,"href":"https:\/\/bibliotheken-schaffhausen.ch\/de\/wp-json\/wp\/v2\/pages\/10960\/revisions\/12353"}],"up":[{"embeddable":true,"href":"https:\/\/bibliotheken-schaffhausen.ch\/de\/wp-json\/wp\/v2\/pages\/7638"}],"wp:attachment":[{"href":"https:\/\/bibliotheken-schaffhausen.ch\/de\/wp-json\/wp\/v2\/media?parent=10960"}],"curies":[{"name":"wp","href":"https:\/\/api.w.org\/{rel}","templated":true}]}}